{"id":14,"date":"2025-07-02T13:40:13","date_gmt":"2025-07-02T13:40:13","guid":{"rendered":"https:\/\/atodavela.eu\/?page_id=14"},"modified":"2026-04-20T11:19:38","modified_gmt":"2026-04-20T09:19:38","slug":"inicio-a-toda-vela","status":"publish","type":"page","link":"https:\/\/atodavela.eu\/en\/","title":{"rendered":"A Toda Vela"},"content":{"rendered":"<div class=\"et_pb_section_0 et_pb_section et_section_regular et_block_section\">\n<div class=\"et_pb_row_0 et_pb_row et_block_row\">\n<div class=\"et_pb_column_0 et_pb_column et_pb_column_2_3 et_block_column et_pb_css_mix_blend_mode_passthrough\">\n<div class=\"et_pb_text_0 et_pb_text et_pb_bg_layout_light et_pb_module et_block_module preset--module--divi-text--e6504a1b-67eb-4b3d-b023-bcab277610b6\"><div class=\"et_pb_text_inner\"><h3>A Toda Vela<\/h3>\n<\/div><\/div>\n\n<div class=\"et_pb_text_1 et_pb_text et_pb_bg_layout_dark et_pb_module et_block_module preset--module--divi-text--c16985e1-e0d6-4022-964d-e2bfc04fa633\"><div class=\"et_pb_text_inner\"><h1>Nautical school and sailing trips in C\u00e1diz | A Toda Vela<\/h1>\n<h2>Official courses, sailing experiences and Sea Starlight stargazing trips from Puerto Am\u00e9rica.<\/h2>\n<\/div><\/div>\n\n<div class=\"et_pb_module et_pb_button_module_wrapper et_pb_button_0_wrapper\"><a class=\"et_pb_button_0 et_pb_button et_pb_bg_layout_dark et_pb_module et_flex_module\" href=\"https:\/\/atodavela.eu\/en\/experiencias\/\">EXPERIENCES<\/a><\/div>\n<\/div>\n\n<div class=\"et_pb_column_1 et_pb_column et_pb_column_1_3 et-last-child et_block_column et_pb_css_mix_blend_mode_passthrough\">\n<div class=\"et_pb_image_0 et_pb_image et_pb_module et_block_module\"><span class=\"et_pb_image_wrap\"><img loading=\"lazy\" decoding=\"async\" src=\"https:\/\/atodavela.eu\/wp-content\/uploads\/2025\/07\/Formacion_home-qslhb9a0gvz928padw54h4xb49len1121svqs7vdbc.jpg\" width=\"900\" height=\"900\" class=\"wp-image-60\" title=\"Velero navegando en la Bah\u00eda de C\u00e1diz con A Toda Vela\" \/><\/span><\/div>\n<\/div>\n<\/div>\n<\/div>\n\n<div class=\"et_pb_section_1 et_pb_section et_section_regular et_block_section\">\n<div class=\"et_pb_row_1 et_pb_row et_pb_equal_columns et_pb_gutters1 et_block_row\">\n<div class=\"et_pb_column_2 et_pb_column et_pb_column_1_2 et_block_column et_pb_css_mix_blend_mode_passthrough\">\n<div class=\"et_pb_text_2 et_pb_text et_pb_bg_layout_light et_pb_module et_block_module preset--module--divi-text--b327cbe4-b1d5-4b66-ad37-40c8f2f061ba\"><div class=\"et_pb_text_inner\" data-et-mv-hidden-phone=\"true\"><h2>Private sailing trips around the Bay of C\u00e1diz<\/h2>\n<\/div><\/div>\n\n<div class=\"et_pb_text_3 et_pb_text et_pb_bg_layout_light et_pb_module et_block_module preset--module--divi-text--1f09816e-184e-4ce5-a4cf-b39c52c423ca\"><div class=\"et_pb_text_inner\" data-et-mv-hidden-phone=\"true\"><p>Sail with your partner, family or friends in a private experience from Puerto Am\u00e9rica.<br data-start=\"1095\" data-end=\"1098\" \/>Choose between 2- to 8-hour trips and enjoy unique sunsets in the heart of the Bay of C\u00e1diz.<\/p>\n<\/div><\/div>\n\n<div class=\"et_pb_module et_pb_button_module_wrapper et_pb_button_1_wrapper\"><a class=\"et_pb_button_1 et_pb_button et_pb_bg_layout_light et_pb_bg_layout_light_phone et_pb_module et_flex_module\" href=\"https:\/\/atodavela.eu\/en\/experiencias\/alquiler-de-barcos\/\">Ver salidas en velero<\/a><\/div>\n<\/div>\n\n<div class=\"et_pb_column_3 et_pb_column et_pb_column_1_2 et-last-child et_block_column et_pb_column_empty et_pb_css_mix_blend_mode_passthrough\"><\/div>\n<\/div>\n\n<div class=\"et_pb_row_2 et_pb_row et_pb_equal_columns et_pb_gutters2 et_block_row\" alt=\"Velero navegando de noche durante experiencia Sea Starlight en C\u00e1diz\">\n<div class=\"et_pb_column_4 et_pb_column et_pb_column_1_2 et_block_column et_pb_css_mix_blend_mode_passthrough\">\n<div class=\"et_pb_image_1 et_pb_image et_pb_module et_flex_module\" alt=\"Velero navegando de noche durante experiencia Sea Starlight en C\u00e1diz\"><span class=\"et_pb_image_wrap\"><img loading=\"lazy\" decoding=\"async\" src=\"https:\/\/atodavela.eu\/wp-content\/uploads\/2025\/10\/botavara-vela-logos-1024x684-1.jpg\" width=\"1024\" height=\"684\" class=\"wp-image-1301\" \/><\/span><\/div>\n<\/div>\n\n<div class=\"et_pb_column_5 et_pb_column et_pb_column_1_2 et-last-child et_block_column et_pb_css_mix_blend_mode_passthrough\">\n<div class=\"et_pb_text_4 et_pb_text et_pb_bg_layout_light et_pb_module et_flex_module\"><div class=\"et_pb_text_inner\" data-et-mv-hidden-tablet=\"true\" data-et-mv-hidden-phone=\"true\"><h2><\/h2>\n<h2><\/h2>\n<h2>Sail under the stars<\/h2>\n<h2>Sea Starlight C\u00e1diz<\/h2>\n<p>A unique night-time sailing experience guided by certified Starlight monitors.<br data-start=\"1650\" data-end=\"1653\" \/>Constellation viewing from open waters and tasting of local products on board.<\/p>\n<\/div><\/div>\n\n<div class=\"et_pb_module et_pb_button_module_wrapper et_pb_button_2_wrapper\"><a class=\"et_pb_button_2 et_pb_button et_pb_bg_layout_light et_pb_bg_layout_light_phone et_pb_module et_flex_module\" href=\"https:\/\/atodavela.eu\/en\/experiencias\/navegacion-sea-starlight\/\">Discover Sea Starlight<\/a><\/div>\n<\/div>\n<\/div>\n\n<div class=\"et_pb_row_3 et_pb_row et_flex_row\">\n<div class=\"et_pb_column_6 et_pb_column et_flex_column et_pb_css_mix_blend_mode_passthrough et_flex_column_12_24 et_flex_column_12_24_tablet et_flex_column_24_24_phone\">\n<div class=\"et_pb_text_5 et_pb_text et_pb_bg_layout_light et_pb_module et_block_module preset--module--divi-text--b327cbe4-b1d5-4b66-ad37-40c8f2f061ba\"><div class=\"et_pb_text_inner\" data-et-mv-hidden-phone=\"true\"><h2 style=\"text-align: center;\">Nautical school<\/h2>\n<\/div><\/div>\n\n<div class=\"et_pb_text_6 et_pb_text et_pb_bg_layout_light et_pb_module et_block_module preset--module--divi-text--1f09816e-184e-4ce5-a4cf-b39c52c423ca\"><div class=\"et_pb_text_inner\"><p>Official PER, Yacht Skipper and sailing endorsement courses and training sessions.<br data-start=\"2147\" data-end=\"2150\" \/>Learn to sail at our school, with more than 25 years of experience in the Bay of C\u00e1diz.<\/p>\n<\/div><\/div>\n\n<div class=\"et_pb_module et_pb_button_module_wrapper et_pb_button_3_wrapper\"><a class=\"et_pb_button_3 et_pb_button et_pb_bg_layout_light et_pb_module et_flex_module\" href=\"https:\/\/atodavela.eu\/en\/formacion-nautica\/\">Discover the school<\/a><\/div>\n<\/div>\n\n<div class=\"et_pb_column_7 et_pb_column et-last-child et_flex_column et_pb_css_mix_blend_mode_passthrough et_flex_column_12_24 et_flex_column_12_24_tablet et_flex_column_24_24_phone\">\n<div class=\"et_pb_image_2 et_pb_image et_pb_module et_flex_module\"><span class=\"et_pb_image_wrap\"><img loading=\"lazy\" decoding=\"async\" src=\"https:\/\/atodavela.eu\/wp-content\/uploads\/2025\/09\/tripulacion.jpg\" alt=\"Pr\u00e1cticas de navegaci\u00f3n en velero con alumnos en la Bah\u00eda de C\u00e1diz\" width=\"800\" height=\"600\" class=\"wp-image-802\" \/><\/span><\/div>\n<\/div>\n<\/div>\n\n<div class=\"et_pb_row_4 et_pb_row et_flex_row\">\n<div class=\"et_pb_column_8 et_pb_column et-last-child et_flex_column et_pb_css_mix_blend_mode_passthrough et_flex_column_24_24 et_flex_column_24_24_tablet et_flex_column_24_24_phone\">\n<div class=\"et_pb_divider_0 et_pb_divider et_pb_space et_pb_divider_position_top et_pb_module\"><div class=\"et_pb_divider_internal\"><\/div><\/div>\n<\/div>\n<\/div>\n\n<div class=\"et_pb_row_5 et_pb_row et_flex_row\">\n<div class=\"et_pb_column_9 et_pb_column et-last-child et_flex_column et_pb_css_mix_blend_mode_passthrough et_flex_column_24_24 et_flex_column_24_24_tablet et_flex_column_24_24_phone\">\n<div class=\"et_pb_image_3 et_pb_image et_pb_module et_flex_module\"><span class=\"et_pb_image_wrap\"><img loading=\"lazy\" decoding=\"async\" src=\"https:\/\/atodavela.eu\/wp-content\/uploads\/2025\/10\/saturno-copia-1024x576-1.jpg\" alt=\"Nao Victoria navegando bajo las estrellas junto al planeta Saturno \u2013 experiencia VR Sea Starlight\" width=\"800\" height=\"450\" class=\"wp-image-1291\" \/><\/span><\/div>\n\n<div class=\"et_pb_text_7 et_pb_text et_pb_bg_layout_light et_pb_module et_flex_module\"><div class=\"et_pb_text_inner\" data-et-mv-hidden-phone=\"true\"><h2 style=\"text-align: center;\"><strong>Travel through the cosmos with our VR experience<\/strong><\/h2>\n<p style=\"text-align: center;\">Enjoy an immersive journey with Meta Quest 3 headsets alongside Carl Sagan and Juan Sebasti\u00e1n Elcano.<br data-start=\"2683\" data-end=\"2686\" \/>A unique educational experience you can enjoy before boarding.<\/p>\n<\/div><\/div>\n\n<div class=\"et_pb_module et_pb_button_module_wrapper et_pb_button_4_wrapper\"><a class=\"et_pb_button_4 et_pb_button et_pb_bg_layout_light et_pb_module et_flex_module\" href=\"https:\/\/atodavela.eu\/en\/experiencias\/vr-sea-starlight\/\">VR Experience<\/a><\/div>\n<\/div>\n<\/div>\n\n<div class=\"et_pb_row_6 et_pb_row et_flex_row\">\n<div class=\"et_pb_column_10 et_pb_column et-last-child et_flex_column et_pb_css_mix_blend_mode_passthrough et_flex_column_24_24 et_flex_column_24_24_tablet et_flex_column_24_24_phone\">\n<div class=\"et_pb_divider_1 et_pb_divider et_pb_space et_pb_divider_position_top et_pb_module\"><div class=\"et_pb_divider_internal\"><\/div><\/div>\n<\/div>\n<\/div>\n\n<div class=\"et_pb_row_7 et_pb_row et_flex_row\">\n<div class=\"et_pb_column_11 et_pb_column et-last-child et_flex_column et_pb_css_mix_blend_mode_passthrough et_flex_column_24_24 et_flex_column_24_24_tablet et_flex_column_24_24_phone\">\n<div class=\"et_pb_text_8 et_pb_text et_pb_bg_layout_light et_pb_module et_block_module preset--module--divi-text--1f09816e-184e-4ce5-a4cf-b39c52c423ca\"><div class=\"et_pb_text_inner\"><h2>A TODA VELA BLOG<\/h2>\n<p>Latest posts from our Blog.<\/p>\n<\/div><\/div>\n\n<div class=\"et_pb_blog_0 et_pb_blog et_pb_bg_layout_light et_pb_posts et_pb_module\"><div class=\"et_pb_ajax_pagination_container\"><div class=\"et_pb_posts et_grid_module\"><article class=\"et_pb_post et_pb_post_id_3186 clearfix et_pb_blog_item_0_0 post-3186 post type-post status-publish format-standard has-post-thumbnail hentry category-uncategorized\"><div class=\"et_pb_image_container\"><a href=\"https:\/\/atodavela.eu\/en\/cuanto-cuesta-per\/\" class=\"entry-featured-image-url\"><img loading=\"lazy\" decoding=\"async\" src=\"https:\/\/atodavela.eu\/wp-content\/uploads\/2026\/01\/salida-sea-starlight-2.jpg\" width=\"400\" height=\"284\" alt=\"Alumnos PER de A Toda Vela\" class=\"\" \/><span data-icon=\"\ue050\" class=\"et_overlay et_pb_inline_icon\"><\/span><\/a><\/div><h2 class=\"entry-title\"><a href=\"https:\/\/atodavela.eu\/en\/cuanto-cuesta-per\/\">Cuanto cuesta el PER en Espa\u00f1a (precio completo 2026)<\/a><\/h2><p class=\"post-meta\"><span class=\"published\">Mar 23, 2026<\/span><\/p><div class=\"post-content\"><div class=\"post-content-inner\"><p>El precio del PER en Espa\u00f1a puede variar bastante seg\u00fan la escuela, la modalidad de formaci\u00f3n y las pr\u00e1cticas incluidas. Si est\u00e1s pensando en obtener el t\u00edtulo de Patr\u00f3n de Embarcaciones de Recreo, es importante conocer el coste real completo para evitar sorpresas&#8230;.<\/p>\n<\/div><\/div><\/article><article class=\"et_pb_post et_pb_post_id_2859 clearfix et_pb_blog_item_0_1 post-2859 post type-post status-publish format-standard has-post-thumbnail hentry category-blog-a-toda-vela\"><div class=\"et_pb_image_container\"><a href=\"https:\/\/atodavela.eu\/en\/examen-per-cuantos-fallos\/\" class=\"entry-featured-image-url\"><img loading=\"lazy\" decoding=\"async\" src=\"https:\/\/atodavela.eu\/wp-content\/uploads\/2026\/03\/examen-PER.jpg\" width=\"400\" height=\"284\" alt=\"simulacro de examen PER de A Toda Vela\" class=\"\" \/><span data-icon=\"\ue050\" class=\"et_overlay et_pb_inline_icon\"><\/span><\/a><\/div><h2 class=\"entry-title\"><a href=\"https:\/\/atodavela.eu\/en\/examen-per-cuantos-fallos\/\">C\u00f3mo es el examen del PER y cu\u00e1ntos fallos se permiten<\/a><\/h2><p class=\"post-meta\"><span class=\"published\">Mar 7, 2026<\/span><\/p><div class=\"post-content\"><div class=\"post-content-inner\"><p>El examen del PER (Patr\u00f3n de Embarcaciones de Recreo) es una prueba tipo test que deben superar quienes desean obtener este t\u00edtulo n\u00e1utico. Aunque el examen no es especialmente complejo, conviene conocer bien su estructura y el n\u00famero de errores que se permiten. En&#8230;<\/p>\n<\/div><\/div><\/article><article class=\"et_pb_post et_pb_post_id_1320 clearfix et_pb_blog_item_0_2 post-1320 post type-post status-publish format-standard has-post-thumbnail hentry category-uncategorized\"><div class=\"et_pb_image_container\"><a href=\"https:\/\/atodavela.eu\/en\/navegar-bajo-las-estrellas-en-cadiz-este-otono\/\" class=\"entry-featured-image-url\"><img loading=\"lazy\" decoding=\"async\" src=\"https:\/\/atodavela.eu\/wp-content\/uploads\/2025\/09\/noche-barco.jpg\" width=\"400\" height=\"284\" alt=\"Navegaci\u00f3n nocturna Sea Starlight en la Bah\u00eda de C\u00e1diz\" class=\"\" \/><span data-icon=\"\ue050\" class=\"et_overlay et_pb_inline_icon\"><\/span><\/a><\/div><h2 class=\"entry-title\"><a href=\"https:\/\/atodavela.eu\/en\/navegar-bajo-las-estrellas-en-cadiz-este-otono\/\">Sailing under the stars in C\u00e1diz this autumn<\/a><\/h2><p class=\"post-meta\"><span class=\"published\">Oct 28, 2025<\/span><\/p><div class=\"post-content\"><div class=\"post-content-inner\"><p>Under the autumn sky in the Bay of C\u00e1diz\nAutumn has arrived in the Bay of C\u00e1diz with a calm that feels tailor-made for sailing. The afternoons are shorter, the sun sets earlier, and when the light fades, the sea becomes a dark mirror where\u2026<\/p>\n<\/div><\/div><\/article><article class=\"et_pb_post et_pb_post_id_1305 clearfix et_pb_blog_item_0_3 post-1305 post type-post status-publish format-standard has-post-thumbnail hentry category-blog-a-toda-vela\"><div class=\"et_pb_image_container\"><a href=\"https:\/\/atodavela.eu\/en\/los-secretos-del-atraque\/\" class=\"entry-featured-image-url\"><img loading=\"lazy\" decoding=\"async\" src=\"https:\/\/atodavela.eu\/wp-content\/uploads\/2025\/10\/genova-19-banderolas.jpg\" width=\"400\" height=\"284\" alt=\"Barco atracado con banderas Sea Starlight\" class=\"\" \/><span data-icon=\"\ue050\" class=\"et_overlay et_pb_inline_icon\"><\/span><\/a><\/div><h2 class=\"entry-title\"><a href=\"https:\/\/atodavela.eu\/en\/los-secretos-del-atraque\/\">The secrets of docking<\/a><\/h2><p class=\"post-meta\"><span class=\"published\">Mar 18, 2025<\/span><\/p><div class=\"post-content\"><div class=\"post-content-inner\"><p>Harbour manoeuvres. Docking and undocking a boat is an art \u2014 a balance between wind, current and precision that separates a skilled sailor from a beginner. Some do it calmly, almost gracefully, while others turn it into a tense spectacle and\u2026<\/p>\n<\/div><\/div><\/article><\/div><div class=\"pagination clearfix\">\n\t<div class=\"alignleft\"><a href=\"https:\/\/atodavela.eu\/en\/wp-json\/wp\/v2\/pages\/14\/page\/2\/?et_blog\" >&laquo; Older Entries<\/a><\/div>\n\t<div class=\"alignright\"><\/div>\n<\/div><\/div><\/div>\n\n<div class=\"et_pb_module et_pb_button_module_wrapper et_pb_button_5_wrapper preset--module--divi-button--db46e67d-9505-40bb-9ebd-8901bc8b3a95_wrapper\"><a class=\"et_pb_button_5 et_pb_button et_pb_bg_layout_light et_pb_bg_layout_light_phone et_pb_module et_block_module preset--module--divi-button--db46e67d-9505-40bb-9ebd-8901bc8b3a95\" href=\"https:\/\/atodavela.eu\/en\/blog-a-toda-vela\/\">See all Blog posts<\/a><\/div>\n<\/div>\n<\/div>\n<\/div>\n\n<div class=\"et_pb_section_2 et_pb_section et_section_regular et_block_section\"><\/div>","protected":false},"excerpt":{"rendered":"","protected":false},"author":1,"featured_media":212,"parent":0,"menu_order":0,"comment_status":"closed","ping_status":"closed","template":"","meta":{"footnotes":""},"class_list":["post-14","page","type-page","status-publish","has-post-thumbnail","hentry"],"yoast_head":"<!-- This site is optimized with the Yoast SEO plugin v27.5 - https:\/\/yoast.com\/product\/yoast-seo-wordpress\/ -->\n<title>A Toda Vela C\u00e1diz | Escuela N\u00e1utica y Vela<\/title>\n<meta name=\"description\" content=\"Escuela n\u00e1utica en C\u00e1diz: cursos PER y pr\u00e1cticas oficiales, salidas privadas en velero, navegaci\u00f3n nocturna Sea Starlight y experiencia VR educativa.\" \/>\n<meta name=\"robots\" content=\"index, follow, max-snippet:-1, max-image-preview:large, max-video-preview:-1\" \/>\n<link rel=\"canonical\" href=\"https:\/\/atodavela.eu\/en\/\" \/>\n<meta property=\"og:locale\" content=\"en_US\" \/>\n<meta property=\"og:type\" content=\"article\" \/>\n<meta property=\"og:title\" content=\"A Toda Vela C\u00e1diz | Escuela N\u00e1utica y Vela\" \/>\n<meta property=\"og:description\" content=\"Escuela n\u00e1utica en C\u00e1diz: cursos PER y pr\u00e1cticas oficiales, salidas privadas en velero, navegaci\u00f3n nocturna Sea Starlight y experiencia VR educativa.\" \/>\n<meta property=\"og:url\" content=\"https:\/\/atodavela.eu\/en\/\" \/>\n<meta property=\"og:site_name\" content=\"A Toda Vela\" \/>\n<meta property=\"article:modified_time\" content=\"2026-04-20T09:19:38+00:00\" \/>\n<meta property=\"og:image\" content=\"https:\/\/atodavela.eu\/wp-content\/uploads\/2025\/07\/4.5.-Practicas_oficiales-qslhki0t8j1w06yhl28prn9rbzm30daljynadd7k2g.jpg\" \/>\n\t<meta property=\"og:image:width\" content=\"700\" \/>\n\t<meta property=\"og:image:height\" content=\"700\" \/>\n\t<meta property=\"og:image:type\" content=\"image\/jpeg\" \/>\n<meta name=\"twitter:card\" content=\"summary_large_image\" \/>\n<script type=\"application\/ld+json\" class=\"yoast-schema-graph\">{\"@context\":\"https:\\\/\\\/schema.org\",\"@graph\":[{\"@type\":\"WebPage\",\"@id\":\"https:\\\/\\\/atodavela.eu\\\/\",\"url\":\"https:\\\/\\\/atodavela.eu\\\/\",\"name\":\"A Toda Vela C\u00e1diz | Escuela N\u00e1utica y Vela\",\"isPartOf\":{\"@id\":\"https:\\\/\\\/atodavela.eu\\\/#website\"},\"primaryImageOfPage\":{\"@id\":\"https:\\\/\\\/atodavela.eu\\\/#primaryimage\"},\"image\":{\"@id\":\"https:\\\/\\\/atodavela.eu\\\/#primaryimage\"},\"thumbnailUrl\":\"https:\\\/\\\/atodavela.eu\\\/wp-content\\\/uploads\\\/2025\\\/07\\\/4.5.-Practicas_oficiales-qslhki0t8j1w06yhl28prn9rbzm30daljynadd7k2g.jpg\",\"datePublished\":\"2025-07-02T13:40:13+00:00\",\"dateModified\":\"2026-04-20T09:19:38+00:00\",\"description\":\"Escuela n\u00e1utica en C\u00e1diz: cursos PER y pr\u00e1cticas oficiales, salidas privadas en velero, navegaci\u00f3n nocturna Sea Starlight y experiencia VR educativa.\",\"breadcrumb\":{\"@id\":\"https:\\\/\\\/atodavela.eu\\\/#breadcrumb\"},\"inLanguage\":\"en-US\",\"potentialAction\":[{\"@type\":\"ReadAction\",\"target\":[\"https:\\\/\\\/atodavela.eu\\\/\"]}]},{\"@type\":\"ImageObject\",\"inLanguage\":\"en-US\",\"@id\":\"https:\\\/\\\/atodavela.eu\\\/#primaryimage\",\"url\":\"https:\\\/\\\/atodavela.eu\\\/wp-content\\\/uploads\\\/2025\\\/07\\\/4.5.-Practicas_oficiales-qslhki0t8j1w06yhl28prn9rbzm30daljynadd7k2g.jpg\",\"contentUrl\":\"https:\\\/\\\/atodavela.eu\\\/wp-content\\\/uploads\\\/2025\\\/07\\\/4.5.-Practicas_oficiales-qslhki0t8j1w06yhl28prn9rbzm30daljynadd7k2g.jpg\",\"width\":700,\"height\":700,\"caption\":\"Velero de A Toda Vela navegando por la bah\u00eda de C\u00e1diz\"},{\"@type\":\"BreadcrumbList\",\"@id\":\"https:\\\/\\\/atodavela.eu\\\/#breadcrumb\",\"itemListElement\":[{\"@type\":\"ListItem\",\"position\":1,\"name\":\"Portada\",\"item\":\"https:\\\/\\\/atodavela.eu\\\/\"},{\"@type\":\"ListItem\",\"position\":2,\"name\":\"A Toda Vela\"}]},{\"@type\":\"WebSite\",\"@id\":\"https:\\\/\\\/atodavela.eu\\\/#website\",\"url\":\"https:\\\/\\\/atodavela.eu\\\/\",\"name\":\"A Toda Vela\",\"description\":\"Escuela N\u00e1utica, alquiler de barcos y experiencias Sea Starlight en C\u00e1diz\",\"publisher\":{\"@id\":\"https:\\\/\\\/atodavela.eu\\\/#organization\"},\"potentialAction\":[{\"@type\":\"SearchAction\",\"target\":{\"@type\":\"EntryPoint\",\"urlTemplate\":\"https:\\\/\\\/atodavela.eu\\\/?s={search_term_string}\"},\"query-input\":{\"@type\":\"PropertyValueSpecification\",\"valueRequired\":true,\"valueName\":\"search_term_string\"}}],\"inLanguage\":\"en-US\"},{\"@type\":\"Organization\",\"@id\":\"https:\\\/\\\/atodavela.eu\\\/#organization\",\"name\":\"A Toda Vela\",\"url\":\"https:\\\/\\\/atodavela.eu\\\/\",\"logo\":{\"@type\":\"ImageObject\",\"inLanguage\":\"en-US\",\"@id\":\"https:\\\/\\\/atodavela.eu\\\/#\\\/schema\\\/logo\\\/image\\\/\",\"url\":\"https:\\\/\\\/atodavela.eu\\\/wp-content\\\/uploads\\\/2025\\\/07\\\/Logo-ATV-R.png\",\"contentUrl\":\"https:\\\/\\\/atodavela.eu\\\/wp-content\\\/uploads\\\/2025\\\/07\\\/Logo-ATV-R.png\",\"width\":220,\"height\":220,\"caption\":\"A Toda Vela\"},\"image\":{\"@id\":\"https:\\\/\\\/atodavela.eu\\\/#\\\/schema\\\/logo\\\/image\\\/\"}}]}<\/script>\n<!-- \/ Yoast SEO plugin. -->","yoast_head_json":{"title":"A Toda Vela C\u00e1diz | Escuela N\u00e1utica y Vela","description":"Escuela n\u00e1utica en C\u00e1diz: cursos PER y pr\u00e1cticas oficiales, salidas privadas en velero, navegaci\u00f3n nocturna Sea Starlight y experiencia VR educativa.","robots":{"index":"index","follow":"follow","max-snippet":"max-snippet:-1","max-image-preview":"max-image-preview:large","max-video-preview":"max-video-preview:-1"},"canonical":"https:\/\/atodavela.eu\/en\/","og_locale":"en_US","og_type":"article","og_title":"A Toda Vela C\u00e1diz | Escuela N\u00e1utica y Vela","og_description":"Escuela n\u00e1utica en C\u00e1diz: cursos PER y pr\u00e1cticas oficiales, salidas privadas en velero, navegaci\u00f3n nocturna Sea Starlight y experiencia VR educativa.","og_url":"https:\/\/atodavela.eu\/en\/","og_site_name":"A Toda Vela","article_modified_time":"2026-04-20T09:19:38+00:00","og_image":[{"width":700,"height":700,"url":"https:\/\/atodavela.eu\/wp-content\/uploads\/2025\/07\/4.5.-Practicas_oficiales-qslhki0t8j1w06yhl28prn9rbzm30daljynadd7k2g.jpg","type":"image\/jpeg"}],"twitter_card":"summary_large_image","schema":{"@context":"https:\/\/schema.org","@graph":[{"@type":"WebPage","@id":"https:\/\/atodavela.eu\/","url":"https:\/\/atodavela.eu\/","name":"A Toda Vela C\u00e1diz | Escuela N\u00e1utica y Vela","isPartOf":{"@id":"https:\/\/atodavela.eu\/#website"},"primaryImageOfPage":{"@id":"https:\/\/atodavela.eu\/#primaryimage"},"image":{"@id":"https:\/\/atodavela.eu\/#primaryimage"},"thumbnailUrl":"https:\/\/atodavela.eu\/wp-content\/uploads\/2025\/07\/4.5.-Practicas_oficiales-qslhki0t8j1w06yhl28prn9rbzm30daljynadd7k2g.jpg","datePublished":"2025-07-02T13:40:13+00:00","dateModified":"2026-04-20T09:19:38+00:00","description":"Escuela n\u00e1utica en C\u00e1diz: cursos PER y pr\u00e1cticas oficiales, salidas privadas en velero, navegaci\u00f3n nocturna Sea Starlight y experiencia VR educativa.","breadcrumb":{"@id":"https:\/\/atodavela.eu\/#breadcrumb"},"inLanguage":"en-US","potentialAction":[{"@type":"ReadAction","target":["https:\/\/atodavela.eu\/"]}]},{"@type":"ImageObject","inLanguage":"en-US","@id":"https:\/\/atodavela.eu\/#primaryimage","url":"https:\/\/atodavela.eu\/wp-content\/uploads\/2025\/07\/4.5.-Practicas_oficiales-qslhki0t8j1w06yhl28prn9rbzm30daljynadd7k2g.jpg","contentUrl":"https:\/\/atodavela.eu\/wp-content\/uploads\/2025\/07\/4.5.-Practicas_oficiales-qslhki0t8j1w06yhl28prn9rbzm30daljynadd7k2g.jpg","width":700,"height":700,"caption":"Velero de A Toda Vela navegando por la bah\u00eda de C\u00e1diz"},{"@type":"BreadcrumbList","@id":"https:\/\/atodavela.eu\/#breadcrumb","itemListElement":[{"@type":"ListItem","position":1,"name":"Portada","item":"https:\/\/atodavela.eu\/"},{"@type":"ListItem","position":2,"name":"A Toda Vela"}]},{"@type":"WebSite","@id":"https:\/\/atodavela.eu\/#website","url":"https:\/\/atodavela.eu\/","name":"A Toda Vela","description":"Escuela N\u00e1utica, alquiler de barcos y experiencias Sea Starlight en C\u00e1diz","publisher":{"@id":"https:\/\/atodavela.eu\/#organization"},"potentialAction":[{"@type":"SearchAction","target":{"@type":"EntryPoint","urlTemplate":"https:\/\/atodavela.eu\/?s={search_term_string}"},"query-input":{"@type":"PropertyValueSpecification","valueRequired":true,"valueName":"search_term_string"}}],"inLanguage":"en-US"},{"@type":"Organization","@id":"https:\/\/atodavela.eu\/#organization","name":"A Toda Vela","url":"https:\/\/atodavela.eu\/","logo":{"@type":"ImageObject","inLanguage":"en-US","@id":"https:\/\/atodavela.eu\/#\/schema\/logo\/image\/","url":"https:\/\/atodavela.eu\/wp-content\/uploads\/2025\/07\/Logo-ATV-R.png","contentUrl":"https:\/\/atodavela.eu\/wp-content\/uploads\/2025\/07\/Logo-ATV-R.png","width":220,"height":220,"caption":"A Toda Vela"},"image":{"@id":"https:\/\/atodavela.eu\/#\/schema\/logo\/image\/"}}]}},"_links":{"self":[{"href":"https:\/\/atodavela.eu\/en\/wp-json\/wp\/v2\/pages\/14","targetHints":{"allow":["GET"]}}],"collection":[{"href":"https:\/\/atodavela.eu\/en\/wp-json\/wp\/v2\/pages"}],"about":[{"href":"https:\/\/atodavela.eu\/en\/wp-json\/wp\/v2\/types\/page"}],"author":[{"embeddable":true,"href":"https:\/\/atodavela.eu\/en\/wp-json\/wp\/v2\/users\/1"}],"replies":[{"embeddable":true,"href":"https:\/\/atodavela.eu\/en\/wp-json\/wp\/v2\/comments?post=14"}],"version-history":[{"count":45,"href":"https:\/\/atodavela.eu\/en\/wp-json\/wp\/v2\/pages\/14\/revisions"}],"predecessor-version":[{"id":3436,"href":"https:\/\/atodavela.eu\/en\/wp-json\/wp\/v2\/pages\/14\/revisions\/3436"}],"wp:featuredmedia":[{"embeddable":true,"href":"https:\/\/atodavela.eu\/en\/wp-json\/wp\/v2\/media\/212"}],"wp:attachment":[{"href":"https:\/\/atodavela.eu\/en\/wp-json\/wp\/v2\/media?parent=14"}],"curies":[{"name":"wp","href":"https:\/\/api.w.org\/{rel}","templated":true}]}}