{"id":1898,"date":"2026-01-09T09:57:27","date_gmt":"2026-01-09T08:57:27","guid":{"rendered":"https:\/\/atodavela.eu\/?page_id=1898"},"modified":"2026-05-04T18:50:38","modified_gmt":"2026-05-04T16:50:38","slug":"practicas-ampliacion-per-vela-en-cadiz","status":"publish","type":"page","link":"https:\/\/atodavela.eu\/en\/producto\/practicas-ampliacion-per-vela-en-cadiz\/","title":{"rendered":"Pr\u00e1cticas Ampliaci\u00f3n PER + Vela en C\u00e1diz"},"content":{"rendered":"<div class=\"et_pb_section_0 et_pb_section et_section_regular et_flex_section\"><\/div>\n\n<div class=\"et_pb_section_1 et_pb_section et_section_regular et_block_section\">\n<div class=\"et_pb_row_0 et_pb_row et_block_row\">\n<div class=\"et_pb_column_0 et_pb_column et_pb_column_4_4 et-last-child et_block_column et_pb_css_mix_blend_mode_passthrough\">\n<div class=\"et_pb_text_0 et_pb_text et_pb_bg_layout_light et_pb_module et_block_module preset--module--divi-text--e6504a1b-67eb-4b3d-b023-bcab277610b6\"><div class=\"et_pb_text_inner\"><h3>A Toda Vela<\/h3>\n<\/div><\/div>\n\n<div class=\"et_pb_text_1 et_pb_text et_pb_bg_layout_dark et_pb_module et_block_module preset--module--divi-text--c16985e1-e0d6-4022-964d-e2bfc04fa633\"><div class=\"et_pb_text_inner\"><h1>Pr\u00e1cticas de ampliaci\u00f3n del PER + habilitaci\u00f3n a vela en C\u00e1diz<\/h1>\n<\/div><\/div>\n\n<div class=\"et_pb_text_2 et_pb_text et_pb_bg_layout_light et_pb_module et_block_module\"><\/div>\n<\/div>\n<\/div>\n<\/div>\n\n<div class=\"et_pb_section_2 et_pb_section et_section_regular et_flex_section\">\n<div class=\"et_pb_row_1 et_pb_row et_flex_row\">\n<div class=\"et_pb_column_1 et_pb_column et-last-child et_flex_column et_pb_css_mix_blend_mode_passthrough et_flex_column_24_24 et_flex_column_24_24_tablet et_flex_column_24_24_phone\">\n<div class=\"et_pb_module et_pb_button_module_wrapper et_pb_button_0_wrapper\"><a class=\"et_pb_button_0 et_pb_button et_pb_bg_layout_light et_pb_module et_flex_module\" href=\"https:\/\/atodavela.eu\/en\/compras\/practicas-ampliacion-per-vela-en-cadiz\/\">Reservas Online<\/a><\/div>\n<\/div>\n<\/div>\n<\/div>\n\n<div class=\"et_pb_section_3 et_pb_section et_section_regular et_flex_section\">\n<div class=\"et_pb_row_2 et_pb_row et_flex_row\">\n<div class=\"et_pb_column_2 et_pb_column et-last-child et_flex_column et_pb_css_mix_blend_mode_passthrough et_flex_column_24_24 et_flex_column_24_24_tablet et_flex_column_24_24_phone\">\n<div class=\"et_pb_text_3 et_pb_text et_pb_bg_layout_light et_pb_module et_flex_module\"><div class=\"et_pb_text_inner\"><h2 style=\"text-align: center;\"><span style=\"text-decoration: underline;\"><strong>CALENDARIO DE PR\u00c1CTICAS AMPLI PER + VELA 2026<\/strong><\/span><\/h2>\n<\/div><\/div>\n<\/div>\n<\/div>\n<\/div>\n\n<div class=\"et_pb_section_4 et_pb_section et_section_regular et_flex_section\">\n<div class=\"et_pb_row_3 et_pb_row et_flex_row\">\n<div class=\"et_pb_column_3 et_pb_column et-last-child et_flex_column et_pb_css_mix_blend_mode_passthrough et_flex_column_24_24 et_flex_column_24_24_tablet et_flex_column_24_24_phone\">\n<div class=\"et_pb_row_4 et_pb_row et_pb_row_nested et_flex_row\">\n<div class=\"et_pb_column_4 et_pb_column et_flex_column et_pb_css_mix_blend_mode_passthrough et_flex_column_4_24 et_flex_column_8_24_tablet et_flex_column_12_24_phone\">\n<div class=\"et_pb_text_4 et_pb_text et_pb_bg_layout_light et_pb_module et_flex_module\"><div class=\"et_pb_text_inner\"><h3 style=\"text-align: center;\"><strong>MAYO 2026<\/strong><\/h3>\n<p>15\/17: <span style=\"color: #ff0000;\"><strong>COMPLETAS<\/strong><\/span><\/p>\n<p>\u00a0<\/p>\n<\/div><\/div>\n<\/div>\n\n<div class=\"et_pb_column_5 et_pb_column et_flex_column et_pb_css_mix_blend_mode_passthrough et_flex_column_4_24 et_flex_column_8_24_tablet et_flex_column_12_24_phone\">\n<div class=\"et_pb_text_5 et_pb_text et_pb_bg_layout_light et_pb_module et_flex_module\"><div class=\"et_pb_text_inner\"><h3 style=\"text-align: center;\"><strong>JUNIO 2026<\/strong><\/h3>\n<p>19\/21:\u00a0<span style=\"color: #ff0000;\"><strong>COMPLETAS<\/strong><\/span><\/p>\n<\/div><\/div>\n<\/div>\n\n<div class=\"et_pb_column_6 et_pb_column et_flex_column et_pb_css_mix_blend_mode_passthrough et_flex_column_4_24 et_flex_column_8_24_tablet et_flex_column_12_24_phone\">\n<div class=\"et_pb_text_6 et_pb_text et_pb_bg_layout_light et_pb_module et_flex_module\"><div class=\"et_pb_text_inner\"><h3 style=\"text-align: center;\"><strong>JULIO 2026<\/strong><\/h3>\n<p>10\/12: Plazas libres<\/p>\n<\/div><\/div>\n<\/div>\n\n<div class=\"et_pb_column_7 et_pb_column et_flex_column et_pb_css_mix_blend_mode_passthrough et_flex_column_4_24 et_flex_column_8_24_tablet et_flex_column_12_24_phone\">\n<div class=\"et_pb_text_7 et_pb_text et_pb_bg_layout_light et_pb_module et_flex_module\"><div class=\"et_pb_text_inner\"><h3 style=\"text-align: center;\"><strong>AGOSTO 2026<\/strong><\/h3>\n<p>28\/30: Plazas libres.<\/p>\n<\/div><\/div>\n<\/div>\n\n<div class=\"et_pb_column_8 et_pb_column et_flex_column et_pb_css_mix_blend_mode_passthrough et_flex_column_4_24 et_flex_column_8_24_tablet et_flex_column_12_24_phone\">\n<div class=\"et_pb_text_8 et_pb_text et_pb_bg_layout_light et_pb_module et_flex_module\"><div class=\"et_pb_text_inner\"><h3 style=\"text-align: center;\"><strong>SEPT. 2026<\/strong><\/h3>\n<p>18\/20: Plazas libres.<\/p>\n<\/div><\/div>\n<\/div>\n\n<div class=\"et_pb_column_9 et_pb_column et-last-child et_flex_column et_pb_css_mix_blend_mode_passthrough et_flex_column_4_24 et_flex_column_8_24_tablet et_flex_column_12_24_phone\">\n<div class=\"et_pb_text_9 et_pb_text et_pb_bg_layout_light et_pb_module et_flex_module\"><div class=\"et_pb_text_inner\"><h3 style=\"text-align: center;\"><strong>OCTUBRE 2026<\/strong><\/h3>\n<p>&nbsp;<\/p>\n<\/div><\/div>\n<\/div>\n<\/div>\n<\/div>\n<\/div>\n\n<div class=\"et_pb_row_5 et_pb_row et_flex_row\">\n<div class=\"et_pb_column_10 et_pb_column et-last-child et_flex_column et_pb_css_mix_blend_mode_passthrough et_flex_column_24_24 et_flex_column_24_24_tablet et_flex_column_24_24_phone\">\n<div class=\"et_pb_module et_pb_button_module_wrapper et_pb_button_1_wrapper\"><a class=\"et_pb_button_1 et_pb_button et_pb_bg_layout_dark et_pb_module et_flex_module\" href=\"tel:+34633020299\">Reservas Telef\u00f3nicas<\/a><\/div>\n<\/div>\n<\/div>\n<\/div>\n\n<div class=\"et_pb_section_5 et_pb_section et_section_regular et_flex_section\">\n<div class=\"et_pb_row_6 et_pb_row et_flex_row\">\n<div class=\"et_pb_column_11 et_pb_column et-last-child et_flex_column et_pb_css_mix_blend_mode_passthrough et_flex_column_24_24 et_flex_column_24_24_tablet et_flex_column_24_24_phone\">\n<div class=\"et_pb_text_10 et_pb_text et_pb_bg_layout_light et_pb_module et_flex_module\"><div class=\"et_pb_text_inner\"><h3 style=\"box-sizing: border-box; margin: 0px; padding: 0px 0px 10px; border: 0px; outline: 0px; font-size: 22px; text-size-adjust: 100%; vertical-align: baseline; background: #ffffff; color: #333333; line-height: 1em; font-weight: 300; font-family: Montserrat; font-style: normal; font-variant-ligatures: normal; font-variant-caps: normal; letter-spacing: normal; orphans: 2; text-align: start; text-indent: 0px; text-transform: none; widows: 2; word-spacing: 0px; -webkit-text-stroke-width: 0px; white-space: normal; text-decoration-thickness: initial; text-decoration-style: initial; text-decoration-color: initial;\"><strong style=\"box-sizing: border-box; margin: 0px; padding: 0px; border: 0px; outline: 0px; font-size: 22px; text-size-adjust: 100%; vertical-align: baseline; background: transparent; font-weight: bold;\">Precio: 400 \u20ac\/Plaza<\/strong><\/h3>\n<\/div><\/div>\n<\/div>\n<\/div>\n<\/div>\n\n<div class=\"et_pb_section_6 et_pb_section et_section_regular et_flex_section\">\n<div class=\"et_pb_row_7 et_pb_row et_flex_row\">\n<div class=\"et_pb_column_12 et_pb_column et-last-child et_flex_column et_pb_css_mix_blend_mode_passthrough et_flex_column_24_24 et_flex_column_24_24_tablet et_flex_column_24_24_phone\">\n<div class=\"et_pb_row_8 et_pb_row et_pb_row_nested et_flex_row\">\n<div class=\"et_pb_column_13 et_pb_column et-last-child et_flex_column et_pb_css_mix_blend_mode_passthrough et_flex_column_24_24 et_flex_column_24_24_tablet et_flex_column_24_24_phone\">\n<div class=\"et_pb_text_11 et_pb_text et_pb_bg_layout_light et_pb_module et_flex_module\"><div class=\"et_pb_text_inner\"><p>Las pr\u00e1cticas de ampliaci\u00f3n de atribuciones del PER junto con la habilitaci\u00f3n a vela permiten ampliar las capacidades de navegaci\u00f3n del t\u00edtulo de Patr\u00f3n de Embarcaciones de Recreo en una sola traves\u00eda formativa de 48 horas de duraci\u00f3n..<\/p>\n<p>Esta modalidad combina, en una \u00fanica pr\u00e1ctica, la ampliaci\u00f3n de atribuciones del PER y la habilitaci\u00f3n a vela, optimizando tiempo y ofreciendo una experiencia de navegaci\u00f3n m\u00e1s completa.<\/p>\n<p>En A Toda Vela realizamos estas pr\u00e1cticas en C\u00e1diz, con navegaci\u00f3n real en mar abierto y salida desde Puerto Am\u00e9rica, uno de los entornos m\u00e1s adecuados para este tipo de traves\u00edas.<\/p>\n<\/div><\/div>\n<\/div>\n<\/div>\n\n<div class=\"et_pb_image_0 et_pb_image et_pb_module et_flex_module\"><span class=\"et_pb_image_wrap\"><img loading=\"lazy\" decoding=\"async\" src=\"https:\/\/atodavela.eu\/wp-content\/uploads\/2025\/07\/Experiencia_TOP_SeaS.jpg\" alt=\"Velero en navegaci\u00f3n nocturna durante pr\u00e1cticas de ampliaci\u00f3n del PER y vela en C\u00e1diz\" title=\"sea starlight\" width=\"580\" height=\"350\" class=\"wp-image-247\" \/><\/span><\/div>\n\n<div class=\"et_pb_text_12 et_pb_text et_pb_bg_layout_light et_pb_module et_flex_module\"><div class=\"et_pb_text_inner\"><ul>\n<li>Pr\u00e1ctica combinada en una sola traves\u00eda<\/li>\n<li>Navegaci\u00f3n real de larga duraci\u00f3n<\/li>\n<li>Instructores titulados con experiencia en traves\u00edas<\/li>\n<li>Salida desde Puerto Am\u00e9rica (C\u00e1diz)<\/li>\n<li>V\u00e1lidas para la expedici\u00f3n del t\u00edtulo en cualquier CCAA<\/li>\n<\/ul>\n<\/div><\/div>\n\n<div class=\"et_pb_text_13 et_pb_text et_pb_bg_layout_light et_pb_module et_flex_module\"><div class=\"et_pb_text_inner\"><h2><strong>\u00bfEn qu\u00e9 consisten las pr\u00e1cticas de ampliaci\u00f3n del PER + habilitaci\u00f3n a vela?<\/strong><\/h2>\n<p>Estas pr\u00e1cticas consisten en una traves\u00eda continuada de 48 horas, con breves escalas, durante la cual se desarrollan los contenidos correspondientes a:<\/p>\n<ul>\n<li>La ampliaci\u00f3n de atribuciones del PER (navegaci\u00f3n hasta 24 metros de eslora y traves\u00edas entre la pen\u00ednsula y Baleares).<\/li>\n<li>La habilitaci\u00f3n a vela, necesaria para gobernar embarcaciones de vela dentro de las atribuciones del t\u00edtulo.<\/li>\n<li>Al realizar esta pr\u00e1ctica combinada se obtienen ambas habilitaciones sin necesidad de realizar las pr\u00e1cticas por separado.<\/li>\n<\/ul>\n<\/div><\/div>\n\n<div class=\"et_pb_text_14 et_pb_text et_pb_bg_layout_light et_pb_module et_flex_module\"><div class=\"et_pb_text_inner\"><h2><strong>\u00bfQu\u00e9 atribuciones se obtienen con estas pr\u00e1cticas?<\/strong><\/h2>\n<p>Una vez completadas estas pr\u00e1cticas, el t\u00edtulo de Patr\u00f3n de Embarcaciones de Recreo permite:<\/p>\n<ul>\n<li>Gobernar embarcaciones de recreo de hasta 24 metros de eslora.<\/li>\n<li>Realizar traves\u00edas entre la pen\u00ednsula y Baleares.<\/li>\n<li>Gobernar embarcaciones a vela, dentro de las atribuciones del t\u00edtulo.<\/li>\n<\/ul>\n<\/div><\/div>\n\n<div class=\"et_pb_text_15 et_pb_text et_pb_bg_layout_light et_pb_module et_flex_module\"><div class=\"et_pb_text_inner\"><h2><strong>\u00bfQui\u00e9n puede realizar estas pr\u00e1cticas?<\/strong><\/h2>\n<p>Estas pr\u00e1cticas est\u00e1n dirigidas a:<\/p>\n<ul>\n<li>Titulares del PER que deseen ampliar sus atribuciones y adquirir experiencia en traves\u00edas de larga duraci\u00f3n.<\/li>\n<li>Patrones y capitanes de yate que quieran afianzar y perfeccionar sus conocimientos de navegaci\u00f3n y vela.<\/li>\n<li>Personas interesadas en iniciarse o profundizar en la navegaci\u00f3n a vela y en la experiencia de traves\u00eda, aunque no dispongan a\u00fan de titulaci\u00f3n.<\/li>\n<\/ul>\n<\/div><\/div>\n\n<div class=\"et_pb_text_16 et_pb_text et_pb_bg_layout_light et_pb_module et_flex_module\"><div class=\"et_pb_text_inner\"><h2><strong>\u00bfPor qu\u00e9 realizar estas pr\u00e1cticas en C\u00e1diz?<\/strong><\/h2>\n<p>La zona de C\u00e1diz y el entorno atl\u00e1ntico ofrecen condiciones \u00f3ptimas para la realizaci\u00f3n de traves\u00edas formativas de larga duraci\u00f3n:<\/p>\n<ul>\n<li>Navegaci\u00f3n real en mar abierto.<\/li>\n<li>Condiciones variables de viento y mar.<\/li>\n<li>Salida desde Puerto Am\u00e9rica, puerto perfectamente preparado para este tipo de pr\u00e1cticas.<\/li>\n<\/ul>\n<p>En A Toda Vela contamos con embarcaciones y patrones con amplia experiencia en navegaci\u00f3n de altura y pr\u00e1cticas de ampliaci\u00f3n.<\/p>\n<\/div><\/div>\n\n<div class=\"et_pb_text_17 et_pb_text et_pb_bg_layout_light et_pb_module et_flex_module\"><div class=\"et_pb_text_inner\"><h2><strong>Contenido de las pr\u00e1cticas de ampliaci\u00f3n del PER + habilitaci\u00f3n a vela<\/strong><\/h2>\n<p><strong><\/strong><\/p>\n<\/div><\/div>\n\n<div class=\"et_pb_accordion_0 et_pb_accordion et_pb_module et_flex_module\">\n<div class=\"et_pb_accordion_item_0 et_pb_accordion_item et_pb_toggle et_pb_module et_pb_toggle_open et_flex_module\"><h5 class=\"et_pb_toggle_title\">Planificaci\u00f3n de la traves\u00eda<\/h5><div class=\"et_pb_toggle_content et_flex_module\"><p>Preparaci\u00f3n de la derrota, guardias y turnos de navegaci\u00f3n.<\/p>\n<\/div><\/div>\n\n<div class=\"et_pb_accordion_item_1 et_pb_accordion_item et_pb_toggle et_pb_module et_pb_toggle_close et_flex_module\"><h5 class=\"et_pb_toggle_title\">Navegaci\u00f3n de altura<\/h5><div class=\"et_pb_toggle_content et_flex_module\"><p>Rumbos, control del barco y navegaci\u00f3n continuada.<\/p>\n<\/div><\/div>\n<\/div>\n\n<div class=\"et_pb_accordion_1 et_pb_accordion et_pb_module et_flex_module\">\n<div class=\"et_pb_accordion_item_2 et_pb_accordion_item et_pb_toggle et_pb_module et_pb_toggle_open et_flex_module\"><h5 class=\"et_pb_toggle_title\">Gobierno del velero<\/h5><div class=\"et_pb_toggle_content et_flex_module\"><p>Ajuste de velas y maniobras durante la traves\u00eda.<\/p>\n<\/div><\/div>\n\n<div class=\"et_pb_accordion_item_3 et_pb_accordion_item et_pb_toggle et_pb_module et_pb_toggle_close et_flex_module\"><h5 class=\"et_pb_toggle_title\">Guardias nocturnas<\/h5><div class=\"et_pb_toggle_content et_flex_module\"><p>Navegaci\u00f3n nocturna, seguridad y vigilancia.<\/p>\n<\/div><\/div>\n<\/div>\n\n<div class=\"et_pb_accordion_2 et_pb_accordion et_pb_module et_flex_module\">\n<div class=\"et_pb_accordion_item_4 et_pb_accordion_item et_pb_toggle et_pb_module et_pb_toggle_open et_flex_module\"><h5 class=\"et_pb_toggle_title\">Seguridad y maniobras de emergencia<\/h5><div class=\"et_pb_toggle_content et_flex_module\"><p>Hombre al agua, reducci\u00f3n de vela y control del barco.<\/p>\n<\/div><\/div>\n\n<div class=\"et_pb_accordion_item_5 et_pb_accordion_item et_pb_toggle et_pb_module et_pb_toggle_close et_flex_module\"><h5 class=\"et_pb_toggle_title\">Vida a bordo en traves\u00eda<\/h5><div class=\"et_pb_toggle_content et_flex_module\"><p>Organizaci\u00f3n, descanso y convivencia durante una navegaci\u00f3n prolongada.<\/p>\n<\/div><\/div>\n<\/div>\n\n<div class=\"et_pb_text_18 et_pb_text et_pb_bg_layout_light et_pb_module et_flex_module\"><div class=\"et_pb_text_inner\"><h2><strong>\u00bfC\u00f3mo reservar las pr\u00e1cticas de ampliaci\u00f3n del PER + vela?<\/strong><\/h2>\n<p>Puedes reservar tu plaza a trav\u00e9s del calendario de pr\u00e1cticas online, seleccionando la convocatoria disponible.<\/p>\n<p>Si lo prefieres, tambi\u00e9n puedes llamarnos y te informaremos de las pr\u00f3ximas fechas y resolveremos cualquier duda antes de la reserva.<\/p>\n<\/div><\/div>\n\n<div class=\"et_pb_text_19 et_pb_text et_pb_bg_layout_light et_pb_module et_flex_module\"><div class=\"et_pb_text_inner\"><h2><strong>\u00bfNecesitas realizar las pr\u00e1cticas en otra comunidad aut\u00f3noma?<\/strong><\/h2>\n<p>Ll\u00e1manos y te informaremos sobre la disponibilidad en otros puntos de Espa\u00f1a o consulta el calendario accesible en esta p\u00e1gina web.<\/p>\n<\/div><\/div>\n<\/div>\n<\/div>\n<\/div>","protected":false},"excerpt":{"rendered":"","protected":false},"author":1,"featured_media":0,"parent":1867,"menu_order":0,"comment_status":"closed","ping_status":"closed","template":"","meta":{"footnotes":""},"class_list":["post-1898","page","type-page","status-publish","hentry"],"yoast_head":"<!-- This site is optimized with the Yoast SEO plugin v27.5 - https:\/\/yoast.com\/product\/yoast-seo-wordpress\/ -->\n<title>Ampliaci\u00f3n PER + Habilitaci\u00f3n a Vela en C\u00e1diz | Traves\u00eda 48h<\/title>\n<meta name=\"description\" content=\"Pr\u00e1cticas de Ampliaci\u00f3n PER + Habilitaci\u00f3n a Vela en C\u00e1diz. Traves\u00eda continua de 48 horas desde Puerto Am\u00e9rica. Navegaci\u00f3n real, guardias y experiencia en mar abierto. Consulta fechas y reserva online.\" \/>\n<meta name=\"robots\" content=\"index, follow, max-snippet:-1, max-image-preview:large, max-video-preview:-1\" \/>\n<link rel=\"canonical\" href=\"https:\/\/atodavela.eu\/en\/producto\/practicas-ampliacion-per-vela-en-cadiz\/\" \/>\n<meta property=\"og:locale\" content=\"en_US\" \/>\n<meta property=\"og:type\" content=\"article\" \/>\n<meta property=\"og:title\" content=\"Ampliaci\u00f3n PER + Habilitaci\u00f3n a Vela en C\u00e1diz | Traves\u00eda 48h\" \/>\n<meta property=\"og:description\" content=\"Pr\u00e1cticas de Ampliaci\u00f3n PER + Habilitaci\u00f3n a Vela en C\u00e1diz. Traves\u00eda continua de 48 horas desde Puerto Am\u00e9rica. Navegaci\u00f3n real, guardias y experiencia en mar abierto. Consulta fechas y reserva online.\" \/>\n<meta property=\"og:url\" content=\"https:\/\/atodavela.eu\/en\/producto\/practicas-ampliacion-per-vela-en-cadiz\/\" \/>\n<meta property=\"og:site_name\" content=\"A Toda Vela\" \/>\n<meta property=\"article:modified_time\" content=\"2026-05-04T16:50:38+00:00\" \/>\n<meta name=\"twitter:card\" content=\"summary_large_image\" \/>\n<script type=\"application\/ld+json\" class=\"yoast-schema-graph\">{\"@context\":\"https:\\\/\\\/schema.org\",\"@graph\":[{\"@type\":\"WebPage\",\"@id\":\"https:\\\/\\\/atodavela.eu\\\/producto\\\/practicas-ampliacion-per-vela-en-cadiz\\\/\",\"url\":\"https:\\\/\\\/atodavela.eu\\\/producto\\\/practicas-ampliacion-per-vela-en-cadiz\\\/\",\"name\":\"Ampliaci\u00f3n PER + Habilitaci\u00f3n a Vela en C\u00e1diz | Traves\u00eda 48h\",\"isPartOf\":{\"@id\":\"https:\\\/\\\/atodavela.eu\\\/#website\"},\"datePublished\":\"2026-01-09T08:57:27+00:00\",\"dateModified\":\"2026-05-04T16:50:38+00:00\",\"description\":\"Pr\u00e1cticas de Ampliaci\u00f3n PER + Habilitaci\u00f3n a Vela en C\u00e1diz. Traves\u00eda continua de 48 horas desde Puerto Am\u00e9rica. Navegaci\u00f3n real, guardias y experiencia en mar abierto. Consulta fechas y reserva online.\",\"breadcrumb\":{\"@id\":\"https:\\\/\\\/atodavela.eu\\\/producto\\\/practicas-ampliacion-per-vela-en-cadiz\\\/#breadcrumb\"},\"inLanguage\":\"en-US\",\"potentialAction\":[{\"@type\":\"ReadAction\",\"target\":[\"https:\\\/\\\/atodavela.eu\\\/producto\\\/practicas-ampliacion-per-vela-en-cadiz\\\/\"]}]},{\"@type\":\"BreadcrumbList\",\"@id\":\"https:\\\/\\\/atodavela.eu\\\/producto\\\/practicas-ampliacion-per-vela-en-cadiz\\\/#breadcrumb\",\"itemListElement\":[{\"@type\":\"ListItem\",\"position\":1,\"name\":\"Portada\",\"item\":\"https:\\\/\\\/atodavela.eu\\\/\"},{\"@type\":\"ListItem\",\"position\":2,\"name\":\"Productos\",\"item\":\"https:\\\/\\\/atodavela.eu\\\/producto\\\/\"},{\"@type\":\"ListItem\",\"position\":3,\"name\":\"Pr\u00e1cticas Ampliaci\u00f3n PER + Vela en C\u00e1diz\"}]},{\"@type\":\"WebSite\",\"@id\":\"https:\\\/\\\/atodavela.eu\\\/#website\",\"url\":\"https:\\\/\\\/atodavela.eu\\\/\",\"name\":\"A Toda Vela\",\"description\":\"Escuela N\u00e1utica, alquiler de barcos y experiencias Sea Starlight en C\u00e1diz\",\"publisher\":{\"@id\":\"https:\\\/\\\/atodavela.eu\\\/#organization\"},\"potentialAction\":[{\"@type\":\"SearchAction\",\"target\":{\"@type\":\"EntryPoint\",\"urlTemplate\":\"https:\\\/\\\/atodavela.eu\\\/?s={search_term_string}\"},\"query-input\":{\"@type\":\"PropertyValueSpecification\",\"valueRequired\":true,\"valueName\":\"search_term_string\"}}],\"inLanguage\":\"en-US\"},{\"@type\":\"Organization\",\"@id\":\"https:\\\/\\\/atodavela.eu\\\/#organization\",\"name\":\"A Toda Vela\",\"url\":\"https:\\\/\\\/atodavela.eu\\\/\",\"logo\":{\"@type\":\"ImageObject\",\"inLanguage\":\"en-US\",\"@id\":\"https:\\\/\\\/atodavela.eu\\\/#\\\/schema\\\/logo\\\/image\\\/\",\"url\":\"https:\\\/\\\/atodavela.eu\\\/wp-content\\\/uploads\\\/2025\\\/07\\\/Logo-ATV-R.png\",\"contentUrl\":\"https:\\\/\\\/atodavela.eu\\\/wp-content\\\/uploads\\\/2025\\\/07\\\/Logo-ATV-R.png\",\"width\":220,\"height\":220,\"caption\":\"A Toda Vela\"},\"image\":{\"@id\":\"https:\\\/\\\/atodavela.eu\\\/#\\\/schema\\\/logo\\\/image\\\/\"}}]}<\/script>\n<!-- \/ Yoast SEO plugin. -->","yoast_head_json":{"title":"Ampliaci\u00f3n PER + Habilitaci\u00f3n a Vela en C\u00e1diz | Traves\u00eda 48h","description":"Pr\u00e1cticas de Ampliaci\u00f3n PER + Habilitaci\u00f3n a Vela en C\u00e1diz. Traves\u00eda continua de 48 horas desde Puerto Am\u00e9rica. Navegaci\u00f3n real, guardias y experiencia en mar abierto. Consulta fechas y reserva online.","robots":{"index":"index","follow":"follow","max-snippet":"max-snippet:-1","max-image-preview":"max-image-preview:large","max-video-preview":"max-video-preview:-1"},"canonical":"https:\/\/atodavela.eu\/en\/producto\/practicas-ampliacion-per-vela-en-cadiz\/","og_locale":"en_US","og_type":"article","og_title":"Ampliaci\u00f3n PER + Habilitaci\u00f3n a Vela en C\u00e1diz | Traves\u00eda 48h","og_description":"Pr\u00e1cticas de Ampliaci\u00f3n PER + Habilitaci\u00f3n a Vela en C\u00e1diz. Traves\u00eda continua de 48 horas desde Puerto Am\u00e9rica. Navegaci\u00f3n real, guardias y experiencia en mar abierto. Consulta fechas y reserva online.","og_url":"https:\/\/atodavela.eu\/en\/producto\/practicas-ampliacion-per-vela-en-cadiz\/","og_site_name":"A Toda Vela","article_modified_time":"2026-05-04T16:50:38+00:00","twitter_card":"summary_large_image","schema":{"@context":"https:\/\/schema.org","@graph":[{"@type":"WebPage","@id":"https:\/\/atodavela.eu\/producto\/practicas-ampliacion-per-vela-en-cadiz\/","url":"https:\/\/atodavela.eu\/producto\/practicas-ampliacion-per-vela-en-cadiz\/","name":"Ampliaci\u00f3n PER + Habilitaci\u00f3n a Vela en C\u00e1diz | Traves\u00eda 48h","isPartOf":{"@id":"https:\/\/atodavela.eu\/#website"},"datePublished":"2026-01-09T08:57:27+00:00","dateModified":"2026-05-04T16:50:38+00:00","description":"Pr\u00e1cticas de Ampliaci\u00f3n PER + Habilitaci\u00f3n a Vela en C\u00e1diz. Traves\u00eda continua de 48 horas desde Puerto Am\u00e9rica. Navegaci\u00f3n real, guardias y experiencia en mar abierto. Consulta fechas y reserva online.","breadcrumb":{"@id":"https:\/\/atodavela.eu\/producto\/practicas-ampliacion-per-vela-en-cadiz\/#breadcrumb"},"inLanguage":"en-US","potentialAction":[{"@type":"ReadAction","target":["https:\/\/atodavela.eu\/producto\/practicas-ampliacion-per-vela-en-cadiz\/"]}]},{"@type":"BreadcrumbList","@id":"https:\/\/atodavela.eu\/producto\/practicas-ampliacion-per-vela-en-cadiz\/#breadcrumb","itemListElement":[{"@type":"ListItem","position":1,"name":"Portada","item":"https:\/\/atodavela.eu\/"},{"@type":"ListItem","position":2,"name":"Productos","item":"https:\/\/atodavela.eu\/producto\/"},{"@type":"ListItem","position":3,"name":"Pr\u00e1cticas Ampliaci\u00f3n PER + Vela en C\u00e1diz"}]},{"@type":"WebSite","@id":"https:\/\/atodavela.eu\/#website","url":"https:\/\/atodavela.eu\/","name":"A Toda Vela","description":"Escuela N\u00e1utica, alquiler de barcos y experiencias Sea Starlight en C\u00e1diz","publisher":{"@id":"https:\/\/atodavela.eu\/#organization"},"potentialAction":[{"@type":"SearchAction","target":{"@type":"EntryPoint","urlTemplate":"https:\/\/atodavela.eu\/?s={search_term_string}"},"query-input":{"@type":"PropertyValueSpecification","valueRequired":true,"valueName":"search_term_string"}}],"inLanguage":"en-US"},{"@type":"Organization","@id":"https:\/\/atodavela.eu\/#organization","name":"A Toda Vela","url":"https:\/\/atodavela.eu\/","logo":{"@type":"ImageObject","inLanguage":"en-US","@id":"https:\/\/atodavela.eu\/#\/schema\/logo\/image\/","url":"https:\/\/atodavela.eu\/wp-content\/uploads\/2025\/07\/Logo-ATV-R.png","contentUrl":"https:\/\/atodavela.eu\/wp-content\/uploads\/2025\/07\/Logo-ATV-R.png","width":220,"height":220,"caption":"A Toda Vela"},"image":{"@id":"https:\/\/atodavela.eu\/#\/schema\/logo\/image\/"}}]}},"_links":{"self":[{"href":"https:\/\/atodavela.eu\/en\/wp-json\/wp\/v2\/pages\/1898","targetHints":{"allow":["GET"]}}],"collection":[{"href":"https:\/\/atodavela.eu\/en\/wp-json\/wp\/v2\/pages"}],"about":[{"href":"https:\/\/atodavela.eu\/en\/wp-json\/wp\/v2\/types\/page"}],"author":[{"embeddable":true,"href":"https:\/\/atodavela.eu\/en\/wp-json\/wp\/v2\/users\/1"}],"replies":[{"embeddable":true,"href":"https:\/\/atodavela.eu\/en\/wp-json\/wp\/v2\/comments?post=1898"}],"version-history":[{"count":27,"href":"https:\/\/atodavela.eu\/en\/wp-json\/wp\/v2\/pages\/1898\/revisions"}],"predecessor-version":[{"id":3604,"href":"https:\/\/atodavela.eu\/en\/wp-json\/wp\/v2\/pages\/1898\/revisions\/3604"}],"up":[{"embeddable":true,"href":"https:\/\/atodavela.eu\/en\/wp-json\/wp\/v2\/pages\/1867"}],"wp:attachment":[{"href":"https:\/\/atodavela.eu\/en\/wp-json\/wp\/v2\/media?parent=1898"}],"curies":[{"name":"wp","href":"https:\/\/api.w.org\/{rel}","templated":true}]}}