{"id":2066,"date":"2026-01-13T18:37:20","date_gmt":"2026-01-13T17:37:20","guid":{"rendered":"https:\/\/atodavela.eu\/?page_id=2066"},"modified":"2026-03-18T14:32:54","modified_gmt":"2026-03-18T13:32:54","slug":"formacion-nautica-cursos-online","status":"publish","type":"page","link":"https:\/\/atodavela.eu\/en\/producto\/formacion-nautica-cursos-online\/","title":{"rendered":"Formacion N\u00e1utica cursos online"},"content":{"rendered":"<div class=\"et_pb_section_0 et_pb_section et_section_regular et_block_section\">\n<div class=\"et_pb_row_0 et_pb_row et_block_row\">\n<div class=\"et_pb_column_0 et_pb_column et_pb_column_4_4 et-last-child et_block_column et_pb_css_mix_blend_mode_passthrough\">\n<div class=\"et_pb_text_0 et_pb_text et_pb_bg_layout_light et_pb_module et_block_module preset--module--divi-text--e6504a1b-67eb-4b3d-b023-bcab277610b6\"><div class=\"et_pb_text_inner\"><h3>A Toda Vela<\/h3>\n<\/div><\/div>\n\n<div class=\"et_pb_text_1 et_pb_text et_pb_bg_layout_dark et_pb_module et_block_module preset--module--divi-text--c16985e1-e0d6-4022-964d-e2bfc04fa633\"><div class=\"et_pb_text_inner\"><h1>Cursos N\u00e1uticos Online<\/h1>\n<p>Prep\u00e1rate para tu titulaci\u00f3n desde cualquier punto de Espa\u00f1a<\/p>\n<\/div><\/div>\n<\/div>\n<\/div>\n<\/div>\n\n<div class=\"et_pb_section_1 et_pb_section et_section_regular et_flex_section\">\n<div class=\"et_pb_row_1 et_pb_row et_flex_row\">\n<div class=\"et_pb_column_1 et_pb_column et-last-child et_flex_column et_pb_css_mix_blend_mode_passthrough et_flex_column_24_24 et_flex_column_24_24_tablet et_flex_column_24_24_phone\">\n<div class=\"et_pb_text_2 et_pb_text et_pb_bg_layout_light et_pb_module et_flex_module\"><div class=\"et_pb_text_inner\"><p><strong>En A Toda Vela ofrecemos formaci\u00f3n n\u00e1utica online para preparar los ex\u00e1menes te\u00f3ricos de las titulaciones de recreo, con total flexibilidad, acompa\u00f1amiento y contenidos estructurados.<\/strong><\/p>\n<p><strong>Nuestros cursos est\u00e1n dirigidos tanto a quienes se inician en la navegaci\u00f3n como a quienes desean avanzar hacia titulaciones superiores.<\/strong><\/p>\n<\/div><\/div>\n\n<div class=\"et_pb_row_2 et_pb_row et_pb_row_nested et_flex_row\">\n<div class=\"et_pb_column_2 et_pb_column et_flex_column et_pb_css_mix_blend_mode_passthrough et_flex_column_12_24 et_flex_column_12_24_tablet et_flex_column_24_24_phone\">\n<div class=\"et_pb_image_0 et_pb_image et_pb_module et_flex_module\"><span class=\"et_pb_image_wrap\"><img loading=\"lazy\" decoding=\"async\" src=\"https:\/\/atodavela.eu\/wp-content\/uploads\/2026\/01\/curso-PNB-low.jpg\" title=\"curso PNB low\" width=\"600\" height=\"600\" class=\"wp-image-2074\" \/><\/span><\/div>\n\n<div class=\"et_pb_text_3 et_pb_text et_pb_bg_layout_light et_pb_module et_flex_module\"><div class=\"et_pb_text_inner\"><h3 style=\"text-align: center;\"><strong>PNB ONLINE<\/strong><\/h3>\n<p style=\"text-align: center;\"><strong>Una forma sencilla de iniciarte en la n\u00e1utica de recreo.<\/strong><\/p>\n<\/div><\/div>\n\n<div class=\"et_pb_module et_pb_button_module_wrapper et_pb_button_0_wrapper\"><a class=\"et_pb_button_0 et_pb_button et_pb_bg_layout_light et_pb_module et_flex_module\" href=\"https:\/\/atodavela.eu\/en\/producto\/curso-pnb-online\/\">Ver curso PNB Online<\/a><\/div>\n<\/div>\n\n<div class=\"et_pb_column_3 et_pb_column et-last-child et_flex_column et_pb_css_mix_blend_mode_passthrough et_flex_column_12_24 et_flex_column_12_24_tablet et_flex_column_24_24_phone\">\n<div class=\"et_pb_image_1 et_pb_image et_pb_module et_flex_module\"><span class=\"et_pb_image_wrap\"><img loading=\"lazy\" decoding=\"async\" src=\"https:\/\/atodavela.eu\/wp-content\/uploads\/2026\/01\/PER-2.jpg\" title=\"PER 2\" width=\"600\" height=\"600\" class=\"wp-image-2073\" \/><\/span><\/div>\n\n<div class=\"et_pb_text_4 et_pb_text et_pb_bg_layout_light et_pb_module et_flex_module\"><div class=\"et_pb_text_inner\"><h3 style=\"text-align: center;\"><strong>PER ONLINE<\/strong><\/h3>\n<p style=\"text-align: center;\"><strong>La titulaci\u00f3n n\u00e1utica m\u00e1s demandada.<\/strong><\/p>\n<\/div><\/div>\n\n<div class=\"et_pb_module et_pb_button_module_wrapper et_pb_button_1_wrapper\"><a class=\"et_pb_button_1 et_pb_button et_pb_bg_layout_light et_pb_module et_flex_module\" href=\"https:\/\/atodavela.eu\/en\/formacion-nautica\/per-online\/\">Ver curso PER Online<\/a><\/div>\n<\/div>\n<\/div>\n\n<div class=\"et_pb_row_3 et_pb_row et_pb_row_nested et_flex_row\">\n<div class=\"et_pb_column_4 et_pb_column et_flex_column et_pb_css_mix_blend_mode_passthrough et_flex_column_12_24 et_flex_column_12_24_tablet et_flex_column_24_24_phone\">\n<div class=\"et_pb_image_2 et_pb_image et_pb_module et_flex_module\"><span class=\"et_pb_image_wrap\"><img loading=\"lazy\" decoding=\"async\" src=\"https:\/\/atodavela.eu\/wp-content\/uploads\/2026\/01\/Puente-PNB-PER1.jpg\" alt=\"examen PER preguntas tipo test navegaci\u00f3n\" title=\"Puente PNB PER(1)\" width=\"600\" height=\"600\" class=\"wp-image-2072\" \/><\/span><\/div>\n\n<div class=\"et_pb_text_5 et_pb_text et_pb_bg_layout_light et_pb_module et_flex_module\"><div class=\"et_pb_text_inner\"><h3 style=\"text-align: center;\"><strong>Curso Puente PNB-PER Online<\/strong><\/h3>\n<p style=\"text-align: center;\"><strong>Para titulados PNB que quieren preparar el PER.<\/strong><\/p>\n<\/div>\n<div class=\"et_pb_module et_pb_button_module_wrapper et_pb_button_2_wrapper\"><a class=\"et_pb_button_2 et_pb_button et_pb_bg_layout_light et_pb_module et_flex_module\" href=\"https:\/\/atodavela.eu\/en\/producto\/curso-puente-pnb-per\/\">Ver curso Puente PNB\/PER Online<\/a><\/div>\n<\/div>\n<\/div>\n\n<div class=\"et_pb_column_5 et_pb_column et-last-child et_flex_column et_pb_css_mix_blend_mode_passthrough et_flex_column_12_24 et_flex_column_12_24_tablet et_flex_column_24_24_phone\">\n<div class=\"et_pb_image_3 et_pb_image et_pb_module et_flex_module\"><span class=\"et_pb_image_wrap\"><img loading=\"lazy\" decoding=\"async\" src=\"https:\/\/atodavela.eu\/wp-content\/uploads\/2026\/01\/curso-patron-yate1.jpg\" alt=\"curso online patron yate\" title=\"curso patro\u0301n yate hight\" width=\"600\" height=\"600\" class=\"wp-image-2085\" \/><\/span>\n<div class=\"et_pb_text_6 et_pb_text et_pb_bg_layout_light et_pb_module et_flex_module\"><div class=\"et_pb_text_inner\"><h3 style=\"text-align: center;\"><strong>Patr\u00f3n de Yate ONLINE<\/strong><\/h3>\n<p style=\"text-align: center;\"><strong>Avanza tras el PER hacia una titulaci\u00f3n superior.<\/strong><\/p>\n<\/div><\/div>\n<\/div>\n\n<div class=\"et_pb_module et_pb_button_module_wrapper et_pb_button_3_wrapper\"><a class=\"et_pb_button_3 et_pb_button et_pb_bg_layout_light et_pb_module et_flex_module\" href=\"https:\/\/atodavela.eu\/en\/formacion-nautica\/patron-yate-online\/\">Ver curso Patr\u00f3n de Yate Online<\/a><\/div>\n<\/div>\n<\/div>\n\n<div class=\"et_pb_module et_pb_button_module_wrapper et_pb_button_4_wrapper\"><a class=\"et_pb_button_4 et_pb_button et_pb_bg_layout_light et_pb_module et_flex_module\" href=\"https:\/\/atodavela.eu\/en\/formacion-nautica\/oferta-per-cadiz\/\">Packs de Ahorro con Pr\u00e1cticas<\/a><\/div>\n\n<div class=\"et_pb_divider_0 et_pb_divider et_pb_space et_pb_divider_position_top et_pb_module\"><div class=\"et_pb_divider_internal\"><\/div><\/div>\n<\/div>\n<\/div>\n<\/div>\n\n<div class=\"et_pb_section_2 et_pb_section et_section_regular et_flex_section\">\n<div class=\"et_pb_row_4 et_pb_row et_pb_equal_columns et_pb_gutters1 et_block_row\">\n<div class=\"et_pb_column_6 et_pb_column et_pb_column_1_2 et_block_column et_pb_css_mix_blend_mode_passthrough\">\n<div class=\"et_pb_divider_1 et_pb_divider_hidden et_pb_space et_pb_divider_position_top et_pb_module\"><div class=\"et_pb_divider_internal\"><\/div><\/div>\n<\/div>\n\n<div class=\"et_pb_column_7 et_pb_column et_pb_column_1_2 et-last-child et_block_column et_pb_css_mix_blend_mode_passthrough\">\n<div class=\"et_pb_text_7 et_pb_text et_pb_bg_layout_light et_pb_module et_block_module preset--module--divi-text--b327cbe4-b1d5-4b66-ad37-40c8f2f061ba\"><div class=\"et_pb_text_inner\"><h2>A TODA VELA,    at sea since 1999<\/h2>\n<\/div><\/div>\n\n<div class=\"et_pb_module et_pb_button_module_wrapper et_pb_button_5_wrapper preset--module--divi-button--31b4f027-aaa0-4f2f-ae02-959764e19e4f_wrapper\"><a class=\"et_pb_button_5 et_pb_button et_pb_bg_layout_light et_pb_module et_block_module preset--module--divi-button--31b4f027-aaa0-4f2f-ae02-959764e19e4f\" href=\"tel:\/\/+34633020299\">Call us<\/a><\/div>\n\n<div class=\"et_pb_text_8 et_pb_text et_pb_bg_layout_light et_pb_module et_block_module preset--module--divi-text--aaa7c440-590a-4078-ae0c-0f3c699ac51c\"><div class=\"et_pb_text_inner\"><p>At A Toda Vela, we\u2019ve spent more than 25 years training sailors and sharing our passion for the sea.<\/p>\n<p>We\u2019ll train you with courses and hands-on sessions tailored to every level \u2014 from the PER to Yacht Captain \u2014 including the sailing endorsement, PER extensions, radio operator courses, PNB and the Navigation Licence. \ud83d\udea4\u2728 Take the first step and make the sea your territory!<\/p>\n<\/div><\/div>\n<\/div>\n<\/div>\n<\/div>","protected":false},"excerpt":{"rendered":"","protected":false},"author":1,"featured_media":2072,"parent":1867,"menu_order":0,"comment_status":"closed","ping_status":"closed","template":"","meta":{"footnotes":""},"class_list":["post-2066","page","type-page","status-publish","has-post-thumbnail","hentry"],"yoast_head":"<!-- This site is optimized with the Yoast SEO plugin v27.5 - https:\/\/yoast.com\/product\/yoast-seo-wordpress\/ -->\n<title>Pr\u00e1cticas oficiales del PER en C\u00e1diz | A Toda Vela<\/title>\n<meta name=\"description\" content=\"Realiza las pr\u00e1cticas oficiales del PER en C\u00e1diz con A Toda Vela. Navegaci\u00f3n real desde Puerto Am\u00e9rica y reserva online de forma sencilla.\" \/>\n<meta name=\"robots\" content=\"index, follow, max-snippet:-1, max-image-preview:large, max-video-preview:-1\" \/>\n<link rel=\"canonical\" href=\"https:\/\/atodavela.eu\/en\/producto\/formacion-nautica-cursos-online\/\" \/>\n<meta property=\"og:locale\" content=\"en_US\" \/>\n<meta property=\"og:type\" content=\"article\" \/>\n<meta property=\"og:title\" content=\"Pr\u00e1cticas oficiales del PER en C\u00e1diz | A Toda Vela\" \/>\n<meta property=\"og:description\" content=\"Realiza las pr\u00e1cticas oficiales del PER en C\u00e1diz con A Toda Vela. Navegaci\u00f3n real desde Puerto Am\u00e9rica y reserva online de forma sencilla.\" \/>\n<meta property=\"og:url\" content=\"https:\/\/atodavela.eu\/en\/producto\/formacion-nautica-cursos-online\/\" \/>\n<meta property=\"og:site_name\" content=\"A Toda Vela\" \/>\n<meta property=\"article:modified_time\" content=\"2026-03-18T13:32:54+00:00\" \/>\n<meta property=\"og:image\" content=\"https:\/\/atodavela.eu\/wp-content\/uploads\/2026\/01\/Puente-PNB-PER1.jpg\" \/>\n\t<meta property=\"og:image:width\" content=\"600\" \/>\n\t<meta property=\"og:image:height\" content=\"600\" \/>\n\t<meta property=\"og:image:type\" content=\"image\/jpeg\" \/>\n<meta name=\"twitter:card\" content=\"summary_large_image\" \/>\n<meta name=\"twitter:label1\" content=\"Est. reading time\" \/>\n\t<meta name=\"twitter:data1\" content=\"1 minute\" \/>\n<script type=\"application\/ld+json\" class=\"yoast-schema-graph\">{\"@context\":\"https:\\\/\\\/schema.org\",\"@graph\":[{\"@type\":\"WebPage\",\"@id\":\"https:\\\/\\\/atodavela.eu\\\/producto\\\/formacion-nautica-cursos-online\\\/\",\"url\":\"https:\\\/\\\/atodavela.eu\\\/producto\\\/formacion-nautica-cursos-online\\\/\",\"name\":\"Pr\u00e1cticas oficiales del PER en C\u00e1diz | A Toda Vela\",\"isPartOf\":{\"@id\":\"https:\\\/\\\/atodavela.eu\\\/#website\"},\"primaryImageOfPage\":{\"@id\":\"https:\\\/\\\/atodavela.eu\\\/producto\\\/formacion-nautica-cursos-online\\\/#primaryimage\"},\"image\":{\"@id\":\"https:\\\/\\\/atodavela.eu\\\/producto\\\/formacion-nautica-cursos-online\\\/#primaryimage\"},\"thumbnailUrl\":\"https:\\\/\\\/atodavela.eu\\\/wp-content\\\/uploads\\\/2026\\\/01\\\/Puente-PNB-PER1.jpg\",\"datePublished\":\"2026-01-13T17:37:20+00:00\",\"dateModified\":\"2026-03-18T13:32:54+00:00\",\"description\":\"Realiza las pr\u00e1cticas oficiales del PER en C\u00e1diz con A Toda Vela. Navegaci\u00f3n real desde Puerto Am\u00e9rica y reserva online de forma sencilla.\",\"breadcrumb\":{\"@id\":\"https:\\\/\\\/atodavela.eu\\\/producto\\\/formacion-nautica-cursos-online\\\/#breadcrumb\"},\"inLanguage\":\"en-US\",\"potentialAction\":[{\"@type\":\"ReadAction\",\"target\":[\"https:\\\/\\\/atodavela.eu\\\/producto\\\/formacion-nautica-cursos-online\\\/\"]}]},{\"@type\":\"ImageObject\",\"inLanguage\":\"en-US\",\"@id\":\"https:\\\/\\\/atodavela.eu\\\/producto\\\/formacion-nautica-cursos-online\\\/#primaryimage\",\"url\":\"https:\\\/\\\/atodavela.eu\\\/wp-content\\\/uploads\\\/2026\\\/01\\\/Puente-PNB-PER1.jpg\",\"contentUrl\":\"https:\\\/\\\/atodavela.eu\\\/wp-content\\\/uploads\\\/2026\\\/01\\\/Puente-PNB-PER1.jpg\",\"width\":600,\"height\":600,\"caption\":\"examen PER preguntas tipo test navegaci\u00f3n\"},{\"@type\":\"BreadcrumbList\",\"@id\":\"https:\\\/\\\/atodavela.eu\\\/producto\\\/formacion-nautica-cursos-online\\\/#breadcrumb\",\"itemListElement\":[{\"@type\":\"ListItem\",\"position\":1,\"name\":\"Portada\",\"item\":\"https:\\\/\\\/atodavela.eu\\\/\"},{\"@type\":\"ListItem\",\"position\":2,\"name\":\"Productos\",\"item\":\"https:\\\/\\\/atodavela.eu\\\/producto\\\/\"},{\"@type\":\"ListItem\",\"position\":3,\"name\":\"Formacion N\u00e1utica cursos online\"}]},{\"@type\":\"WebSite\",\"@id\":\"https:\\\/\\\/atodavela.eu\\\/#website\",\"url\":\"https:\\\/\\\/atodavela.eu\\\/\",\"name\":\"A Toda Vela\",\"description\":\"Escuela N\u00e1utica, alquiler de barcos y experiencias Sea Starlight en C\u00e1diz\",\"publisher\":{\"@id\":\"https:\\\/\\\/atodavela.eu\\\/#organization\"},\"potentialAction\":[{\"@type\":\"SearchAction\",\"target\":{\"@type\":\"EntryPoint\",\"urlTemplate\":\"https:\\\/\\\/atodavela.eu\\\/?s={search_term_string}\"},\"query-input\":{\"@type\":\"PropertyValueSpecification\",\"valueRequired\":true,\"valueName\":\"search_term_string\"}}],\"inLanguage\":\"en-US\"},{\"@type\":\"Organization\",\"@id\":\"https:\\\/\\\/atodavela.eu\\\/#organization\",\"name\":\"A Toda Vela\",\"url\":\"https:\\\/\\\/atodavela.eu\\\/\",\"logo\":{\"@type\":\"ImageObject\",\"inLanguage\":\"en-US\",\"@id\":\"https:\\\/\\\/atodavela.eu\\\/#\\\/schema\\\/logo\\\/image\\\/\",\"url\":\"https:\\\/\\\/atodavela.eu\\\/wp-content\\\/uploads\\\/2025\\\/07\\\/Logo-ATV-R.png\",\"contentUrl\":\"https:\\\/\\\/atodavela.eu\\\/wp-content\\\/uploads\\\/2025\\\/07\\\/Logo-ATV-R.png\",\"width\":220,\"height\":220,\"caption\":\"A Toda Vela\"},\"image\":{\"@id\":\"https:\\\/\\\/atodavela.eu\\\/#\\\/schema\\\/logo\\\/image\\\/\"}}]}<\/script>\n<!-- \/ Yoast SEO plugin. -->","yoast_head_json":{"title":"Pr\u00e1cticas oficiales del PER en C\u00e1diz | A Toda Vela","description":"Realiza las pr\u00e1cticas oficiales del PER en C\u00e1diz con A Toda Vela. Navegaci\u00f3n real desde Puerto Am\u00e9rica y reserva online de forma sencilla.","robots":{"index":"index","follow":"follow","max-snippet":"max-snippet:-1","max-image-preview":"max-image-preview:large","max-video-preview":"max-video-preview:-1"},"canonical":"https:\/\/atodavela.eu\/en\/producto\/formacion-nautica-cursos-online\/","og_locale":"en_US","og_type":"article","og_title":"Pr\u00e1cticas oficiales del PER en C\u00e1diz | A Toda Vela","og_description":"Realiza las pr\u00e1cticas oficiales del PER en C\u00e1diz con A Toda Vela. Navegaci\u00f3n real desde Puerto Am\u00e9rica y reserva online de forma sencilla.","og_url":"https:\/\/atodavela.eu\/en\/producto\/formacion-nautica-cursos-online\/","og_site_name":"A Toda Vela","article_modified_time":"2026-03-18T13:32:54+00:00","og_image":[{"width":600,"height":600,"url":"https:\/\/atodavela.eu\/wp-content\/uploads\/2026\/01\/Puente-PNB-PER1.jpg","type":"image\/jpeg"}],"twitter_card":"summary_large_image","twitter_misc":{"Est. reading time":"1 minute"},"schema":{"@context":"https:\/\/schema.org","@graph":[{"@type":"WebPage","@id":"https:\/\/atodavela.eu\/producto\/formacion-nautica-cursos-online\/","url":"https:\/\/atodavela.eu\/producto\/formacion-nautica-cursos-online\/","name":"Pr\u00e1cticas oficiales del PER en C\u00e1diz | A Toda Vela","isPartOf":{"@id":"https:\/\/atodavela.eu\/#website"},"primaryImageOfPage":{"@id":"https:\/\/atodavela.eu\/producto\/formacion-nautica-cursos-online\/#primaryimage"},"image":{"@id":"https:\/\/atodavela.eu\/producto\/formacion-nautica-cursos-online\/#primaryimage"},"thumbnailUrl":"https:\/\/atodavela.eu\/wp-content\/uploads\/2026\/01\/Puente-PNB-PER1.jpg","datePublished":"2026-01-13T17:37:20+00:00","dateModified":"2026-03-18T13:32:54+00:00","description":"Realiza las pr\u00e1cticas oficiales del PER en C\u00e1diz con A Toda Vela. Navegaci\u00f3n real desde Puerto Am\u00e9rica y reserva online de forma sencilla.","breadcrumb":{"@id":"https:\/\/atodavela.eu\/producto\/formacion-nautica-cursos-online\/#breadcrumb"},"inLanguage":"en-US","potentialAction":[{"@type":"ReadAction","target":["https:\/\/atodavela.eu\/producto\/formacion-nautica-cursos-online\/"]}]},{"@type":"ImageObject","inLanguage":"en-US","@id":"https:\/\/atodavela.eu\/producto\/formacion-nautica-cursos-online\/#primaryimage","url":"https:\/\/atodavela.eu\/wp-content\/uploads\/2026\/01\/Puente-PNB-PER1.jpg","contentUrl":"https:\/\/atodavela.eu\/wp-content\/uploads\/2026\/01\/Puente-PNB-PER1.jpg","width":600,"height":600,"caption":"examen PER preguntas tipo test navegaci\u00f3n"},{"@type":"BreadcrumbList","@id":"https:\/\/atodavela.eu\/producto\/formacion-nautica-cursos-online\/#breadcrumb","itemListElement":[{"@type":"ListItem","position":1,"name":"Portada","item":"https:\/\/atodavela.eu\/"},{"@type":"ListItem","position":2,"name":"Productos","item":"https:\/\/atodavela.eu\/producto\/"},{"@type":"ListItem","position":3,"name":"Formacion N\u00e1utica cursos online"}]},{"@type":"WebSite","@id":"https:\/\/atodavela.eu\/#website","url":"https:\/\/atodavela.eu\/","name":"A Toda Vela","description":"Escuela N\u00e1utica, alquiler de barcos y experiencias Sea Starlight en C\u00e1diz","publisher":{"@id":"https:\/\/atodavela.eu\/#organization"},"potentialAction":[{"@type":"SearchAction","target":{"@type":"EntryPoint","urlTemplate":"https:\/\/atodavela.eu\/?s={search_term_string}"},"query-input":{"@type":"PropertyValueSpecification","valueRequired":true,"valueName":"search_term_string"}}],"inLanguage":"en-US"},{"@type":"Organization","@id":"https:\/\/atodavela.eu\/#organization","name":"A Toda Vela","url":"https:\/\/atodavela.eu\/","logo":{"@type":"ImageObject","inLanguage":"en-US","@id":"https:\/\/atodavela.eu\/#\/schema\/logo\/image\/","url":"https:\/\/atodavela.eu\/wp-content\/uploads\/2025\/07\/Logo-ATV-R.png","contentUrl":"https:\/\/atodavela.eu\/wp-content\/uploads\/2025\/07\/Logo-ATV-R.png","width":220,"height":220,"caption":"A Toda Vela"},"image":{"@id":"https:\/\/atodavela.eu\/#\/schema\/logo\/image\/"}}]}},"_links":{"self":[{"href":"https:\/\/atodavela.eu\/en\/wp-json\/wp\/v2\/pages\/2066","targetHints":{"allow":["GET"]}}],"collection":[{"href":"https:\/\/atodavela.eu\/en\/wp-json\/wp\/v2\/pages"}],"about":[{"href":"https:\/\/atodavela.eu\/en\/wp-json\/wp\/v2\/types\/page"}],"author":[{"embeddable":true,"href":"https:\/\/atodavela.eu\/en\/wp-json\/wp\/v2\/users\/1"}],"replies":[{"embeddable":true,"href":"https:\/\/atodavela.eu\/en\/wp-json\/wp\/v2\/comments?post=2066"}],"version-history":[{"count":15,"href":"https:\/\/atodavela.eu\/en\/wp-json\/wp\/v2\/pages\/2066\/revisions"}],"predecessor-version":[{"id":3031,"href":"https:\/\/atodavela.eu\/en\/wp-json\/wp\/v2\/pages\/2066\/revisions\/3031"}],"up":[{"embeddable":true,"href":"https:\/\/atodavela.eu\/en\/wp-json\/wp\/v2\/pages\/1867"}],"wp:featuredmedia":[{"embeddable":true,"href":"https:\/\/atodavela.eu\/en\/wp-json\/wp\/v2\/media\/2072"}],"wp:attachment":[{"href":"https:\/\/atodavela.eu\/en\/wp-json\/wp\/v2\/media?parent=2066"}],"curies":[{"name":"wp","href":"https:\/\/api.w.org\/{rel}","templated":true}]}}