{"id":2205,"date":"2026-01-27T18:23:51","date_gmt":"2026-01-27T17:23:51","guid":{"rendered":"https:\/\/atodavela.eu\/?page_id=2205"},"modified":"2026-02-06T13:45:48","modified_gmt":"2026-02-06T12:45:48","slug":"practicas-de-patron-de-yate-en-cadiz","status":"publish","type":"page","link":"https:\/\/atodavela.eu\/en\/producto\/practicas-de-patron-de-yate-en-cadiz\/","title":{"rendered":"Pr\u00e1cticas de Patr\u00f3n de Yate en C\u00e1diz"},"content":{"rendered":"<div class=\"et_pb_section_0 et_pb_section et_section_regular et_flex_section\"><\/div>\n\n<div class=\"et_pb_section_1 et_pb_section et_section_regular et_block_section\">\n<div class=\"et_pb_row_0 et_pb_row et_block_row\">\n<div class=\"et_pb_column_0 et_pb_column et_pb_column_4_4 et-last-child et_block_column et_pb_css_mix_blend_mode_passthrough\">\n<div class=\"et_pb_text_0 et_pb_text et_pb_bg_layout_light et_pb_module et_block_module preset--module--divi-text--e6504a1b-67eb-4b3d-b023-bcab277610b6\"><div class=\"et_pb_text_inner\"><h3>A Toda Vela<\/h3>\n<\/div><\/div>\n\n<div class=\"et_pb_text_1 et_pb_text et_pb_bg_layout_dark et_pb_module et_block_module preset--module--divi-text--c16985e1-e0d6-4022-964d-e2bfc04fa633\"><div class=\"et_pb_text_inner\" data-et-mv-hidden-phone=\"true\"><h1>Pr\u00e1cticas de Patr\u00f3n de Yate en C\u00e1diz | Traves\u00eda de 48 horas en Catamar\u00e1n<\/h1>\n<p>Traves\u00eda formativa de 48 horas en catamar\u00e1n, con dos instructores a bordo.<\/p>\n<p>&nbsp;<\/p>\n<\/div><\/div>\n\n<div class=\"et_pb_text_2 et_pb_text et_pb_bg_layout_light et_pb_module et_block_module\"><\/div>\n<\/div>\n<\/div>\n<\/div>\n\n<div class=\"et_pb_section_2 et_pb_section et_section_regular et_flex_section\">\n<div class=\"et_pb_row_1 et_pb_row et_flex_row\">\n<div class=\"et_pb_column_1 et_pb_column et-last-child et_flex_column et_pb_css_mix_blend_mode_passthrough et_flex_column_24_24 et_flex_column_24_24_tablet et_flex_column_24_24_phone\">\n<div class=\"et_pb_module et_pb_button_module_wrapper et_pb_button_0_wrapper\"><a class=\"et_pb_button_0 et_pb_button et_pb_bg_layout_light et_pb_module et_flex_module\" href=\"https:\/\/atodavela.eu\/en\/compras\/practicas-patron-de-yate-en-cadiz\/\">Ver fechas y Reservar<\/a><\/div>\n<\/div>\n<\/div>\n<\/div>\n\n<div class=\"et_pb_section_3 et_pb_section et_section_regular et_flex_section\">\n<div class=\"et_pb_row_2 et_pb_row et_flex_row\">\n<div class=\"et_pb_column_2 et_pb_column et-last-child et_flex_column et_pb_css_mix_blend_mode_passthrough et_flex_column_24_24 et_flex_column_24_24_tablet et_flex_column_24_24_phone\">\n<div class=\"et_pb_row_3 et_pb_row et_pb_row_nested et_flex_row\">\n<div class=\"et_pb_column_3 et_pb_column et-last-child et_flex_column et_pb_css_mix_blend_mode_passthrough et_flex_column_24_24 et_flex_column_24_24_tablet et_flex_column_24_24_phone\">\n<div class=\"et_pb_text_3 et_pb_text et_pb_bg_layout_light et_pb_module et_flex_module\"><div class=\"et_pb_text_inner\"><p>Las pr\u00e1cticas oficiales de Patr\u00f3n de Yate consisten en una traves\u00eda continuada de 48 horas dise\u00f1ada para adquirir experiencia real en navegaci\u00f3n de altura. En A Toda Vela las realizamos a bordo de un catamar\u00e1n de 39 pies, con dos instructores profesionales, lo que garantiza una formaci\u00f3n avanzada, segura y c\u00f3moda. La salida se realiza desde Puerto Sherry (C\u00e1diz), un enclave ideal para navegaci\u00f3n oce\u00e1nica y costera.<\/p>\n<\/div><\/div>\n<\/div>\n<\/div>\n\n<div class=\"et_pb_text_4 et_pb_text et_pb_bg_layout_light et_pb_module et_flex_module\"><div class=\"et_pb_text_inner\"><ul>\n<li>Traves\u00eda oficial de 48 horas<\/li>\n<li>Catamar\u00e1n de 39 pies equipado para altura<\/li>\n<li>Dos instructores titulados a bordo<\/li>\n<li>Salida desde Puerto Sherry (C\u00e1diz)<\/li>\n<li>Certificado v\u00e1lido en todas las CCAA<\/li>\n<\/ul>\n<\/div><\/div>\n\n<div class=\"et_pb_text_5 et_pb_text et_pb_bg_layout_light et_pb_module et_flex_module\"><div class=\"et_pb_text_inner\"><h2><strong>\u00bfEn qu\u00e9 consisten las pr\u00e1cticas de ampliaci\u00f3n del Patr\u00f3n de Yate?<\/strong><\/h2>\n<p>Las pr\u00e1cticas se desarrollan en una traves\u00eda continua de 48 horas con navegaci\u00f3n diurna y nocturna, planificaci\u00f3n de guardias y maniobras avanzadas. Durante la traves\u00eda se aplican los contenidos oficiales de la titulaci\u00f3n de Patr\u00f3n de Yate.<\/p>\n<p>Incluyen:<\/p>\n<ul>\n<li>Planificaci\u00f3n de la derrota y organizaci\u00f3n de guardias<\/li>\n<li>Navegaci\u00f3n costera y de altura<\/li>\n<li>Maniobras avanzadas en catamar\u00e1n<\/li>\n<li>Uso de electr\u00f3nica de navegaci\u00f3n<\/li>\n<li>Navegaci\u00f3n nocturna y control del barco en condiciones variables<\/li>\n<li>Procedimientos de seguridad y emergencias<\/li>\n<\/ul>\n<\/div><\/div>\n\n<div class=\"et_pb_image_0 et_pb_image et_pb_module et_flex_module\" alt=\"Navegaci\u00f3n nocturna en catamar\u00e1n durante pr\u00e1cticas de Patr\u00f3n de Yate con tripulaci\u00f3n a bordo\"><span class=\"et_pb_image_wrap\"><img loading=\"lazy\" decoding=\"async\" src=\"https:\/\/atodavela.eu\/wp-content\/uploads\/2026\/02\/ChatGPT-Image-3-feb-2026-17_08_15.jpg\" title=\"ChatGPT Image 3 feb 2026, 17_08_15\" width=\"1536\" height=\"1024\" class=\"wp-image-2530\" \/><\/span><\/div>\n\n<div class=\"et_pb_text_6 et_pb_text et_pb_bg_layout_light et_pb_module et_flex_module\"><div class=\"et_pb_text_inner\"><h2><strong>El catamar\u00e1n de 39 pies: un entorno de formaci\u00f3n superior<\/strong><\/h2>\n<p>El barco utilizado para estas pr\u00e1cticas ofrece un entorno excepcional para la navegaci\u00f3n de altura:<\/p>\n<ul>\n<li>4 cabinas dobles y 4 ba\u00f1os, ideal para traves\u00edas largas<\/li>\n<li>Estabilidad y amplitud muy superiores a un monocasco<\/li>\n<li>Electr\u00f3nica avanzada para navegaci\u00f3n real<\/li>\n<li>Espacios amplios para el trabajo de guardias<\/li>\n<li>Dos instructores a bordo para atenci\u00f3n e instrucci\u00f3n personalizada<\/li>\n<\/ul>\n<p>\u00a0<\/p>\n<\/div><\/div>\n\n<div class=\"et_pb_text_7 et_pb_text et_pb_bg_layout_light et_pb_module et_flex_module\"><div class=\"et_pb_text_inner\"><h2><strong>Qu\u00e9 aprender\u00e1s<\/strong><\/h2>\n<ul>\n<li>Navegaci\u00f3n de altura con planificaci\u00f3n real de derrota<\/li>\n<li>Organizaci\u00f3n de guardias diurnas y nocturnas<\/li>\n<li>Maniobras avanzadas a motor y vela en catamar\u00e1n<\/li>\n<li>Uso de electr\u00f3nica de navegaci\u00f3n y sistemas de control<\/li>\n<li>Seguridad en traves\u00edas y respuesta ante emergencias<\/li>\n<li><\/li>\n<\/ul>\n<\/div><\/div>\n\n<div class=\"et_pb_text_8 et_pb_text et_pb_bg_layout_light et_pb_module et_flex_module\"><div class=\"et_pb_text_inner\"><h2><strong>Atribuciones del t\u00edtulo de Patr\u00f3n de Yate<\/strong><\/h2>\n<p>Una vez completadas las pr\u00e1cticas y aprobado el examen te\u00f3rico, el t\u00edtulo permite:<\/p>\n<ul>\n<li>Gobernar embarcaciones de recreo de hasta 24 metros de eslora.<\/li>\n<li>Navegar hasta un m\u00e1ximo de 150 millas n\u00e1uticas de la costa.<\/li>\n<li>Realizar navegaciones costeras y de altura dentro de dicho l\u00edmite.<\/li>\n<\/ul>\n<\/div><\/div>\n\n<div class=\"et_pb_text_9 et_pb_text et_pb_bg_layout_light et_pb_module et_flex_module\"><div class=\"et_pb_text_inner\"><h2><strong>\u00bfQui\u00e9n puede realizar estas pr\u00e1cticas?<\/strong><\/h2>\n<ul>\n<li>No es necesaria ninguna titulaci\u00f3n previa para realizarlas. Cualquier persona puede participar en la traves\u00eda, incluso si su objetivo es \u00fanicamente adquirir experiencia real en navegaci\u00f3n de altura.<\/li>\n<li>Para la expedici\u00f3n del certificado oficial, ser\u00e1 necesario haber aprobado el examen te\u00f3rico de Patr\u00f3n de Yate.<\/li>\n<li>Disponibilidad para una traves\u00eda continuada de 48 horas.<\/li>\n<li>No se requiere experiencia previa en catamar\u00e1n.<\/li>\n<\/ul>\n<\/div><\/div>\n\n<div class=\"et_pb_text_10 et_pb_text et_pb_bg_layout_light et_pb_module et_flex_module\"><div class=\"et_pb_text_inner\"><h2><strong>Requisitos para realizar las pr\u00e1cticas<\/strong><\/h2>\n<ul>\n<li>Titulados PER que deseen dar el salto a navegaci\u00f3n avanzada<\/li>\n<li>Navegantes que quieran perfeccionar navegaci\u00f3n nocturna y de altura<\/li>\n<li>Personas interesadas en formaci\u00f3n superior o en navegaci\u00f3n en catamar\u00e1n<\/li>\n<li>Patrones que quieran adquirir experiencia en traves\u00edas largas, aunque ya tengan la titulaci\u00f3n<\/li>\n<\/ul>\n<\/div><\/div>\n\n<div class=\"et_pb_text_11 et_pb_text et_pb_bg_layout_light et_pb_module et_flex_module\"><div class=\"et_pb_text_inner\"><h2><strong>\u00bfPor qu\u00e9 realizar estas pr\u00e1cticas en C\u00e1diz?<\/strong><\/h2>\n<ul>\n<li>Condiciones reales de navegaci\u00f3n atl\u00e1ntica<\/li>\n<li>Vientos y escenarios variados<\/li>\n<li>Ecosistema perfecto para aprendizaje avanzado<\/li>\n<\/ul>\n<\/div><\/div>\n\n<div class=\"et_pb_text_12 et_pb_text et_pb_bg_layout_light et_pb_module et_flex_module\"><div class=\"et_pb_text_inner\"><h2><strong>\u00bfComo reservar?<\/strong><\/h2>\n<p>Puedes seleccionar la fecha disponible en el calendario de esta misma p\u00e1gina.<br \/>Si deseas m\u00e1s informaci\u00f3n sobre pr\u00f3ximas convocatorias, contacta con nosotros y te asesoraremos personalmente.<\/p>\n<\/div><\/div>\n\n<div class=\"et_pb_text_13 et_pb_text et_pb_bg_layout_light et_pb_module et_flex_module\"><div class=\"et_pb_text_inner\"><h2><strong>Contenido de las pr\u00e1cticas de Patr\u00f3n de Yate<\/strong><\/h2>\n<p><strong><\/strong><\/p>\n<\/div><\/div>\n\n<div class=\"et_pb_accordion_0 et_pb_accordion et_pb_module et_flex_module\">\n<div class=\"et_pb_accordion_item_0 et_pb_accordion_item et_pb_toggle et_pb_module et_pb_toggle_open et_flex_module\"><h5 class=\"et_pb_toggle_title\">Planificaci\u00f3n de la traves\u00eda<\/h5><div class=\"et_pb_toggle_content et_flex_module\"><p>Aprender\u00e1s a preparar una derrota real, organizar turnos y tomar decisiones clave antes de salir al mar. El inicio perfecto para una traves\u00eda aut\u00e9ntica.<\/p>\n<\/div><\/div>\n\n<div class=\"et_pb_accordion_item_1 et_pb_accordion_item et_pb_toggle et_pb_module et_pb_toggle_close et_flex_module\"><h5 class=\"et_pb_toggle_title\">Navegaci\u00f3n costera y de altura<\/h5><div class=\"et_pb_toggle_content et_flex_module\"><p>Rumbos, controles de posici\u00f3n, radar, AIS y electr\u00f3nica avanzada. Navegar\u00e1s con patrones preparados para cualquier situaci\u00f3n en mar abierto.<\/p>\n<\/div><\/div>\n<\/div>\n\n<div class=\"et_pb_accordion_1 et_pb_accordion et_pb_module et_flex_module\">\n<div class=\"et_pb_accordion_item_2 et_pb_accordion_item et_pb_toggle et_pb_module et_pb_toggle_open et_flex_module\"><h5 class=\"et_pb_toggle_title\">Maniobras en catamar\u00e1n<\/h5><div class=\"et_pb_toggle_content et_flex_module\"><p>Descubrir\u00e1s el manejo de un catamar\u00e1n de 41 pies: maniobras precisas, estabilidad superior y control del barco en diferentes condiciones de viento y mar.<\/p>\n<\/div><\/div>\n\n<div class=\"et_pb_accordion_item_3 et_pb_accordion_item et_pb_toggle et_pb_module et_pb_toggle_close et_flex_module\"><h5 class=\"et_pb_toggle_title\">Navegaci\u00f3n nocturna<\/h5><div class=\"et_pb_toggle_content et_flex_module\"><p>La navegaci\u00f3n m\u00e1s especial de la traves\u00eda. Guardias, vigilancia, luces, estrellas, silencio\u2026 Una experiencia \u00fanica para sentir lo que es navegar de verdad de noche.<\/p>\n<\/div><\/div>\n<\/div>\n\n<div class=\"et_pb_accordion_2 et_pb_accordion et_pb_module et_flex_module\">\n<div class=\"et_pb_accordion_item_4 et_pb_accordion_item et_pb_toggle et_pb_module et_pb_toggle_open et_flex_module\"><h5 class=\"et_pb_toggle_title\">Seguridad y procedimientos de emergencia<\/h5><div class=\"et_pb_toggle_content et_flex_module\"><p>Pr\u00e1cticas reales: hombre al agua, comunicaciones, reducci\u00f3n de vela y protocolos de seguridad. Lo imprescindible para navegar con confianza.<\/p>\n<\/div><\/div>\n\n<div class=\"et_pb_accordion_item_5 et_pb_accordion_item et_pb_toggle et_pb_module et_pb_toggle_close et_flex_module\"><h5 class=\"et_pb_toggle_title\">Vida a bordo en traves\u00eda<\/h5><div class=\"et_pb_toggle_content et_flex_module\"><p>Turnos, convivencia, descanso, trabajo en equipo y ritmo de guardias. Aprender\u00e1s c\u00f3mo se vive y se navega durante una traves\u00eda de altura real.<\/p>\n<\/div><\/div>\n<\/div>\n\n<div class=\"et_pb_text_14 et_pb_text et_pb_bg_layout_light et_pb_module et_flex_module\"><div class=\"et_pb_text_inner\"><h2><strong>\u00bfNecesitas realizar las pr\u00e1cticas en otra comunidad aut\u00f3noma?<\/strong><\/h2>\n<p>Cons\u00faltanos y te informaremos sobre la disponibilidad en otros puntos de Espa\u00f1a. Tambi\u00e9n puedes revisar el calendario accesible en esta p\u00e1gina web.<\/p>\n<\/div><\/div>\n\n<div class=\"et_pb_module et_pb_button_module_wrapper et_pb_button_1_wrapper\"><a class=\"et_pb_button_1 et_pb_button et_pb_bg_layout_light et_pb_module et_flex_module\" href=\"https:\/\/atodavela.eu\/en\/compras\/practicas-patron-de-yate-en-cadiz\/\">Reservar pr\u00e1cticas de Patr\u00f3n de Yate<\/a><\/div>\n<\/div>\n<\/div>\n<\/div>","protected":false},"excerpt":{"rendered":"","protected":false},"author":1,"featured_media":0,"parent":1867,"menu_order":0,"comment_status":"closed","ping_status":"closed","template":"","meta":{"footnotes":""},"class_list":["post-2205","page","type-page","status-publish","hentry"],"yoast_head":"<!-- This site is optimized with the Yoast SEO plugin v27.5 - https:\/\/yoast.com\/product\/yoast-seo-wordpress\/ -->\n<title>Pr\u00e1cticas de Patr\u00f3n de Yate en C\u00e1diz | 48 h en Catamar\u00e1n<\/title>\n<meta name=\"description\" content=\"Pr\u00e1cticas oficiales de Patr\u00f3n de Yate en C\u00e1diz. Traves\u00eda de 48 horas en catamar\u00e1n de 41 pies con dos instructores. Navegaci\u00f3n real, guardias, electr\u00f3nica avanzada y formaci\u00f3n de altura. Consulta fechas y reserva online.\" \/>\n<meta name=\"robots\" content=\"index, follow, max-snippet:-1, max-image-preview:large, max-video-preview:-1\" \/>\n<link rel=\"canonical\" href=\"https:\/\/atodavela.eu\/en\/producto\/practicas-de-patron-de-yate-en-cadiz\/\" \/>\n<meta property=\"og:locale\" content=\"en_US\" \/>\n<meta property=\"og:type\" content=\"article\" \/>\n<meta property=\"og:title\" content=\"Pr\u00e1cticas de Patr\u00f3n de Yate en C\u00e1diz | 48 h en Catamar\u00e1n\" \/>\n<meta property=\"og:description\" content=\"Pr\u00e1cticas oficiales de Patr\u00f3n de Yate en C\u00e1diz. Traves\u00eda de 48 horas en catamar\u00e1n de 41 pies con dos instructores. Navegaci\u00f3n real, guardias, electr\u00f3nica avanzada y formaci\u00f3n de altura. Consulta fechas y reserva online.\" \/>\n<meta property=\"og:url\" content=\"https:\/\/atodavela.eu\/en\/producto\/practicas-de-patron-de-yate-en-cadiz\/\" \/>\n<meta property=\"og:site_name\" content=\"A Toda Vela\" \/>\n<meta property=\"article:modified_time\" content=\"2026-02-06T12:45:48+00:00\" \/>\n<meta name=\"twitter:card\" content=\"summary_large_image\" \/>\n<script type=\"application\/ld+json\" class=\"yoast-schema-graph\">{\"@context\":\"https:\\\/\\\/schema.org\",\"@graph\":[{\"@type\":\"WebPage\",\"@id\":\"https:\\\/\\\/atodavela.eu\\\/producto\\\/practicas-de-patron-de-yate-en-cadiz\\\/\",\"url\":\"https:\\\/\\\/atodavela.eu\\\/producto\\\/practicas-de-patron-de-yate-en-cadiz\\\/\",\"name\":\"Pr\u00e1cticas de Patr\u00f3n de Yate en C\u00e1diz | 48 h en Catamar\u00e1n\",\"isPartOf\":{\"@id\":\"https:\\\/\\\/atodavela.eu\\\/#website\"},\"datePublished\":\"2026-01-27T17:23:51+00:00\",\"dateModified\":\"2026-02-06T12:45:48+00:00\",\"description\":\"Pr\u00e1cticas oficiales de Patr\u00f3n de Yate en C\u00e1diz. Traves\u00eda de 48 horas en catamar\u00e1n de 41 pies con dos instructores. Navegaci\u00f3n real, guardias, electr\u00f3nica avanzada y formaci\u00f3n de altura. Consulta fechas y reserva online.\",\"breadcrumb\":{\"@id\":\"https:\\\/\\\/atodavela.eu\\\/producto\\\/practicas-de-patron-de-yate-en-cadiz\\\/#breadcrumb\"},\"inLanguage\":\"en-US\",\"potentialAction\":[{\"@type\":\"ReadAction\",\"target\":[\"https:\\\/\\\/atodavela.eu\\\/producto\\\/practicas-de-patron-de-yate-en-cadiz\\\/\"]}]},{\"@type\":\"BreadcrumbList\",\"@id\":\"https:\\\/\\\/atodavela.eu\\\/producto\\\/practicas-de-patron-de-yate-en-cadiz\\\/#breadcrumb\",\"itemListElement\":[{\"@type\":\"ListItem\",\"position\":1,\"name\":\"Portada\",\"item\":\"https:\\\/\\\/atodavela.eu\\\/\"},{\"@type\":\"ListItem\",\"position\":2,\"name\":\"Productos\",\"item\":\"https:\\\/\\\/atodavela.eu\\\/producto\\\/\"},{\"@type\":\"ListItem\",\"position\":3,\"name\":\"Pr\u00e1cticas de Patr\u00f3n de Yate en C\u00e1diz\"}]},{\"@type\":\"WebSite\",\"@id\":\"https:\\\/\\\/atodavela.eu\\\/#website\",\"url\":\"https:\\\/\\\/atodavela.eu\\\/\",\"name\":\"A Toda Vela\",\"description\":\"Escuela N\u00e1utica, alquiler de barcos y experiencias Sea Starlight en C\u00e1diz\",\"publisher\":{\"@id\":\"https:\\\/\\\/atodavela.eu\\\/#organization\"},\"potentialAction\":[{\"@type\":\"SearchAction\",\"target\":{\"@type\":\"EntryPoint\",\"urlTemplate\":\"https:\\\/\\\/atodavela.eu\\\/?s={search_term_string}\"},\"query-input\":{\"@type\":\"PropertyValueSpecification\",\"valueRequired\":true,\"valueName\":\"search_term_string\"}}],\"inLanguage\":\"en-US\"},{\"@type\":\"Organization\",\"@id\":\"https:\\\/\\\/atodavela.eu\\\/#organization\",\"name\":\"A Toda Vela\",\"url\":\"https:\\\/\\\/atodavela.eu\\\/\",\"logo\":{\"@type\":\"ImageObject\",\"inLanguage\":\"en-US\",\"@id\":\"https:\\\/\\\/atodavela.eu\\\/#\\\/schema\\\/logo\\\/image\\\/\",\"url\":\"https:\\\/\\\/atodavela.eu\\\/wp-content\\\/uploads\\\/2025\\\/07\\\/Logo-ATV-R.png\",\"contentUrl\":\"https:\\\/\\\/atodavela.eu\\\/wp-content\\\/uploads\\\/2025\\\/07\\\/Logo-ATV-R.png\",\"width\":220,\"height\":220,\"caption\":\"A Toda Vela\"},\"image\":{\"@id\":\"https:\\\/\\\/atodavela.eu\\\/#\\\/schema\\\/logo\\\/image\\\/\"}}]}<\/script>\n<!-- \/ Yoast SEO plugin. -->","yoast_head_json":{"title":"Pr\u00e1cticas de Patr\u00f3n de Yate en C\u00e1diz | 48 h en Catamar\u00e1n","description":"Pr\u00e1cticas oficiales de Patr\u00f3n de Yate en C\u00e1diz. Traves\u00eda de 48 horas en catamar\u00e1n de 41 pies con dos instructores. Navegaci\u00f3n real, guardias, electr\u00f3nica avanzada y formaci\u00f3n de altura. Consulta fechas y reserva online.","robots":{"index":"index","follow":"follow","max-snippet":"max-snippet:-1","max-image-preview":"max-image-preview:large","max-video-preview":"max-video-preview:-1"},"canonical":"https:\/\/atodavela.eu\/en\/producto\/practicas-de-patron-de-yate-en-cadiz\/","og_locale":"en_US","og_type":"article","og_title":"Pr\u00e1cticas de Patr\u00f3n de Yate en C\u00e1diz | 48 h en Catamar\u00e1n","og_description":"Pr\u00e1cticas oficiales de Patr\u00f3n de Yate en C\u00e1diz. Traves\u00eda de 48 horas en catamar\u00e1n de 41 pies con dos instructores. Navegaci\u00f3n real, guardias, electr\u00f3nica avanzada y formaci\u00f3n de altura. Consulta fechas y reserva online.","og_url":"https:\/\/atodavela.eu\/en\/producto\/practicas-de-patron-de-yate-en-cadiz\/","og_site_name":"A Toda Vela","article_modified_time":"2026-02-06T12:45:48+00:00","twitter_card":"summary_large_image","schema":{"@context":"https:\/\/schema.org","@graph":[{"@type":"WebPage","@id":"https:\/\/atodavela.eu\/producto\/practicas-de-patron-de-yate-en-cadiz\/","url":"https:\/\/atodavela.eu\/producto\/practicas-de-patron-de-yate-en-cadiz\/","name":"Pr\u00e1cticas de Patr\u00f3n de Yate en C\u00e1diz | 48 h en Catamar\u00e1n","isPartOf":{"@id":"https:\/\/atodavela.eu\/#website"},"datePublished":"2026-01-27T17:23:51+00:00","dateModified":"2026-02-06T12:45:48+00:00","description":"Pr\u00e1cticas oficiales de Patr\u00f3n de Yate en C\u00e1diz. Traves\u00eda de 48 horas en catamar\u00e1n de 41 pies con dos instructores. Navegaci\u00f3n real, guardias, electr\u00f3nica avanzada y formaci\u00f3n de altura. Consulta fechas y reserva online.","breadcrumb":{"@id":"https:\/\/atodavela.eu\/producto\/practicas-de-patron-de-yate-en-cadiz\/#breadcrumb"},"inLanguage":"en-US","potentialAction":[{"@type":"ReadAction","target":["https:\/\/atodavela.eu\/producto\/practicas-de-patron-de-yate-en-cadiz\/"]}]},{"@type":"BreadcrumbList","@id":"https:\/\/atodavela.eu\/producto\/practicas-de-patron-de-yate-en-cadiz\/#breadcrumb","itemListElement":[{"@type":"ListItem","position":1,"name":"Portada","item":"https:\/\/atodavela.eu\/"},{"@type":"ListItem","position":2,"name":"Productos","item":"https:\/\/atodavela.eu\/producto\/"},{"@type":"ListItem","position":3,"name":"Pr\u00e1cticas de Patr\u00f3n de Yate en C\u00e1diz"}]},{"@type":"WebSite","@id":"https:\/\/atodavela.eu\/#website","url":"https:\/\/atodavela.eu\/","name":"A Toda Vela","description":"Escuela N\u00e1utica, alquiler de barcos y experiencias Sea Starlight en C\u00e1diz","publisher":{"@id":"https:\/\/atodavela.eu\/#organization"},"potentialAction":[{"@type":"SearchAction","target":{"@type":"EntryPoint","urlTemplate":"https:\/\/atodavela.eu\/?s={search_term_string}"},"query-input":{"@type":"PropertyValueSpecification","valueRequired":true,"valueName":"search_term_string"}}],"inLanguage":"en-US"},{"@type":"Organization","@id":"https:\/\/atodavela.eu\/#organization","name":"A Toda Vela","url":"https:\/\/atodavela.eu\/","logo":{"@type":"ImageObject","inLanguage":"en-US","@id":"https:\/\/atodavela.eu\/#\/schema\/logo\/image\/","url":"https:\/\/atodavela.eu\/wp-content\/uploads\/2025\/07\/Logo-ATV-R.png","contentUrl":"https:\/\/atodavela.eu\/wp-content\/uploads\/2025\/07\/Logo-ATV-R.png","width":220,"height":220,"caption":"A Toda Vela"},"image":{"@id":"https:\/\/atodavela.eu\/#\/schema\/logo\/image\/"}}]}},"_links":{"self":[{"href":"https:\/\/atodavela.eu\/en\/wp-json\/wp\/v2\/pages\/2205","targetHints":{"allow":["GET"]}}],"collection":[{"href":"https:\/\/atodavela.eu\/en\/wp-json\/wp\/v2\/pages"}],"about":[{"href":"https:\/\/atodavela.eu\/en\/wp-json\/wp\/v2\/types\/page"}],"author":[{"embeddable":true,"href":"https:\/\/atodavela.eu\/en\/wp-json\/wp\/v2\/users\/1"}],"replies":[{"embeddable":true,"href":"https:\/\/atodavela.eu\/en\/wp-json\/wp\/v2\/comments?post=2205"}],"version-history":[{"count":12,"href":"https:\/\/atodavela.eu\/en\/wp-json\/wp\/v2\/pages\/2205\/revisions"}],"predecessor-version":[{"id":2636,"href":"https:\/\/atodavela.eu\/en\/wp-json\/wp\/v2\/pages\/2205\/revisions\/2636"}],"up":[{"embeddable":true,"href":"https:\/\/atodavela.eu\/en\/wp-json\/wp\/v2\/pages\/1867"}],"wp:attachment":[{"href":"https:\/\/atodavela.eu\/en\/wp-json\/wp\/v2\/media?parent=2205"}],"curies":[{"name":"wp","href":"https:\/\/api.w.org\/{rel}","templated":true}]}}