{"id":2772,"date":"2026-02-25T17:21:44","date_gmt":"2026-02-25T16:21:44","guid":{"rendered":"https:\/\/atodavela.eu\/?page_id=2772"},"modified":"2026-05-01T09:34:37","modified_gmt":"2026-05-01T07:34:37","slug":"eclipse-solar-cadiz-2026-velero","status":"publish","type":"page","link":"https:\/\/atodavela.eu\/en\/experiencias\/eclipse-solar-cadiz-2026-velero\/","title":{"rendered":"Eclipse Solar Profundo en Velero \u2014 12 de agosto de 2026"},"content":{"rendered":"<div class=\"et_pb_section_0 et_pb_section et_section_regular et_block_section\">\n<div class=\"et_pb_row_0 et_pb_row et_block_row\">\n<div class=\"et_pb_column_0 et_pb_column et_pb_column_4_4 et-last-child et_block_column et_pb_css_mix_blend_mode_passthrough\">\n<div class=\"et_pb_text_0 et_pb_text et_pb_bg_layout_light et_pb_module et_block_module preset--module--divi-text--e6504a1b-67eb-4b3d-b023-bcab277610b6\"><div class=\"et_pb_text_inner\"><h3>A Toda Vela<\/h3>\n<\/div><\/div>\n\n<div class=\"et_pb_text_1 et_pb_text et_pb_bg_layout_dark et_pb_module et_block_module preset--module--divi-text--c16985e1-e0d6-4022-964d-e2bfc04fa633\"><div class=\"et_pb_text_inner\" data-et-mv-hidden-phone=\"true\"><h1 style=\"text-align: center;\"><strong>Eclipse Solar en C\u00e1diz 12 de agosto de 2026 desde el mar<\/strong><\/h1>\n<h2 style=\"text-align: center;\"><strong>Experiencia en Velero desde el Mar<\/strong><\/h2>\n<\/div><\/div>\n\n<div class=\"et_pb_text_2 et_pb_text et_pb_bg_layout_light et_pb_module et_flex_module\"><\/div>\n<\/div>\n<\/div>\n<\/div>\n\n<div class=\"et_pb_section_1 et_pb_section et_section_regular et_flex_section\">\n<div class=\"et_pb_row_1 et_pb_row et_flex_row\">\n<div class=\"et_pb_column_1 et_pb_column et-last-child et_flex_column et_pb_css_mix_blend_mode_passthrough et_flex_column_24_24 et_flex_column_24_24_tablet et_flex_column_24_24_phone\">\n<div class=\"et_pb_image_0 et_pb_image et_pb_module et_flex_module\"><span class=\"et_pb_image_wrap\"><img loading=\"lazy\" decoding=\"async\" src=\"https:\/\/atodavela.eu\/wp-content\/uploads\/2026\/02\/eclipse-cadiz.jpg\" alt=\"eclipse solar en C\u00e1diz\" title=\"eclipse cadiz\" width=\"1536\" height=\"1024\" class=\"wp-image-2806\" \/><\/span><\/div>\n<\/div>\n<\/div>\n<\/div>\n\n<div class=\"et_pb_section_2 et_pb_section et_section_regular et_flex_section\">\n<div class=\"et_pb_row_2 et_pb_row et_flex_row\">\n<div class=\"et_pb_column_2 et_pb_column et-last-child et_flex_column et_pb_css_mix_blend_mode_passthrough et_flex_column_24_24 et_flex_column_24_24_tablet et_flex_column_24_24_phone\">\n<div class=\"et_pb_text_3 et_pb_text et_pb_bg_layout_light et_pb_module et_flex_module\"><div class=\"et_pb_text_inner\" data-et-mv-hidden-phone=\"true\"><h2><strong>C\u00e1diz: 18:30 \u2013 22:30 \u00b7 Una tarde en la que el Sol se ocultar\u00e1 como pocas veces lo veremos. <\/strong><\/h2>\n<p><strong>El 12 de agosto de 2026 la Luna cubrir\u00e1 aproximadamente el 93 % del disco solar sobre la costa de C\u00e1diz.<\/strong><strong>\u00a0<\/strong><\/p>\n<p>No ser\u00e1 una totalidad absoluta en nuestra latitud, pero s\u00ed un <strong>eclipse parcial profundo de enorme impacto visual<\/strong>, coincidiendo con la puesta de sol sobre el Atl\u00e1ntico.<\/p>\n<p>La luz se atenuar\u00e1 progresivamente.<br \/>Las sombras se volver\u00e1n m\u00e1s densas.<br \/>El cielo adquirir\u00e1 un tono distinto, dif\u00edcil de describir y casi imposible de fotografiar.<\/p>\n<p>Desde el mar, con el horizonte limpio hacia poniente, la experiencia se intensifica.<\/p>\n<\/div><\/div>\n\n<div class=\"et_pb_text_4 et_pb_text et_pb_bg_layout_light et_pb_module et_flex_module\"><div class=\"et_pb_text_inner\" data-et-mv-hidden-phone=\"true\"><h2><strong>RESUMEN PROGRAMA<\/strong><\/h2>\n<p><strong>18:00. Recepci\u00f3n de participantes.<\/strong><\/p>\n<p><strong>18:30 h: Zarpamos de Puerto Am\u00e9rica y navegamos hacia el l\u00edmite de la Bah\u00eda, si puede ser a vela. Durante la navegaci\u00f3n tomaremos una aperitivo a bordo. Con c\u00f3modas colchonetas en popa y proa, los participantes se acomodar\u00e1n para la experiencia.<\/strong><\/p>\n<p>19:35 h: Comienzo eclipse. A los clientes se les proporcionar\u00e1 unas gafas homologadas ISO 12312-2, imprescindibles para la protecci\u00f3n ocular. Un monitor Starlght certificado nos hablar\u00e1 del fen\u00f3meno y de temas relacionados con la astronom\u00eda.<\/p>\n<p><strong>20:45 h: 93% ocultaci\u00f3n disco solar. Momento especial de la experiencia.<\/strong><\/p>\n<p><strong>21:20 h: Final eclipse y cena a bordo con productos gourmet. Navegamos hacia Puerto.<\/strong><\/p>\n<p><strong>22:00 h: <\/strong>Ya atracados en puerto. <strong>Experiencia inmersiva 360 de Realidad Virtual; \"Una aventura entre el mar y las estrellas\" <\/strong>(producci\u00f3n avalada por la Uni\u00f3n Europea con gafas metal Quest 3 de \u00faltima generaci\u00f3n) <strong>con Juan Sebasti\u00e1n Elcano y Carl Sagan <\/strong>como protagonistas. <strong><a href=\"https:\/\/youtu.be\/7jnztiYbud0?si=g-rfZ2bWADcqBG1B\" target=\"_blank\" rel=\"noopener\">Trailer<\/a><\/strong><\/p>\n<p><strong>22:30 h: Finalizaci\u00f3n evento.<\/strong><\/p>\n<\/div><\/div>\n\n<div class=\"et_pb_module et_pb_button_module_wrapper et_pb_button_0_wrapper preset--module--divi-button--31b4f027-aaa0-4f2f-ae02-959764e19e4f_wrapper\"><a class=\"et_pb_button_0 et_pb_button et_pb_bg_layout_light et_pb_module et_block_module preset--module--divi-button--31b4f027-aaa0-4f2f-ae02-959764e19e4f\" href=\"tel:\/\/+34633020299\">Reserva plaza por tel\u00e9fono<\/a><\/div>\n<\/div>\n<\/div>\n\n<div class=\"et_pb_row_3 et_pb_row et_flex_row\">\n<div class=\"et_pb_column_3 et_pb_column et-last-child et_flex_column et_pb_css_mix_blend_mode_passthrough et_flex_column_24_24 et_flex_column_24_24_tablet et_flex_column_24_24_phone\">\n<div class=\"et_pb_text_5 et_pb_text et_pb_bg_layout_light et_pb_module et_flex_module\"><div class=\"et_pb_text_inner\"><h2><strong>El eclipse solar en C\u00e1diz desde el mar<\/strong><\/h2>\n<p>En C\u00e1diz la ocultaci\u00f3n alcanzar\u00e1 cerca del 93 % del Sol en su momento m\u00e1ximo, convirti\u00e9ndolo en uno de los eclipses m\u00e1s profundos visibles en nuestra provincia en d\u00e9cadas.<\/p>\n<p>El eclipse comenzar\u00e1 en torno a las 19:40, alcanzar\u00e1 su m\u00e1ximo aproximadamente a las 20:35 y finalizar\u00e1 hacia las 21:15.<\/p>\n<p>El fen\u00f3meno se desarrollar\u00e1 al atardecer, cuando el Sol ya estar\u00e1 descendiendo hacia el horizonte occidental.<\/p>\n<p>Esa combinaci\u00f3n \u2014gran ocultaci\u00f3n + puesta de sol\u2014 transforma la percepci\u00f3n del paisaje:<\/p>\n<ul>\n<li>El brillo habitual del verano se aten\u00faa.<\/li>\n<li>La temperatura puede descender ligeramente.<\/li>\n<li>El mar refleja una luz inusual, casi met\u00e1lica.<\/li>\n<li>El silencio se vuelve m\u00e1s perceptible.<\/li>\n<\/ul>\n<p>No es oscuridad total.<br \/>Es una penumbra intensa, cargada de matices.<\/p>\n<p>Y el mar ofrece el mejor escenario posible para contemplarla.<\/p>\n<\/div><\/div>\n\n<div class=\"et_pb_image_1 et_pb_image et_pb_module et_flex_module\"><span class=\"et_pb_image_wrap\"><img loading=\"lazy\" decoding=\"async\" src=\"https:\/\/atodavela.eu\/wp-content\/uploads\/2026\/01\/atardecer-murallas.jpg\" alt=\"atardecer bahia de C\u00e1diz desde el velero de A Toda Vela\" title=\"atardecer murallas\" width=\"1920\" height=\"1297\" class=\"wp-image-2016\" \/><\/span><\/div>\n<\/div>\n<\/div>\n\n<div class=\"et_pb_row_4 et_pb_row et_flex_row\">\n<div class=\"et_pb_column_4 et_pb_column et-last-child et_flex_column et_pb_css_mix_blend_mode_passthrough et_flex_column_24_24 et_flex_column_24_24_tablet et_flex_column_24_24_phone\">\n<div class=\"et_pb_text_6 et_pb_text et_pb_bg_layout_light et_pb_module et_flex_module\"><div class=\"et_pb_text_inner\"><h2><strong>Sabores de C\u00e1diz a bordo<\/strong><\/h2>\n<p>El eclipse solar no solo se contempla.<br \/>Tambi\u00e9n se vive.<\/p>\n<p>A bordo serviremos un catering gourmet con productos gaditanos seleccionados, presentado en formato adecuado para navegaci\u00f3n:<\/p>\n<ul>\n<li>Quesos artesanos de la Sierra de C\u00e1diz<\/li>\n<li>Conservas selectas del litoral<\/li>\n<li>Productos ib\u00e9ricos andaluces<\/li>\n<li>Reposter\u00eda tradicional<\/li>\n<li>Vinos y manzanillas del Marco de Jerez<\/li>\n<li>Bebidas fr\u00edas y agua mineral<\/li>\n<\/ul>\n<p><strong>Gastronom\u00eda local para acompa\u00f1ar una tarde astron\u00f3mica singular.<\/strong><\/p>\n<\/div><\/div>\n\n<div class=\"et_pb_image_2 et_pb_image et_pb_module et_flex_module\"><span class=\"et_pb_image_wrap\"><img loading=\"lazy\" decoding=\"async\" src=\"https:\/\/atodavela.eu\/wp-content\/uploads\/2026\/03\/bandejas.jpg\" alt=\"degustaci\u00f3n a bordo velero A Toda Vela\" title=\"bandejas\" width=\"660\" height=\"362\" class=\"wp-image-2900\" \/><\/span><\/div>\n<\/div>\n<\/div>\n\n<div class=\"et_pb_row_5 et_pb_row et_flex_row\">\n<div class=\"et_pb_column_5 et_pb_column et-last-child et_flex_column et_pb_css_mix_blend_mode_passthrough et_flex_column_24_24 et_flex_column_24_24_tablet et_flex_column_24_24_phone\">\n<div class=\"et_pb_text_7 et_pb_text et_pb_bg_layout_light et_pb_module et_flex_module\"><div class=\"et_pb_text_inner\"><h2 style=\"text-align: center;\"><strong>Reserva tu plaza para el eclipse solar en C\u00e1diz<\/strong><\/h2>\n<p>Las plazas son limitadas.<\/p>\n<p>Precio de la experiencia: <strong>130 \u20ac\/persona. Todo incluido.<\/strong><\/p>\n<p>Ll\u00e1manos para confirmar disponibilidad y condiciones de participaci\u00f3n.<\/p>\n<\/div><\/div>\n<\/div>\n<\/div>\n\n<div class=\"et_pb_row_6 et_pb_row et_flex_row\">\n<div class=\"et_pb_column_6 et_pb_column et_flex_column et_pb_css_mix_blend_mode_passthrough et_flex_column_12_24 et_flex_column_12_24_tablet et_flex_column_24_24_phone\">\n<div class=\"et_pb_text_8 et_pb_text et_pb_bg_layout_light et_pb_module et_flex_module\"><\/div>\n<\/div>\n\n<div class=\"et_pb_column_7 et_pb_column et-last-child et_flex_column et_pb_css_mix_blend_mode_passthrough et_flex_column_12_24 et_flex_column_12_24_tablet et_flex_column_24_24_phone\">\n<div class=\"et_pb_text_9 et_pb_text et_pb_bg_layout_light et_pb_module et_flex_module\"><\/div>\n<\/div>\n<\/div>\n<\/div>\n\n<div class=\"et_pb_section_3 et_pb_section et_section_regular et_flex_section\">\n<div class=\"et_pb_row_7 et_pb_row et_flex_row\">\n<div class=\"et_pb_column_8 et_pb_column et-last-child et_flex_column et_pb_css_mix_blend_mode_passthrough et_flex_column_24_24 et_flex_column_24_24_tablet et_flex_column_24_24_phone\">\n<div class=\"et_pb_text_10 et_pb_text et_pb_bg_layout_light et_pb_module et_flex_module\">\n<div class=\"et_pb_fullwidth_code_0 et_pb_fullwidth_code et_pb_text_align_center et_pb_module\"><div class=\"et_pb_code_inner\"><iframe src=\"https:\/\/www.google.com\/maps\/embed?pb=!1m18!1m12!1m3!1d12821.911813968907!2d-6.301041012841791!3d36.54258709999999!2m3!1f0!2f0!3f0!3m2!1i1024!2i768!4f13.1!3m3!1m2!1s0xd0dcf85cdaf8929%3A0x2206940de1b17bd7!2sA%20TODA%20VELA!5e0!3m2!1ses!2ses!4v1764101350188!5m2!1ses!2ses\" width=\"800\" height=\"600\" style=\"border:0;\" allowfullscreen=\"\" loading=\"lazy\" referrerpolicy=\"no-referrer-when-downgrade\"><\/iframe><\/div><\/div>\n<\/div>\n<\/div>\n<\/div>\n<\/div>\n\n<div class=\"et_pb_section_4 et_pb_section et_section_regular et_block_section\">\n<div class=\"et_pb_row_8 et_pb_row et_pb_equal_columns et_pb_gutters1 et_block_row\">\n<div class=\"et_pb_column_9 et_pb_column et_pb_column_1_2 et_block_column et_pb_css_mix_blend_mode_passthrough\">\n<div class=\"et_pb_divider_0 et_pb_divider_hidden et_pb_space et_pb_divider_position_top et_pb_module\"><div class=\"et_pb_divider_internal\"><\/div><\/div>\n<\/div>\n\n<div class=\"et_pb_column_10 et_pb_column et_pb_column_1_2 et-last-child et_block_column et_pb_css_mix_blend_mode_passthrough\">\n<div class=\"et_pb_text_11 et_pb_text et_pb_bg_layout_light et_pb_module et_block_module preset--module--divi-text--b327cbe4-b1d5-4b66-ad37-40c8f2f061ba\"><div class=\"et_pb_text_inner\"><h2>A TODA VELA,    at sea since 1999<\/h2>\n<\/div><\/div>\n\n<div class=\"et_pb_module et_pb_button_module_wrapper et_pb_button_1_wrapper preset--module--divi-button--31b4f027-aaa0-4f2f-ae02-959764e19e4f_wrapper\"><a class=\"et_pb_button_1 et_pb_button et_pb_bg_layout_light et_pb_module et_block_module preset--module--divi-button--31b4f027-aaa0-4f2f-ae02-959764e19e4f\" href=\"https:\/\/atodavela.eu\/en\/contacto\/\">Contacto<\/a><\/div>\n\n<div class=\"et_pb_text_12 et_pb_text et_pb_bg_layout_light et_pb_module et_block_module preset--module--divi-text--aaa7c440-590a-4078-ae0c-0f3c699ac51c\"><div class=\"et_pb_text_inner\"><p>For more than 25 years, A Toda Vela has shared its passion for the sea through training, sailing, and experiences that inspire people from all over the world.<\/p>\n<\/div><\/div>\n<\/div>\n<\/div>\n<\/div>","protected":false},"excerpt":{"rendered":"","protected":false},"author":1,"featured_media":2789,"parent":218,"menu_order":0,"comment_status":"closed","ping_status":"closed","template":"","meta":{"footnotes":""},"class_list":["post-2772","page","type-page","status-publish","has-post-thumbnail","hentry"],"yoast_head":"<!-- This site is optimized with the Yoast SEO plugin v27.5 - https:\/\/yoast.com\/product\/yoast-seo-wordpress\/ -->\n<title>Eclipse Solar C\u00e1diz 2026 en Velero | A Toda Vela<\/title>\n<meta name=\"description\" content=\"Vive el eclipse solar del 12 de agosto de 2026 en C\u00e1diz desde un velero. Observaci\u00f3n segura al atardecer con horizonte limpio sobre el Atl\u00e1ntico.\" \/>\n<meta name=\"robots\" content=\"index, follow, max-snippet:-1, max-image-preview:large, max-video-preview:-1\" \/>\n<link rel=\"canonical\" href=\"https:\/\/atodavela.eu\/en\/experiencias\/eclipse-solar-cadiz-2026-velero\/\" \/>\n<meta property=\"og:locale\" content=\"en_US\" \/>\n<meta property=\"og:type\" content=\"article\" \/>\n<meta property=\"og:title\" content=\"Eclipse Solar C\u00e1diz 2026 en Velero | A Toda Vela\" \/>\n<meta property=\"og:description\" content=\"Vive el eclipse solar del 12 de agosto de 2026 en C\u00e1diz desde un velero. Observaci\u00f3n segura al atardecer con horizonte limpio sobre el Atl\u00e1ntico.\" \/>\n<meta property=\"og:url\" content=\"https:\/\/atodavela.eu\/en\/experiencias\/eclipse-solar-cadiz-2026-velero\/\" \/>\n<meta property=\"og:site_name\" content=\"A Toda Vela\" \/>\n<meta property=\"article:modified_time\" content=\"2026-05-01T07:34:37+00:00\" \/>\n<meta property=\"og:image\" content=\"https:\/\/atodavela.eu\/wp-content\/uploads\/2026\/02\/eclipse-solar2-cadiz-desde-velero.jpg\" \/>\n\t<meta property=\"og:image:width\" content=\"1536\" \/>\n\t<meta property=\"og:image:height\" content=\"1024\" \/>\n\t<meta property=\"og:image:type\" content=\"image\/jpeg\" \/>\n<meta name=\"twitter:card\" content=\"summary_large_image\" \/>\n<meta name=\"twitter:label1\" content=\"Est. reading time\" \/>\n\t<meta name=\"twitter:data1\" content=\"1 minute\" \/>\n<script type=\"application\/ld+json\" class=\"yoast-schema-graph\">{\"@context\":\"https:\\\/\\\/schema.org\",\"@graph\":[{\"@type\":\"WebPage\",\"@id\":\"https:\\\/\\\/atodavela.eu\\\/experiencias\\\/eclipse-solar-cadiz-2026-velero\\\/\",\"url\":\"https:\\\/\\\/atodavela.eu\\\/experiencias\\\/eclipse-solar-cadiz-2026-velero\\\/\",\"name\":\"Eclipse Solar C\u00e1diz 2026 en Velero | A Toda Vela\",\"isPartOf\":{\"@id\":\"https:\\\/\\\/atodavela.eu\\\/#website\"},\"primaryImageOfPage\":{\"@id\":\"https:\\\/\\\/atodavela.eu\\\/experiencias\\\/eclipse-solar-cadiz-2026-velero\\\/#primaryimage\"},\"image\":{\"@id\":\"https:\\\/\\\/atodavela.eu\\\/experiencias\\\/eclipse-solar-cadiz-2026-velero\\\/#primaryimage\"},\"thumbnailUrl\":\"https:\\\/\\\/atodavela.eu\\\/wp-content\\\/uploads\\\/2026\\\/02\\\/eclipse-solar2-cadiz-desde-velero.jpg\",\"datePublished\":\"2026-02-25T16:21:44+00:00\",\"dateModified\":\"2026-05-01T07:34:37+00:00\",\"description\":\"Vive el eclipse solar del 12 de agosto de 2026 en C\u00e1diz desde un velero. Observaci\u00f3n segura al atardecer con horizonte limpio sobre el Atl\u00e1ntico.\",\"breadcrumb\":{\"@id\":\"https:\\\/\\\/atodavela.eu\\\/experiencias\\\/eclipse-solar-cadiz-2026-velero\\\/#breadcrumb\"},\"inLanguage\":\"en-US\",\"potentialAction\":[{\"@type\":\"ReadAction\",\"target\":[\"https:\\\/\\\/atodavela.eu\\\/experiencias\\\/eclipse-solar-cadiz-2026-velero\\\/\"]}]},{\"@type\":\"ImageObject\",\"inLanguage\":\"en-US\",\"@id\":\"https:\\\/\\\/atodavela.eu\\\/experiencias\\\/eclipse-solar-cadiz-2026-velero\\\/#primaryimage\",\"url\":\"https:\\\/\\\/atodavela.eu\\\/wp-content\\\/uploads\\\/2026\\\/02\\\/eclipse-solar2-cadiz-desde-velero.jpg\",\"contentUrl\":\"https:\\\/\\\/atodavela.eu\\\/wp-content\\\/uploads\\\/2026\\\/02\\\/eclipse-solar2-cadiz-desde-velero.jpg\",\"width\":1536,\"height\":1024,\"caption\":\"Eclipse solar en C\u00e1diz 12 agosto 2026 observado desde un velero al atardecer sobre el Atl\u00e1ntico\"},{\"@type\":\"BreadcrumbList\",\"@id\":\"https:\\\/\\\/atodavela.eu\\\/experiencias\\\/eclipse-solar-cadiz-2026-velero\\\/#breadcrumb\",\"itemListElement\":[{\"@type\":\"ListItem\",\"position\":1,\"name\":\"Portada\",\"item\":\"https:\\\/\\\/atodavela.eu\\\/\"},{\"@type\":\"ListItem\",\"position\":2,\"name\":\"Experiencias\",\"item\":\"https:\\\/\\\/atodavela.eu\\\/experiencias\\\/\"},{\"@type\":\"ListItem\",\"position\":3,\"name\":\"Eclipse Solar Profundo en Velero \u2014 12 de agosto de 2026\"}]},{\"@type\":\"WebSite\",\"@id\":\"https:\\\/\\\/atodavela.eu\\\/#website\",\"url\":\"https:\\\/\\\/atodavela.eu\\\/\",\"name\":\"A Toda Vela\",\"description\":\"Escuela N\u00e1utica, alquiler de barcos y experiencias Sea Starlight en C\u00e1diz\",\"publisher\":{\"@id\":\"https:\\\/\\\/atodavela.eu\\\/#organization\"},\"potentialAction\":[{\"@type\":\"SearchAction\",\"target\":{\"@type\":\"EntryPoint\",\"urlTemplate\":\"https:\\\/\\\/atodavela.eu\\\/?s={search_term_string}\"},\"query-input\":{\"@type\":\"PropertyValueSpecification\",\"valueRequired\":true,\"valueName\":\"search_term_string\"}}],\"inLanguage\":\"en-US\"},{\"@type\":\"Organization\",\"@id\":\"https:\\\/\\\/atodavela.eu\\\/#organization\",\"name\":\"A Toda Vela\",\"url\":\"https:\\\/\\\/atodavela.eu\\\/\",\"logo\":{\"@type\":\"ImageObject\",\"inLanguage\":\"en-US\",\"@id\":\"https:\\\/\\\/atodavela.eu\\\/#\\\/schema\\\/logo\\\/image\\\/\",\"url\":\"https:\\\/\\\/atodavela.eu\\\/wp-content\\\/uploads\\\/2025\\\/07\\\/Logo-ATV-R.png\",\"contentUrl\":\"https:\\\/\\\/atodavela.eu\\\/wp-content\\\/uploads\\\/2025\\\/07\\\/Logo-ATV-R.png\",\"width\":220,\"height\":220,\"caption\":\"A Toda Vela\"},\"image\":{\"@id\":\"https:\\\/\\\/atodavela.eu\\\/#\\\/schema\\\/logo\\\/image\\\/\"}}]}<\/script>\n<!-- \/ Yoast SEO plugin. -->","yoast_head_json":{"title":"Eclipse Solar C\u00e1diz 2026 en Velero | A Toda Vela","description":"Vive el eclipse solar del 12 de agosto de 2026 en C\u00e1diz desde un velero. Observaci\u00f3n segura al atardecer con horizonte limpio sobre el Atl\u00e1ntico.","robots":{"index":"index","follow":"follow","max-snippet":"max-snippet:-1","max-image-preview":"max-image-preview:large","max-video-preview":"max-video-preview:-1"},"canonical":"https:\/\/atodavela.eu\/en\/experiencias\/eclipse-solar-cadiz-2026-velero\/","og_locale":"en_US","og_type":"article","og_title":"Eclipse Solar C\u00e1diz 2026 en Velero | A Toda Vela","og_description":"Vive el eclipse solar del 12 de agosto de 2026 en C\u00e1diz desde un velero. Observaci\u00f3n segura al atardecer con horizonte limpio sobre el Atl\u00e1ntico.","og_url":"https:\/\/atodavela.eu\/en\/experiencias\/eclipse-solar-cadiz-2026-velero\/","og_site_name":"A Toda Vela","article_modified_time":"2026-05-01T07:34:37+00:00","og_image":[{"width":1536,"height":1024,"url":"https:\/\/atodavela.eu\/wp-content\/uploads\/2026\/02\/eclipse-solar2-cadiz-desde-velero.jpg","type":"image\/jpeg"}],"twitter_card":"summary_large_image","twitter_misc":{"Est. reading time":"1 minute"},"schema":{"@context":"https:\/\/schema.org","@graph":[{"@type":"WebPage","@id":"https:\/\/atodavela.eu\/experiencias\/eclipse-solar-cadiz-2026-velero\/","url":"https:\/\/atodavela.eu\/experiencias\/eclipse-solar-cadiz-2026-velero\/","name":"Eclipse Solar C\u00e1diz 2026 en Velero | A Toda Vela","isPartOf":{"@id":"https:\/\/atodavela.eu\/#website"},"primaryImageOfPage":{"@id":"https:\/\/atodavela.eu\/experiencias\/eclipse-solar-cadiz-2026-velero\/#primaryimage"},"image":{"@id":"https:\/\/atodavela.eu\/experiencias\/eclipse-solar-cadiz-2026-velero\/#primaryimage"},"thumbnailUrl":"https:\/\/atodavela.eu\/wp-content\/uploads\/2026\/02\/eclipse-solar2-cadiz-desde-velero.jpg","datePublished":"2026-02-25T16:21:44+00:00","dateModified":"2026-05-01T07:34:37+00:00","description":"Vive el eclipse solar del 12 de agosto de 2026 en C\u00e1diz desde un velero. Observaci\u00f3n segura al atardecer con horizonte limpio sobre el Atl\u00e1ntico.","breadcrumb":{"@id":"https:\/\/atodavela.eu\/experiencias\/eclipse-solar-cadiz-2026-velero\/#breadcrumb"},"inLanguage":"en-US","potentialAction":[{"@type":"ReadAction","target":["https:\/\/atodavela.eu\/experiencias\/eclipse-solar-cadiz-2026-velero\/"]}]},{"@type":"ImageObject","inLanguage":"en-US","@id":"https:\/\/atodavela.eu\/experiencias\/eclipse-solar-cadiz-2026-velero\/#primaryimage","url":"https:\/\/atodavela.eu\/wp-content\/uploads\/2026\/02\/eclipse-solar2-cadiz-desde-velero.jpg","contentUrl":"https:\/\/atodavela.eu\/wp-content\/uploads\/2026\/02\/eclipse-solar2-cadiz-desde-velero.jpg","width":1536,"height":1024,"caption":"Eclipse solar en C\u00e1diz 12 agosto 2026 observado desde un velero al atardecer sobre el Atl\u00e1ntico"},{"@type":"BreadcrumbList","@id":"https:\/\/atodavela.eu\/experiencias\/eclipse-solar-cadiz-2026-velero\/#breadcrumb","itemListElement":[{"@type":"ListItem","position":1,"name":"Portada","item":"https:\/\/atodavela.eu\/"},{"@type":"ListItem","position":2,"name":"Experiencias","item":"https:\/\/atodavela.eu\/experiencias\/"},{"@type":"ListItem","position":3,"name":"Eclipse Solar Profundo en Velero \u2014 12 de agosto de 2026"}]},{"@type":"WebSite","@id":"https:\/\/atodavela.eu\/#website","url":"https:\/\/atodavela.eu\/","name":"A Toda Vela","description":"Escuela N\u00e1utica, alquiler de barcos y experiencias Sea Starlight en C\u00e1diz","publisher":{"@id":"https:\/\/atodavela.eu\/#organization"},"potentialAction":[{"@type":"SearchAction","target":{"@type":"EntryPoint","urlTemplate":"https:\/\/atodavela.eu\/?s={search_term_string}"},"query-input":{"@type":"PropertyValueSpecification","valueRequired":true,"valueName":"search_term_string"}}],"inLanguage":"en-US"},{"@type":"Organization","@id":"https:\/\/atodavela.eu\/#organization","name":"A Toda Vela","url":"https:\/\/atodavela.eu\/","logo":{"@type":"ImageObject","inLanguage":"en-US","@id":"https:\/\/atodavela.eu\/#\/schema\/logo\/image\/","url":"https:\/\/atodavela.eu\/wp-content\/uploads\/2025\/07\/Logo-ATV-R.png","contentUrl":"https:\/\/atodavela.eu\/wp-content\/uploads\/2025\/07\/Logo-ATV-R.png","width":220,"height":220,"caption":"A Toda Vela"},"image":{"@id":"https:\/\/atodavela.eu\/#\/schema\/logo\/image\/"}}]}},"_links":{"self":[{"href":"https:\/\/atodavela.eu\/en\/wp-json\/wp\/v2\/pages\/2772","targetHints":{"allow":["GET"]}}],"collection":[{"href":"https:\/\/atodavela.eu\/en\/wp-json\/wp\/v2\/pages"}],"about":[{"href":"https:\/\/atodavela.eu\/en\/wp-json\/wp\/v2\/types\/page"}],"author":[{"embeddable":true,"href":"https:\/\/atodavela.eu\/en\/wp-json\/wp\/v2\/users\/1"}],"replies":[{"embeddable":true,"href":"https:\/\/atodavela.eu\/en\/wp-json\/wp\/v2\/comments?post=2772"}],"version-history":[{"count":28,"href":"https:\/\/atodavela.eu\/en\/wp-json\/wp\/v2\/pages\/2772\/revisions"}],"predecessor-version":[{"id":3551,"href":"https:\/\/atodavela.eu\/en\/wp-json\/wp\/v2\/pages\/2772\/revisions\/3551"}],"up":[{"embeddable":true,"href":"https:\/\/atodavela.eu\/en\/wp-json\/wp\/v2\/pages\/218"}],"wp:featuredmedia":[{"embeddable":true,"href":"https:\/\/atodavela.eu\/en\/wp-json\/wp\/v2\/media\/2789"}],"wp:attachment":[{"href":"https:\/\/atodavela.eu\/en\/wp-json\/wp\/v2\/media?parent=2772"}],"curies":[{"name":"wp","href":"https:\/\/api.w.org\/{rel}","templated":true}]}}