{"id":2869,"date":"2026-03-14T18:49:11","date_gmt":"2026-03-14T17:49:11","guid":{"rendered":"https:\/\/atodavela.eu\/?page_id=2869"},"modified":"2026-04-19T10:05:18","modified_gmt":"2026-04-19T08:05:18","slug":"velero-cadiz","status":"publish","type":"page","link":"https:\/\/atodavela.eu\/en\/experiencias\/velero-cadiz\/","title":{"rendered":"Experiencias en velero en C\u00e1diz"},"content":{"rendered":"<div class=\"et_pb_section_0 et_pb_section et_section_regular et_block_section\">\n<div class=\"et_pb_row_0 et_pb_row et_block_row\">\n<div class=\"et_pb_column_0 et_pb_column et_pb_column_4_4 et-last-child et_block_column et_pb_css_mix_blend_mode_passthrough\">\n<div class=\"et_pb_text_0 et_pb_text et_pb_bg_layout_light et_pb_module et_block_module preset--module--divi-text--e6504a1b-67eb-4b3d-b023-bcab277610b6\"><div class=\"et_pb_text_inner\"><h3>A Toda Vela<\/h3>\n<\/div><\/div>\n\n<div class=\"et_pb_text_1 et_pb_text et_pb_bg_layout_dark et_pb_module et_block_module preset--module--divi-text--c16985e1-e0d6-4022-964d-e2bfc04fa633\"><div class=\"et_pb_text_inner\"><h1>Paseos en velero en C\u00e1diz<\/h1>\n<\/div><\/div>\n\n<div class=\"et_pb_text_2 et_pb_text et_pb_bg_layout_light et_pb_module et_block_module\"><div class=\"et_pb_text_inner\"><p><span style=\"color: #ffffff;\">Descubre C\u00e1diz desde el mar con nuestras salidas en velero en C\u00e1diz, a bordo de un velero con patr\u00f3n profesional.<\/span><\/p>\n<\/div><\/div>\n<\/div>\n<\/div>\n<\/div>\n\n<div class=\"et_pb_section_1 et_pb_section et_section_regular et_block_section\" id=\"precios\">\n<div class=\"et_pb_row_1 et_pb_row et_block_row\">\n<div class=\"et_pb_column_1 et_pb_column et_pb_column_4_4 et-last-child et_block_column et_pb_css_mix_blend_mode_passthrough\">\n<div class=\"et_pb_text_3 et_pb_text et_pb_bg_layout_light et_pb_module et_block_module\"><div class=\"et_pb_text_inner\" data-et-mv-hidden-tablet=\"true\" data-et-mv-hidden-phone=\"true\"><section class=\"elementor-section elementor-top-section elementor-element elementor-element-57fbe52 elementor-section-boxed elementor-section-height-default elementor-section-height-default\" data-id=\"57fbe52\" data-element_type=\"section\">\n<div class=\"elementor-container elementor-column-gap-default\">\n<div class=\"elementor-column elementor-col-100 elementor-top-column elementor-element elementor-element-795ca9b\" data-id=\"795ca9b\" data-element_type=\"column\">\n<div class=\"elementor-widget-wrap elementor-element-populated\">\n<div class=\"elementor-element elementor-element-219c73d elementor-widget elementor-widget-text-editor\" data-id=\"219c73d\" data-element_type=\"widget\" data-widget_type=\"text-editor.default\">\n<div class=\"elementor-widget-container\">C\u00e1diz es una ciudad que se entiende mejor desde el mar.<br \/>Elige tu experiencia y descubre sus murallas, sus playas, la Bah\u00eda y el cielo nocturno a bordo de un velero.<\/div>\n<div class=\"elementor-widget-container\"><\/div>\n<div class=\"elementor-widget-container\">\n<h3 style=\"text-align: justify;\"><strong>Tipos de salidas en velero en C\u00e1diz:<\/strong><\/h3>\n<\/div>\n<\/div>\n<\/div>\n<\/div>\n<\/div>\n<\/section>\n<\/div><\/div>\n<\/div>\n<\/div>\n\n<div class=\"et_pb_row_2 et_pb_row et_flex_row\">\n<div class=\"et_pb_column_2 et_pb_column et_flex_column et_pb_css_mix_blend_mode_passthrough et_flex_column_8_24 et_flex_column_8_24_tablet et_flex_column_24_24_phone\">\n<div class=\"et_pb_image_0 et_pb_image et_pb_module et_flex_module\"><a href=\"https:\/\/atodavela.eu\/en\/experiencias\/navegar-a-vela-bahia-cadiz\/\"><span class=\"et_pb_image_wrap\"><img loading=\"lazy\" decoding=\"async\" src=\"https:\/\/atodavela.eu\/wp-content\/uploads\/2026\/03\/navegando-a-vela.jpg\" title=\"navegando a vela\" width=\"1536\" height=\"1024\" class=\"wp-image-2877\" \/><\/span><\/a><\/div>\n\n<div class=\"et_pb_text_4 et_pb_text et_pb_bg_layout_light et_pb_module et_flex_module\"><div class=\"et_pb_text_inner\"><h2 style=\"text-align: center;\"><a href=\"https:\/\/atodavela.eu\/en\/experiencias\/navegar-a-vela-bahia-cadiz\/\"><strong>Navegar a vela por la Bah\u00eda de C\u00e1diz<\/strong><\/a><\/h2>\n<p>Una navegaci\u00f3n tranquila para descubrir C\u00e1diz desde el mar a bordo de un velero.<\/p>\n<p>Duraci\u00f3n flexible desde 2 horas.<\/p>\n<\/div><\/div>\n\n<div class=\"et_pb_divider_0 et_pb_divider et_pb_space et_pb_divider_position_top et_pb_module\"><div class=\"et_pb_divider_internal\"><\/div><\/div>\n<\/div>\n\n<div class=\"et_pb_column_3 et_pb_column et_flex_column et_pb_css_mix_blend_mode_passthrough et_flex_column_8_24 et_flex_column_8_24_tablet et_flex_column_24_24_phone\">\n<div class=\"et_pb_image_1 et_pb_image et_pb_module et_flex_module\"><a href=\"https:\/\/atodavela.eu\/en\/experiencias\/atardecer-en-velero-cadiz\/\"><span class=\"et_pb_image_wrap\"><img loading=\"lazy\" decoding=\"async\" src=\"https:\/\/atodavela.eu\/wp-content\/uploads\/2026\/03\/velero-atardecer-bahia.jpg\" title=\"velero atardecer bahi\u0301a\" width=\"1536\" height=\"1024\" class=\"wp-image-2873\" \/><\/span><\/a><\/div>\n\n<div class=\"et_pb_text_5 et_pb_text et_pb_bg_layout_light et_pb_module et_flex_module\"><div class=\"et_pb_text_inner\"><h2 style=\"text-align: center;\"><a href=\"https:\/\/atodavela.eu\/en\/experiencias\/atardecer-en-velero-cadiz\/\"><strong>Atardecer en velero en C\u00e1diz<\/strong><\/a><\/h2>\n<p>Disfruta de la puesta de sol navegando en velero por la Bah\u00eda de C\u00e1diz.<\/p>\n<p>Duraci\u00f3n: 2 horas.<\/p>\n<\/div><\/div>\n\n<div class=\"et_pb_divider_1 et_pb_divider et_pb_space et_pb_divider_position_top et_pb_module\"><div class=\"et_pb_divider_internal\"><\/div><\/div>\n<\/div>\n\n<div class=\"et_pb_column_4 et_pb_column et-last-child et_flex_column et_pb_css_mix_blend_mode_passthrough et_flex_column_8_24 et_flex_column_8_24_tablet et_flex_column_24_24_phone\">\n<div class=\"et_pb_image_2 et_pb_image et_pb_module et_flex_module\"><a href=\"https:\/\/atodavela.eu\/en\/experiencias\/sea-starlight-cadiz\/\"><span class=\"et_pb_image_wrap\"><img loading=\"lazy\" decoding=\"async\" src=\"https:\/\/atodavela.eu\/wp-content\/uploads\/2026\/03\/laser-noche-barco.jpg\" alt=\"Identificando con puntero laser las estrellas desde velero.\" title=\"laser noche barco\" width=\"1536\" height=\"1024\" class=\"wp-image-2907\" \/><\/span><\/a><\/div>\n\n<div class=\"et_pb_text_6 et_pb_text et_pb_bg_layout_light et_pb_module et_flex_module\"><div class=\"et_pb_text_inner\"><h2 style=\"text-align: center;\"><a href=\"https:\/\/atodavela.eu\/en\/experiencias\/sea-starlight-cadiz\/\"><strong>Experiencia Sea Starlight en C\u00e1diz<\/strong><\/a><\/h2>\n<p>Navegaci\u00f3n nocturna en velero para contemplar el cielo estrellado desde el mar en C\u00e1diz.<\/p>\n<p>Duraci\u00f3n: 3 horas.<\/p>\n<\/div><\/div>\n\n<div class=\"et_pb_divider_2 et_pb_divider et_pb_space et_pb_divider_position_top et_pb_module\"><div class=\"et_pb_divider_internal\"><\/div><\/div>\n<\/div>\n<\/div>\n\n<div class=\"et_pb_row_3 et_pb_row et_flex_row\">\n<div class=\"et_pb_column_5 et_pb_column et_flex_column et_pb_css_mix_blend_mode_passthrough et_flex_column_8_24 et_flex_column_8_24_tablet et_flex_column_24_24_phone\">\n<div class=\"et_pb_image_3 et_pb_image et_pb_module et_flex_module\"><a href=\"https:\/\/atodavela.eu\/en\/experiencias\/cadiz-historico-desde-el-mar\/\"><span class=\"et_pb_image_wrap\"><img loading=\"lazy\" decoding=\"async\" src=\"https:\/\/atodavela.eu\/wp-content\/uploads\/2026\/03\/velero-murallas.jpg\" title=\"velero murallas\" width=\"1516\" height=\"1024\" class=\"wp-image-2876\" \/><\/span><\/a><\/div>\n\n<div class=\"et_pb_text_7 et_pb_text et_pb_bg_layout_light et_pb_module et_flex_module\"><div class=\"et_pb_text_inner\"><h2 style=\"text-align: center;\"><a href=\"https:\/\/atodavela.eu\/en\/experiencias\/cadiz-historico-desde-el-mar\/\"><strong>C\u00e1diz hist\u00f3rico desde el mar<\/strong><\/a><\/h2>\n<p>Descubre C\u00e1diz navegando en velero frente a sus murallas hist\u00f3ricas.<\/p>\n<p>Duraci\u00f3n: 2 horas.<\/p>\n<\/div><\/div>\n\n<div class=\"et_pb_divider_3 et_pb_divider et_pb_space et_pb_divider_position_top et_pb_module\"><div class=\"et_pb_divider_internal\"><\/div><\/div>\n<\/div>\n\n<div class=\"et_pb_column_6 et_pb_column et_flex_column et_pb_css_mix_blend_mode_passthrough et_flex_column_8_24 et_flex_column_8_24_tablet et_flex_column_24_24_phone\">\n<div class=\"et_pb_image_4 et_pb_image et_pb_module et_flex_module\"><a href=\"https:\/\/atodavela.eu\/en\/experiencias\/playas-de-cadiz-en-velero\/\"><span class=\"et_pb_image_wrap\"><img loading=\"lazy\" decoding=\"async\" src=\"https:\/\/atodavela.eu\/wp-content\/uploads\/2026\/03\/velero-fondeado-en-la-caleta.jpg\" alt=\"Playa de La Caleta en Velero\" title=\"velero fondeado en la caleta\" width=\"1536\" height=\"1024\" class=\"wp-image-2879\" \/><\/span><\/a><\/div>\n\n<div class=\"et_pb_text_8 et_pb_text et_pb_bg_layout_light et_pb_module et_flex_module\"><div class=\"et_pb_text_inner\"><h2 style=\"text-align: center;\"><a href=\"https:\/\/atodavela.eu\/en\/experiencias\/playas-de-cadiz-en-velero\/\"><strong>Playas de C\u00e1diz en Velero<\/strong><\/a><\/h2>\n<p>Navega en velero frente a las largas playas de C\u00e1diz y disfruta del horizonte abierto del Atl\u00e1ntico.<\/p>\n<p>Duraci\u00f3n flexible desde 2 horas.<\/p>\n<\/div><\/div>\n\n<div class=\"et_pb_divider_4 et_pb_divider et_pb_space et_pb_divider_position_top et_pb_module\"><div class=\"et_pb_divider_internal\"><\/div><\/div>\n<\/div>\n\n<div class=\"et_pb_column_7 et_pb_column et-last-child et_flex_column et_pb_css_mix_blend_mode_passthrough et_flex_column_8_24 et_flex_column_8_24_tablet et_flex_column_24_24_phone\">\n<div class=\"et_pb_image_5 et_pb_image et_pb_module et_flex_module\"><a href=\"https:\/\/atodavela.eu\/en\/experiencias\/experiencia-gourmet-velero-cadiz\/\"><span class=\"et_pb_image_wrap\"><img loading=\"lazy\" decoding=\"async\" src=\"https:\/\/atodavela.eu\/wp-content\/uploads\/2026\/04\/experiencia-gourmet1.jpg\" alt=\"Experiencia gourmet en velero en C\u00e1diz\" title=\"experiencia gourmet1\" width=\"1536\" height=\"1024\" class=\"wp-image-3215\" \/><\/span><\/a><\/div>\n\n<div class=\"et_pb_text_9 et_pb_text et_pb_bg_layout_light et_pb_module et_flex_module\"><div class=\"et_pb_text_inner\"><h2 style=\"text-align: center;\"><a href=\"https:\/\/atodavela.eu\/en\/experiencias\/puente-de-la-constitucion-desde-el-mar\/\"><strong>Experiencia Gourmet en Velero en C\u00e1diz<\/strong><\/a><\/h2>\n<p>Disfruta de una extraordinaria comida o cena a bordo con productos de la tierra y del mar mientras navegas por la Bah\u00eda.<\/p>\n<p>Duraci\u00f3n: 3 horas.<\/p>\n<\/div><\/div>\n\n<div class=\"et_pb_divider_5 et_pb_divider et_pb_space et_pb_divider_position_top et_pb_module\"><div class=\"et_pb_divider_internal\"><\/div><\/div>\n<\/div>\n<\/div>\n\n<div class=\"et_pb_row_4 et_pb_row et_flex_row\">\n<div class=\"et_pb_column_8 et_pb_column et-last-child et_flex_column et_pb_css_mix_blend_mode_passthrough et_flex_column_24_24 et_flex_column_24_24_tablet et_flex_column_24_24_phone\">\n<div class=\"et_pb_module et_pb_button_module_wrapper et_pb_button_0_wrapper\"><a class=\"et_pb_button_0 et_pb_button et_pb_bg_layout_light et_pb_module et_flex_module\" href=\"https:\/\/atodavela.eu\/en\/galeria-fotos-barco\/\" target=\"_blank\">Fotos del Velero<\/a><\/div>\n<\/div>\n<\/div>\n\n<div class=\"et_pb_row_5 et_pb_row et_flex_row\">\n<div class=\"et_pb_column_9 et_pb_column et-last-child et_flex_column et_pb_css_mix_blend_mode_passthrough et_flex_column_24_24 et_flex_column_24_24_tablet et_flex_column_24_24_phone\">\n<div class=\"et_pb_text_10 et_pb_text et_pb_bg_layout_light et_pb_module et_flex_module\"><div class=\"et_pb_text_inner\" data-et-mv-hidden-phone=\"true\"><h2 style=\"text-align: center;\"><strong><\/strong><\/h2>\n<h2 style=\"text-align: center;\"><strong><\/strong><\/h2>\n<h2 style=\"text-align: center;\"><strong>Navegaci\u00f3n aut\u00e9ntica en la Bah\u00eda de C\u00e1diz<\/strong><\/h2>\n<p style=\"text-align: center;\">Todas nuestras experiencias se realizan a bordo de un velero de crucero con patr\u00f3n profesional.<br \/>Salidas privadas para disfrutar de la navegaci\u00f3n en velero por la Bah\u00eda de C\u00e1diz y descubrir la ciudad desde el mar.<\/p>\n<\/div><\/div>\n<\/div>\n<\/div>\n<\/div>\n\n<div class=\"et_pb_section_2 et_pb_section et_section_regular et_block_section\"><div class=\"et_pb_row_6 et_pb_row et_pb_equal_columns et_pb_gutters1 et_block_row\"><div class=\"et_pb_column_10 et_pb_column et_pb_column_1_2 et_block_column et_pb_css_mix_blend_mode_passthrough\"><div class=\"et_pb_divider_6 et_pb_divider_hidden et_pb_space et_pb_divider_position_top et_pb_module\"><div class=\"et_pb_divider_internal\"><\/div><\/div><\/div><div class=\"et_pb_column_11 et_pb_column et_pb_column_1_2 et-last-child et_block_column et_pb_css_mix_blend_mode_passthrough\"><div class=\"et_pb_text_11 et_pb_text et_pb_bg_layout_light et_pb_module et_block_module preset--module--divi-text--b327cbe4-b1d5-4b66-ad37-40c8f2f061ba\"><div class=\"et_pb_text_inner\"><h2>A TODA VELA,    at sea since 1999<\/h2>\n<\/div><\/div><div class=\"et_pb_module et_pb_button_module_wrapper et_pb_button_1_wrapper preset--module--divi-button--31b4f027-aaa0-4f2f-ae02-959764e19e4f_wrapper\"><a class=\"et_pb_button_1 et_pb_button et_pb_bg_layout_light et_pb_module et_block_module preset--module--divi-button--31b4f027-aaa0-4f2f-ae02-959764e19e4f\" href=\"tel:\/\/+34633020299\">Call us<\/a><\/div><div class=\"et_pb_text_12 et_pb_text et_pb_bg_layout_light et_pb_module et_block_module preset--module--divi-text--aaa7c440-590a-4078-ae0c-0f3c699ac51c\"><div class=\"et_pb_text_inner\"><p>At A Toda Vela, we\u2019ve spent more than 25 years training sailors and sharing our passion for the sea.<\/p>\n<p>We\u2019ll train you with courses and hands-on sessions tailored to every level \u2014 from the PER to Yacht Captain \u2014 including the sailing endorsement, PER extensions, radio operator courses, PNB and the Navigation Licence. \ud83d\udea4\u2728 Take the first step and make the sea your territory!<\/p>\n<\/div><\/div><\/div><\/div><\/div>","protected":false},"excerpt":{"rendered":"","protected":false},"author":1,"featured_media":2909,"parent":218,"menu_order":0,"comment_status":"closed","ping_status":"closed","template":"","meta":{"footnotes":""},"class_list":["post-2869","page","type-page","status-publish","has-post-thumbnail","hentry"],"yoast_head":"<!-- This site is optimized with the Yoast SEO plugin v27.5 - https:\/\/yoast.com\/product\/yoast-seo-wordpress\/ -->\n<title>Salidas en velero en C\u00e1diz | Paseos y experiencias en barco<\/title>\n<meta name=\"description\" content=\"Salidas en velero en C\u00e1diz para disfrutar del mar desde otra perspectiva. Paseos en barco con patr\u00f3n, grupos reducidos y reserva online disponible.\" \/>\n<meta name=\"robots\" content=\"index, follow, max-snippet:-1, max-image-preview:large, max-video-preview:-1\" \/>\n<link rel=\"canonical\" href=\"https:\/\/atodavela.eu\/en\/experiencias\/velero-cadiz\/\" \/>\n<meta property=\"og:locale\" content=\"en_US\" \/>\n<meta property=\"og:type\" content=\"article\" \/>\n<meta property=\"og:title\" content=\"Salidas en velero en C\u00e1diz | Paseos y experiencias en barco\" \/>\n<meta property=\"og:description\" content=\"Salidas en velero en C\u00e1diz para disfrutar del mar desde otra perspectiva. Paseos en barco con patr\u00f3n, grupos reducidos y reserva online disponible.\" \/>\n<meta property=\"og:url\" content=\"https:\/\/atodavela.eu\/en\/experiencias\/velero-cadiz\/\" \/>\n<meta property=\"og:site_name\" content=\"A Toda Vela\" \/>\n<meta property=\"article:modified_time\" content=\"2026-04-19T08:05:18+00:00\" \/>\n<meta property=\"og:image\" content=\"https:\/\/atodavela.eu\/wp-content\/uploads\/2026\/03\/bovara-genova-19.jpg\" \/>\n\t<meta property=\"og:image:width\" content=\"2000\" \/>\n\t<meta property=\"og:image:height\" content=\"1500\" \/>\n\t<meta property=\"og:image:type\" content=\"image\/jpeg\" \/>\n<meta name=\"twitter:card\" content=\"summary_large_image\" \/>\n<meta name=\"twitter:label1\" content=\"Est. reading time\" \/>\n\t<meta name=\"twitter:data1\" content=\"1 minute\" \/>\n<script type=\"application\/ld+json\" class=\"yoast-schema-graph\">{\"@context\":\"https:\\\/\\\/schema.org\",\"@graph\":[{\"@type\":[\"WebPage\",\"QAPage\"],\"@id\":\"https:\\\/\\\/atodavela.eu\\\/experiencias\\\/velero-cadiz\\\/\",\"url\":\"https:\\\/\\\/atodavela.eu\\\/experiencias\\\/velero-cadiz\\\/\",\"name\":\"Salidas en velero en C\u00e1diz | Paseos y experiencias en barco\",\"isPartOf\":{\"@id\":\"https:\\\/\\\/atodavela.eu\\\/#website\"},\"primaryImageOfPage\":{\"@id\":\"https:\\\/\\\/atodavela.eu\\\/experiencias\\\/velero-cadiz\\\/#primaryimage\"},\"image\":{\"@id\":\"https:\\\/\\\/atodavela.eu\\\/experiencias\\\/velero-cadiz\\\/#primaryimage\"},\"thumbnailUrl\":\"https:\\\/\\\/atodavela.eu\\\/wp-content\\\/uploads\\\/2026\\\/03\\\/bovara-genova-19.jpg\",\"datePublished\":\"2026-03-14T17:49:11+00:00\",\"dateModified\":\"2026-04-19T08:05:18+00:00\",\"description\":\"Salidas en velero en C\u00e1diz para disfrutar del mar desde otra perspectiva. Paseos en barco con patr\u00f3n, grupos reducidos y reserva online disponible.\",\"breadcrumb\":{\"@id\":\"https:\\\/\\\/atodavela.eu\\\/experiencias\\\/velero-cadiz\\\/#breadcrumb\"},\"inLanguage\":\"en-US\",\"potentialAction\":[{\"@type\":\"ReadAction\",\"target\":[\"https:\\\/\\\/atodavela.eu\\\/experiencias\\\/velero-cadiz\\\/\"]}]},{\"@type\":\"ImageObject\",\"inLanguage\":\"en-US\",\"@id\":\"https:\\\/\\\/atodavela.eu\\\/experiencias\\\/velero-cadiz\\\/#primaryimage\",\"url\":\"https:\\\/\\\/atodavela.eu\\\/wp-content\\\/uploads\\\/2026\\\/03\\\/bovara-genova-19.jpg\",\"contentUrl\":\"https:\\\/\\\/atodavela.eu\\\/wp-content\\\/uploads\\\/2026\\\/03\\\/bovara-genova-19.jpg\",\"width\":2000,\"height\":1500,\"caption\":\"Velero navegando frente a C\u00e1diz al atardecer\"},{\"@type\":\"BreadcrumbList\",\"@id\":\"https:\\\/\\\/atodavela.eu\\\/experiencias\\\/velero-cadiz\\\/#breadcrumb\",\"itemListElement\":[{\"@type\":\"ListItem\",\"position\":1,\"name\":\"Portada\",\"item\":\"https:\\\/\\\/atodavela.eu\\\/\"},{\"@type\":\"ListItem\",\"position\":2,\"name\":\"Experiencias\",\"item\":\"https:\\\/\\\/atodavela.eu\\\/experiencias\\\/\"},{\"@type\":\"ListItem\",\"position\":3,\"name\":\"Experiencias en velero en C\u00e1diz\"}]},{\"@type\":\"WebSite\",\"@id\":\"https:\\\/\\\/atodavela.eu\\\/#website\",\"url\":\"https:\\\/\\\/atodavela.eu\\\/\",\"name\":\"A Toda Vela\",\"description\":\"Escuela N\u00e1utica, alquiler de barcos y experiencias Sea Starlight en C\u00e1diz\",\"publisher\":{\"@id\":\"https:\\\/\\\/atodavela.eu\\\/#organization\"},\"potentialAction\":[{\"@type\":\"SearchAction\",\"target\":{\"@type\":\"EntryPoint\",\"urlTemplate\":\"https:\\\/\\\/atodavela.eu\\\/?s={search_term_string}\"},\"query-input\":{\"@type\":\"PropertyValueSpecification\",\"valueRequired\":true,\"valueName\":\"search_term_string\"}}],\"inLanguage\":\"en-US\"},{\"@type\":\"Organization\",\"@id\":\"https:\\\/\\\/atodavela.eu\\\/#organization\",\"name\":\"A Toda Vela\",\"url\":\"https:\\\/\\\/atodavela.eu\\\/\",\"logo\":{\"@type\":\"ImageObject\",\"inLanguage\":\"en-US\",\"@id\":\"https:\\\/\\\/atodavela.eu\\\/#\\\/schema\\\/logo\\\/image\\\/\",\"url\":\"https:\\\/\\\/atodavela.eu\\\/wp-content\\\/uploads\\\/2025\\\/07\\\/Logo-ATV-R.png\",\"contentUrl\":\"https:\\\/\\\/atodavela.eu\\\/wp-content\\\/uploads\\\/2025\\\/07\\\/Logo-ATV-R.png\",\"width\":220,\"height\":220,\"caption\":\"A Toda Vela\"},\"image\":{\"@id\":\"https:\\\/\\\/atodavela.eu\\\/#\\\/schema\\\/logo\\\/image\\\/\"}}]}<\/script>\n<!-- \/ Yoast SEO plugin. -->","yoast_head_json":{"title":"Salidas en velero en C\u00e1diz | Paseos y experiencias en barco","description":"Salidas en velero en C\u00e1diz para disfrutar del mar desde otra perspectiva. Paseos en barco con patr\u00f3n, grupos reducidos y reserva online disponible.","robots":{"index":"index","follow":"follow","max-snippet":"max-snippet:-1","max-image-preview":"max-image-preview:large","max-video-preview":"max-video-preview:-1"},"canonical":"https:\/\/atodavela.eu\/en\/experiencias\/velero-cadiz\/","og_locale":"en_US","og_type":"article","og_title":"Salidas en velero en C\u00e1diz | Paseos y experiencias en barco","og_description":"Salidas en velero en C\u00e1diz para disfrutar del mar desde otra perspectiva. Paseos en barco con patr\u00f3n, grupos reducidos y reserva online disponible.","og_url":"https:\/\/atodavela.eu\/en\/experiencias\/velero-cadiz\/","og_site_name":"A Toda Vela","article_modified_time":"2026-04-19T08:05:18+00:00","og_image":[{"width":2000,"height":1500,"url":"https:\/\/atodavela.eu\/wp-content\/uploads\/2026\/03\/bovara-genova-19.jpg","type":"image\/jpeg"}],"twitter_card":"summary_large_image","twitter_misc":{"Est. reading time":"1 minute"},"schema":{"@context":"https:\/\/schema.org","@graph":[{"@type":["WebPage","QAPage"],"@id":"https:\/\/atodavela.eu\/experiencias\/velero-cadiz\/","url":"https:\/\/atodavela.eu\/experiencias\/velero-cadiz\/","name":"Salidas en velero en C\u00e1diz | Paseos y experiencias en barco","isPartOf":{"@id":"https:\/\/atodavela.eu\/#website"},"primaryImageOfPage":{"@id":"https:\/\/atodavela.eu\/experiencias\/velero-cadiz\/#primaryimage"},"image":{"@id":"https:\/\/atodavela.eu\/experiencias\/velero-cadiz\/#primaryimage"},"thumbnailUrl":"https:\/\/atodavela.eu\/wp-content\/uploads\/2026\/03\/bovara-genova-19.jpg","datePublished":"2026-03-14T17:49:11+00:00","dateModified":"2026-04-19T08:05:18+00:00","description":"Salidas en velero en C\u00e1diz para disfrutar del mar desde otra perspectiva. Paseos en barco con patr\u00f3n, grupos reducidos y reserva online disponible.","breadcrumb":{"@id":"https:\/\/atodavela.eu\/experiencias\/velero-cadiz\/#breadcrumb"},"inLanguage":"en-US","potentialAction":[{"@type":"ReadAction","target":["https:\/\/atodavela.eu\/experiencias\/velero-cadiz\/"]}]},{"@type":"ImageObject","inLanguage":"en-US","@id":"https:\/\/atodavela.eu\/experiencias\/velero-cadiz\/#primaryimage","url":"https:\/\/atodavela.eu\/wp-content\/uploads\/2026\/03\/bovara-genova-19.jpg","contentUrl":"https:\/\/atodavela.eu\/wp-content\/uploads\/2026\/03\/bovara-genova-19.jpg","width":2000,"height":1500,"caption":"Velero navegando frente a C\u00e1diz al atardecer"},{"@type":"BreadcrumbList","@id":"https:\/\/atodavela.eu\/experiencias\/velero-cadiz\/#breadcrumb","itemListElement":[{"@type":"ListItem","position":1,"name":"Portada","item":"https:\/\/atodavela.eu\/"},{"@type":"ListItem","position":2,"name":"Experiencias","item":"https:\/\/atodavela.eu\/experiencias\/"},{"@type":"ListItem","position":3,"name":"Experiencias en velero en C\u00e1diz"}]},{"@type":"WebSite","@id":"https:\/\/atodavela.eu\/#website","url":"https:\/\/atodavela.eu\/","name":"A Toda Vela","description":"Escuela N\u00e1utica, alquiler de barcos y experiencias Sea Starlight en C\u00e1diz","publisher":{"@id":"https:\/\/atodavela.eu\/#organization"},"potentialAction":[{"@type":"SearchAction","target":{"@type":"EntryPoint","urlTemplate":"https:\/\/atodavela.eu\/?s={search_term_string}"},"query-input":{"@type":"PropertyValueSpecification","valueRequired":true,"valueName":"search_term_string"}}],"inLanguage":"en-US"},{"@type":"Organization","@id":"https:\/\/atodavela.eu\/#organization","name":"A Toda Vela","url":"https:\/\/atodavela.eu\/","logo":{"@type":"ImageObject","inLanguage":"en-US","@id":"https:\/\/atodavela.eu\/#\/schema\/logo\/image\/","url":"https:\/\/atodavela.eu\/wp-content\/uploads\/2025\/07\/Logo-ATV-R.png","contentUrl":"https:\/\/atodavela.eu\/wp-content\/uploads\/2025\/07\/Logo-ATV-R.png","width":220,"height":220,"caption":"A Toda Vela"},"image":{"@id":"https:\/\/atodavela.eu\/#\/schema\/logo\/image\/"}}]}},"_links":{"self":[{"href":"https:\/\/atodavela.eu\/en\/wp-json\/wp\/v2\/pages\/2869","targetHints":{"allow":["GET"]}}],"collection":[{"href":"https:\/\/atodavela.eu\/en\/wp-json\/wp\/v2\/pages"}],"about":[{"href":"https:\/\/atodavela.eu\/en\/wp-json\/wp\/v2\/types\/page"}],"author":[{"embeddable":true,"href":"https:\/\/atodavela.eu\/en\/wp-json\/wp\/v2\/users\/1"}],"replies":[{"embeddable":true,"href":"https:\/\/atodavela.eu\/en\/wp-json\/wp\/v2\/comments?post=2869"}],"version-history":[{"count":43,"href":"https:\/\/atodavela.eu\/en\/wp-json\/wp\/v2\/pages\/2869\/revisions"}],"predecessor-version":[{"id":3409,"href":"https:\/\/atodavela.eu\/en\/wp-json\/wp\/v2\/pages\/2869\/revisions\/3409"}],"up":[{"embeddable":true,"href":"https:\/\/atodavela.eu\/en\/wp-json\/wp\/v2\/pages\/218"}],"wp:featuredmedia":[{"embeddable":true,"href":"https:\/\/atodavela.eu\/en\/wp-json\/wp\/v2\/media\/2909"}],"wp:attachment":[{"href":"https:\/\/atodavela.eu\/en\/wp-json\/wp\/v2\/media?parent=2869"}],"curies":[{"name":"wp","href":"https:\/\/api.w.org\/{rel}","templated":true}]}}