{"id":2942,"date":"2026-03-15T13:38:26","date_gmt":"2026-03-15T12:38:26","guid":{"rendered":"https:\/\/atodavela.eu\/?page_id=2942"},"modified":"2026-04-19T12:57:53","modified_gmt":"2026-04-19T10:57:53","slug":"atardecer-en-velero-cadiz","status":"publish","type":"page","link":"https:\/\/atodavela.eu\/en\/experiencias\/atardecer-en-velero-cadiz\/","title":{"rendered":"Atardecer en velero en C\u00e1diz"},"content":{"rendered":"<div class=\"et_pb_section_0 et_pb_section et_section_regular et_block_section\">\n<div class=\"et_pb_row_0 et_pb_row et_block_row\">\n<div class=\"et_pb_column_0 et_pb_column et_pb_column_4_4 et-last-child et_block_column et_pb_css_mix_blend_mode_passthrough\">\n<div class=\"et_pb_text_0 et_pb_text et_pb_bg_layout_light et_pb_module et_block_module preset--module--divi-text--e6504a1b-67eb-4b3d-b023-bcab277610b6\"><div class=\"et_pb_text_inner\"><h3>A Toda Vela<\/h3>\n<\/div><\/div>\n\n<div class=\"et_pb_text_1 et_pb_text et_pb_bg_layout_dark et_pb_module et_block_module preset--module--divi-text--c16985e1-e0d6-4022-964d-e2bfc04fa633\"><div class=\"et_pb_text_inner\"><h1>Atardecer en velero en C\u00e1diz<\/h1>\n<\/div><\/div>\n\n<div class=\"et_pb_text_2 et_pb_text et_pb_bg_layout_light et_pb_module et_flex_module\"><div class=\"et_pb_text_inner\"><p><span style=\"color: #ffffff;\">Una forma especial de contemplar la puesta de sol navegando por la Bah\u00eda de C\u00e1diz.<\/span><\/p>\n<\/div><\/div>\n<\/div>\n<\/div>\n<\/div>\n\n<div class=\"et_pb_section_1 et_pb_section et_section_regular et_flex_section\">\n<div class=\"et_pb_row_1 et_pb_row et_flex_row\">\n<div class=\"et_pb_column_1 et_pb_column et-last-child et_flex_column et_pb_css_mix_blend_mode_passthrough et_flex_column_24_24 et_flex_column_24_24_tablet et_flex_column_24_24_phone\">\n<div class=\"et_pb_text_3 et_pb_text et_pb_bg_layout_light et_pb_module et_flex_module\"><div class=\"et_pb_text_inner\"><p><strong>La duraci\u00f3n de \u00e9sta experiencia es de 2 horas.<\/strong><\/p>\n<p><strong>Las salidas son privadas, por lo que el velero se reserva exclusivamente para tu grupo.<\/strong><\/p>\n<\/div><\/div>\n\n<div class=\"et_pb_text_4 et_pb_text et_pb_bg_layout_light et_pb_module et_flex_module\"><div class=\"et_pb_text_inner\"><p>Disfrutar del atardecer desde el mar es una de las experiencias m\u00e1s especiales que ofrece la Bah\u00eda de C\u00e1diz. A bordo de nuestro velero podr\u00e1s contemplar c\u00f3mo la luz dorada del final del d\u00eda ilumina la Bah\u00eda de C\u00e1diz mientras navegamos pl\u00e1cidamente por el Atl\u00e1ntico.<\/p>\n<\/div><\/div>\n\n<div class=\"et_pb_text_5 et_pb_text et_pb_bg_layout_light et_pb_module et_flex_module\"><div class=\"et_pb_text_inner\"><h2><strong>Qu\u00e9 ver\u00e1s durante la experiencia<\/strong><\/h2>\n<ul data-start=\"1089\" data-end=\"1338\">\n<li data-section-id=\"15hin79\" data-start=\"1089\" data-end=\"1128\">\n<p data-start=\"1091\" data-end=\"1128\">La puesta de sol sobre el Atl\u00e1ntico<\/p>\n<\/li>\n<li data-section-id=\"7d279d\" data-start=\"1129\" data-end=\"1187\">\n<p data-start=\"1131\" data-end=\"1187\">La silueta de C\u00e1diz iluminada por la luz del atardecer<\/p>\n<\/li>\n<li data-section-id=\"eh3721\" data-start=\"1188\" data-end=\"1230\">\n<p data-start=\"1190\" data-end=\"1230\">Las murallas de la ciudad desde el mar<\/p>\n<\/li>\n<li data-section-id=\"3og53h\" data-start=\"1286\" data-end=\"1338\">\n<p data-start=\"1288\" data-end=\"1338\">La experiencia de navegar en velero al atardecer<\/p>\n<\/li>\n<\/ul>\n<p data-start=\"1340\" data-end=\"1428\">Si el viento lo permite, navegaremos a vela para disfrutar plenamente de la experiencia.<\/p>\n<p data-start=\"1340\" data-end=\"1428\"><strong>A bordo disfrutar\u00e1s del pack de bienvenida<\/strong> con frutos secos para picar, un refresco y una copa de cava para brindar en la puesta de sol.<\/p>\n<\/div><\/div>\n\n<div class=\"et_pb_gallery_0 et_pb_gallery et_pb_bg_layout_light et_pb_gallery_grid et_pb_module\" data-auto-rotate=\"off\" data-auto-rotate-speed=\"\"><div class=\"et_pb_gallery_items et_post_gallery clearfix et_grid_module\" data-per_page=\"4\"><div class=\"et_pb_gallery_item et_pb_grid_item et_pb_gallery_item_0_0\"><div class=\"et_pb_gallery_image landscape\" data-per_page=\"4\"><a href=\"https:\/\/atodavela.eu\/wp-content\/uploads\/2025\/09\/atardecer-cadiz.jpg\" title=\"Atardecer Bah\u00eda de C\u00e1diz\"><img loading=\"lazy\" decoding=\"async\" width=\"400\" height=\"284\" src=\"https:\/\/atodavela.eu\/wp-content\/uploads\/2025\/09\/atardecer-cadiz-400x284.jpg\" alt=\"Atardecer en la bah\u00eda de C\u00e1diz desde velero\" class=\"wp-image-819\" \/><span class=\"et_overlay\" data-icon=\"\" data-icon-tablet=\"\" data-icon-phone=\"\"><\/span><\/a><\/div><h3 class=\"et_pb_gallery_title\">Atardecer Bah\u00eda de C\u00e1diz<\/h3><\/div><div class=\"et_pb_gallery_item et_pb_grid_item et_pb_gallery_item_0_1\"><div class=\"et_pb_gallery_image landscape\" data-per_page=\"4\"><a href=\"https:\/\/atodavela.eu\/wp-content\/uploads\/2026\/02\/Imagen-de-WhatsApp-2023-10-21-a-las-19.29.58_7cda8f16.jpg\" title=\"Crep\u00fasculo en la Bah\u00eda\"><img loading=\"lazy\" decoding=\"async\" width=\"400\" height=\"284\" src=\"https:\/\/atodavela.eu\/wp-content\/uploads\/2026\/02\/Imagen-de-WhatsApp-2023-10-21-a-las-19.29.58_7cda8f16-400x284.jpg\" alt=\"crep\u00fasculo bah\u00eda de C\u00e1diz\" class=\"wp-image-2551\" \/><span class=\"et_overlay\" data-icon=\"\" data-icon-tablet=\"\" data-icon-phone=\"\"><\/span><\/a><\/div><h3 class=\"et_pb_gallery_title\">Crep\u00fasculo en la Bah\u00eda<\/h3><\/div><div class=\"et_pb_gallery_item et_pb_grid_item et_pb_gallery_item_0_2\"><div class=\"et_pb_gallery_image landscape\" data-per_page=\"4\"><a href=\"https:\/\/atodavela.eu\/wp-content\/uploads\/2026\/03\/velero-atardecer-bahia.jpg\" title=\"atardecer en la bahi\u0301a\"><img loading=\"lazy\" decoding=\"async\" width=\"400\" height=\"284\" src=\"https:\/\/atodavela.eu\/wp-content\/uploads\/2026\/03\/velero-atardecer-bahia-400x284.jpg\" alt=\"Atardecer en las murallas\" class=\"wp-image-2873\" \/><span class=\"et_overlay\" data-icon=\"\" data-icon-tablet=\"\" data-icon-phone=\"\"><\/span><\/a><\/div><h3 class=\"et_pb_gallery_title\">atardecer en la bahi\u0301a<\/h3><\/div><div class=\"et_pb_gallery_item et_pb_grid_item et_pb_gallery_item_0_3\"><div class=\"et_pb_gallery_image landscape\" data-per_page=\"4\"><a href=\"https:\/\/atodavela.eu\/wp-content\/uploads\/2025\/09\/patron.jpg\" title=\"Navegando en velero\"><img loading=\"lazy\" decoding=\"async\" width=\"400\" height=\"284\" src=\"https:\/\/atodavela.eu\/wp-content\/uploads\/2025\/09\/patron-400x284.jpg\" alt=\"Patr\u00f3n gobernando velero de A Toda Vela\" class=\"wp-image-818\" \/><span class=\"et_overlay\" data-icon=\"\" data-icon-tablet=\"\" data-icon-phone=\"\"><\/span><\/a><\/div><h3 class=\"et_pb_gallery_title\">Navegando en velero<\/h3><\/div><\/div><div class=\"et_pb_gallery_pagination\"><\/div><\/div>\n\n<div class=\"et_pb_text_6 et_pb_text et_pb_bg_layout_light et_pb_module et_flex_module\"><div class=\"et_pb_text_inner\"><h2><strong>Informaci\u00f3n pr\u00e1ctica<\/strong><\/h2>\n<ul>\n<li>Embarque en C\u00e1diz capital (Puerto Am\u00e9rica)<\/li>\n<li>Velero de crucero con patr\u00f3n profesional<\/li>\n<\/ul>\n<\/div><\/div>\n\n<div class=\"et_pb_module et_pb_button_module_wrapper et_pb_button_0_wrapper\"><a class=\"et_pb_button_0 et_pb_button et_pb_bg_layout_dark et_pb_module et_flex_module\" href=\"tel:+34633020299\">Reservas Telef\u00f3nicas<\/a><\/div>\n\n<div class=\"et_pb_text_7 et_pb_text et_pb_bg_layout_light et_pb_module et_flex_module\"><div class=\"et_pb_text_inner\"><p><strong>Consulta disponibilidad para elegir:<\/strong><\/p>\n<ul>\n<li>D\u00eda de la salida<\/li>\n<li>N\u00famero de pasajeros<\/li>\n<\/ul>\n<\/div><\/div>\n\n<div class=\"et_pb_text_8 et_pb_text et_pb_bg_layout_light et_pb_module et_flex_module\"><div class=\"et_pb_text_inner\"><h3><span style=\"color: #333399;\"><strong>Consulta disponibilidad<\/strong><\/span><\/h3>\n<h3><strong>Tarifas:<\/strong><\/h3>\n<p><strong>De 1 a 4 personas: 300 \u20ac.\u00a0<\/strong><\/p>\n<p><strong>De 5 a 9 personas: 350 \u20ac.<\/strong><\/p>\n<p><strong>Pack atardecer (refresco, copa de cava y aperitivo, incluido).<\/strong><\/p>\n<p><strong><\/strong><\/p>\n<\/div><\/div>\n\n<div class=\"et_pb_module et_pb_button_module_wrapper et_pb_button_1_wrapper preset--module--divi-button--31b4f027-aaa0-4f2f-ae02-959764e19e4f_wrapper\"><a class=\"et_pb_button_1 et_pb_button et_pb_bg_layout_light et_pb_module et_block_module preset--module--divi-button--31b4f027-aaa0-4f2f-ae02-959764e19e4f\" href=\"https:\/\/fareharbor.com\/embeds\/book\/atodavela\/items\/720275\/?full-items=yes&#038;flow=1607608\">Reservas Online<\/a><\/div>\n<\/div>\n<\/div>\n<\/div>\n\n<div class=\"et_pb_section_2 et_pb_section et_section_regular et_flex_section\">\n<div class=\"et_pb_row_2 et_pb_row et_flex_row\">\n<div class=\"et_pb_column_2 et_pb_column et-last-child et_flex_column et_pb_css_mix_blend_mode_passthrough et_flex_column_24_24 et_flex_column_24_24_tablet et_flex_column_24_24_phone\">\n<div class=\"et_pb_code_0 et_pb_code et_pb_module\"><div class=\"et_pb_code_inner\"><!-- FareHarbor calendar of item #720275 -->\n<script src=\"https:\/\/fareharbor.com\/embeds\/script\/calendar-small\/atodavela\/items\/720275\/?fallback=simple&full-items=yes&flow=1607608\"><\/script><\/div><\/div>\n<\/div>\n<\/div>\n<\/div>\n\n<div class=\"et_pb_section_3 et_pb_section et_section_regular et_flex_section\">\n<div class=\"et_pb_row_3 et_pb_row et_flex_row\">\n<div class=\"et_pb_column_3 et_pb_column et-last-child et_flex_column et_pb_css_mix_blend_mode_passthrough et_flex_column_24_24 et_flex_column_24_24_tablet et_flex_column_24_24_phone\">\n<div class=\"et_pb_text_9 et_pb_text et_pb_bg_layout_light et_pb_module et_flex_module\"><div class=\"et_pb_text_inner\"><h3><strong>Otras experiencias en velero en C\u00e1diz<\/strong><strong><\/strong><strong><\/strong><\/h3>\n<ul>\n<li><strong><a href=\"https:\/\/atodavela.eu\/en\/experiencias\/navegar-a-vela-bahia-cadiz\/\">Navegar a vela por la bah\u00eda de C\u00e1diz<\/a><\/strong><strong><a href=\"https:\/\/atodavela.eu\/en\/experiencias\/murallas-de-cadiz-desde-el-mar\/\"><\/a><\/strong><\/li>\n<li><strong><a href=\"https:\/\/atodavela.eu\/en\/experiencias\/playas-de-cadiz-en-velero\/\">Playas de C\u00e1diz en velero.<\/a><\/strong><\/li>\n<li><strong><a href=\"https:\/\/atodavela.eu\/en\/experiencias\/cadiz-historico-desde-el-mar\/\">C\u00e1diz hist\u00f3rico desde el mar<\/a><\/strong><\/li>\n<li><strong><a href=\"https:\/\/atodavela.eu\/en\/experiencias\/sea-starlight-cadiz\/\">Experiencia Navegaci\u00f3n nocturna Sea Starlight en C\u00e1diz.<\/a><\/strong><\/li>\n<li><a href=\"https:\/\/atodavela.eu\/en\/experiencias\/experiencia-gourmet-velero-cadiz\/\"><strong>Experiencia gourmet en velero<\/strong><\/a><\/li>\n<\/ul>\n<\/div><\/div>\n<\/div>\n<\/div>\n<\/div>\n\n<div class=\"et_pb_section_4 et_pb_section et_section_regular et_flex_section\">\n<div class=\"et_pb_row_4 et_pb_row et_flex_row\">\n<div class=\"et_pb_column_4 et_pb_column et-last-child et_flex_column et_pb_css_mix_blend_mode_passthrough et_flex_column_24_24 et_flex_column_24_24_tablet et_flex_column_24_24_phone\">\n<div class=\"et_pb_text_10 et_pb_text et_pb_bg_layout_light et_pb_module et_flex_module\">\n<div class=\"et_pb_fullwidth_code_0 et_pb_fullwidth_code et_pb_text_align_center et_pb_module\"><div class=\"et_pb_code_inner\"><iframe src=\"https:\/\/www.google.com\/maps\/embed?pb=!1m18!1m12!1m3!1d12821.911813968907!2d-6.301041012841791!3d36.54258709999999!2m3!1f0!2f0!3f0!3m2!1i1024!2i768!4f13.1!3m3!1m2!1s0xd0dcf85cdaf8929%3A0x2206940de1b17bd7!2sA%20TODA%20VELA!5e0!3m2!1ses!2ses!4v1764101350188!5m2!1ses!2ses\" width=\"800\" height=\"600\" style=\"border:0;\" allowfullscreen=\"\" loading=\"lazy\" referrerpolicy=\"no-referrer-when-downgrade\"><\/iframe><\/div><\/div>\n<\/div>\n<\/div>\n<\/div>\n<\/div>\n\n<div class=\"et_pb_section_5 et_pb_section et_section_regular et_block_section\">\n<div class=\"et_pb_row_5 et_pb_row et_pb_equal_columns et_pb_gutters1 et_block_row\">\n<div class=\"et_pb_column_5 et_pb_column et_pb_column_1_2 et_block_column et_pb_css_mix_blend_mode_passthrough\">\n<div class=\"et_pb_divider_0 et_pb_divider_hidden et_pb_space et_pb_divider_position_top et_pb_module\"><div class=\"et_pb_divider_internal\"><\/div><\/div>\n<\/div>\n\n<div class=\"et_pb_column_6 et_pb_column et_pb_column_1_2 et-last-child et_block_column et_pb_css_mix_blend_mode_passthrough\">\n<div class=\"et_pb_text_11 et_pb_text et_pb_bg_layout_light et_pb_module et_block_module preset--module--divi-text--b327cbe4-b1d5-4b66-ad37-40c8f2f061ba\"><div class=\"et_pb_text_inner\"><h2>A TODA VELA,    at sea since 1999<\/h2>\n<\/div><\/div>\n\n<div class=\"et_pb_module et_pb_button_module_wrapper et_pb_button_2_wrapper preset--module--divi-button--31b4f027-aaa0-4f2f-ae02-959764e19e4f_wrapper\"><a class=\"et_pb_button_2 et_pb_button et_pb_bg_layout_light et_pb_module et_block_module preset--module--divi-button--31b4f027-aaa0-4f2f-ae02-959764e19e4f\" href=\"https:\/\/atodavela.eu\/en\/contacto\/\">Contacto<\/a><\/div>\n\n<div class=\"et_pb_text_12 et_pb_text et_pb_bg_layout_light et_pb_module et_block_module preset--module--divi-text--aaa7c440-590a-4078-ae0c-0f3c699ac51c\"><div class=\"et_pb_text_inner\"><p>For more than 25 years, A Toda Vela has shared its passion for the sea through training, sailing, and experiences that inspire people from all over the world.<\/p>\n<\/div><\/div>\n<\/div>\n<\/div>\n<\/div>","protected":false},"excerpt":{"rendered":"","protected":false},"author":1,"featured_media":2742,"parent":218,"menu_order":0,"comment_status":"closed","ping_status":"closed","template":"","meta":{"footnotes":""},"class_list":["post-2942","page","type-page","status-publish","has-post-thumbnail","hentry"],"yoast_head":"<!-- This site is optimized with the Yoast SEO plugin v27.5 - https:\/\/yoast.com\/product\/yoast-seo-wordpress\/ -->\n<title>Atardecer en velero en C\u00e1diz | Navegaci\u00f3n privada por la Bah\u00eda<\/title>\n<meta name=\"description\" content=\"Disfruta de un atardecer en velero en C\u00e1diz con una salida privada por la Bah\u00eda. Contempla la puesta de sol desde el mar y vive una experiencia tranquila navegando por el Atl\u00e1ntico.\" \/>\n<meta name=\"robots\" content=\"index, follow, max-snippet:-1, max-image-preview:large, max-video-preview:-1\" \/>\n<link rel=\"canonical\" href=\"https:\/\/atodavela.eu\/en\/experiencias\/atardecer-en-velero-cadiz\/\" \/>\n<meta property=\"og:locale\" content=\"en_US\" \/>\n<meta property=\"og:type\" content=\"article\" \/>\n<meta property=\"og:title\" content=\"Atardecer en velero en C\u00e1diz | Navegaci\u00f3n privada por la Bah\u00eda\" \/>\n<meta property=\"og:description\" content=\"Disfruta de un atardecer en velero en C\u00e1diz con una salida privada por la Bah\u00eda. Contempla la puesta de sol desde el mar y vive una experiencia tranquila navegando por el Atl\u00e1ntico.\" \/>\n<meta property=\"og:url\" content=\"https:\/\/atodavela.eu\/en\/experiencias\/atardecer-en-velero-cadiz\/\" \/>\n<meta property=\"og:site_name\" content=\"A Toda Vela\" \/>\n<meta property=\"article:modified_time\" content=\"2026-04-19T10:57:53+00:00\" \/>\n<meta property=\"og:image\" content=\"https:\/\/atodavela.eu\/wp-content\/uploads\/2026\/02\/paisaje-cubierta.jpg\" \/>\n\t<meta property=\"og:image:width\" content=\"1900\" \/>\n\t<meta property=\"og:image:height\" content=\"1425\" \/>\n\t<meta property=\"og:image:type\" content=\"image\/jpeg\" \/>\n<meta name=\"twitter:card\" content=\"summary_large_image\" \/>\n<meta name=\"twitter:label1\" content=\"Est. reading time\" \/>\n\t<meta name=\"twitter:data1\" content=\"1 minute\" \/>\n<script type=\"application\/ld+json\" class=\"yoast-schema-graph\">{\"@context\":\"https:\\\/\\\/schema.org\",\"@graph\":[{\"@type\":\"WebPage\",\"@id\":\"https:\\\/\\\/atodavela.eu\\\/experiencias\\\/atardecer-en-velero-cadiz\\\/\",\"url\":\"https:\\\/\\\/atodavela.eu\\\/experiencias\\\/atardecer-en-velero-cadiz\\\/\",\"name\":\"Atardecer en velero en C\u00e1diz | Navegaci\u00f3n privada por la Bah\u00eda\",\"isPartOf\":{\"@id\":\"https:\\\/\\\/atodavela.eu\\\/#website\"},\"primaryImageOfPage\":{\"@id\":\"https:\\\/\\\/atodavela.eu\\\/experiencias\\\/atardecer-en-velero-cadiz\\\/#primaryimage\"},\"image\":{\"@id\":\"https:\\\/\\\/atodavela.eu\\\/experiencias\\\/atardecer-en-velero-cadiz\\\/#primaryimage\"},\"thumbnailUrl\":\"https:\\\/\\\/atodavela.eu\\\/wp-content\\\/uploads\\\/2026\\\/02\\\/paisaje-cubierta.jpg\",\"datePublished\":\"2026-03-15T12:38:26+00:00\",\"dateModified\":\"2026-04-19T10:57:53+00:00\",\"description\":\"Disfruta de un atardecer en velero en C\u00e1diz con una salida privada por la Bah\u00eda. Contempla la puesta de sol desde el mar y vive una experiencia tranquila navegando por el Atl\u00e1ntico.\",\"breadcrumb\":{\"@id\":\"https:\\\/\\\/atodavela.eu\\\/experiencias\\\/atardecer-en-velero-cadiz\\\/#breadcrumb\"},\"inLanguage\":\"en-US\",\"potentialAction\":[{\"@type\":\"ReadAction\",\"target\":[\"https:\\\/\\\/atodavela.eu\\\/experiencias\\\/atardecer-en-velero-cadiz\\\/\"]}]},{\"@type\":\"ImageObject\",\"inLanguage\":\"en-US\",\"@id\":\"https:\\\/\\\/atodavela.eu\\\/experiencias\\\/atardecer-en-velero-cadiz\\\/#primaryimage\",\"url\":\"https:\\\/\\\/atodavela.eu\\\/wp-content\\\/uploads\\\/2026\\\/02\\\/paisaje-cubierta.jpg\",\"contentUrl\":\"https:\\\/\\\/atodavela.eu\\\/wp-content\\\/uploads\\\/2026\\\/02\\\/paisaje-cubierta.jpg\",\"width\":1900,\"height\":1425,\"caption\":\"Navegar a vela en C\u00e1diz\"},{\"@type\":\"BreadcrumbList\",\"@id\":\"https:\\\/\\\/atodavela.eu\\\/experiencias\\\/atardecer-en-velero-cadiz\\\/#breadcrumb\",\"itemListElement\":[{\"@type\":\"ListItem\",\"position\":1,\"name\":\"Portada\",\"item\":\"https:\\\/\\\/atodavela.eu\\\/\"},{\"@type\":\"ListItem\",\"position\":2,\"name\":\"Experiencias\",\"item\":\"https:\\\/\\\/atodavela.eu\\\/experiencias\\\/\"},{\"@type\":\"ListItem\",\"position\":3,\"name\":\"Atardecer en velero en C\u00e1diz\"}]},{\"@type\":\"WebSite\",\"@id\":\"https:\\\/\\\/atodavela.eu\\\/#website\",\"url\":\"https:\\\/\\\/atodavela.eu\\\/\",\"name\":\"A Toda Vela\",\"description\":\"Escuela N\u00e1utica, alquiler de barcos y experiencias Sea Starlight en C\u00e1diz\",\"publisher\":{\"@id\":\"https:\\\/\\\/atodavela.eu\\\/#organization\"},\"potentialAction\":[{\"@type\":\"SearchAction\",\"target\":{\"@type\":\"EntryPoint\",\"urlTemplate\":\"https:\\\/\\\/atodavela.eu\\\/?s={search_term_string}\"},\"query-input\":{\"@type\":\"PropertyValueSpecification\",\"valueRequired\":true,\"valueName\":\"search_term_string\"}}],\"inLanguage\":\"en-US\"},{\"@type\":\"Organization\",\"@id\":\"https:\\\/\\\/atodavela.eu\\\/#organization\",\"name\":\"A Toda Vela\",\"url\":\"https:\\\/\\\/atodavela.eu\\\/\",\"logo\":{\"@type\":\"ImageObject\",\"inLanguage\":\"en-US\",\"@id\":\"https:\\\/\\\/atodavela.eu\\\/#\\\/schema\\\/logo\\\/image\\\/\",\"url\":\"https:\\\/\\\/atodavela.eu\\\/wp-content\\\/uploads\\\/2025\\\/07\\\/Logo-ATV-R.png\",\"contentUrl\":\"https:\\\/\\\/atodavela.eu\\\/wp-content\\\/uploads\\\/2025\\\/07\\\/Logo-ATV-R.png\",\"width\":220,\"height\":220,\"caption\":\"A Toda Vela\"},\"image\":{\"@id\":\"https:\\\/\\\/atodavela.eu\\\/#\\\/schema\\\/logo\\\/image\\\/\"}}]}<\/script>\n<!-- \/ Yoast SEO plugin. -->","yoast_head_json":{"title":"Atardecer en velero en C\u00e1diz | Navegaci\u00f3n privada por la Bah\u00eda","description":"Disfruta de un atardecer en velero en C\u00e1diz con una salida privada por la Bah\u00eda. Contempla la puesta de sol desde el mar y vive una experiencia tranquila navegando por el Atl\u00e1ntico.","robots":{"index":"index","follow":"follow","max-snippet":"max-snippet:-1","max-image-preview":"max-image-preview:large","max-video-preview":"max-video-preview:-1"},"canonical":"https:\/\/atodavela.eu\/en\/experiencias\/atardecer-en-velero-cadiz\/","og_locale":"en_US","og_type":"article","og_title":"Atardecer en velero en C\u00e1diz | Navegaci\u00f3n privada por la Bah\u00eda","og_description":"Disfruta de un atardecer en velero en C\u00e1diz con una salida privada por la Bah\u00eda. Contempla la puesta de sol desde el mar y vive una experiencia tranquila navegando por el Atl\u00e1ntico.","og_url":"https:\/\/atodavela.eu\/en\/experiencias\/atardecer-en-velero-cadiz\/","og_site_name":"A Toda Vela","article_modified_time":"2026-04-19T10:57:53+00:00","og_image":[{"width":1900,"height":1425,"url":"https:\/\/atodavela.eu\/wp-content\/uploads\/2026\/02\/paisaje-cubierta.jpg","type":"image\/jpeg"}],"twitter_card":"summary_large_image","twitter_misc":{"Est. reading time":"1 minute"},"schema":{"@context":"https:\/\/schema.org","@graph":[{"@type":"WebPage","@id":"https:\/\/atodavela.eu\/experiencias\/atardecer-en-velero-cadiz\/","url":"https:\/\/atodavela.eu\/experiencias\/atardecer-en-velero-cadiz\/","name":"Atardecer en velero en C\u00e1diz | Navegaci\u00f3n privada por la Bah\u00eda","isPartOf":{"@id":"https:\/\/atodavela.eu\/#website"},"primaryImageOfPage":{"@id":"https:\/\/atodavela.eu\/experiencias\/atardecer-en-velero-cadiz\/#primaryimage"},"image":{"@id":"https:\/\/atodavela.eu\/experiencias\/atardecer-en-velero-cadiz\/#primaryimage"},"thumbnailUrl":"https:\/\/atodavela.eu\/wp-content\/uploads\/2026\/02\/paisaje-cubierta.jpg","datePublished":"2026-03-15T12:38:26+00:00","dateModified":"2026-04-19T10:57:53+00:00","description":"Disfruta de un atardecer en velero en C\u00e1diz con una salida privada por la Bah\u00eda. Contempla la puesta de sol desde el mar y vive una experiencia tranquila navegando por el Atl\u00e1ntico.","breadcrumb":{"@id":"https:\/\/atodavela.eu\/experiencias\/atardecer-en-velero-cadiz\/#breadcrumb"},"inLanguage":"en-US","potentialAction":[{"@type":"ReadAction","target":["https:\/\/atodavela.eu\/experiencias\/atardecer-en-velero-cadiz\/"]}]},{"@type":"ImageObject","inLanguage":"en-US","@id":"https:\/\/atodavela.eu\/experiencias\/atardecer-en-velero-cadiz\/#primaryimage","url":"https:\/\/atodavela.eu\/wp-content\/uploads\/2026\/02\/paisaje-cubierta.jpg","contentUrl":"https:\/\/atodavela.eu\/wp-content\/uploads\/2026\/02\/paisaje-cubierta.jpg","width":1900,"height":1425,"caption":"Navegar a vela en C\u00e1diz"},{"@type":"BreadcrumbList","@id":"https:\/\/atodavela.eu\/experiencias\/atardecer-en-velero-cadiz\/#breadcrumb","itemListElement":[{"@type":"ListItem","position":1,"name":"Portada","item":"https:\/\/atodavela.eu\/"},{"@type":"ListItem","position":2,"name":"Experiencias","item":"https:\/\/atodavela.eu\/experiencias\/"},{"@type":"ListItem","position":3,"name":"Atardecer en velero en C\u00e1diz"}]},{"@type":"WebSite","@id":"https:\/\/atodavela.eu\/#website","url":"https:\/\/atodavela.eu\/","name":"A Toda Vela","description":"Escuela N\u00e1utica, alquiler de barcos y experiencias Sea Starlight en C\u00e1diz","publisher":{"@id":"https:\/\/atodavela.eu\/#organization"},"potentialAction":[{"@type":"SearchAction","target":{"@type":"EntryPoint","urlTemplate":"https:\/\/atodavela.eu\/?s={search_term_string}"},"query-input":{"@type":"PropertyValueSpecification","valueRequired":true,"valueName":"search_term_string"}}],"inLanguage":"en-US"},{"@type":"Organization","@id":"https:\/\/atodavela.eu\/#organization","name":"A Toda Vela","url":"https:\/\/atodavela.eu\/","logo":{"@type":"ImageObject","inLanguage":"en-US","@id":"https:\/\/atodavela.eu\/#\/schema\/logo\/image\/","url":"https:\/\/atodavela.eu\/wp-content\/uploads\/2025\/07\/Logo-ATV-R.png","contentUrl":"https:\/\/atodavela.eu\/wp-content\/uploads\/2025\/07\/Logo-ATV-R.png","width":220,"height":220,"caption":"A Toda Vela"},"image":{"@id":"https:\/\/atodavela.eu\/#\/schema\/logo\/image\/"}}]}},"_links":{"self":[{"href":"https:\/\/atodavela.eu\/en\/wp-json\/wp\/v2\/pages\/2942","targetHints":{"allow":["GET"]}}],"collection":[{"href":"https:\/\/atodavela.eu\/en\/wp-json\/wp\/v2\/pages"}],"about":[{"href":"https:\/\/atodavela.eu\/en\/wp-json\/wp\/v2\/types\/page"}],"author":[{"embeddable":true,"href":"https:\/\/atodavela.eu\/en\/wp-json\/wp\/v2\/users\/1"}],"replies":[{"embeddable":true,"href":"https:\/\/atodavela.eu\/en\/wp-json\/wp\/v2\/comments?post=2942"}],"version-history":[{"count":24,"href":"https:\/\/atodavela.eu\/en\/wp-json\/wp\/v2\/pages\/2942\/revisions"}],"predecessor-version":[{"id":3427,"href":"https:\/\/atodavela.eu\/en\/wp-json\/wp\/v2\/pages\/2942\/revisions\/3427"}],"up":[{"embeddable":true,"href":"https:\/\/atodavela.eu\/en\/wp-json\/wp\/v2\/pages\/218"}],"wp:featuredmedia":[{"embeddable":true,"href":"https:\/\/atodavela.eu\/en\/wp-json\/wp\/v2\/media\/2742"}],"wp:attachment":[{"href":"https:\/\/atodavela.eu\/en\/wp-json\/wp\/v2\/media?parent=2942"}],"curies":[{"name":"wp","href":"https:\/\/api.w.org\/{rel}","templated":true}]}}