{"id":2962,"date":"2026-03-15T18:21:09","date_gmt":"2026-03-15T17:21:09","guid":{"rendered":"https:\/\/atodavela.eu\/?page_id=2962"},"modified":"2026-04-27T17:57:32","modified_gmt":"2026-04-27T15:57:32","slug":"playas-de-cadiz-en-velero","status":"publish","type":"page","link":"https:\/\/atodavela.eu\/en\/experiencias\/playas-de-cadiz-en-velero\/","title":{"rendered":"Playas de C\u00e1diz en velero"},"content":{"rendered":"<div class=\"et_pb_section_0 et_pb_section et_section_regular et_block_section\">\n<div class=\"et_pb_row_0 et_pb_row et_block_row\">\n<div class=\"et_pb_column_0 et_pb_column et_pb_column_4_4 et-last-child et_block_column et_pb_css_mix_blend_mode_passthrough\">\n<div class=\"et_pb_text_0 et_pb_text et_pb_bg_layout_light et_pb_module et_block_module preset--module--divi-text--e6504a1b-67eb-4b3d-b023-bcab277610b6\"><div class=\"et_pb_text_inner\"><h3>A Toda Vela<\/h3>\n<\/div><\/div>\n\n<div class=\"et_pb_text_1 et_pb_text et_pb_bg_layout_dark et_pb_module et_block_module preset--module--divi-text--c16985e1-e0d6-4022-964d-e2bfc04fa633\"><div class=\"et_pb_text_inner\"><h1><strong>Playas de C\u00e1diz en velero<\/strong><\/h1>\n<\/div><\/div>\n\n<div class=\"et_pb_text_2 et_pb_text et_pb_bg_layout_light et_pb_module et_flex_module\"><div class=\"et_pb_text_inner\"><h3><span style=\"color: #ffffff;\">Navega en velero frente a las largas playas atl\u00e1nticas de C\u00e1diz.<\/span><\/h3>\n<\/div><\/div>\n<\/div>\n<\/div>\n<\/div>\n\n<div class=\"et_pb_section_1 et_pb_section et_section_regular et_flex_section\">\n<div class=\"et_pb_row_1 et_pb_row et_flex_row\">\n<div class=\"et_pb_column_1 et_pb_column et-last-child et_flex_column et_pb_css_mix_blend_mode_passthrough et_flex_column_24_24 et_flex_column_24_24_tablet et_flex_column_24_24_phone\">\n<div class=\"et_pb_text_3 et_pb_text et_pb_bg_layout_light et_pb_module et_flex_module\"><div class=\"et_pb_text_inner\"><h2><strong>Duraci\u00f3n y organizaci\u00f3n<\/strong><\/h2>\n<p>La duraci\u00f3n de la experiencia es flexible. De 2 a 6 horas.<\/p>\n<p>Las salidas son privadas, por lo que el velero se reserva exclusivamente para tu grupo.<\/p>\n<p><strong>A bordo disfrutar\u00e1s del pack de bienvenida <\/strong>con frutos secos para picar y un refresco.<\/p>\n<\/div><\/div>\n\n<div class=\"et_pb_text_4 et_pb_text et_pb_bg_layout_light et_pb_module et_flex_module\"><div class=\"et_pb_text_inner\"><p>Las playas de C\u00e1diz forman uno de los paisajes m\u00e1s abiertos y luminosos de la costa atl\u00e1ntica. Navegar frente a ellas permite contemplar la ciudad desde el mar y disfrutar del horizonte del Atl\u00e1ntico y si queremos, un ba\u00f1o en un entorno tranquilo.<\/p>\n<p>Recorreremos la costa y disfrutaremos de sus playas.<\/p>\n<\/div><\/div>\n\n<div class=\"et_pb_text_5 et_pb_text et_pb_bg_layout_light et_pb_module et_flex_module\"><div class=\"et_pb_text_inner\"><h2><strong>\u00bfQu\u00e9 playas podr\u00e1s conocer?<\/strong><\/h2>\n<p><strong>Son varias las playas a las que podremos acceder desde el mar:<\/strong><\/p>\n<ul>\n<li>La playa de Valdelagrana (El Puerto de Santa Mar\u00eda)<\/li>\n<li>La playa de la Puntilla (El Puerto de Santa Mar\u00eda)<\/li>\n<li>La playa del Almirante (Rota)<\/li>\n<li>La Caleta (C\u00e1diz)<\/li>\n<li>La Playa de Santa M\u00aa del Mar (al oeste de la ciudad)<\/li>\n<li>La Playa de la Victoria (al oeste de la ciudad)<\/li>\n<\/ul>\n<p>\u00a0<\/p>\n<\/div><\/div>\n\n<div class=\"et_pb_gallery_0 et_pb_gallery et_pb_bg_layout_light et_pb_gallery_grid et_pb_module\" data-auto-rotate=\"off\" data-auto-rotate-speed=\"\"><div class=\"et_pb_gallery_items et_post_gallery clearfix et_grid_module\" data-per_page=\"4\"><div class=\"et_pb_gallery_item et_pb_grid_item et_pb_gallery_item_0_0\"><div class=\"et_pb_gallery_image landscape\" data-per_page=\"4\"><a href=\"https:\/\/atodavela.eu\/wp-content\/uploads\/2026\/03\/plano-aeros-veleros-fondeados.jpg\" title=\"Plano ae\u0301reo veleros fondeados\"><img loading=\"lazy\" decoding=\"async\" width=\"400\" height=\"284\" src=\"https:\/\/atodavela.eu\/wp-content\/uploads\/2026\/03\/plano-aeros-veleros-fondeados-400x284.jpg\" alt=\"Veleros fondeados playa C\u00e1diz\" class=\"wp-image-3081\" \/><span class=\"et_overlay\" data-icon=\"\" data-icon-tablet=\"\" data-icon-phone=\"\"><\/span><\/a><\/div><h3 class=\"et_pb_gallery_title\">Plano ae\u0301reo veleros fondeados<\/h3><\/div><div class=\"et_pb_gallery_item et_pb_grid_item et_pb_gallery_item_0_1\"><div class=\"et_pb_gallery_image landscape\" data-per_page=\"4\"><a href=\"https:\/\/atodavela.eu\/wp-content\/uploads\/2025\/09\/plataforma-banno-barco.jpg\" title=\"Plataforma ba\u00f1o velero\"><img loading=\"lazy\" decoding=\"async\" width=\"400\" height=\"284\" src=\"https:\/\/atodavela.eu\/wp-content\/uploads\/2025\/09\/plataforma-banno-barco-400x284.jpg\" alt=\"Popa del velero de A toda vela\" class=\"wp-image-808\" \/><span class=\"et_overlay\" data-icon=\"\" data-icon-tablet=\"\" data-icon-phone=\"\"><\/span><\/a><\/div><h3 class=\"et_pb_gallery_title\">Plataforma ba\u00f1o velero<\/h3><\/div><div class=\"et_pb_gallery_item et_pb_grid_item et_pb_gallery_item_0_2\"><div class=\"et_pb_gallery_image landscape\" data-per_page=\"4\"><a href=\"https:\/\/atodavela.eu\/wp-content\/uploads\/2026\/03\/velero-fondeado-en-la-caleta.jpg\" title=\"Velero fondeado en la caleta\"><img loading=\"lazy\" decoding=\"async\" width=\"400\" height=\"284\" src=\"https:\/\/atodavela.eu\/wp-content\/uploads\/2026\/03\/velero-fondeado-en-la-caleta-400x284.jpg\" alt=\"Playa de La Caleta en Velero\" class=\"wp-image-2879\" \/><span class=\"et_overlay\" data-icon=\"\" data-icon-tablet=\"\" data-icon-phone=\"\"><\/span><\/a><\/div><h3 class=\"et_pb_gallery_title\">Velero fondeado en la caleta<\/h3><\/div><div class=\"et_pb_gallery_item et_pb_grid_item et_pb_gallery_item_0_3\"><div class=\"et_pb_gallery_image landscape\" data-per_page=\"4\"><a href=\"https:\/\/atodavela.eu\/wp-content\/uploads\/2026\/03\/Bano-en-el-barco.jpg\" title=\"Ban\u0303o en el barco\"><img loading=\"lazy\" decoding=\"async\" width=\"400\" height=\"284\" src=\"https:\/\/atodavela.eu\/wp-content\/uploads\/2026\/03\/Bano-en-el-barco-400x284.jpg\" alt=\"Familia ba\u00f1\u00e1ndose junto al velero\" class=\"wp-image-3080\" \/><span class=\"et_overlay\" data-icon=\"\" data-icon-tablet=\"\" data-icon-phone=\"\"><\/span><\/a><\/div><h3 class=\"et_pb_gallery_title\">Ban\u0303o en el barco<\/h3><\/div><\/div><div class=\"et_pb_gallery_pagination\"><\/div><\/div>\n\n<div class=\"et_pb_text_6 et_pb_text et_pb_bg_layout_light et_pb_module et_flex_module\"><div class=\"et_pb_text_inner\"><h2><strong>Informaci\u00f3n pr\u00e1ctica<\/strong><\/h2>\n<ul>\n<li>Embarque en C\u00e1diz capital (Puerto Am\u00e9rica)<\/li>\n<li>Velero de crucero con patr\u00f3n profesional<\/li>\n<li>Horarios adaptables seg\u00fan disponibilidad<\/li>\n<\/ul>\n<\/div><\/div>\n\n<div class=\"et_pb_module et_pb_button_module_wrapper et_pb_button_0_wrapper\"><a class=\"et_pb_button_0 et_pb_button et_pb_bg_layout_dark et_pb_module et_flex_module\" href=\"tel:+34633020299\">Reservas Telef\u00f3nicas<\/a><\/div>\n\n<div class=\"et_pb_text_7 et_pb_text et_pb_bg_layout_light et_pb_module et_flex_module\"><div class=\"et_pb_text_inner\"><h3><span style=\"color: #333399;\"><strong>Consulta disponibilidad<\/strong><\/span><\/h3>\n<h3><strong>Tarifas:<\/strong><\/h3>\n<p><strong>2 horas: De 1 a 4 personas: 250 \u20ac. 5 a 9 personas: 300 \u20ac.<\/strong><\/p>\n<p><strong>4 horas: De 1 a 4 personas: 350 \u20ac. 5 a 9 personas: 400 \u20ac.<\/strong><\/p>\n<p><strong>6 horas: De 1 a 4 personas: 500 \u20ac. 5 a 9 personas: 550 \u20ac.<\/strong><strong><\/strong><\/p>\n<p><strong>Pack bienvenida (refresco y aperitivo, incluido).<\/strong><\/p>\n<p><strong><\/strong><\/p>\n<\/div><\/div>\n\n<div class=\"et_pb_text_8 et_pb_text et_pb_bg_layout_light et_pb_module et_flex_module\"><div class=\"et_pb_text_inner\"><h3 style=\"text-align: center;\"><strong>ONLINE BOOKINGS<\/strong><\/h3>\n<\/div><\/div>\n<\/div>\n<\/div>\n<\/div>\n\n<div class=\"et_pb_section_2 et_pb_section et_section_regular et_flex_section\">\n<div class=\"et_pb_row_2 et_pb_row et_flex_row\">\n<div class=\"et_pb_column_2 et_pb_column et-last-child et_flex_column et_pb_css_mix_blend_mode_passthrough et_flex_column_24_24 et_flex_column_24_24_tablet et_flex_column_24_24_phone\">\n<div class=\"et_pb_code_0 et_pb_code et_pb_module\"><div class=\"et_pb_code_inner\"><!-- FareHarbor item grid of flow #1613555 -->\n<script src=\"https:\/\/fareharbor.com\/embeds\/script\/items\/atodavela\/?full-items=yes&fallback=simple&flow=1613555\"><\/script><\/div><\/div>\n<\/div>\n<\/div>\n<\/div>\n\n<div class=\"et_pb_section_3 et_pb_section et_section_regular et_flex_section\">\n<div class=\"et_pb_row_3 et_pb_row et_block_row\">\n<div class=\"et_pb_column_3 et_pb_column et_pb_column_4_4 et-last-child et_block_column et_pb_css_mix_blend_mode_passthrough\">\n<div class=\"et_pb_text_9 et_pb_text et_pb_bg_layout_light et_pb_module et_flex_module\"><div class=\"et_pb_text_inner\"><h3><strong>Otras experiencias en velero en C\u00e1diz<\/strong><\/h3>\n<ul>\n<li><strong><a href=\"https:\/\/atodavela.eu\/en\/experiencias\/atardecer-en-velero-cadiz\/\">Atardecer en velero en C\u00e1diz.<\/a><\/strong><\/li>\n<li><strong><a href=\"https:\/\/atodavela.eu\/en\/experiencias\/sea-starlight-cadiz\/\">Experiencia navegaci\u00f3n nocturna Sea Starlight en C\u00e1diz.<\/a><\/strong><\/li>\n<li><strong><a href=\"https:\/\/atodavela.eu\/en\/experiencias\/cadiz-historico-desde-el-mar\/\">C\u00e1diz hist\u00f3rico desde el mar<\/a><\/strong><\/li>\n<li><strong><a href=\"https:\/\/atodavela.eu\/en\/experiencias\/navegar-a-vela-bahia-cadiz\/\">Navega a vela por la Bah\u00eda de C\u00e1diz<\/a><\/strong><\/li>\n<li><a href=\"https:\/\/atodavela.eu\/en\/experiencias\/experiencia-gourmet-velero-cadiz\/\"><strong>Experiencia gourmet en velero<\/strong><strong><\/strong><\/a><\/li>\n<\/ul>\n<\/div><\/div>\n<\/div>\n<\/div>\n\n<div class=\"et_pb_row_4 et_pb_row et_flex_row\">\n<div class=\"et_pb_column_4 et_pb_column et-last-child et_flex_column et_pb_css_mix_blend_mode_passthrough et_flex_column_24_24 et_flex_column_24_24_tablet et_flex_column_24_24_phone\">\n<div class=\"et_pb_text_10 et_pb_text et_pb_bg_layout_light et_pb_module et_flex_module\">\n<div class=\"et_pb_fullwidth_code_0 et_pb_fullwidth_code et_pb_text_align_center et_pb_module\"><div class=\"et_pb_code_inner\"><iframe src=\"https:\/\/www.google.com\/maps\/embed?pb=!1m18!1m12!1m3!1d12821.911813968907!2d-6.301041012841791!3d36.54258709999999!2m3!1f0!2f0!3f0!3m2!1i1024!2i768!4f13.1!3m3!1m2!1s0xd0dcf85cdaf8929%3A0x2206940de1b17bd7!2sA%20TODA%20VELA!5e0!3m2!1ses!2ses!4v1764101350188!5m2!1ses!2ses\" width=\"800\" height=\"600\" style=\"border:0;\" allowfullscreen=\"\" loading=\"lazy\" referrerpolicy=\"no-referrer-when-downgrade\"><\/iframe><\/div><\/div>\n<\/div>\n<\/div>\n<\/div>\n<\/div>\n\n<div class=\"et_pb_section_4 et_pb_section et_section_regular et_block_section\">\n<div class=\"et_pb_row_5 et_pb_row et_pb_equal_columns et_pb_gutters1 et_block_row\">\n<div class=\"et_pb_column_5 et_pb_column et_pb_column_1_2 et_block_column et_pb_css_mix_blend_mode_passthrough\">\n<div class=\"et_pb_divider_0 et_pb_divider_hidden et_pb_space et_pb_divider_position_top et_pb_module\"><div class=\"et_pb_divider_internal\"><\/div><\/div>\n<\/div>\n\n<div class=\"et_pb_column_6 et_pb_column et_pb_column_1_2 et-last-child et_block_column et_pb_css_mix_blend_mode_passthrough\">\n<div class=\"et_pb_text_11 et_pb_text et_pb_bg_layout_light et_pb_module et_block_module preset--module--divi-text--b327cbe4-b1d5-4b66-ad37-40c8f2f061ba\"><div class=\"et_pb_text_inner\"><h2>A TODA VELA,    at sea since 1999<\/h2>\n<\/div><\/div>\n\n<div class=\"et_pb_module et_pb_button_module_wrapper et_pb_button_1_wrapper preset--module--divi-button--31b4f027-aaa0-4f2f-ae02-959764e19e4f_wrapper\"><a class=\"et_pb_button_1 et_pb_button et_pb_bg_layout_light et_pb_module et_block_module preset--module--divi-button--31b4f027-aaa0-4f2f-ae02-959764e19e4f\" href=\"https:\/\/atodavela.eu\/en\/contacto\/\">Contacto<\/a><\/div>\n\n<div class=\"et_pb_text_12 et_pb_text et_pb_bg_layout_light et_pb_module et_block_module preset--module--divi-text--aaa7c440-590a-4078-ae0c-0f3c699ac51c\"><div class=\"et_pb_text_inner\"><p>For more than 25 years, A Toda Vela has shared its passion for the sea through training, sailing, and experiences that inspire people from all over the world.<\/p>\n<\/div><\/div>\n<\/div>\n<\/div>\n<\/div>","protected":false},"excerpt":{"rendered":"","protected":false},"author":1,"featured_media":2879,"parent":218,"menu_order":0,"comment_status":"closed","ping_status":"closed","template":"","meta":{"footnotes":""},"class_list":["post-2962","page","type-page","status-publish","has-post-thumbnail","hentry"],"yoast_head":"<!-- This site is optimized with the Yoast SEO plugin v27.5 - https:\/\/yoast.com\/product\/yoast-seo-wordpress\/ -->\n<title>Playas de C\u00e1diz en velero | Navegaci\u00f3n privada en C\u00e1diz<\/title>\n<meta name=\"description\" content=\"Descubre las playas de C\u00e1diz desde el mar navegando en velero por el Atl\u00e1ntico. Una salida privada para disfrutar del litoral gaditano y del horizonte abierto.\" \/>\n<meta name=\"robots\" content=\"index, follow, max-snippet:-1, max-image-preview:large, max-video-preview:-1\" \/>\n<link rel=\"canonical\" href=\"https:\/\/atodavela.eu\/en\/experiencias\/playas-de-cadiz-en-velero\/\" \/>\n<meta property=\"og:locale\" content=\"en_US\" \/>\n<meta property=\"og:type\" content=\"article\" \/>\n<meta property=\"og:title\" content=\"Playas de C\u00e1diz en velero | Navegaci\u00f3n privada en C\u00e1diz\" \/>\n<meta property=\"og:description\" content=\"Descubre las playas de C\u00e1diz desde el mar navegando en velero por el Atl\u00e1ntico. Una salida privada para disfrutar del litoral gaditano y del horizonte abierto.\" \/>\n<meta property=\"og:url\" content=\"https:\/\/atodavela.eu\/en\/experiencias\/playas-de-cadiz-en-velero\/\" \/>\n<meta property=\"og:site_name\" content=\"A Toda Vela\" \/>\n<meta property=\"article:modified_time\" content=\"2026-04-27T15:57:32+00:00\" \/>\n<meta property=\"og:image\" content=\"https:\/\/atodavela.eu\/wp-content\/uploads\/2026\/03\/velero-fondeado-en-la-caleta.jpg\" \/>\n\t<meta property=\"og:image:width\" content=\"1536\" \/>\n\t<meta property=\"og:image:height\" content=\"1024\" \/>\n\t<meta property=\"og:image:type\" content=\"image\/jpeg\" \/>\n<meta name=\"twitter:card\" content=\"summary_large_image\" \/>\n<meta name=\"twitter:label1\" content=\"Est. reading time\" \/>\n\t<meta name=\"twitter:data1\" content=\"1 minute\" \/>\n<script type=\"application\/ld+json\" class=\"yoast-schema-graph\">{\"@context\":\"https:\\\/\\\/schema.org\",\"@graph\":[{\"@type\":\"WebPage\",\"@id\":\"https:\\\/\\\/atodavela.eu\\\/experiencias\\\/playas-de-cadiz-en-velero\\\/\",\"url\":\"https:\\\/\\\/atodavela.eu\\\/experiencias\\\/playas-de-cadiz-en-velero\\\/\",\"name\":\"Playas de C\u00e1diz en velero | Navegaci\u00f3n privada en C\u00e1diz\",\"isPartOf\":{\"@id\":\"https:\\\/\\\/atodavela.eu\\\/#website\"},\"primaryImageOfPage\":{\"@id\":\"https:\\\/\\\/atodavela.eu\\\/experiencias\\\/playas-de-cadiz-en-velero\\\/#primaryimage\"},\"image\":{\"@id\":\"https:\\\/\\\/atodavela.eu\\\/experiencias\\\/playas-de-cadiz-en-velero\\\/#primaryimage\"},\"thumbnailUrl\":\"https:\\\/\\\/atodavela.eu\\\/wp-content\\\/uploads\\\/2026\\\/03\\\/velero-fondeado-en-la-caleta.jpg\",\"datePublished\":\"2026-03-15T17:21:09+00:00\",\"dateModified\":\"2026-04-27T15:57:32+00:00\",\"description\":\"Descubre las playas de C\u00e1diz desde el mar navegando en velero por el Atl\u00e1ntico. Una salida privada para disfrutar del litoral gaditano y del horizonte abierto.\",\"breadcrumb\":{\"@id\":\"https:\\\/\\\/atodavela.eu\\\/experiencias\\\/playas-de-cadiz-en-velero\\\/#breadcrumb\"},\"inLanguage\":\"en-US\",\"potentialAction\":[{\"@type\":\"ReadAction\",\"target\":[\"https:\\\/\\\/atodavela.eu\\\/experiencias\\\/playas-de-cadiz-en-velero\\\/\"]}]},{\"@type\":\"ImageObject\",\"inLanguage\":\"en-US\",\"@id\":\"https:\\\/\\\/atodavela.eu\\\/experiencias\\\/playas-de-cadiz-en-velero\\\/#primaryimage\",\"url\":\"https:\\\/\\\/atodavela.eu\\\/wp-content\\\/uploads\\\/2026\\\/03\\\/velero-fondeado-en-la-caleta.jpg\",\"contentUrl\":\"https:\\\/\\\/atodavela.eu\\\/wp-content\\\/uploads\\\/2026\\\/03\\\/velero-fondeado-en-la-caleta.jpg\",\"width\":1536,\"height\":1024,\"caption\":\"Playa de La Caleta en Velero\"},{\"@type\":\"BreadcrumbList\",\"@id\":\"https:\\\/\\\/atodavela.eu\\\/experiencias\\\/playas-de-cadiz-en-velero\\\/#breadcrumb\",\"itemListElement\":[{\"@type\":\"ListItem\",\"position\":1,\"name\":\"Portada\",\"item\":\"https:\\\/\\\/atodavela.eu\\\/\"},{\"@type\":\"ListItem\",\"position\":2,\"name\":\"Experiencias\",\"item\":\"https:\\\/\\\/atodavela.eu\\\/experiencias\\\/\"},{\"@type\":\"ListItem\",\"position\":3,\"name\":\"Playas de C\u00e1diz en velero\"}]},{\"@type\":\"WebSite\",\"@id\":\"https:\\\/\\\/atodavela.eu\\\/#website\",\"url\":\"https:\\\/\\\/atodavela.eu\\\/\",\"name\":\"A Toda Vela\",\"description\":\"Escuela N\u00e1utica, alquiler de barcos y experiencias Sea Starlight en C\u00e1diz\",\"publisher\":{\"@id\":\"https:\\\/\\\/atodavela.eu\\\/#organization\"},\"potentialAction\":[{\"@type\":\"SearchAction\",\"target\":{\"@type\":\"EntryPoint\",\"urlTemplate\":\"https:\\\/\\\/atodavela.eu\\\/?s={search_term_string}\"},\"query-input\":{\"@type\":\"PropertyValueSpecification\",\"valueRequired\":true,\"valueName\":\"search_term_string\"}}],\"inLanguage\":\"en-US\"},{\"@type\":\"Organization\",\"@id\":\"https:\\\/\\\/atodavela.eu\\\/#organization\",\"name\":\"A Toda Vela\",\"url\":\"https:\\\/\\\/atodavela.eu\\\/\",\"logo\":{\"@type\":\"ImageObject\",\"inLanguage\":\"en-US\",\"@id\":\"https:\\\/\\\/atodavela.eu\\\/#\\\/schema\\\/logo\\\/image\\\/\",\"url\":\"https:\\\/\\\/atodavela.eu\\\/wp-content\\\/uploads\\\/2025\\\/07\\\/Logo-ATV-R.png\",\"contentUrl\":\"https:\\\/\\\/atodavela.eu\\\/wp-content\\\/uploads\\\/2025\\\/07\\\/Logo-ATV-R.png\",\"width\":220,\"height\":220,\"caption\":\"A Toda Vela\"},\"image\":{\"@id\":\"https:\\\/\\\/atodavela.eu\\\/#\\\/schema\\\/logo\\\/image\\\/\"}}]}<\/script>\n<!-- \/ Yoast SEO plugin. -->","yoast_head_json":{"title":"Playas de C\u00e1diz en velero | Navegaci\u00f3n privada en C\u00e1diz","description":"Descubre las playas de C\u00e1diz desde el mar navegando en velero por el Atl\u00e1ntico. Una salida privada para disfrutar del litoral gaditano y del horizonte abierto.","robots":{"index":"index","follow":"follow","max-snippet":"max-snippet:-1","max-image-preview":"max-image-preview:large","max-video-preview":"max-video-preview:-1"},"canonical":"https:\/\/atodavela.eu\/en\/experiencias\/playas-de-cadiz-en-velero\/","og_locale":"en_US","og_type":"article","og_title":"Playas de C\u00e1diz en velero | Navegaci\u00f3n privada en C\u00e1diz","og_description":"Descubre las playas de C\u00e1diz desde el mar navegando en velero por el Atl\u00e1ntico. Una salida privada para disfrutar del litoral gaditano y del horizonte abierto.","og_url":"https:\/\/atodavela.eu\/en\/experiencias\/playas-de-cadiz-en-velero\/","og_site_name":"A Toda Vela","article_modified_time":"2026-04-27T15:57:32+00:00","og_image":[{"width":1536,"height":1024,"url":"https:\/\/atodavela.eu\/wp-content\/uploads\/2026\/03\/velero-fondeado-en-la-caleta.jpg","type":"image\/jpeg"}],"twitter_card":"summary_large_image","twitter_misc":{"Est. reading time":"1 minute"},"schema":{"@context":"https:\/\/schema.org","@graph":[{"@type":"WebPage","@id":"https:\/\/atodavela.eu\/experiencias\/playas-de-cadiz-en-velero\/","url":"https:\/\/atodavela.eu\/experiencias\/playas-de-cadiz-en-velero\/","name":"Playas de C\u00e1diz en velero | Navegaci\u00f3n privada en C\u00e1diz","isPartOf":{"@id":"https:\/\/atodavela.eu\/#website"},"primaryImageOfPage":{"@id":"https:\/\/atodavela.eu\/experiencias\/playas-de-cadiz-en-velero\/#primaryimage"},"image":{"@id":"https:\/\/atodavela.eu\/experiencias\/playas-de-cadiz-en-velero\/#primaryimage"},"thumbnailUrl":"https:\/\/atodavela.eu\/wp-content\/uploads\/2026\/03\/velero-fondeado-en-la-caleta.jpg","datePublished":"2026-03-15T17:21:09+00:00","dateModified":"2026-04-27T15:57:32+00:00","description":"Descubre las playas de C\u00e1diz desde el mar navegando en velero por el Atl\u00e1ntico. Una salida privada para disfrutar del litoral gaditano y del horizonte abierto.","breadcrumb":{"@id":"https:\/\/atodavela.eu\/experiencias\/playas-de-cadiz-en-velero\/#breadcrumb"},"inLanguage":"en-US","potentialAction":[{"@type":"ReadAction","target":["https:\/\/atodavela.eu\/experiencias\/playas-de-cadiz-en-velero\/"]}]},{"@type":"ImageObject","inLanguage":"en-US","@id":"https:\/\/atodavela.eu\/experiencias\/playas-de-cadiz-en-velero\/#primaryimage","url":"https:\/\/atodavela.eu\/wp-content\/uploads\/2026\/03\/velero-fondeado-en-la-caleta.jpg","contentUrl":"https:\/\/atodavela.eu\/wp-content\/uploads\/2026\/03\/velero-fondeado-en-la-caleta.jpg","width":1536,"height":1024,"caption":"Playa de La Caleta en Velero"},{"@type":"BreadcrumbList","@id":"https:\/\/atodavela.eu\/experiencias\/playas-de-cadiz-en-velero\/#breadcrumb","itemListElement":[{"@type":"ListItem","position":1,"name":"Portada","item":"https:\/\/atodavela.eu\/"},{"@type":"ListItem","position":2,"name":"Experiencias","item":"https:\/\/atodavela.eu\/experiencias\/"},{"@type":"ListItem","position":3,"name":"Playas de C\u00e1diz en velero"}]},{"@type":"WebSite","@id":"https:\/\/atodavela.eu\/#website","url":"https:\/\/atodavela.eu\/","name":"A Toda Vela","description":"Escuela N\u00e1utica, alquiler de barcos y experiencias Sea Starlight en C\u00e1diz","publisher":{"@id":"https:\/\/atodavela.eu\/#organization"},"potentialAction":[{"@type":"SearchAction","target":{"@type":"EntryPoint","urlTemplate":"https:\/\/atodavela.eu\/?s={search_term_string}"},"query-input":{"@type":"PropertyValueSpecification","valueRequired":true,"valueName":"search_term_string"}}],"inLanguage":"en-US"},{"@type":"Organization","@id":"https:\/\/atodavela.eu\/#organization","name":"A Toda Vela","url":"https:\/\/atodavela.eu\/","logo":{"@type":"ImageObject","inLanguage":"en-US","@id":"https:\/\/atodavela.eu\/#\/schema\/logo\/image\/","url":"https:\/\/atodavela.eu\/wp-content\/uploads\/2025\/07\/Logo-ATV-R.png","contentUrl":"https:\/\/atodavela.eu\/wp-content\/uploads\/2025\/07\/Logo-ATV-R.png","width":220,"height":220,"caption":"A Toda Vela"},"image":{"@id":"https:\/\/atodavela.eu\/#\/schema\/logo\/image\/"}}]}},"_links":{"self":[{"href":"https:\/\/atodavela.eu\/en\/wp-json\/wp\/v2\/pages\/2962","targetHints":{"allow":["GET"]}}],"collection":[{"href":"https:\/\/atodavela.eu\/en\/wp-json\/wp\/v2\/pages"}],"about":[{"href":"https:\/\/atodavela.eu\/en\/wp-json\/wp\/v2\/types\/page"}],"author":[{"embeddable":true,"href":"https:\/\/atodavela.eu\/en\/wp-json\/wp\/v2\/users\/1"}],"replies":[{"embeddable":true,"href":"https:\/\/atodavela.eu\/en\/wp-json\/wp\/v2\/comments?post=2962"}],"version-history":[{"count":31,"href":"https:\/\/atodavela.eu\/en\/wp-json\/wp\/v2\/pages\/2962\/revisions"}],"predecessor-version":[{"id":3484,"href":"https:\/\/atodavela.eu\/en\/wp-json\/wp\/v2\/pages\/2962\/revisions\/3484"}],"up":[{"embeddable":true,"href":"https:\/\/atodavela.eu\/en\/wp-json\/wp\/v2\/pages\/218"}],"wp:featuredmedia":[{"embeddable":true,"href":"https:\/\/atodavela.eu\/en\/wp-json\/wp\/v2\/media\/2879"}],"wp:attachment":[{"href":"https:\/\/atodavela.eu\/en\/wp-json\/wp\/v2\/media?parent=2962"}],"curies":[{"name":"wp","href":"https:\/\/api.w.org\/{rel}","templated":true}]}}