{"id":2988,"date":"2026-03-16T16:55:41","date_gmt":"2026-03-16T15:55:41","guid":{"rendered":"https:\/\/atodavela.eu\/?page_id=2988"},"modified":"2026-03-22T23:49:05","modified_gmt":"2026-03-22T22:49:05","slug":"per-online","status":"publish","type":"page","link":"https:\/\/atodavela.eu\/en\/formacion-nautica\/per-online\/","title":{"rendered":"Curso PER Online"},"content":{"rendered":"<div class=\"et_pb_section_0 et_pb_section et_section_regular et_block_section\">\n<div class=\"et_pb_row_0 et_pb_row et_block_row\">\n<div class=\"et_pb_column_0 et_pb_column et_pb_column_4_4 et-last-child et_block_column et_pb_css_mix_blend_mode_passthrough\">\n<div class=\"et_pb_text_0 et_pb_text et_pb_bg_layout_light et_pb_module et_block_module preset--module--divi-text--e6504a1b-67eb-4b3d-b023-bcab277610b6\"><div class=\"et_pb_text_inner\"><h3>A Toda Vela<\/h3>\n<\/div><\/div>\n\n<div class=\"et_pb_text_1 et_pb_text et_pb_bg_layout_dark et_pb_module et_block_module preset--module--divi-text--c16985e1-e0d6-4022-964d-e2bfc04fa633\"><div class=\"et_pb_text_inner\"><h1>Curso PER Online<\/h1>\n<p><strong>Obt\u00e9n el t\u00edtulo de Patr\u00f3n de Embarcaciones de Recreo y ampl\u00eda tus posibilidades de navegaci\u00f3n<\/strong><\/p>\n<\/div><\/div>\n<\/div>\n<\/div>\n<\/div>\n\n<div class=\"et_pb_section_1 et_pb_section et_section_regular et_flex_section\">\n<div class=\"et_pb_row_1 et_pb_row et_flex_row\">\n<div class=\"et_pb_column_1 et_pb_column et-last-child et_flex_column et_pb_css_mix_blend_mode_passthrough et_flex_column_24_24 et_flex_column_24_24_tablet et_flex_column_24_24_phone\">\n<div class=\"et_pb_module et_pb_button_module_wrapper et_pb_button_0_wrapper\"><a class=\"et_pb_button_0 et_pb_button et_pb_bg_layout_dark et_pb_module et_block_module\" href=\"https:\/\/atodavela.eu\/en\/compras\/curso-per-online\/\" target=\"_blank\">Matricularme en el curso PER Online<\/a><\/div>\n<\/div>\n<\/div>\n<\/div>\n\n<div class=\"et_pb_section_2 et_pb_section et_section_regular et_block_section\">\n<div class=\"et_pb_row_2 et_pb_row et_flex_row\">\n<div class=\"et_pb_column_2 et_pb_column et-last-child et_flex_column et_pb_css_mix_blend_mode_passthrough et_flex_column_24_24 et_flex_column_24_24_tablet et_flex_column_24_24_phone\">\n<div class=\"et_pb_text_2 et_pb_text et_pb_bg_layout_light et_pb_module et_flex_module\"><div class=\"et_pb_text_inner\"><p>El curso PER online de A Toda Vela est\u00e1 pensado para quienes desean obtener el t\u00edtulo de Patr\u00f3n de Embarcaciones de Recreo (PER) y prepararse para el examen oficial de forma flexible, estudiando desde casa y a su propio ritmo.<\/p>\n<p>Se trata de la titulaci\u00f3n n\u00e1utica m\u00e1s demandada en Espa\u00f1a, ya que permite acceder a una navegaci\u00f3n m\u00e1s amplia y abre la puerta a futuras titulaciones superiores como Patr\u00f3n de Yate o Capit\u00e1n de Yate.<\/p>\n<p>La formaci\u00f3n est\u00e1 orientada a que el alumno comprenda los fundamentos de la navegaci\u00f3n y pueda afrontar con solvencia el examen te\u00f3rico oficial.<\/p>\n<p>Si necesitas realizar las pr\u00e1cticas, puedes consultar nuestras pr\u00e1cticas <strong><a href=\"https:\/\/atodavela.eu\/en\/producto\/practicas-oficiales-per-en-cadiz\/\" target=\"_blank\" rel=\"noopener\">PER en C\u00e1diz<\/a> <\/strong>con calendario actualizado.<\/p>\n<\/div><\/div>\n\n<div class=\"et_pb_text_3 et_pb_text et_pb_bg_layout_light et_pb_module et_flex_module\"><div class=\"et_pb_text_inner\"><h2><strong>\u00bfQu\u00e9 es el t\u00edtulo PER?<\/strong><\/h2>\n<p>El Patr\u00f3n de Embarcaciones de Recreo (PER) es una titulaci\u00f3n n\u00e1utica que permite gobernar embarcaciones de recreo dentro de los l\u00edmites establecidos por la normativa.<\/p>\n<p><strong>Con el PER podr\u00e1s:<\/strong><\/p>\n<ul>\n<li>Gobernar embarcaciones de hasta 15 metros de eslora<\/li>\n<li>Navegar hasta 12 millas de la costa<\/li>\n<li>Realizar traves\u00edas entre islas dentro de un archipi\u00e9lago<\/li>\n<li>Gobernar motos n\u00e1uticas con la habilitaci\u00f3n correspondiente<\/li>\n<\/ul>\n<p>Adem\u00e1s, el PER permite ampliar atribuciones mediante pr\u00e1cticas complementarias, como la habilitaci\u00f3n para navegar hasta 24 metros y realizar traves\u00edas entre la Pen\u00ednsula y Baleares.<\/p>\n<p>Si buscas una titulaci\u00f3n m\u00e1s b\u00e1sica, puedes comenzar con el <strong><a href=\"https:\/\/atodavela.eu\/en\/producto\/curso-pnb-online\/\" target=\"_blank\" rel=\"noopener\">curso PNB online.<\/a><\/strong><\/p>\n<p>\u00a0<\/p>\n<\/div><\/div>\n<\/div>\n<\/div>\n\n<div class=\"et_pb_row_3 et_pb_row et_flex_row\">\n<div class=\"et_pb_column_3 et_pb_column et-last-child et_flex_column et_pb_css_mix_blend_mode_passthrough et_flex_column_24_24 et_flex_column_24_24_tablet et_flex_column_24_24_phone\">\n<div class=\"et_pb_text_4 et_pb_text et_pb_bg_layout_light et_pb_module et_flex_module\"><div class=\"et_pb_text_inner\"><h2><strong>Requisitos para acceder al curso<\/strong><\/h2>\n<p>El curso PER Online est\u00e1 dirigido a cualquier persona que desee obtener su primera titulaci\u00f3n n\u00e1utica de recreo.<\/p>\n<p><strong>Para obtener el t\u00edtulo ser\u00e1 necesario:<\/strong><\/p>\n<ul>\n<li>Aprobar el examen te\u00f3rico oficial del PER<\/li>\n<li>Realizar las pr\u00e1cticas obligatorias de navegaci\u00f3n<\/li>\n<li>Realizar las pr\u00e1cticas de radiocomunicaciones<\/li>\n<\/ul>\n<p>No se requiere experiencia previa en navegaci\u00f3n para comenzar el curso.<\/p>\n<p>Tambi\u00e9n puedes realizar tus pr\u00e1cticas de <strong><a href=\"https:\/\/atodavela.eu\/en\/formacion-nautica\/practicas-nauticas-cadiz\/\">navegaci\u00f3n en C\u00e1diz<\/a> <\/strong>con instructores profesionales y embarcaciones homologadas.<\/p>\n<p>\u00a0<\/p>\n<\/div><\/div>\n<\/div>\n<\/div>\n\n<div class=\"et_pb_row_4 et_pb_row et_flex_row\">\n<div class=\"et_pb_column_4 et_pb_column et-last-child et_flex_column et_pb_css_mix_blend_mode_passthrough et_flex_column_24_24 et_flex_column_24_24_tablet et_flex_column_24_24_phone\">\n<div class=\"et_pb_text_5 et_pb_text et_pb_bg_layout_light et_pb_module et_flex_module\"><div class=\"et_pb_text_inner\"><h2><strong>\u00bfC\u00f3mo es el curso del PER Online?<\/strong><\/h2>\n<p>El curso se desarrolla a trav\u00e9s de una plataforma de formaci\u00f3n online, que permite estudiar desde cualquier lugar y organizar el aprendizaje seg\u00fan tu disponibilidad.<\/p>\n<p>El sistema est\u00e1 dise\u00f1ado para preparar de forma eficaz el examen te\u00f3rico oficial del PER, combinando teor\u00eda, ejercicios y test de autoevaluaci\u00f3n.<\/p>\n<p>&nbsp;<\/p>\n<\/div><\/div>\n\n<div class=\"et_pb_text_6 et_pb_text et_pb_bg_layout_light et_pb_module et_flex_module\"><div class=\"et_pb_text_inner\"><h2><strong>\u00bfQu\u00e9 incluye el curso?<\/strong><\/h2>\n<ul>\n<li>Acceso a la plataforma online de estudio<\/li>\n<li>Material did\u00e1ctico del curso<\/li>\n<li>Test y ejercicios de repaso<\/li>\n<li>Tutor\u00eda disponible durante el periodo de acceso<\/li>\n<li data-section-id=\"5jjqdt\" data-start=\"2326\" data-end=\"2367\">\n<p data-start=\"2328\" data-end=\"2367\">Contenidos estructurados por materias<\/p>\n<\/li>\n<li data-section-id=\"m3sawz\" data-start=\"2455\" data-end=\"2492\">\n<p data-start=\"2457\" data-end=\"2492\">Recursos de apoyo para el estudio<\/p>\n<\/li>\n<\/ul>\n<p>El acceso al curso tiene una duraci\u00f3n inicial de tres meses, con posibilidad de ampliaci\u00f3n.<\/p>\n<p data-start=\"2457\" data-end=\"2492\">\n<p data-start=\"2537\" data-end=\"2637\">De esta forma, el alumno puede avanzar de manera progresiva hasta completar todo el temario del PER.<\/p>\n<p data-start=\"2537\" data-end=\"2637\">\n<\/div><\/div>\n\n<div class=\"et_pb_text_7 et_pb_text et_pb_bg_layout_light et_pb_module et_flex_module\"><div class=\"et_pb_text_inner\"><h2><strong>Pr\u00e1cticas del PER<\/strong><\/h2>\n<p>Una vez superado el examen te\u00f3rico, ser\u00e1 necesario realizar las pr\u00e1cticas oficiales obligatorias para obtener el t\u00edtulo de Patr\u00f3n de Embarcaciones de Recreo.<\/p>\n<p>Estas pr\u00e1cticas se realizan de forma presencial y permiten aplicar en el mar los conocimientos adquiridos durante el curso.<\/p>\n<p><strong>Incluyen:<\/strong><\/p>\n<p>Pr\u00e1cticas de navegaci\u00f3n<\/p>\n<p>Pr\u00e1cticas de radiocomunicaciones<\/p>\n<p>En A Toda Vela, estas pr\u00e1cticas se realizan en nuestra base de C\u00e1diz, a bordo de nuestra embarcaci\u00f3n y tambi\u00e9n en Altea.<\/p>\n<p>&nbsp;<\/p>\n<\/div><\/div>\n\n<div class=\"et_pb_text_8 et_pb_text et_pb_bg_layout_light et_pb_module et_flex_module\"><div class=\"et_pb_text_inner\"><h2><strong>Ejemplos de contenidos del curso PER Online<\/strong><\/h2>\n<p><strong><\/strong><\/p>\n<\/div><\/div>\n<\/div>\n<\/div>\n\n<div class=\"et_pb_row_5 et_pb_row et_flex_row\">\n<div class=\"et_pb_column_5 et_pb_column et_flex_column et_pb_css_mix_blend_mode_passthrough et_flex_column_6_24 et_flex_column_12_24_tablet et_flex_column_24_24_phone\">\n<div class=\"et_pb_image_0 et_pb_image et_pb_module et_flex_module\"><span class=\"et_pb_image_wrap\"><img loading=\"lazy\" decoding=\"async\" src=\"https:\/\/atodavela.eu\/wp-content\/uploads\/2026\/01\/seguridad-en-la-mar-patron-yate.png\" alt=\"curso online patron de yate seguridad en la mar.\" title=\"seguridad en la mar patron yate\" width=\"977\" height=\"649\" class=\"wp-image-2051\" \/><\/span><\/div>\n\n<div class=\"et_pb_text_9 et_pb_text et_pb_bg_layout_light et_pb_module et_flex_module\"><div class=\"et_pb_text_inner\"><h3 style=\"text-align: center;\"><strong>Seguridad en la Mar<\/strong><\/h3>\n<p>Normativa b\u00e1sica, equipos de seguridad y procedimientos ante emergencias.<\/p>\n<\/div><\/div>\n<\/div>\n\n<div class=\"et_pb_column_6 et_pb_column et_flex_column et_pb_css_mix_blend_mode_passthrough et_flex_column_6_24 et_flex_column_12_24_tablet et_flex_column_24_24_phone\">\n<div class=\"et_pb_image_1 et_pb_image et_pb_module et_flex_module\"><span class=\"et_pb_image_wrap\"><img loading=\"lazy\" decoding=\"async\" src=\"https:\/\/atodavela.eu\/wp-content\/uploads\/2026\/01\/meteorologia-patron-yate.png\" alt=\"curson online patron de yate meteorologia\" title=\"meteorologi\u0301a patron yate\" width=\"981\" height=\"653\" class=\"wp-image-2052\" \/><\/span><\/div>\n\n<div class=\"et_pb_text_10 et_pb_text et_pb_bg_layout_light et_pb_module et_flex_module\"><div class=\"et_pb_text_inner\"><h3 style=\"text-align: center;\"><strong>Meteorolog\u00eda<\/strong><\/h3>\n<p>Comprensi\u00f3n de los fen\u00f3menos meteorol\u00f3gicos que afectan a la navegaci\u00f3n.<\/p>\n<\/div><\/div>\n<\/div>\n\n<div class=\"et_pb_column_7 et_pb_column et_flex_column et_pb_css_mix_blend_mode_passthrough et_flex_column_6_24 et_flex_column_12_24_tablet et_flex_column_24_24_phone\">\n<div class=\"et_pb_image_2 et_pb_image et_pb_module et_flex_module\"><span class=\"et_pb_image_wrap\"><img loading=\"lazy\" decoding=\"async\" src=\"https:\/\/atodavela.eu\/wp-content\/uploads\/2026\/01\/navegacion-patron-yate.png\" alt=\"Curso online patron yate navegacion\" title=\"navegacio\u0301n patron yate\" width=\"978\" height=\"656\" class=\"wp-image-2053\" \/><\/span><\/div>\n\n<div class=\"et_pb_text_11 et_pb_text et_pb_bg_layout_light et_pb_module et_flex_module\"><div class=\"et_pb_text_inner\"><h3 style=\"text-align: center;\"><strong>Balizamiento y RIPA<\/strong><\/h3>\n<p>Interpretaci\u00f3n de marcas, luces y reglas de navegaci\u00f3n para evitar colisiones.<\/p>\n<\/div><\/div>\n<\/div>\n\n<div class=\"et_pb_column_8 et_pb_column et-last-child et_flex_column et_pb_css_mix_blend_mode_passthrough et_flex_column_6_24 et_flex_column_12_24_tablet et_flex_column_24_24_phone\">\n<div class=\"et_pb_image_3 et_pb_image et_pb_module et_flex_module\"><span class=\"et_pb_image_wrap\"><img loading=\"lazy\" decoding=\"async\" src=\"https:\/\/atodavela.eu\/wp-content\/uploads\/2026\/01\/ejericio-carta-patron-yate.png\" alt=\"Curso patron yate. Ejercicios carta nautica\" title=\"ejericio carta patron yate\" width=\"976\" height=\"646\" class=\"wp-image-2054\" \/><\/span><\/div>\n\n<div class=\"et_pb_text_12 et_pb_text et_pb_bg_layout_light et_pb_module et_flex_module\"><div class=\"et_pb_text_inner\"><h3 style=\"text-align: center;\"><strong>Navegaci\u00f3n y Carta N\u00e1utica<\/strong><\/h3>\n<p>Conceptos fundamentales para situar el barco y planificar una derrota.<\/p>\n<\/div><\/div>\n<\/div>\n<\/div>\n\n<div class=\"et_pb_row_6 et_pb_row et_flex_row\">\n<div class=\"et_pb_column_9 et_pb_column et-last-child et_flex_column et_pb_css_mix_blend_mode_passthrough et_flex_column_24_24 et_flex_column_24_24_tablet et_flex_column_24_24_phone\">\n<div class=\"et_pb_text_13 et_pb_text et_pb_bg_layout_light et_pb_module et_flex_module\"><div class=\"et_pb_text_inner\"><h2 style=\"text-align: center;\"><strong><\/strong><\/h2>\n<h2 style=\"text-align: center;\"><strong>Comienza tu formaci\u00f3n n\u00e1utica<\/strong><\/h2>\n<p>\u00a0Si est\u00e1s pensando en obtener tu primera titulaci\u00f3n n\u00e1utica, el curso PER Online es el punto de partida para empezar a navegar con autonom\u00eda.<\/p>\n<p>Una vez obtenido el PER, puedes continuar tu formaci\u00f3n con el curso de <strong><a href=\"https:\/\/atodavela.eu\/en\/formacion-nautica\/patron-yate-online\/\" target=\"_blank\" rel=\"noopener\">Patr\u00f3n de Yate online<\/a><\/strong> y ampliar tus atribuciones de navegaci\u00f3n.<\/p>\n<\/div>\n<div class=\"et_pb_module et_pb_button_module_wrapper et_pb_button_1_wrapper\"><a class=\"et_pb_button_1 et_pb_button et_pb_bg_layout_light et_pb_module et_flex_module\" href=\"https:\/\/atodavela.eu\/en\/compras\/curso-per-online\/\">ACCEDE AL CURSO O SOLICITA INFORMACI\u00d3N<\/a><\/div>\n<\/div>\n\n<div class=\"et_pb_text_14 et_pb_text et_pb_bg_layout_light et_pb_module et_flex_module\"><div class=\"et_pb_text_inner\"><p>Si tienes dudas sobre si este curso es adecuado para ti, ll\u00e1manos y te asesoramos personalmente.<\/p>\n<\/div>\n<div class=\"et_pb_module et_pb_button_module_wrapper et_pb_button_2_wrapper\"><a class=\"et_pb_button_2 et_pb_button et_pb_bg_layout_light et_pb_module et_flex_module\" href=\"https:\/\/www.campusnautico.com\/demo\/\">DEMO CURSO<\/a><\/div>\n<\/div>\n<\/div>\n<\/div>\n\n<div class=\"et_pb_row_7 et_pb_row et_flex_row\">\n<div class=\"et_pb_column_10 et_pb_column et-last-child et_flex_column et_pb_css_mix_blend_mode_passthrough et_flex_column_24_24 et_flex_column_24_24_tablet et_flex_column_24_24_phone\">\n<div class=\"et_pb_divider_0 et_pb_divider et_pb_space et_pb_divider_position_top et_pb_module\"><div class=\"et_pb_divider_internal\"><\/div><\/div>\n<\/div>\n<\/div>\n<\/div>\n\n<div class=\"et_pb_section_3 et_pb_section et_section_regular et_flex_section\">\n<div class=\"et_pb_row_8 et_pb_row et_flex_row\">\n<div class=\"et_pb_column_11 et_pb_column et_flex_column et_pb_column_empty et_pb_css_mix_blend_mode_passthrough et_flex_column_12_24 et_flex_column_12_24_tablet et_flex_column_24_24_phone\"><\/div>\n\n<div class=\"et_pb_column_12 et_pb_column et-last-child et_flex_column et_pb_css_mix_blend_mode_passthrough et_flex_column_12_24 et_flex_column_12_24_tablet et_flex_column_24_24_phone\">\n<div class=\"et_pb_text_15 et_pb_text et_pb_bg_layout_light et_pb_module et_block_module\"><div class=\"et_pb_text_inner\"><h4>A TODA VELA,    at sea since 1999<\/h4>\n<\/div><\/div>\n\n<div class=\"et_pb_module et_pb_button_module_wrapper et_pb_button_3_wrapper\"><a class=\"et_pb_button_3 et_pb_button et_pb_bg_layout_dark et_pb_module et_block_module\" href=\"tel:+34633020299\" target=\"_blank\">Call us<\/a><\/div>\n\n<div class=\"et_pb_text_16 et_pb_text et_pb_bg_layout_light et_pb_module et_block_module\"><div class=\"et_pb_text_inner\"><p>At A Toda Vela, we\u2019ve spent more than 25 years training sailors and sharing our passion for the sea.<\/p>\n<p>We\u2019ll train you with courses and hands-on sessions tailored to every level \u2014 from the PER to Yacht Captain \u2014 including the sailing endorsement, PER extensions, radio operator courses, PNB and the Navigation Licence. \ud83d\udea4\u2728 Take the first step and make the sea your territory!<\/p>\n<\/div><\/div>\n\n<div class=\"et_pb_divider_1 et_pb_divider et_pb_space et_pb_divider_position_top et_pb_module\"><div class=\"et_pb_divider_internal\"><\/div><\/div>\n<\/div>\n<\/div>\n<\/div>","protected":false},"excerpt":{"rendered":"","protected":false},"author":1,"featured_media":2824,"parent":70,"menu_order":0,"comment_status":"closed","ping_status":"closed","template":"","meta":{"footnotes":""},"class_list":["post-2988","page","type-page","status-publish","has-post-thumbnail","hentry"],"yoast_head":"<!-- This site is optimized with the Yoast SEO plugin v27.4 - https:\/\/yoast.com\/product\/yoast-seo-wordpress\/ -->\n<title>Curso PER Online | Prep\u00e1rate el PER desde casa<\/title>\n<meta name=\"description\" content=\"Curso PER online para preparar el examen desde casa con contenidos actualizados y acceso flexible. Empieza hoy tu formaci\u00f3n n\u00e1utica.\" \/>\n<meta name=\"robots\" content=\"index, follow, max-snippet:-1, max-image-preview:large, max-video-preview:-1\" \/>\n<link rel=\"canonical\" href=\"https:\/\/atodavela.eu\/en\/formacion-nautica\/per-online\/\" \/>\n<meta property=\"og:locale\" content=\"en_US\" \/>\n<meta property=\"og:type\" content=\"article\" \/>\n<meta property=\"og:title\" content=\"Curso PER Online | Prep\u00e1rate el PER desde casa\" \/>\n<meta property=\"og:description\" content=\"Curso PER online para preparar el examen desde casa con contenidos actualizados y acceso flexible. Empieza hoy tu formaci\u00f3n n\u00e1utica.\" \/>\n<meta property=\"og:url\" content=\"https:\/\/atodavela.eu\/en\/formacion-nautica\/per-online\/\" \/>\n<meta property=\"og:site_name\" content=\"A Toda Vela\" \/>\n<meta property=\"article:modified_time\" content=\"2026-03-22T22:49:05+00:00\" \/>\n<meta property=\"og:image\" content=\"https:\/\/atodavela.eu\/wp-content\/uploads\/2026\/03\/examen-PER.jpg\" \/>\n\t<meta property=\"og:image:width\" content=\"1536\" \/>\n\t<meta property=\"og:image:height\" content=\"1024\" \/>\n\t<meta property=\"og:image:type\" content=\"image\/jpeg\" \/>\n<meta name=\"twitter:card\" content=\"summary_large_image\" \/>\n<meta name=\"twitter:label1\" content=\"Est. reading time\" \/>\n\t<meta name=\"twitter:data1\" content=\"1 minute\" \/>\n<script type=\"application\/ld+json\" class=\"yoast-schema-graph\">{\"@context\":\"https:\\\/\\\/schema.org\",\"@graph\":[{\"@type\":\"WebPage\",\"@id\":\"https:\\\/\\\/atodavela.eu\\\/formacion-nautica\\\/per-online\\\/\",\"url\":\"https:\\\/\\\/atodavela.eu\\\/formacion-nautica\\\/per-online\\\/\",\"name\":\"Curso PER Online | Prep\u00e1rate el PER desde casa\",\"isPartOf\":{\"@id\":\"https:\\\/\\\/atodavela.eu\\\/#website\"},\"primaryImageOfPage\":{\"@id\":\"https:\\\/\\\/atodavela.eu\\\/formacion-nautica\\\/per-online\\\/#primaryimage\"},\"image\":{\"@id\":\"https:\\\/\\\/atodavela.eu\\\/formacion-nautica\\\/per-online\\\/#primaryimage\"},\"thumbnailUrl\":\"https:\\\/\\\/atodavela.eu\\\/wp-content\\\/uploads\\\/2026\\\/03\\\/examen-PER.jpg\",\"datePublished\":\"2026-03-16T15:55:41+00:00\",\"dateModified\":\"2026-03-22T22:49:05+00:00\",\"description\":\"Curso PER online para preparar el examen desde casa con contenidos actualizados y acceso flexible. Empieza hoy tu formaci\u00f3n n\u00e1utica.\",\"breadcrumb\":{\"@id\":\"https:\\\/\\\/atodavela.eu\\\/formacion-nautica\\\/per-online\\\/#breadcrumb\"},\"inLanguage\":\"en-US\",\"potentialAction\":[{\"@type\":\"ReadAction\",\"target\":[\"https:\\\/\\\/atodavela.eu\\\/formacion-nautica\\\/per-online\\\/\"]}]},{\"@type\":\"ImageObject\",\"inLanguage\":\"en-US\",\"@id\":\"https:\\\/\\\/atodavela.eu\\\/formacion-nautica\\\/per-online\\\/#primaryimage\",\"url\":\"https:\\\/\\\/atodavela.eu\\\/wp-content\\\/uploads\\\/2026\\\/03\\\/examen-PER.jpg\",\"contentUrl\":\"https:\\\/\\\/atodavela.eu\\\/wp-content\\\/uploads\\\/2026\\\/03\\\/examen-PER.jpg\",\"width\":1536,\"height\":1024,\"caption\":\"simulacro de examen PER de A Toda Vela\"},{\"@type\":\"BreadcrumbList\",\"@id\":\"https:\\\/\\\/atodavela.eu\\\/formacion-nautica\\\/per-online\\\/#breadcrumb\",\"itemListElement\":[{\"@type\":\"ListItem\",\"position\":1,\"name\":\"Portada\",\"item\":\"https:\\\/\\\/atodavela.eu\\\/\"},{\"@type\":\"ListItem\",\"position\":2,\"name\":\"ESCUELA N\u00c1UTICA\",\"item\":\"https:\\\/\\\/atodavela.eu\\\/formacion-nautica\\\/\"},{\"@type\":\"ListItem\",\"position\":3,\"name\":\"Curso PER Online\"}]},{\"@type\":\"WebSite\",\"@id\":\"https:\\\/\\\/atodavela.eu\\\/#website\",\"url\":\"https:\\\/\\\/atodavela.eu\\\/\",\"name\":\"A Toda Vela\",\"description\":\"Escuela N\u00e1utica, alquiler de barcos y experiencias Sea Starlight en C\u00e1diz\",\"publisher\":{\"@id\":\"https:\\\/\\\/atodavela.eu\\\/#organization\"},\"potentialAction\":[{\"@type\":\"SearchAction\",\"target\":{\"@type\":\"EntryPoint\",\"urlTemplate\":\"https:\\\/\\\/atodavela.eu\\\/?s={search_term_string}\"},\"query-input\":{\"@type\":\"PropertyValueSpecification\",\"valueRequired\":true,\"valueName\":\"search_term_string\"}}],\"inLanguage\":\"en-US\"},{\"@type\":\"Organization\",\"@id\":\"https:\\\/\\\/atodavela.eu\\\/#organization\",\"name\":\"A Toda Vela\",\"url\":\"https:\\\/\\\/atodavela.eu\\\/\",\"logo\":{\"@type\":\"ImageObject\",\"inLanguage\":\"en-US\",\"@id\":\"https:\\\/\\\/atodavela.eu\\\/#\\\/schema\\\/logo\\\/image\\\/\",\"url\":\"https:\\\/\\\/atodavela.eu\\\/wp-content\\\/uploads\\\/2025\\\/07\\\/Logo-ATV-R.png\",\"contentUrl\":\"https:\\\/\\\/atodavela.eu\\\/wp-content\\\/uploads\\\/2025\\\/07\\\/Logo-ATV-R.png\",\"width\":220,\"height\":220,\"caption\":\"A Toda Vela\"},\"image\":{\"@id\":\"https:\\\/\\\/atodavela.eu\\\/#\\\/schema\\\/logo\\\/image\\\/\"}}]}<\/script>\n<!-- \/ Yoast SEO plugin. -->","yoast_head_json":{"title":"Curso PER Online | Prep\u00e1rate el PER desde casa","description":"Curso PER online para preparar el examen desde casa con contenidos actualizados y acceso flexible. Empieza hoy tu formaci\u00f3n n\u00e1utica.","robots":{"index":"index","follow":"follow","max-snippet":"max-snippet:-1","max-image-preview":"max-image-preview:large","max-video-preview":"max-video-preview:-1"},"canonical":"https:\/\/atodavela.eu\/en\/formacion-nautica\/per-online\/","og_locale":"en_US","og_type":"article","og_title":"Curso PER Online | Prep\u00e1rate el PER desde casa","og_description":"Curso PER online para preparar el examen desde casa con contenidos actualizados y acceso flexible. Empieza hoy tu formaci\u00f3n n\u00e1utica.","og_url":"https:\/\/atodavela.eu\/en\/formacion-nautica\/per-online\/","og_site_name":"A Toda Vela","article_modified_time":"2026-03-22T22:49:05+00:00","og_image":[{"width":1536,"height":1024,"url":"https:\/\/atodavela.eu\/wp-content\/uploads\/2026\/03\/examen-PER.jpg","type":"image\/jpeg"}],"twitter_card":"summary_large_image","twitter_misc":{"Est. reading time":"1 minute"},"schema":{"@context":"https:\/\/schema.org","@graph":[{"@type":"WebPage","@id":"https:\/\/atodavela.eu\/formacion-nautica\/per-online\/","url":"https:\/\/atodavela.eu\/formacion-nautica\/per-online\/","name":"Curso PER Online | Prep\u00e1rate el PER desde casa","isPartOf":{"@id":"https:\/\/atodavela.eu\/#website"},"primaryImageOfPage":{"@id":"https:\/\/atodavela.eu\/formacion-nautica\/per-online\/#primaryimage"},"image":{"@id":"https:\/\/atodavela.eu\/formacion-nautica\/per-online\/#primaryimage"},"thumbnailUrl":"https:\/\/atodavela.eu\/wp-content\/uploads\/2026\/03\/examen-PER.jpg","datePublished":"2026-03-16T15:55:41+00:00","dateModified":"2026-03-22T22:49:05+00:00","description":"Curso PER online para preparar el examen desde casa con contenidos actualizados y acceso flexible. Empieza hoy tu formaci\u00f3n n\u00e1utica.","breadcrumb":{"@id":"https:\/\/atodavela.eu\/formacion-nautica\/per-online\/#breadcrumb"},"inLanguage":"en-US","potentialAction":[{"@type":"ReadAction","target":["https:\/\/atodavela.eu\/formacion-nautica\/per-online\/"]}]},{"@type":"ImageObject","inLanguage":"en-US","@id":"https:\/\/atodavela.eu\/formacion-nautica\/per-online\/#primaryimage","url":"https:\/\/atodavela.eu\/wp-content\/uploads\/2026\/03\/examen-PER.jpg","contentUrl":"https:\/\/atodavela.eu\/wp-content\/uploads\/2026\/03\/examen-PER.jpg","width":1536,"height":1024,"caption":"simulacro de examen PER de A Toda Vela"},{"@type":"BreadcrumbList","@id":"https:\/\/atodavela.eu\/formacion-nautica\/per-online\/#breadcrumb","itemListElement":[{"@type":"ListItem","position":1,"name":"Portada","item":"https:\/\/atodavela.eu\/"},{"@type":"ListItem","position":2,"name":"ESCUELA N\u00c1UTICA","item":"https:\/\/atodavela.eu\/formacion-nautica\/"},{"@type":"ListItem","position":3,"name":"Curso PER Online"}]},{"@type":"WebSite","@id":"https:\/\/atodavela.eu\/#website","url":"https:\/\/atodavela.eu\/","name":"A Toda Vela","description":"Escuela N\u00e1utica, alquiler de barcos y experiencias Sea Starlight en C\u00e1diz","publisher":{"@id":"https:\/\/atodavela.eu\/#organization"},"potentialAction":[{"@type":"SearchAction","target":{"@type":"EntryPoint","urlTemplate":"https:\/\/atodavela.eu\/?s={search_term_string}"},"query-input":{"@type":"PropertyValueSpecification","valueRequired":true,"valueName":"search_term_string"}}],"inLanguage":"en-US"},{"@type":"Organization","@id":"https:\/\/atodavela.eu\/#organization","name":"A Toda Vela","url":"https:\/\/atodavela.eu\/","logo":{"@type":"ImageObject","inLanguage":"en-US","@id":"https:\/\/atodavela.eu\/#\/schema\/logo\/image\/","url":"https:\/\/atodavela.eu\/wp-content\/uploads\/2025\/07\/Logo-ATV-R.png","contentUrl":"https:\/\/atodavela.eu\/wp-content\/uploads\/2025\/07\/Logo-ATV-R.png","width":220,"height":220,"caption":"A Toda Vela"},"image":{"@id":"https:\/\/atodavela.eu\/#\/schema\/logo\/image\/"}}]}},"_links":{"self":[{"href":"https:\/\/atodavela.eu\/en\/wp-json\/wp\/v2\/pages\/2988","targetHints":{"allow":["GET"]}}],"collection":[{"href":"https:\/\/atodavela.eu\/en\/wp-json\/wp\/v2\/pages"}],"about":[{"href":"https:\/\/atodavela.eu\/en\/wp-json\/wp\/v2\/types\/page"}],"author":[{"embeddable":true,"href":"https:\/\/atodavela.eu\/en\/wp-json\/wp\/v2\/users\/1"}],"replies":[{"embeddable":true,"href":"https:\/\/atodavela.eu\/en\/wp-json\/wp\/v2\/comments?post=2988"}],"version-history":[{"count":15,"href":"https:\/\/atodavela.eu\/en\/wp-json\/wp\/v2\/pages\/2988\/revisions"}],"predecessor-version":[{"id":3181,"href":"https:\/\/atodavela.eu\/en\/wp-json\/wp\/v2\/pages\/2988\/revisions\/3181"}],"up":[{"embeddable":true,"href":"https:\/\/atodavela.eu\/en\/wp-json\/wp\/v2\/pages\/70"}],"wp:featuredmedia":[{"embeddable":true,"href":"https:\/\/atodavela.eu\/en\/wp-json\/wp\/v2\/media\/2824"}],"wp:attachment":[{"href":"https:\/\/atodavela.eu\/en\/wp-json\/wp\/v2\/media?parent=2988"}],"curies":[{"name":"wp","href":"https:\/\/api.w.org\/{rel}","templated":true}]}}