{"id":799,"date":"2025-09-19T16:43:52","date_gmt":"2025-09-19T16:43:52","guid":{"rendered":"https:\/\/atodavela.eu\/?page_id=799"},"modified":"2026-04-06T18:39:20","modified_gmt":"2026-04-06T16:39:20","slug":"galeria-fotos-barco","status":"publish","type":"page","link":"https:\/\/atodavela.eu\/en\/galeria-fotos-barco\/","title":{"rendered":"GALER\u00cdA FOTOS BARCO"},"content":{"rendered":"<div class=\"et_pb_section_0 et_pb_section et_section_regular et_flex_section\">\n<div class=\"et_pb_row_0 et_pb_row et_flex_row\">\n<div class=\"et_pb_column_0 et_pb_column et-last-child et_flex_column et_pb_css_mix_blend_mode_passthrough et_flex_column_24_24 et_flex_column_24_24_tablet et_flex_column_24_24_phone\">\n<div class=\"et_pb_gallery_0 et_pb_gallery et_pb_bg_layout_light et_pb_gallery_grid et_pb_module\" data-auto-rotate=\"off\" data-auto-rotate-speed=\"\"><div class=\"et_pb_gallery_items et_post_gallery clearfix et_grid_module\" data-per_page=\"4\"><div class=\"et_pb_gallery_item et_pb_grid_item et_pb_gallery_item_0_0\"><div class=\"et_pb_gallery_image landscape\" data-per_page=\"4\"><a href=\"https:\/\/atodavela.eu\/wp-content\/uploads\/2025\/09\/tambucho.jpg\" title=\"Interior velero\"><img loading=\"lazy\" decoding=\"async\" width=\"400\" height=\"284\" src=\"https:\/\/atodavela.eu\/wp-content\/uploads\/2025\/09\/tambucho-400x284.jpg\" alt=\"Tambucho velero A Toda Vela\" class=\"wp-image-800\" \/><span class=\"et_overlay\" data-icon=\"\" data-icon-tablet=\"\" data-icon-phone=\"\"><\/span><\/a><\/div><h3 class=\"et_pb_gallery_title\">Interior velero<\/h3><\/div><div class=\"et_pb_gallery_item et_pb_grid_item et_pb_gallery_item_0_1\"><div class=\"et_pb_gallery_image landscape\" data-per_page=\"4\"><a href=\"https:\/\/atodavela.eu\/wp-content\/uploads\/2025\/09\/noche-barco.jpg\" title=\"Barco Sea Starlight C\u00e1diz\"><img loading=\"lazy\" decoding=\"async\" width=\"400\" height=\"284\" src=\"https:\/\/atodavela.eu\/wp-content\/uploads\/2025\/09\/noche-barco-400x284.jpg\" alt=\"Navegaci\u00f3n nocturna Sea Starlight en la Bah\u00eda de C\u00e1diz\" class=\"wp-image-801\" \/><span class=\"et_overlay\" data-icon=\"\" data-icon-tablet=\"\" data-icon-phone=\"\"><\/span><\/a><\/div><h3 class=\"et_pb_gallery_title\">Barco Sea Starlight C\u00e1diz<\/h3><\/div><div class=\"et_pb_gallery_item et_pb_grid_item et_pb_gallery_item_0_2\"><div class=\"et_pb_gallery_image landscape\" data-per_page=\"4\"><a href=\"https:\/\/atodavela.eu\/wp-content\/uploads\/2025\/09\/tripulacion.jpg\" title=\"navegantes\"><img loading=\"lazy\" decoding=\"async\" width=\"400\" height=\"284\" src=\"https:\/\/atodavela.eu\/wp-content\/uploads\/2025\/09\/tripulacion-400x284.jpg\" alt=\"p Pr\u00e1cticas de navegaci\u00f3n en Puerto Am\u00e9rica en C\u00e1diz con A Toda Vela\" class=\"wp-image-802\" \/><span class=\"et_overlay\" data-icon=\"\" data-icon-tablet=\"\" data-icon-phone=\"\"><\/span><\/a><\/div><h3 class=\"et_pb_gallery_title\">navegantes<\/h3><\/div><div class=\"et_pb_gallery_item et_pb_grid_item et_pb_gallery_item_0_3\"><div class=\"et_pb_gallery_image landscape\" data-per_page=\"4\"><a href=\"https:\/\/atodavela.eu\/wp-content\/uploads\/2025\/09\/navega-a-vela.jpg\" title=\"navegar a vela\"><img loading=\"lazy\" decoding=\"async\" width=\"400\" height=\"284\" src=\"https:\/\/atodavela.eu\/wp-content\/uploads\/2025\/09\/navega-a-vela-400x284.jpg\" alt=\"Navegando de ce\u00f1ida a bordo del velero G\u00e9nova 19\" class=\"wp-image-803\" \/><span class=\"et_overlay\" data-icon=\"\" data-icon-tablet=\"\" data-icon-phone=\"\"><\/span><\/a><\/div><h3 class=\"et_pb_gallery_title\">navegar a vela<\/h3><\/div><div class=\"et_pb_gallery_item et_pb_grid_item et_pb_gallery_item_0_4\"><div class=\"et_pb_gallery_image landscape\" data-per_page=\"4\"><a href=\"https:\/\/atodavela.eu\/wp-content\/uploads\/2025\/09\/genaker.jpg\" title=\"genaker velero\"><img loading=\"lazy\" decoding=\"async\" width=\"400\" height=\"284\" src=\"https:\/\/atodavela.eu\/wp-content\/uploads\/2025\/09\/genaker-400x284.jpg\" alt=\"El barco de A Toda Vela navegando con genaker en la bah\u00eda de C\u00e1diz\" class=\"wp-image-804\" \/><span class=\"et_overlay\" data-icon=\"\" data-icon-tablet=\"\" data-icon-phone=\"\"><\/span><\/a><\/div><h3 class=\"et_pb_gallery_title\">genaker velero<\/h3><\/div><div class=\"et_pb_gallery_item et_pb_grid_item et_pb_gallery_item_0_5\"><div class=\"et_pb_gallery_image landscape\" data-per_page=\"4\"><a href=\"https:\/\/atodavela.eu\/wp-content\/uploads\/2025\/09\/barco-vela.jpg\" title=\"Velero A Toda Vela\"><img loading=\"lazy\" decoding=\"async\" width=\"400\" height=\"284\" src=\"https:\/\/atodavela.eu\/wp-content\/uploads\/2025\/09\/barco-vela-400x284.jpg\" alt=\"Velero de A Toda Vela navegando a vela\" class=\"wp-image-805\" \/><span class=\"et_overlay\" data-icon=\"\" data-icon-tablet=\"\" data-icon-phone=\"\"><\/span><\/a><\/div><h3 class=\"et_pb_gallery_title\">Velero A Toda Vela<\/h3><\/div><div class=\"et_pb_gallery_item et_pb_grid_item et_pb_gallery_item_0_6\"><div class=\"et_pb_gallery_image landscape\" data-per_page=\"4\"><a href=\"https:\/\/atodavela.eu\/wp-content\/uploads\/2025\/09\/barco-vela-2.jpg\" title=\"Velero navegando C\u00e1diz\"><img loading=\"lazy\" decoding=\"async\" width=\"400\" height=\"284\" src=\"https:\/\/atodavela.eu\/wp-content\/uploads\/2025\/09\/barco-vela-2-400x284.jpg\" alt=\"Velero de A Toda Vela Navegando en la bah\u00eda de C\u00e1diz\" class=\"wp-image-806\" \/><span class=\"et_overlay\" data-icon=\"\" data-icon-tablet=\"\" data-icon-phone=\"\"><\/span><\/a><\/div><h3 class=\"et_pb_gallery_title\">Velero navegando C\u00e1diz<\/h3><\/div><div class=\"et_pb_gallery_item et_pb_grid_item et_pb_gallery_item_0_7\"><div class=\"et_pb_gallery_image landscape\" data-per_page=\"4\"><a href=\"https:\/\/atodavela.eu\/wp-content\/uploads\/2025\/09\/popa-barco.jpg\" title=\"popa velero\"><img loading=\"lazy\" decoding=\"async\" width=\"400\" height=\"284\" src=\"https:\/\/atodavela.eu\/wp-content\/uploads\/2025\/09\/popa-barco-400x284.jpg\" alt=\"ba\u00f1era velero A Toda Vela\" class=\"wp-image-807\" \/><span class=\"et_overlay\" data-icon=\"\" data-icon-tablet=\"\" data-icon-phone=\"\"><\/span><\/a><\/div><h3 class=\"et_pb_gallery_title\">popa velero<\/h3><\/div><div class=\"et_pb_gallery_item et_pb_grid_item et_pb_gallery_item_0_8\"><div class=\"et_pb_gallery_image landscape\" data-per_page=\"4\"><a href=\"https:\/\/atodavela.eu\/wp-content\/uploads\/2025\/09\/plataforma-banno-barco.jpg\" title=\"Plataforma ba\u00f1o velero\"><img loading=\"lazy\" decoding=\"async\" width=\"400\" height=\"284\" src=\"https:\/\/atodavela.eu\/wp-content\/uploads\/2025\/09\/plataforma-banno-barco-400x284.jpg\" alt=\"Popa del velero de A toda vela\" class=\"wp-image-808\" \/><span class=\"et_overlay\" data-icon=\"\" data-icon-tablet=\"\" data-icon-phone=\"\"><\/span><\/a><\/div><h3 class=\"et_pb_gallery_title\">Plataforma ba\u00f1o velero<\/h3><\/div><div class=\"et_pb_gallery_item et_pb_grid_item et_pb_gallery_item_0_9\"><div class=\"et_pb_gallery_image landscape\" data-per_page=\"4\"><a href=\"https:\/\/atodavela.eu\/wp-content\/uploads\/2025\/09\/nevera-barco.jpg\" title=\"nevera barco\"><img loading=\"lazy\" decoding=\"async\" width=\"400\" height=\"284\" src=\"https:\/\/atodavela.eu\/wp-content\/uploads\/2025\/09\/nevera-barco-400x284.jpg\" alt=\"Nevera barco A Toda Vela\" class=\"wp-image-809\" \/><span class=\"et_overlay\" data-icon=\"\" data-icon-tablet=\"\" data-icon-phone=\"\"><\/span><\/a><\/div><h3 class=\"et_pb_gallery_title\">nevera barco<\/h3><\/div><div class=\"et_pb_gallery_item et_pb_grid_item et_pb_gallery_item_0_10\"><div class=\"et_pb_gallery_image landscape\" data-per_page=\"4\"><a href=\"https:\/\/atodavela.eu\/wp-content\/uploads\/2025\/09\/mesa-barco.jpg\" title=\"mesa velero\"><img loading=\"lazy\" decoding=\"async\" width=\"400\" height=\"284\" src=\"https:\/\/atodavela.eu\/wp-content\/uploads\/2025\/09\/mesa-barco-400x284.jpg\" alt=\"Mesa de la ba\u00f1era del velero\" class=\"wp-image-810\" \/><span class=\"et_overlay\" data-icon=\"\" data-icon-tablet=\"\" data-icon-phone=\"\"><\/span><\/a><\/div><h3 class=\"et_pb_gallery_title\">mesa velero<\/h3><\/div><div class=\"et_pb_gallery_item et_pb_grid_item et_pb_gallery_item_0_11\"><div class=\"et_pb_gallery_image landscape\" data-per_page=\"4\"><a href=\"https:\/\/atodavela.eu\/wp-content\/uploads\/2025\/09\/Interior-barco-bavaria.jpg\" title=\"Interior barco A Toda Vela\"><img loading=\"lazy\" decoding=\"async\" width=\"400\" height=\"284\" src=\"https:\/\/atodavela.eu\/wp-content\/uploads\/2025\/09\/Interior-barco-bavaria-400x284.jpg\" alt=\"Cabina velero A Toda Vela\" class=\"wp-image-811\" \/><span class=\"et_overlay\" data-icon=\"\" data-icon-tablet=\"\" data-icon-phone=\"\"><\/span><\/a><\/div><h3 class=\"et_pb_gallery_title\">Interior barco A Toda Vela<\/h3><\/div><div class=\"et_pb_gallery_item et_pb_grid_item et_pb_gallery_item_0_12\"><div class=\"et_pb_gallery_image landscape\" data-per_page=\"4\"><a href=\"https:\/\/atodavela.eu\/wp-content\/uploads\/2025\/09\/colchonetas-barco.jpg\" title=\"Velero de A Toda Vela\"><img loading=\"lazy\" decoding=\"async\" width=\"400\" height=\"284\" src=\"https:\/\/atodavela.eu\/wp-content\/uploads\/2025\/09\/colchonetas-barco-400x284.jpg\" alt=\"Colchonetas del velero\" class=\"wp-image-812\" \/><span class=\"et_overlay\" data-icon=\"\" data-icon-tablet=\"\" data-icon-phone=\"\"><\/span><\/a><\/div><h3 class=\"et_pb_gallery_title\">Velero de A Toda Vela<\/h3><\/div><div class=\"et_pb_gallery_item et_pb_grid_item et_pb_gallery_item_0_13\"><div class=\"et_pb_gallery_image landscape\" data-per_page=\"4\"><a href=\"https:\/\/atodavela.eu\/wp-content\/uploads\/2025\/09\/bitacora-barco.jpg\" title=\"bita\u0301cora barco\"><img loading=\"lazy\" decoding=\"async\" width=\"400\" height=\"284\" src=\"https:\/\/atodavela.eu\/wp-content\/uploads\/2025\/09\/bitacora-barco-400x284.jpg\" alt=\"Bit\u00e1cora velero de A Toda Vela\" class=\"wp-image-814\" \/><span class=\"et_overlay\" data-icon=\"\" data-icon-tablet=\"\" data-icon-phone=\"\"><\/span><\/a><\/div><h3 class=\"et_pb_gallery_title\">bita\u0301cora barco<\/h3><\/div><div class=\"et_pb_gallery_item et_pb_grid_item et_pb_gallery_item_0_14\"><div class=\"et_pb_gallery_image landscape\" data-per_page=\"4\"><a href=\"https:\/\/atodavela.eu\/wp-content\/uploads\/2025\/09\/bitacora-barco-2.jpg\" title=\"bit\u00e1cora barco 2\"><img loading=\"lazy\" decoding=\"async\" width=\"400\" height=\"284\" src=\"https:\/\/atodavela.eu\/wp-content\/uploads\/2025\/09\/bitacora-barco-2-400x284.jpg\" alt=\"Bit\u00e1cora del barco de A Toda Vela\" class=\"wp-image-815\" \/><span class=\"et_overlay\" data-icon=\"\" data-icon-tablet=\"\" data-icon-phone=\"\"><\/span><\/a><\/div><h3 class=\"et_pb_gallery_title\">bit\u00e1cora barco 2<\/h3><\/div><div class=\"et_pb_gallery_item et_pb_grid_item et_pb_gallery_item_0_15\"><div class=\"et_pb_gallery_image landscape\" data-per_page=\"4\"><a href=\"https:\/\/atodavela.eu\/wp-content\/uploads\/2025\/09\/bano-barco.jpg\" title=\"ba\u00f1o barco\"><img loading=\"lazy\" decoding=\"async\" width=\"400\" height=\"284\" src=\"https:\/\/atodavela.eu\/wp-content\/uploads\/2025\/09\/bano-barco-400x284.jpg\" alt=\"Cuarto de ba\u00f1o velero de A Toda Vela\" class=\"wp-image-816\" \/><span class=\"et_overlay\" data-icon=\"\" data-icon-tablet=\"\" data-icon-phone=\"\"><\/span><\/a><\/div><h3 class=\"et_pb_gallery_title\">ba\u00f1o barco<\/h3><\/div><div class=\"et_pb_gallery_item et_pb_grid_item et_pb_gallery_item_0_16\"><div class=\"et_pb_gallery_image landscape\" data-per_page=\"4\"><a href=\"https:\/\/atodavela.eu\/wp-content\/uploads\/2025\/09\/bannera-barco.jpg\" title=\"ba\u00f1era barco\"><img loading=\"lazy\" decoding=\"async\" width=\"400\" height=\"284\" src=\"https:\/\/atodavela.eu\/wp-content\/uploads\/2025\/09\/bannera-barco-400x284.jpg\" alt=\"ba\u00f1era barco a toda vela\" class=\"wp-image-817\" \/><span class=\"et_overlay\" data-icon=\"\" data-icon-tablet=\"\" data-icon-phone=\"\"><\/span><\/a><\/div><h3 class=\"et_pb_gallery_title\">ba\u00f1era barco<\/h3><\/div><div class=\"et_pb_gallery_item et_pb_grid_item et_pb_gallery_item_0_17\"><div class=\"et_pb_gallery_image landscape\" data-per_page=\"4\"><a href=\"https:\/\/atodavela.eu\/wp-content\/uploads\/2025\/09\/patron.jpg\" title=\"Navegando en velero\"><img loading=\"lazy\" decoding=\"async\" width=\"400\" height=\"284\" src=\"https:\/\/atodavela.eu\/wp-content\/uploads\/2025\/09\/patron-400x284.jpg\" alt=\"Patr\u00f3n gobernando velero de A Toda Vela\" class=\"wp-image-818\" \/><span class=\"et_overlay\" data-icon=\"\" data-icon-tablet=\"\" data-icon-phone=\"\"><\/span><\/a><\/div><h3 class=\"et_pb_gallery_title\">Navegando en velero<\/h3><\/div><div class=\"et_pb_gallery_item et_pb_grid_item et_pb_gallery_item_0_18\"><div class=\"et_pb_gallery_image landscape\" data-per_page=\"4\"><a href=\"https:\/\/atodavela.eu\/wp-content\/uploads\/2025\/09\/atardecer-cadiz.jpg\" title=\"Atardecer Bah\u00eda de C\u00e1diz\"><img loading=\"lazy\" decoding=\"async\" width=\"400\" height=\"284\" src=\"https:\/\/atodavela.eu\/wp-content\/uploads\/2025\/09\/atardecer-cadiz-400x284.jpg\" alt=\"Atardecer en la bah\u00eda de C\u00e1diz desde velero\" class=\"wp-image-819\" \/><span class=\"et_overlay\" data-icon=\"\" data-icon-tablet=\"\" data-icon-phone=\"\"><\/span><\/a><\/div><h3 class=\"et_pb_gallery_title\">Atardecer Bah\u00eda de C\u00e1diz<\/h3><\/div><div class=\"et_pb_gallery_item et_pb_grid_item et_pb_gallery_item_0_19\"><div class=\"et_pb_gallery_image landscape\" data-per_page=\"4\"><a href=\"https:\/\/atodavela.eu\/wp-content\/uploads\/2025\/09\/colchonetas-barco-1.jpg\" title=\"colchonetas velero\"><img loading=\"lazy\" decoding=\"async\" width=\"400\" height=\"284\" src=\"https:\/\/atodavela.eu\/wp-content\/uploads\/2025\/09\/colchonetas-barco-1-400x284.jpg\" alt=\"\" class=\"wp-image-813\" \/><span class=\"et_overlay\" data-icon=\"\" data-icon-tablet=\"\" data-icon-phone=\"\"><\/span><\/a><\/div><h3 class=\"et_pb_gallery_title\">colchonetas velero<\/h3><\/div><\/div><div class=\"et_pb_gallery_pagination\"><\/div><\/div>\n<\/div>\n<\/div>\n<\/div>","protected":false},"excerpt":{"rendered":"","protected":false},"author":1,"featured_media":806,"parent":0,"menu_order":0,"comment_status":"closed","ping_status":"closed","template":"","meta":{"footnotes":""},"class_list":["post-799","page","type-page","status-publish","has-post-thumbnail","hentry"],"yoast_head":"<!-- This site is optimized with the Yoast SEO plugin v27.5 - https:\/\/yoast.com\/product\/yoast-seo-wordpress\/ -->\n<title>Velero en C\u00e1diz | A Toda Vela<\/title>\n<meta name=\"description\" content=\"Descubre el velero de A Toda Vela en C\u00e1diz. Un barco c\u00f3modo, seguro y preparado para pr\u00e1cticas y experiencias en la Bah\u00eda.\" \/>\n<meta name=\"robots\" content=\"index, follow, max-snippet:-1, max-image-preview:large, max-video-preview:-1\" \/>\n<link rel=\"canonical\" href=\"https:\/\/atodavela.eu\/en\/galeria-fotos-barco\/\" \/>\n<meta property=\"og:locale\" content=\"en_US\" \/>\n<meta property=\"og:type\" content=\"article\" \/>\n<meta property=\"og:title\" content=\"Velero en C\u00e1diz | A Toda Vela\" \/>\n<meta property=\"og:description\" content=\"Descubre el velero de A Toda Vela en C\u00e1diz. Un barco c\u00f3modo, seguro y preparado para pr\u00e1cticas y experiencias en la Bah\u00eda.\" \/>\n<meta property=\"og:url\" content=\"https:\/\/atodavela.eu\/en\/galeria-fotos-barco\/\" \/>\n<meta property=\"og:site_name\" content=\"A Toda Vela\" \/>\n<meta property=\"article:modified_time\" content=\"2026-04-06T16:39:20+00:00\" \/>\n<meta property=\"og:image\" content=\"https:\/\/atodavela.eu\/wp-content\/uploads\/2025\/09\/barco-vela-2.jpg\" \/>\n\t<meta property=\"og:image:width\" content=\"800\" \/>\n\t<meta property=\"og:image:height\" content=\"415\" \/>\n\t<meta property=\"og:image:type\" content=\"image\/jpeg\" \/>\n<meta name=\"twitter:card\" content=\"summary_large_image\" \/>\n<meta name=\"twitter:label1\" content=\"Est. reading time\" \/>\n\t<meta name=\"twitter:data1\" content=\"1 minute\" \/>\n<script type=\"application\/ld+json\" class=\"yoast-schema-graph\">{\"@context\":\"https:\\\/\\\/schema.org\",\"@graph\":[{\"@type\":\"WebPage\",\"@id\":\"https:\\\/\\\/atodavela.eu\\\/galeria-fotos-barco\\\/\",\"url\":\"https:\\\/\\\/atodavela.eu\\\/galeria-fotos-barco\\\/\",\"name\":\"Velero en C\u00e1diz | A Toda Vela\",\"isPartOf\":{\"@id\":\"https:\\\/\\\/atodavela.eu\\\/#website\"},\"primaryImageOfPage\":{\"@id\":\"https:\\\/\\\/atodavela.eu\\\/galeria-fotos-barco\\\/#primaryimage\"},\"image\":{\"@id\":\"https:\\\/\\\/atodavela.eu\\\/galeria-fotos-barco\\\/#primaryimage\"},\"thumbnailUrl\":\"https:\\\/\\\/atodavela.eu\\\/wp-content\\\/uploads\\\/2025\\\/09\\\/barco-vela-2.jpg\",\"datePublished\":\"2025-09-19T16:43:52+00:00\",\"dateModified\":\"2026-04-06T16:39:20+00:00\",\"description\":\"Descubre el velero de A Toda Vela en C\u00e1diz. Un barco c\u00f3modo, seguro y preparado para pr\u00e1cticas y experiencias en la Bah\u00eda.\",\"breadcrumb\":{\"@id\":\"https:\\\/\\\/atodavela.eu\\\/galeria-fotos-barco\\\/#breadcrumb\"},\"inLanguage\":\"en-US\",\"potentialAction\":[{\"@type\":\"ReadAction\",\"target\":[\"https:\\\/\\\/atodavela.eu\\\/galeria-fotos-barco\\\/\"]}]},{\"@type\":\"ImageObject\",\"inLanguage\":\"en-US\",\"@id\":\"https:\\\/\\\/atodavela.eu\\\/galeria-fotos-barco\\\/#primaryimage\",\"url\":\"https:\\\/\\\/atodavela.eu\\\/wp-content\\\/uploads\\\/2025\\\/09\\\/barco-vela-2.jpg\",\"contentUrl\":\"https:\\\/\\\/atodavela.eu\\\/wp-content\\\/uploads\\\/2025\\\/09\\\/barco-vela-2.jpg\",\"width\":800,\"height\":415,\"caption\":\"Velero de A Toda Vela Navegando en la bah\u00eda de C\u00e1diz\"},{\"@type\":\"BreadcrumbList\",\"@id\":\"https:\\\/\\\/atodavela.eu\\\/galeria-fotos-barco\\\/#breadcrumb\",\"itemListElement\":[{\"@type\":\"ListItem\",\"position\":1,\"name\":\"Portada\",\"item\":\"https:\\\/\\\/atodavela.eu\\\/\"},{\"@type\":\"ListItem\",\"position\":2,\"name\":\"GALER\u00cdA FOTOS BARCO\"}]},{\"@type\":\"WebSite\",\"@id\":\"https:\\\/\\\/atodavela.eu\\\/#website\",\"url\":\"https:\\\/\\\/atodavela.eu\\\/\",\"name\":\"A Toda Vela\",\"description\":\"Escuela N\u00e1utica, alquiler de barcos y experiencias Sea Starlight en C\u00e1diz\",\"publisher\":{\"@id\":\"https:\\\/\\\/atodavela.eu\\\/#organization\"},\"potentialAction\":[{\"@type\":\"SearchAction\",\"target\":{\"@type\":\"EntryPoint\",\"urlTemplate\":\"https:\\\/\\\/atodavela.eu\\\/?s={search_term_string}\"},\"query-input\":{\"@type\":\"PropertyValueSpecification\",\"valueRequired\":true,\"valueName\":\"search_term_string\"}}],\"inLanguage\":\"en-US\"},{\"@type\":\"Organization\",\"@id\":\"https:\\\/\\\/atodavela.eu\\\/#organization\",\"name\":\"A Toda Vela\",\"url\":\"https:\\\/\\\/atodavela.eu\\\/\",\"logo\":{\"@type\":\"ImageObject\",\"inLanguage\":\"en-US\",\"@id\":\"https:\\\/\\\/atodavela.eu\\\/#\\\/schema\\\/logo\\\/image\\\/\",\"url\":\"https:\\\/\\\/atodavela.eu\\\/wp-content\\\/uploads\\\/2025\\\/07\\\/Logo-ATV-R.png\",\"contentUrl\":\"https:\\\/\\\/atodavela.eu\\\/wp-content\\\/uploads\\\/2025\\\/07\\\/Logo-ATV-R.png\",\"width\":220,\"height\":220,\"caption\":\"A Toda Vela\"},\"image\":{\"@id\":\"https:\\\/\\\/atodavela.eu\\\/#\\\/schema\\\/logo\\\/image\\\/\"}}]}<\/script>\n<!-- \/ Yoast SEO plugin. -->","yoast_head_json":{"title":"Velero en C\u00e1diz | A Toda Vela","description":"Descubre el velero de A Toda Vela en C\u00e1diz. Un barco c\u00f3modo, seguro y preparado para pr\u00e1cticas y experiencias en la Bah\u00eda.","robots":{"index":"index","follow":"follow","max-snippet":"max-snippet:-1","max-image-preview":"max-image-preview:large","max-video-preview":"max-video-preview:-1"},"canonical":"https:\/\/atodavela.eu\/en\/galeria-fotos-barco\/","og_locale":"en_US","og_type":"article","og_title":"Velero en C\u00e1diz | A Toda Vela","og_description":"Descubre el velero de A Toda Vela en C\u00e1diz. Un barco c\u00f3modo, seguro y preparado para pr\u00e1cticas y experiencias en la Bah\u00eda.","og_url":"https:\/\/atodavela.eu\/en\/galeria-fotos-barco\/","og_site_name":"A Toda Vela","article_modified_time":"2026-04-06T16:39:20+00:00","og_image":[{"width":800,"height":415,"url":"https:\/\/atodavela.eu\/wp-content\/uploads\/2025\/09\/barco-vela-2.jpg","type":"image\/jpeg"}],"twitter_card":"summary_large_image","twitter_misc":{"Est. reading time":"1 minute"},"schema":{"@context":"https:\/\/schema.org","@graph":[{"@type":"WebPage","@id":"https:\/\/atodavela.eu\/galeria-fotos-barco\/","url":"https:\/\/atodavela.eu\/galeria-fotos-barco\/","name":"Velero en C\u00e1diz | A Toda Vela","isPartOf":{"@id":"https:\/\/atodavela.eu\/#website"},"primaryImageOfPage":{"@id":"https:\/\/atodavela.eu\/galeria-fotos-barco\/#primaryimage"},"image":{"@id":"https:\/\/atodavela.eu\/galeria-fotos-barco\/#primaryimage"},"thumbnailUrl":"https:\/\/atodavela.eu\/wp-content\/uploads\/2025\/09\/barco-vela-2.jpg","datePublished":"2025-09-19T16:43:52+00:00","dateModified":"2026-04-06T16:39:20+00:00","description":"Descubre el velero de A Toda Vela en C\u00e1diz. Un barco c\u00f3modo, seguro y preparado para pr\u00e1cticas y experiencias en la Bah\u00eda.","breadcrumb":{"@id":"https:\/\/atodavela.eu\/galeria-fotos-barco\/#breadcrumb"},"inLanguage":"en-US","potentialAction":[{"@type":"ReadAction","target":["https:\/\/atodavela.eu\/galeria-fotos-barco\/"]}]},{"@type":"ImageObject","inLanguage":"en-US","@id":"https:\/\/atodavela.eu\/galeria-fotos-barco\/#primaryimage","url":"https:\/\/atodavela.eu\/wp-content\/uploads\/2025\/09\/barco-vela-2.jpg","contentUrl":"https:\/\/atodavela.eu\/wp-content\/uploads\/2025\/09\/barco-vela-2.jpg","width":800,"height":415,"caption":"Velero de A Toda Vela Navegando en la bah\u00eda de C\u00e1diz"},{"@type":"BreadcrumbList","@id":"https:\/\/atodavela.eu\/galeria-fotos-barco\/#breadcrumb","itemListElement":[{"@type":"ListItem","position":1,"name":"Portada","item":"https:\/\/atodavela.eu\/"},{"@type":"ListItem","position":2,"name":"GALER\u00cdA FOTOS BARCO"}]},{"@type":"WebSite","@id":"https:\/\/atodavela.eu\/#website","url":"https:\/\/atodavela.eu\/","name":"A Toda Vela","description":"Escuela N\u00e1utica, alquiler de barcos y experiencias Sea Starlight en C\u00e1diz","publisher":{"@id":"https:\/\/atodavela.eu\/#organization"},"potentialAction":[{"@type":"SearchAction","target":{"@type":"EntryPoint","urlTemplate":"https:\/\/atodavela.eu\/?s={search_term_string}"},"query-input":{"@type":"PropertyValueSpecification","valueRequired":true,"valueName":"search_term_string"}}],"inLanguage":"en-US"},{"@type":"Organization","@id":"https:\/\/atodavela.eu\/#organization","name":"A Toda Vela","url":"https:\/\/atodavela.eu\/","logo":{"@type":"ImageObject","inLanguage":"en-US","@id":"https:\/\/atodavela.eu\/#\/schema\/logo\/image\/","url":"https:\/\/atodavela.eu\/wp-content\/uploads\/2025\/07\/Logo-ATV-R.png","contentUrl":"https:\/\/atodavela.eu\/wp-content\/uploads\/2025\/07\/Logo-ATV-R.png","width":220,"height":220,"caption":"A Toda Vela"},"image":{"@id":"https:\/\/atodavela.eu\/#\/schema\/logo\/image\/"}}]}},"_links":{"self":[{"href":"https:\/\/atodavela.eu\/en\/wp-json\/wp\/v2\/pages\/799","targetHints":{"allow":["GET"]}}],"collection":[{"href":"https:\/\/atodavela.eu\/en\/wp-json\/wp\/v2\/pages"}],"about":[{"href":"https:\/\/atodavela.eu\/en\/wp-json\/wp\/v2\/types\/page"}],"author":[{"embeddable":true,"href":"https:\/\/atodavela.eu\/en\/wp-json\/wp\/v2\/users\/1"}],"replies":[{"embeddable":true,"href":"https:\/\/atodavela.eu\/en\/wp-json\/wp\/v2\/comments?post=799"}],"version-history":[{"count":4,"href":"https:\/\/atodavela.eu\/en\/wp-json\/wp\/v2\/pages\/799\/revisions"}],"predecessor-version":[{"id":3275,"href":"https:\/\/atodavela.eu\/en\/wp-json\/wp\/v2\/pages\/799\/revisions\/3275"}],"wp:featuredmedia":[{"embeddable":true,"href":"https:\/\/atodavela.eu\/en\/wp-json\/wp\/v2\/media\/806"}],"wp:attachment":[{"href":"https:\/\/atodavela.eu\/en\/wp-json\/wp\/v2\/media?parent=799"}],"curies":[{"name":"wp","href":"https:\/\/api.w.org\/{rel}","templated":true}]}}