{"id":1049,"date":"2025-10-09T15:21:32","date_gmt":"2025-10-09T15:21:32","guid":{"rendered":"https:\/\/atodavela.eu\/?post_type=product&#038;p=1049"},"modified":"2026-01-14T09:08:31","modified_gmt":"2026-01-14T08:08:31","slug":"curso-puente-pnb-%e2%96%b8-per","status":"publish","type":"product","link":"https:\/\/atodavela.eu\/en\/compras\/curso-puente-pnb-%e2%96%b8-per\/","title":{"rendered":"Curso puente PNB \u25b8 PER"},"content":{"rendered":"<blockquote><p>El Curso Puente PNB \u2192 PER Online de A Toda Vela est\u00e1 dise\u00f1ado para titulados en Patr\u00f3n de Navegaci\u00f3n B\u00e1sica (PNB) que desean obtener el t\u00edtulo de Patr\u00f3n de Embarcaciones de Recreo (PER) de forma eficiente, aprovechando los conocimientos ya adquiridos.<\/p>\n<p>Este curso no repite las materias comunes entre PNB y PER, centr\u00e1ndose en los contenidos espec\u00edficos del PER, especialmente los ejercicios de navegaci\u00f3n, lo que permite reducir el tiempo de estudio y optimizar el aprendizaje.<\/p>\n<p>La formaci\u00f3n se realiza a trav\u00e9s de una plataforma online intuitiva y estructurada, con acceso durante tres meses, ampliables si lo necesitas.<\/p>\n<p>El curso incluye:<\/p>\n<p>Acceso a la plataforma online durante 3 meses<br \/>\n(meses adicionales disponibles)<\/p>\n<p>Material de trabajo para los ejercicios de navegaci\u00f3n, enviado por mensajer\u00eda gratuita (pen\u00ednsula)<\/p>\n<p>Ejercicios de carta n\u00e1utica<\/p>\n<p>Test de autoevaluaci\u00f3n<\/p>\n<p>Tutor\u00eda y seguimiento por un instructor n\u00e1utico<\/p>\n<p>Este curso es v\u00e1lido para la preparaci\u00f3n del examen te\u00f3rico del PER en cualquier comunidad aut\u00f3noma. Para la obtenci\u00f3n del t\u00edtulo ser\u00e1 necesario realizar, adem\u00e1s, las pr\u00e1cticas oficiales de navegaci\u00f3n del PER y el curso de radio correspondiente, si no se ha realizado previamente.<\/p>\n<p>Si tienes dudas sobre si este curso es adecuado para ti, <a href=\"tel:+34658785058\" target=\"_blank\" rel=\"noopener noreferrer\">Ll\u00e1manos y te informaremos<\/a> con detalle sobre este novedoso curso online.<\/p><\/blockquote>\n<p><a style=\"border: 1px solid #008285; padding: 12px;\" href=\"https:\/\/www.campusnautico.com\/demo\/\" target=\"_blank\" rel=\"noopener noreferrer\">\u25b8 Prueba la DEMO gratis <\/a><\/p>","protected":false},"excerpt":{"rendered":"<p>Curso online <strong data-start=\"136\" data-end=\"156\">Puente PNB \u2192 PER<\/strong>, dirigido a titulados en Patr\u00f3n de Navegaci\u00f3n B\u00e1sica que desean preparar el PER sin repetir contenidos.<br data-start=\"260\" data-end=\"263\" \/>Acceso a la plataforma durante <strong data-start=\"294\" data-end=\"305\" data-is-only-node=\"\">3 meses<\/strong>, material de navegaci\u00f3n incluido y tutor\u00eda personalizada.<\/p>","protected":false},"featured_media":1050,"comment_status":"open","ping_status":"closed","template":"","meta":[],"product_brand":[],"product_cat":[48],"product_tag":[],"class_list":{"0":"post-1049","1":"product","2":"type-product","3":"status-publish","4":"has-post-thumbnail","6":"product_cat-formacion-online","8":"first","9":"instock","10":"virtual","11":"taxable","12":"purchasable","13":"product-type-simple"},"yoast_head":"<!-- This site is optimized with the Yoast SEO plugin v27.5 - https:\/\/yoast.com\/product\/yoast-seo-wordpress\/ -->\n<title>Curso Puente PNB \u2192 PER Online | A Toda Vela<\/title>\n<meta name=\"description\" content=\"Curso puente PNB \u2192 PER online para titulados PNB. Prepara el PER sin repetir contenidos, con plataforma online, tutor\u00eda y material de navegaci\u00f3n.\" \/>\n<meta name=\"robots\" content=\"index, follow, max-snippet:-1, max-image-preview:large, max-video-preview:-1\" \/>\n<link rel=\"canonical\" href=\"https:\/\/atodavela.eu\/en\/compras\/curso-puente-pnb-\u25b8-per\/\" \/>\n<meta property=\"og:locale\" content=\"en_US\" \/>\n<meta property=\"og:type\" content=\"article\" \/>\n<meta property=\"og:title\" content=\"Curso Puente PNB \u2192 PER Online | A Toda Vela\" \/>\n<meta property=\"og:description\" content=\"Curso puente PNB \u2192 PER online para titulados PNB. Prepara el PER sin repetir contenidos, con plataforma online, tutor\u00eda y material de navegaci\u00f3n.\" \/>\n<meta property=\"og:url\" content=\"https:\/\/atodavela.eu\/en\/compras\/curso-puente-pnb-\u25b8-per\/\" \/>\n<meta property=\"og:site_name\" content=\"A Toda Vela\" \/>\n<meta property=\"article:modified_time\" content=\"2026-01-14T08:08:31+00:00\" \/>\n<meta property=\"og:image\" content=\"https:\/\/atodavela.eu\/wp-content\/uploads\/2025\/10\/PNB-PER.jpg\" \/>\n\t<meta property=\"og:image:width\" content=\"535\" \/>\n\t<meta property=\"og:image:height\" content=\"535\" \/>\n\t<meta property=\"og:image:type\" content=\"image\/jpeg\" \/>\n<meta name=\"twitter:card\" content=\"summary_large_image\" \/>\n<meta name=\"twitter:label1\" content=\"Est. reading time\" \/>\n\t<meta name=\"twitter:data1\" content=\"1 minute\" \/>\n<script type=\"application\/ld+json\" class=\"yoast-schema-graph\">{\"@context\":\"https:\\\/\\\/schema.org\",\"@graph\":[{\"@type\":\"WebPage\",\"@id\":\"https:\\\/\\\/atodavela.eu\\\/compras\\\/curso-puente-pnb-%e2%96%b8-per\\\/\",\"url\":\"https:\\\/\\\/atodavela.eu\\\/compras\\\/curso-puente-pnb-%e2%96%b8-per\\\/\",\"name\":\"Curso Puente PNB \u2192 PER Online | A Toda Vela\",\"isPartOf\":{\"@id\":\"https:\\\/\\\/atodavela.eu\\\/#website\"},\"primaryImageOfPage\":{\"@id\":\"https:\\\/\\\/atodavela.eu\\\/compras\\\/curso-puente-pnb-%e2%96%b8-per\\\/#primaryimage\"},\"image\":{\"@id\":\"https:\\\/\\\/atodavela.eu\\\/compras\\\/curso-puente-pnb-%e2%96%b8-per\\\/#primaryimage\"},\"thumbnailUrl\":\"https:\\\/\\\/atodavela.eu\\\/wp-content\\\/uploads\\\/2025\\\/10\\\/PNB-PER.jpg\",\"datePublished\":\"2025-10-09T15:21:32+00:00\",\"dateModified\":\"2026-01-14T08:08:31+00:00\",\"description\":\"Curso puente PNB \u2192 PER online para titulados PNB. Prepara el PER sin repetir contenidos, con plataforma online, tutor\u00eda y material de navegaci\u00f3n.\",\"breadcrumb\":{\"@id\":\"https:\\\/\\\/atodavela.eu\\\/compras\\\/curso-puente-pnb-%e2%96%b8-per\\\/#breadcrumb\"},\"inLanguage\":\"en-US\",\"potentialAction\":[{\"@type\":\"ReadAction\",\"target\":[\"https:\\\/\\\/atodavela.eu\\\/compras\\\/curso-puente-pnb-%e2%96%b8-per\\\/\"]}]},{\"@type\":\"ImageObject\",\"inLanguage\":\"en-US\",\"@id\":\"https:\\\/\\\/atodavela.eu\\\/compras\\\/curso-puente-pnb-%e2%96%b8-per\\\/#primaryimage\",\"url\":\"https:\\\/\\\/atodavela.eu\\\/wp-content\\\/uploads\\\/2025\\\/10\\\/PNB-PER.jpg\",\"contentUrl\":\"https:\\\/\\\/atodavela.eu\\\/wp-content\\\/uploads\\\/2025\\\/10\\\/PNB-PER.jpg\",\"width\":535,\"height\":535},{\"@type\":\"BreadcrumbList\",\"@id\":\"https:\\\/\\\/atodavela.eu\\\/compras\\\/curso-puente-pnb-%e2%96%b8-per\\\/#breadcrumb\",\"itemListElement\":[{\"@type\":\"ListItem\",\"position\":1,\"name\":\"Portada\",\"item\":\"https:\\\/\\\/atodavela.eu\\\/\"},{\"@type\":\"ListItem\",\"position\":2,\"name\":\"Tienda\",\"item\":\"https:\\\/\\\/atodavela.eu\\\/tienda\\\/\"},{\"@type\":\"ListItem\",\"position\":3,\"name\":\"Curso puente PNB \u25b8 PER\"}]},{\"@type\":\"WebSite\",\"@id\":\"https:\\\/\\\/atodavela.eu\\\/#website\",\"url\":\"https:\\\/\\\/atodavela.eu\\\/\",\"name\":\"A Toda Vela\",\"description\":\"Escuela N\u00e1utica, alquiler de barcos y experiencias Sea Starlight en C\u00e1diz\",\"publisher\":{\"@id\":\"https:\\\/\\\/atodavela.eu\\\/#organization\"},\"potentialAction\":[{\"@type\":\"SearchAction\",\"target\":{\"@type\":\"EntryPoint\",\"urlTemplate\":\"https:\\\/\\\/atodavela.eu\\\/?s={search_term_string}\"},\"query-input\":{\"@type\":\"PropertyValueSpecification\",\"valueRequired\":true,\"valueName\":\"search_term_string\"}}],\"inLanguage\":\"en-US\"},{\"@type\":\"Organization\",\"@id\":\"https:\\\/\\\/atodavela.eu\\\/#organization\",\"name\":\"A Toda Vela\",\"url\":\"https:\\\/\\\/atodavela.eu\\\/\",\"logo\":{\"@type\":\"ImageObject\",\"inLanguage\":\"en-US\",\"@id\":\"https:\\\/\\\/atodavela.eu\\\/#\\\/schema\\\/logo\\\/image\\\/\",\"url\":\"https:\\\/\\\/atodavela.eu\\\/wp-content\\\/uploads\\\/2025\\\/07\\\/Logo-ATV-R.png\",\"contentUrl\":\"https:\\\/\\\/atodavela.eu\\\/wp-content\\\/uploads\\\/2025\\\/07\\\/Logo-ATV-R.png\",\"width\":220,\"height\":220,\"caption\":\"A Toda Vela\"},\"image\":{\"@id\":\"https:\\\/\\\/atodavela.eu\\\/#\\\/schema\\\/logo\\\/image\\\/\"}}]}<\/script>\n<!-- \/ Yoast SEO plugin. -->","yoast_head_json":{"title":"Curso Puente PNB \u2192 PER Online | A Toda Vela","description":"Curso puente PNB \u2192 PER online para titulados PNB. Prepara el PER sin repetir contenidos, con plataforma online, tutor\u00eda y material de navegaci\u00f3n.","robots":{"index":"index","follow":"follow","max-snippet":"max-snippet:-1","max-image-preview":"max-image-preview:large","max-video-preview":"max-video-preview:-1"},"canonical":"https:\/\/atodavela.eu\/en\/compras\/curso-puente-pnb-\u25b8-per\/","og_locale":"en_US","og_type":"article","og_title":"Curso Puente PNB \u2192 PER Online | A Toda Vela","og_description":"Curso puente PNB \u2192 PER online para titulados PNB. Prepara el PER sin repetir contenidos, con plataforma online, tutor\u00eda y material de navegaci\u00f3n.","og_url":"https:\/\/atodavela.eu\/en\/compras\/curso-puente-pnb-\u25b8-per\/","og_site_name":"A Toda Vela","article_modified_time":"2026-01-14T08:08:31+00:00","og_image":[{"width":535,"height":535,"url":"https:\/\/atodavela.eu\/wp-content\/uploads\/2025\/10\/PNB-PER.jpg","type":"image\/jpeg"}],"twitter_card":"summary_large_image","twitter_misc":{"Est. reading time":"1 minute"},"schema":{"@context":"https:\/\/schema.org","@graph":[{"@type":"WebPage","@id":"https:\/\/atodavela.eu\/compras\/curso-puente-pnb-%e2%96%b8-per\/","url":"https:\/\/atodavela.eu\/compras\/curso-puente-pnb-%e2%96%b8-per\/","name":"Curso Puente PNB \u2192 PER Online | A Toda Vela","isPartOf":{"@id":"https:\/\/atodavela.eu\/#website"},"primaryImageOfPage":{"@id":"https:\/\/atodavela.eu\/compras\/curso-puente-pnb-%e2%96%b8-per\/#primaryimage"},"image":{"@id":"https:\/\/atodavela.eu\/compras\/curso-puente-pnb-%e2%96%b8-per\/#primaryimage"},"thumbnailUrl":"https:\/\/atodavela.eu\/wp-content\/uploads\/2025\/10\/PNB-PER.jpg","datePublished":"2025-10-09T15:21:32+00:00","dateModified":"2026-01-14T08:08:31+00:00","description":"Curso puente PNB \u2192 PER online para titulados PNB. Prepara el PER sin repetir contenidos, con plataforma online, tutor\u00eda y material de navegaci\u00f3n.","breadcrumb":{"@id":"https:\/\/atodavela.eu\/compras\/curso-puente-pnb-%e2%96%b8-per\/#breadcrumb"},"inLanguage":"en-US","potentialAction":[{"@type":"ReadAction","target":["https:\/\/atodavela.eu\/compras\/curso-puente-pnb-%e2%96%b8-per\/"]}]},{"@type":"ImageObject","inLanguage":"en-US","@id":"https:\/\/atodavela.eu\/compras\/curso-puente-pnb-%e2%96%b8-per\/#primaryimage","url":"https:\/\/atodavela.eu\/wp-content\/uploads\/2025\/10\/PNB-PER.jpg","contentUrl":"https:\/\/atodavela.eu\/wp-content\/uploads\/2025\/10\/PNB-PER.jpg","width":535,"height":535},{"@type":"BreadcrumbList","@id":"https:\/\/atodavela.eu\/compras\/curso-puente-pnb-%e2%96%b8-per\/#breadcrumb","itemListElement":[{"@type":"ListItem","position":1,"name":"Portada","item":"https:\/\/atodavela.eu\/"},{"@type":"ListItem","position":2,"name":"Tienda","item":"https:\/\/atodavela.eu\/tienda\/"},{"@type":"ListItem","position":3,"name":"Curso puente PNB \u25b8 PER"}]},{"@type":"WebSite","@id":"https:\/\/atodavela.eu\/#website","url":"https:\/\/atodavela.eu\/","name":"A Toda Vela","description":"Escuela N\u00e1utica, alquiler de barcos y experiencias Sea Starlight en C\u00e1diz","publisher":{"@id":"https:\/\/atodavela.eu\/#organization"},"potentialAction":[{"@type":"SearchAction","target":{"@type":"EntryPoint","urlTemplate":"https:\/\/atodavela.eu\/?s={search_term_string}"},"query-input":{"@type":"PropertyValueSpecification","valueRequired":true,"valueName":"search_term_string"}}],"inLanguage":"en-US"},{"@type":"Organization","@id":"https:\/\/atodavela.eu\/#organization","name":"A Toda Vela","url":"https:\/\/atodavela.eu\/","logo":{"@type":"ImageObject","inLanguage":"en-US","@id":"https:\/\/atodavela.eu\/#\/schema\/logo\/image\/","url":"https:\/\/atodavela.eu\/wp-content\/uploads\/2025\/07\/Logo-ATV-R.png","contentUrl":"https:\/\/atodavela.eu\/wp-content\/uploads\/2025\/07\/Logo-ATV-R.png","width":220,"height":220,"caption":"A Toda Vela"},"image":{"@id":"https:\/\/atodavela.eu\/#\/schema\/logo\/image\/"}}]}},"_links":{"self":[{"href":"https:\/\/atodavela.eu\/en\/wp-json\/wp\/v2\/product\/1049","targetHints":{"allow":["GET"]}}],"collection":[{"href":"https:\/\/atodavela.eu\/en\/wp-json\/wp\/v2\/product"}],"about":[{"href":"https:\/\/atodavela.eu\/en\/wp-json\/wp\/v2\/types\/product"}],"replies":[{"embeddable":true,"href":"https:\/\/atodavela.eu\/en\/wp-json\/wp\/v2\/comments?post=1049"}],"wp:featuredmedia":[{"embeddable":true,"href":"https:\/\/atodavela.eu\/en\/wp-json\/wp\/v2\/media\/1050"}],"wp:attachment":[{"href":"https:\/\/atodavela.eu\/en\/wp-json\/wp\/v2\/media?parent=1049"}],"wp:term":[{"taxonomy":"product_brand","embeddable":true,"href":"https:\/\/atodavela.eu\/en\/wp-json\/wp\/v2\/product_brand?post=1049"},{"taxonomy":"product_cat","embeddable":true,"href":"https:\/\/atodavela.eu\/en\/wp-json\/wp\/v2\/product_cat?post=1049"},{"taxonomy":"product_tag","embeddable":true,"href":"https:\/\/atodavela.eu\/en\/wp-json\/wp\/v2\/product_tag?post=1049"}],"curies":[{"name":"wp","href":"https:\/\/api.w.org\/{rel}","templated":true}]}}