{"id":1055,"date":"2025-10-09T15:38:14","date_gmt":"2025-10-09T15:38:14","guid":{"rendered":"https:\/\/atodavela.eu\/?post_type=product&#038;p=1055"},"modified":"2025-10-09T15:38:44","modified_gmt":"2025-10-09T15:38:44","slug":"navegacion-y-seguridad-per","status":"publish","type":"product","link":"https:\/\/atodavela.eu\/en\/compras\/navegacion-y-seguridad-per\/","title":{"rendered":"Navegaci\u00f3n y Seguridad PER"},"content":{"rendered":"<p>\u00ab<strong>Navegaci\u00f3n y Seguridad PER<\/strong>\u00bb es un video formativo dirigido a los Patrones de Embarcaciones de Recreo (PER). Est\u00e1 elaborado con diversos contenidos de la colecci\u00f3n de v\u00eddeos formativos de A TODA VELA.<\/p>\n<p>Los cap\u00edtulos de \u00abNavegaci\u00f3n y Seguridad PER\u00bb nos muestran con todo detalle aspectos fundamentales que tenemos que conocer para gobernar una embarcaci\u00f3n. Estos son sus bloques:<\/p>\n<ul>\n<li>Elementos del barco y Primeros consejos.<\/li>\n<li>Propulsi\u00f3n, estanqueidad y gobierno del barco.<\/li>\n<li>Maniobras en Puerto.<\/li>\n<li>El Fondeo.<\/li>\n<li>Preparaci\u00f3n del barco y traves\u00eda.<\/li>\n<li>Seguridad en la mar.<\/li>\n<\/ul>\n<p>Aprende a navegar con este v\u00eddeo. Es muy recomendable su visionado como complemento a las pr\u00e1cticas de Navegaci\u00f3n y Seguridad del PER. Tambi\u00e9n para aquellas personas que se van a examinar del PER, pues contiene mucha informaci\u00f3n que forma parte del aprendizaje del PER. El v\u00eddeo es gratuito para los navegantes que realizan las pr\u00e1cticas de Navegaci\u00f3n y Seguridad de PER, Patr\u00f3n de Yate y Capit\u00e1n de Yate con A TODA VELA.<\/p>\n<p>Cuando comenzamos a navegar, todo nos parece desconocido y nuevo en torno al barco. Con este v\u00eddeo te familiarizar\u00e1s enseguida con muchos conceptos y labores a realizar. Aprende a Navegar con \u00abNavegaci\u00f3n y Seguridad PER\u00bb, un v\u00eddeo-manual para estudiarlo con serenidad. Espero que lo disfrutes.<\/p>\n<hr \/>\n<p><strong>Trailer<\/strong>.<\/p>\n<p><iframe loading=\"lazy\" title=\"Trailer Navegaci\u00f3n y Seguridad PER\" width=\"1080\" height=\"608\" src=\"https:\/\/www.youtube.com\/embed\/nN6TQCAIEfk?feature=oembed\"  allow=\"accelerometer; autoplay; clipboard-write; encrypted-media; gyroscope; picture-in-picture; web-share\" referrerpolicy=\"strict-origin-when-cross-origin\" allowfullscreen><\/iframe><\/p>","protected":false},"excerpt":{"rendered":"<p>Duraci\u00f3n: 80 min.<\/p>","protected":false},"featured_media":1056,"comment_status":"open","ping_status":"closed","template":"","meta":[],"product_brand":[],"product_cat":[49],"product_tag":[],"class_list":{"0":"post-1055","1":"product","2":"type-product","3":"status-publish","4":"has-post-thumbnail","6":"product_cat-academia","8":"first","9":"instock","10":"virtual","11":"taxable","12":"purchasable","13":"product-type-simple"},"yoast_head":"<!-- This site is optimized with the Yoast SEO plugin v27.4 - https:\/\/yoast.com\/product\/yoast-seo-wordpress\/ -->\n<title>Navegaci\u00f3n y Seguridad PER - A Toda Vela<\/title>\n<meta name=\"robots\" content=\"index, follow, max-snippet:-1, max-image-preview:large, max-video-preview:-1\" \/>\n<link rel=\"canonical\" href=\"https:\/\/atodavela.eu\/en\/compras\/navegacion-y-seguridad-per\/\" \/>\n<meta property=\"og:locale\" content=\"en_US\" \/>\n<meta property=\"og:type\" content=\"article\" \/>\n<meta property=\"og:title\" content=\"Navegaci\u00f3n y Seguridad PER - A Toda Vela\" \/>\n<meta property=\"og:description\" content=\"Duraci\u00f3n: 80 min.\" \/>\n<meta property=\"og:url\" content=\"https:\/\/atodavela.eu\/en\/compras\/navegacion-y-seguridad-per\/\" \/>\n<meta property=\"og:site_name\" content=\"A Toda Vela\" \/>\n<meta property=\"article:modified_time\" content=\"2025-10-09T15:38:44+00:00\" \/>\n<meta property=\"og:image\" content=\"https:\/\/atodavela.eu\/wp-content\/uploads\/2025\/10\/NAVEGACION-Y-SEGURIDAD-PER-ONLINE.jpg\" \/>\n\t<meta property=\"og:image:width\" content=\"400\" \/>\n\t<meta property=\"og:image:height\" content=\"400\" \/>\n\t<meta property=\"og:image:type\" content=\"image\/jpeg\" \/>\n<meta name=\"twitter:card\" content=\"summary_large_image\" \/>\n<meta name=\"twitter:label1\" content=\"Est. reading time\" \/>\n\t<meta name=\"twitter:data1\" content=\"2 minutes\" \/>\n<script type=\"application\/ld+json\" class=\"yoast-schema-graph\">{\"@context\":\"https:\\\/\\\/schema.org\",\"@graph\":[{\"@type\":\"WebPage\",\"@id\":\"https:\\\/\\\/atodavela.eu\\\/compras\\\/navegacion-y-seguridad-per\\\/\",\"url\":\"https:\\\/\\\/atodavela.eu\\\/compras\\\/navegacion-y-seguridad-per\\\/\",\"name\":\"Navegaci\u00f3n y Seguridad PER - A Toda Vela\",\"isPartOf\":{\"@id\":\"https:\\\/\\\/atodavela.eu\\\/#website\"},\"primaryImageOfPage\":{\"@id\":\"https:\\\/\\\/atodavela.eu\\\/compras\\\/navegacion-y-seguridad-per\\\/#primaryimage\"},\"image\":{\"@id\":\"https:\\\/\\\/atodavela.eu\\\/compras\\\/navegacion-y-seguridad-per\\\/#primaryimage\"},\"thumbnailUrl\":\"https:\\\/\\\/atodavela.eu\\\/wp-content\\\/uploads\\\/2025\\\/10\\\/NAVEGACION-Y-SEGURIDAD-PER-ONLINE.jpg\",\"datePublished\":\"2025-10-09T15:38:14+00:00\",\"dateModified\":\"2025-10-09T15:38:44+00:00\",\"breadcrumb\":{\"@id\":\"https:\\\/\\\/atodavela.eu\\\/compras\\\/navegacion-y-seguridad-per\\\/#breadcrumb\"},\"inLanguage\":\"en-US\",\"potentialAction\":[{\"@type\":\"ReadAction\",\"target\":[\"https:\\\/\\\/atodavela.eu\\\/compras\\\/navegacion-y-seguridad-per\\\/\"]}]},{\"@type\":\"ImageObject\",\"inLanguage\":\"en-US\",\"@id\":\"https:\\\/\\\/atodavela.eu\\\/compras\\\/navegacion-y-seguridad-per\\\/#primaryimage\",\"url\":\"https:\\\/\\\/atodavela.eu\\\/wp-content\\\/uploads\\\/2025\\\/10\\\/NAVEGACION-Y-SEGURIDAD-PER-ONLINE.jpg\",\"contentUrl\":\"https:\\\/\\\/atodavela.eu\\\/wp-content\\\/uploads\\\/2025\\\/10\\\/NAVEGACION-Y-SEGURIDAD-PER-ONLINE.jpg\",\"width\":400,\"height\":400},{\"@type\":\"BreadcrumbList\",\"@id\":\"https:\\\/\\\/atodavela.eu\\\/compras\\\/navegacion-y-seguridad-per\\\/#breadcrumb\",\"itemListElement\":[{\"@type\":\"ListItem\",\"position\":1,\"name\":\"Portada\",\"item\":\"https:\\\/\\\/atodavela.eu\\\/\"},{\"@type\":\"ListItem\",\"position\":2,\"name\":\"Tienda\",\"item\":\"https:\\\/\\\/atodavela.eu\\\/tienda\\\/\"},{\"@type\":\"ListItem\",\"position\":3,\"name\":\"Navegaci\u00f3n y Seguridad PER\"}]},{\"@type\":\"WebSite\",\"@id\":\"https:\\\/\\\/atodavela.eu\\\/#website\",\"url\":\"https:\\\/\\\/atodavela.eu\\\/\",\"name\":\"A Toda Vela\",\"description\":\"Escuela N\u00e1utica, alquiler de barcos y experiencias Sea Starlight en C\u00e1diz\",\"publisher\":{\"@id\":\"https:\\\/\\\/atodavela.eu\\\/#organization\"},\"potentialAction\":[{\"@type\":\"SearchAction\",\"target\":{\"@type\":\"EntryPoint\",\"urlTemplate\":\"https:\\\/\\\/atodavela.eu\\\/?s={search_term_string}\"},\"query-input\":{\"@type\":\"PropertyValueSpecification\",\"valueRequired\":true,\"valueName\":\"search_term_string\"}}],\"inLanguage\":\"en-US\"},{\"@type\":\"Organization\",\"@id\":\"https:\\\/\\\/atodavela.eu\\\/#organization\",\"name\":\"A Toda Vela\",\"url\":\"https:\\\/\\\/atodavela.eu\\\/\",\"logo\":{\"@type\":\"ImageObject\",\"inLanguage\":\"en-US\",\"@id\":\"https:\\\/\\\/atodavela.eu\\\/#\\\/schema\\\/logo\\\/image\\\/\",\"url\":\"https:\\\/\\\/atodavela.eu\\\/wp-content\\\/uploads\\\/2025\\\/07\\\/Logo-ATV-R.png\",\"contentUrl\":\"https:\\\/\\\/atodavela.eu\\\/wp-content\\\/uploads\\\/2025\\\/07\\\/Logo-ATV-R.png\",\"width\":220,\"height\":220,\"caption\":\"A Toda Vela\"},\"image\":{\"@id\":\"https:\\\/\\\/atodavela.eu\\\/#\\\/schema\\\/logo\\\/image\\\/\"}}]}<\/script>\n<!-- \/ Yoast SEO plugin. -->","yoast_head_json":{"title":"Navegaci\u00f3n y Seguridad PER - A Toda Vela","robots":{"index":"index","follow":"follow","max-snippet":"max-snippet:-1","max-image-preview":"max-image-preview:large","max-video-preview":"max-video-preview:-1"},"canonical":"https:\/\/atodavela.eu\/en\/compras\/navegacion-y-seguridad-per\/","og_locale":"en_US","og_type":"article","og_title":"Navegaci\u00f3n y Seguridad PER - A Toda Vela","og_description":"Duraci\u00f3n: 80 min.","og_url":"https:\/\/atodavela.eu\/en\/compras\/navegacion-y-seguridad-per\/","og_site_name":"A Toda Vela","article_modified_time":"2025-10-09T15:38:44+00:00","og_image":[{"width":400,"height":400,"url":"https:\/\/atodavela.eu\/wp-content\/uploads\/2025\/10\/NAVEGACION-Y-SEGURIDAD-PER-ONLINE.jpg","type":"image\/jpeg"}],"twitter_card":"summary_large_image","twitter_misc":{"Est. reading time":"2 minutes"},"schema":{"@context":"https:\/\/schema.org","@graph":[{"@type":"WebPage","@id":"https:\/\/atodavela.eu\/compras\/navegacion-y-seguridad-per\/","url":"https:\/\/atodavela.eu\/compras\/navegacion-y-seguridad-per\/","name":"Navegaci\u00f3n y Seguridad PER - A Toda Vela","isPartOf":{"@id":"https:\/\/atodavela.eu\/#website"},"primaryImageOfPage":{"@id":"https:\/\/atodavela.eu\/compras\/navegacion-y-seguridad-per\/#primaryimage"},"image":{"@id":"https:\/\/atodavela.eu\/compras\/navegacion-y-seguridad-per\/#primaryimage"},"thumbnailUrl":"https:\/\/atodavela.eu\/wp-content\/uploads\/2025\/10\/NAVEGACION-Y-SEGURIDAD-PER-ONLINE.jpg","datePublished":"2025-10-09T15:38:14+00:00","dateModified":"2025-10-09T15:38:44+00:00","breadcrumb":{"@id":"https:\/\/atodavela.eu\/compras\/navegacion-y-seguridad-per\/#breadcrumb"},"inLanguage":"en-US","potentialAction":[{"@type":"ReadAction","target":["https:\/\/atodavela.eu\/compras\/navegacion-y-seguridad-per\/"]}]},{"@type":"ImageObject","inLanguage":"en-US","@id":"https:\/\/atodavela.eu\/compras\/navegacion-y-seguridad-per\/#primaryimage","url":"https:\/\/atodavela.eu\/wp-content\/uploads\/2025\/10\/NAVEGACION-Y-SEGURIDAD-PER-ONLINE.jpg","contentUrl":"https:\/\/atodavela.eu\/wp-content\/uploads\/2025\/10\/NAVEGACION-Y-SEGURIDAD-PER-ONLINE.jpg","width":400,"height":400},{"@type":"BreadcrumbList","@id":"https:\/\/atodavela.eu\/compras\/navegacion-y-seguridad-per\/#breadcrumb","itemListElement":[{"@type":"ListItem","position":1,"name":"Portada","item":"https:\/\/atodavela.eu\/"},{"@type":"ListItem","position":2,"name":"Tienda","item":"https:\/\/atodavela.eu\/tienda\/"},{"@type":"ListItem","position":3,"name":"Navegaci\u00f3n y Seguridad PER"}]},{"@type":"WebSite","@id":"https:\/\/atodavela.eu\/#website","url":"https:\/\/atodavela.eu\/","name":"A Toda Vela","description":"Escuela N\u00e1utica, alquiler de barcos y experiencias Sea Starlight en C\u00e1diz","publisher":{"@id":"https:\/\/atodavela.eu\/#organization"},"potentialAction":[{"@type":"SearchAction","target":{"@type":"EntryPoint","urlTemplate":"https:\/\/atodavela.eu\/?s={search_term_string}"},"query-input":{"@type":"PropertyValueSpecification","valueRequired":true,"valueName":"search_term_string"}}],"inLanguage":"en-US"},{"@type":"Organization","@id":"https:\/\/atodavela.eu\/#organization","name":"A Toda Vela","url":"https:\/\/atodavela.eu\/","logo":{"@type":"ImageObject","inLanguage":"en-US","@id":"https:\/\/atodavela.eu\/#\/schema\/logo\/image\/","url":"https:\/\/atodavela.eu\/wp-content\/uploads\/2025\/07\/Logo-ATV-R.png","contentUrl":"https:\/\/atodavela.eu\/wp-content\/uploads\/2025\/07\/Logo-ATV-R.png","width":220,"height":220,"caption":"A Toda Vela"},"image":{"@id":"https:\/\/atodavela.eu\/#\/schema\/logo\/image\/"}}]}},"_links":{"self":[{"href":"https:\/\/atodavela.eu\/en\/wp-json\/wp\/v2\/product\/1055","targetHints":{"allow":["GET"]}}],"collection":[{"href":"https:\/\/atodavela.eu\/en\/wp-json\/wp\/v2\/product"}],"about":[{"href":"https:\/\/atodavela.eu\/en\/wp-json\/wp\/v2\/types\/product"}],"replies":[{"embeddable":true,"href":"https:\/\/atodavela.eu\/en\/wp-json\/wp\/v2\/comments?post=1055"}],"wp:featuredmedia":[{"embeddable":true,"href":"https:\/\/atodavela.eu\/en\/wp-json\/wp\/v2\/media\/1056"}],"wp:attachment":[{"href":"https:\/\/atodavela.eu\/en\/wp-json\/wp\/v2\/media?parent=1055"}],"wp:term":[{"taxonomy":"product_brand","embeddable":true,"href":"https:\/\/atodavela.eu\/en\/wp-json\/wp\/v2\/product_brand?post=1055"},{"taxonomy":"product_cat","embeddable":true,"href":"https:\/\/atodavela.eu\/en\/wp-json\/wp\/v2\/product_cat?post=1055"},{"taxonomy":"product_tag","embeddable":true,"href":"https:\/\/atodavela.eu\/en\/wp-json\/wp\/v2\/product_tag?post=1055"}],"curies":[{"name":"wp","href":"https:\/\/api.w.org\/{rel}","templated":true}]}}