{"id":1208,"date":"2025-10-22T08:05:27","date_gmt":"2025-10-22T08:05:27","guid":{"rendered":"https:\/\/atodavela.eu\/?post_type=product&#038;p=1208"},"modified":"2026-02-02T19:49:54","modified_gmt":"2026-02-02T18:49:54","slug":"practicas-ampliacion-per-en-cadiz","status":"publish","type":"product","link":"https:\/\/atodavela.eu\/en\/compras\/practicas-ampliacion-per-en-cadiz\/","title":{"rendered":"Pr\u00e1cticas Ampliaci\u00f3n PER en C\u00e1diz"},"content":{"rendered":"<div class=\"et_pb_section_0 et_pb_section et_section_regular et_block_section\">\r\n\r\n<div class=\"et_pb_row_0 et_pb_row et_block_row\">\r\n\r\n<div class=\"et_pb_column_0 et_pb_column et_pb_column_4_4 et-last-child et_block_column et_pb_css_mix_blend_mode_passthrough\">\r\n\r\n\r\n\r\n<div class=\"et_pb_wc_cart_notice_0 et_pb_wc_cart_notice et_pb_fields_layout_default et_pb_module\"><div class=\"et_pb_module_inner\">\n\t<div class=\"woocommerce-message\" role=\"alert\">\n\t\t&ldquo;Product Name&rdquo; has been added to cart.\t<\/div>\n<\/div><\/div><\/div><\/div>\r\n\r\n<div class=\"et_pb_row_1 et_pb_row et_block_row\">\r\n\r\n<div class=\"et_pb_column_1 et_pb_column et_pb_column_1_2 et_block_column et_pb_css_mix_blend_mode_passthrough\">\r\n\r\n<div class=\"et_pb_wc_images_0 et_pb_wc_images et_pb_module\"><div class=\"et_pb_module_inner\"><\/div><\/div><\/div>\r\n\r\n<div class=\"et_pb_column_2 et_pb_column et_pb_column_1_2 et-last-child et_block_column et_pb_css_mix_blend_mode_passthrough\">\r\n\r\n<div class=\"et_pb_wc_title_0 et_pb_wc_title et_pb_bg_layout_light et_pb_module\"><div class=\"et_pb_module_inner\">\n\t\t<h1>Pr\u00e1cticas Ampliaci\u00f3n PER en C\u00e1diz<\/h1><\/div><\/div>\r\n\r\n\r\n\r\n\r\n\r\n\r\n\r\n\r\n\r\n<\/div><\/div>\r\n\r\n<div class=\"et_pb_row_2 et_pb_row et_flex_row\">\r\n\r\n<div class=\"et_pb_column_3 et_pb_column et-last-child et_flex_column et_pb_css_mix_blend_mode_passthrough et_flex_column_24_24 et_flex_column_24_24_tablet et_flex_column_24_24_phone\">\r\n\r\n<div class=\"et_pb_blurb_0 et_pb_blurb et_pb_bg_layout_light et_pb_blurb_position_top et_pb_module et_flex_module\"><div class=\"et_pb_blurb_content et_flex_module\"><div class=\"et_pb_main_blurb_image\"><a href=\"tel:\/\/+34633020299\"><span class=\"et_pb_image_wrap\"><span class=\"et-pb-icon\">\ue090<\/span><\/span><\/a><\/div><div class=\"et_pb_blurb_container\"><h4 class=\"et_pb_module_header\"><a href=\"tel:\/\/+34633020299\">\u00bfTienes alguna duda?<\/a><\/h4><div class=\"et_pb_blurb_description\"><h4 style=\"text-align: center;\"><strong>Call us<\/strong><\/h4>\n<\/div><\/div><\/div><\/div><\/div><\/div>\r\n\r\n<div class=\"et_pb_row_3 et_pb_row et_flex_row\">\r\n\r\n<div class=\"et_pb_column_4 et_pb_column et_flex_column et_pb_css_mix_blend_mode_passthrough et_flex_column_24_24 et_flex_column_24_24_tablet et_flex_column_24_24_phone\">\r\n\r\n<div class=\"et_pb_blurb_1 et_pb_blurb et_pb_bg_layout_light et_pb_blurb_position_left et_pb_module et_flex_module\"><div class=\"et_pb_blurb_content et_flex_module\"><div class=\"et_pb_main_blurb_image\"><span class=\"et_pb_image_wrap\"><span class=\"et-pb-icon\">\uf19d<\/span><\/span><\/div><div class=\"et_pb_blurb_container\"><h4 class=\"et_pb_module_header\">Todo nuestro personal son expertos titulados<\/h4><\/div><\/div><\/div><\/div>\r\n\r\n<div class=\"et_pb_column_5 et_pb_column et_flex_column et_pb_css_mix_blend_mode_passthrough et_flex_column_24_24 et_flex_column_24_24_tablet et_flex_column_24_24_phone\">\r\n\r\n<div class=\"et_pb_blurb_2 et_pb_blurb et_pb_bg_layout_light et_pb_blurb_position_left et_pb_module et_flex_module\"><div class=\"et_pb_blurb_content et_flex_module\"><div class=\"et_pb_main_blurb_image\"><span class=\"et_pb_image_wrap\"><span class=\"et-pb-icon\">\uf02e<\/span><\/span><\/div><div class=\"et_pb_blurb_container\"><h4 class=\"et_pb_module_header\">Garant\u00eda de devoluci\u00f3n en caso de cancelaci\u00f3n<\/h4><\/div><\/div><\/div><\/div>\r\n\r\n<div class=\"et_pb_column_6 et_pb_column et-last-child et_flex_column et_pb_css_mix_blend_mode_passthrough et_flex_column_24_24 et_flex_column_24_24_tablet et_flex_column_24_24_phone\">\r\n\r\n<div class=\"et_pb_blurb_3 et_pb_blurb et_pb_bg_layout_light et_pb_blurb_position_left et_pb_module et_flex_module\"><div class=\"et_pb_blurb_content et_flex_module\"><div class=\"et_pb_main_blurb_image\"><span class=\"et_pb_image_wrap\"><span class=\"et-pb-icon\">\uf1cd<\/span><\/span><\/div><div class=\"et_pb_blurb_container\"><h4 class=\"et_pb_module_header\">La seguridad est\u00e1 garantizada<\/h4><\/div><\/div><\/div><\/div><\/div>\r\n\r\n<div class=\"et_pb_row_4 et_pb_row et_flex_row\">\r\n\r\n<div class=\"et_pb_column_7 et_pb_column et-last-child et_flex_column et_pb_css_mix_blend_mode_passthrough et_flex_column_24_24 et_flex_column_24_24_tablet et_flex_column_24_24_phone\">\r\n\r\n<div class=\"et_pb_text_0 et_pb_text et_pb_bg_layout_light et_pb_module et_flex_module\"><div class=\"et_pb_text_inner\"><h2 class=\"elementor-heading-title elementor-size-default\">Pr\u00e1cticas de Ampliaci\u00f3n del PER\u00a0 \u2013 Obt\u00e9n tus pr\u00e1cticas de navegaci\u00f3n reglamentarias en C\u00e1diz.<\/h2>\n<p><strong data-start=\"1042\" data-end=\"1068\">Las pr\u00e1cticas de Ampliaci\u00f3n del PER m\u00e1s vela,\u00a0 <\/strong>son\u00a0 pr\u00e1cticas opcionales para obtener el <strong>PER Ampliado y la habilitaci\u00f3n a Vela.<\/strong>\u00a0 Estas pr\u00e1cticas <strong>ampl\u00edan el t\u00edtulo del PER para poder navegar desde cualquier punto de la Pen\u00ednsula al archipi\u00e9lago balear, y para poder navegar con barcos de hasta 24 metros de eslora, as\u00ed como navegar barcos de vela.<\/strong><\/p>\n<p>&nbsp;<\/p>\n<\/div><\/div>\r\n\r\n<div class=\"et_pb_text_1 et_pb_text et_pb_bg_layout_light et_pb_module et_flex_module\"><div class=\"et_pb_text_inner\"><h2>\u00bfSirven estas pr\u00e1cticas para cualquier titulaci\u00f3n?<\/h2>\n<p><strong>Sirven para complementar la titulaci\u00f3n del t\u00edtulo del PER (<\/strong>Patr\u00f3n de embarcaciones de recreo).\u00a0<\/p>\n<p>&nbsp;<\/p>\n<\/div><\/div>\r\n\r\n<div class=\"et_pb_text_2 et_pb_text et_pb_bg_layout_light et_pb_module et_flex_module\"><div class=\"et_pb_text_inner\"><h2 class=\"elementor-heading-title elementor-size-default\">\u00bfQu\u00e9 se necesita para realizar las pr\u00e1cticas de Ampliaci\u00f3n del PER?<\/h2>\n<div class=\"elementor-element elementor-element-3bdd8301 elementor-widget elementor-widget-text-editor\" data-id=\"3bdd8301\" data-element_type=\"widget\" data-widget_type=\"text-editor.default\">\n<div class=\"elementor-widget-container\">\n<ul>\n<li style=\"list-style-type: none;\">\n<ul>\n<li class=\"\" data-start=\"2421\" data-end=\"2569\">\n<p class=\"\" data-start=\"2423\" data-end=\"2569\"><strong data-start=\"2423\" data-end=\"2437\">Requisitos<\/strong>: No se requieren conocimientos previos para realizar estas pr\u00e1cticas. A partir de 18 a\u00f1os.<\/p>\n<\/li>\n<\/ul>\n<\/li>\n<\/ul>\n<p class=\"\" data-start=\"2572\" data-end=\"2658\"><strong data-start=\"2572\" data-end=\"2584\">Duraci\u00f3n<\/strong>: Las pr\u00e1cticas tienen una duraci\u00f3n <strong data-start=\"2607\" data-end=\"2625\">de 24 horas en r\u00e9gimen de navegaci\u00f3n, pernoctando a bordo.<\/strong><\/p>\n<p class=\"\" data-start=\"2661\" data-end=\"2744\"><strong data-start=\"2661\" data-end=\"2671\">Examen<\/strong>: No requieren examen.<\/p>\n<\/div>\n<\/div>\n<p>&nbsp;<\/p>\n<\/div><\/div>\r\n\r\n<div class=\"et_pb_text_3 et_pb_text et_pb_bg_layout_light et_pb_module et_flex_module\"><div class=\"et_pb_text_inner\"><h2>\u00bfPor qu\u00e9 elegir A Toda Vela para tus pr\u00e1cticas de Navegaci\u00f3n?<\/h2>\n<p><strong data-start=\"2913\" data-end=\"2938\">Nuestros instructores<\/strong><span>\u00a0<\/span>est\u00e1n altamente capacitados para la ense\u00f1anza de estas pr\u00e1cticas.<\/p>\n<p>En la bah\u00eda de C\u00e1diz se dan las circunstancias para realizar estas pr\u00e1cticas. En el Atl\u00e1ntico podr\u00e1s navegar teniendo en cuenta las mareas.<\/p>\n<p>Nuestro barco est\u00e1 perfectamente equipado para realizar estas pr\u00e1cticas.<\/p>\n<p>Nuestro Puerto base (Puerto Am\u00e9rica), en C\u00e1diz goza de una excelente situaci\u00f3n y tiene parking privado gratuito para los alumnos.<\/p>\n<\/div><\/div>\r\n\r\n<div class=\"et_pb_text_4 et_pb_text et_pb_bg_layout_light et_pb_module et_flex_module\"><div class=\"et_pb_text_inner\"><h2>\u00bfC\u00f3mo reservar tu plaza para las pr\u00e1cticas de Navegaci\u00f3n?<\/h2>\n<p><span>Reserva tu plaza a trav\u00e9s de <\/span><strong>nuestro calendario de pr\u00e1cticas en l\u00ednea.<\/strong><span>\u00a0Es muy f\u00e1cil, solo selecciona el d\u00eda que m\u00e1s te convenga de las convocatorias publicadas y obt\u00e9n la confirmaci\u00f3n de tu reserva. O si lo prefieres ll\u00e1manos por tel\u00e9fono para buscar la fecha m\u00e1s adecuada.<\/span><\/p>\n<p><span><\/span><\/p>\n<\/div><\/div>\r\n\r\n<div class=\"et_pb_text_5 et_pb_text et_pb_bg_layout_light et_pb_module et_flex_module\"><div class=\"et_pb_text_inner\"><h2>\u00bfNecesitas realizar las pr\u00e1cticas en otra CCAA?<\/h2>\n<p>Ll\u00e1manos y te informaremos de la disponibilidad en otros puntos de Espa\u00f1a o consulta nuestro calendario accesible en esta p\u00e1gina web.<\/p>\n<p>&nbsp;<\/p>\n<\/div><\/div>\r\n\r\n<div class=\"et_pb_text_6 et_pb_text et_pb_bg_layout_light et_pb_module et_flex_module\"><div class=\"et_pb_text_inner\"><h2 class=\"elementor-heading-title elementor-size-default\"><strong>Contenido de las pr\u00e1cticas Ampliaci\u00f3n PER<\/strong><\/h2>\n<\/div><\/div>\r\n\r\n<div class=\"et_pb_accordion_0 et_pb_accordion et_pb_module et_flex_module\">\r\n\r\n<div class=\"et_pb_accordion_item_0 et_pb_accordion_item et_pb_toggle et_pb_module et_pb_toggle_open et_flex_module\"><h5 class=\"et_pb_toggle_title\">Seguridad y comprobaciones antes de zarpar.<\/h5><div class=\"et_pb_toggle_content et_flex_module\"><div id=\"elementor-tab-content-7141\" class=\"elementor-tab-content elementor-clearfix elementor-active\" data-tab=\"1\" role=\"region\" aria-labelledby=\"elementor-tab-title-7141\" style=\"display: block;\"><\/p>\n<p>Revisi\u00f3n de niveles de combustible y contar con un amplio margen de respeto. Revisi\u00f3n del estado de las bater\u00edas del barco. Revisi\u00f3n del funcionamiento del motor. Gobierno del barco. Luces de navegaci\u00f3n. V\u00edveres y agua a bordo. La estiba. El arranchado.<\/p>\n<p>Estado f\u00edsico de los tripulantes. Comprobaci\u00f3n del material de seguridad: disponibilidad y localizaci\u00f3n a bordo.<\/p>\n<\/div>\n<\/div><\/div>\r\n\r\n<div class=\"et_pb_accordion_item_1 et_pb_accordion_item et_pb_toggle et_pb_module et_pb_toggle_close et_flex_module\"><h5 class=\"et_pb_toggle_title\">Preparaci\u00f3n, vigilancia y derrota.<\/h5><div class=\"et_pb_toggle_content et_flex_module\"><div id=\"elementor-tab-content-7142\" class=\"elementor-tab-content elementor-clearfix elementor-active\" data-tab=\"2\" role=\"region\" aria-labelledby=\"elementor-tab-title-7142\" style=\"display: block;\"><\/p>\n<ul>\n<ul>\n<li>Cartas de navegaci\u00f3n de la zona navegable. Derrota. Derrotero N\u00e1utico. Libros de faros, Anuario de mareas, etc.<\/li>\n<\/ul>\n<\/ul>\n<ul>\n<ul>\n<li>Actualizaci\u00f3n de los avisos a los navegantes. Trazado de derrota. Identificaci\u00f3n de peligros. Datos y caracter\u00edstica de los faros y balizas de la zona a navegar. Interpretaci\u00f3n del bar\u00f3metro. Abrigos y elecci\u00f3n de las zonas de fondeo.<\/li>\n<\/ul>\n<\/ul>\n<ul>\n<ul>\n<li>Documentaci\u00f3n a bordo: certificados, permiso de navegaci\u00f3n, justificante del seguro obligatorio. Licencia de Estaci\u00f3n de Barco y MMSI.<\/li>\n<\/ul>\n<\/ul>\n<ul>\n<ul>\n<li>Previsi\u00f3n meteorol\u00f3gica.<\/li>\n<\/ul>\n<\/ul>\n<ul>\n<ul>\n<li>La balsa salvavidas. Material necesario a llevar en caso de abandono del barco. Guardias. Comportamiento de n\u00e1ufragos en el agua.<\/li>\n<\/ul>\n<\/ul>\n<ul>\n<ul>\n<li>Control de derrota y rumbo del barco. Navegaci\u00f3n nocturna y con malas condiciones meteorol\u00f3gicas.<\/li>\n<\/ul>\n<\/ul>\n<\/div>\n<\/div><\/div>\r\n\r\n<div class=\"et_pb_accordion_item_2 et_pb_accordion_item et_pb_toggle et_pb_module et_pb_toggle_close et_flex_module\"><h5 class=\"et_pb_toggle_title\">Navegaci\u00f3n.<\/h5><div class=\"et_pb_toggle_content et_flex_module\"><div id=\"elementor-tab-content-7143\" class=\"elementor-tab-content elementor-clearfix elementor-active\" data-tab=\"3\" role=\"region\" aria-labelledby=\"elementor-tab-title-7143\" style=\"display: block;\"><\/p>\n<ul>\n<ul>\n<li>Correcci\u00f3n total por enfilaciones y situaci\u00f3n por demoras. Utilizaci\u00f3n de sonda y corredera. Posicionamiento. Navegaci\u00f3n costera (demoras y veril de seguridad).<\/li>\n<\/ul>\n<\/ul>\n<ul>\n<ul>\n<li>Rumbo y gobierno. Utilizaci\u00f3n del piloto autom\u00e1tico.<\/li>\n<\/ul>\n<\/ul>\n<ul>\n<ul>\n<li>Interpretaci\u00f3n de los partes meteorol\u00f3gicos. Previsi\u00f3n. Vientos y rachas. Estado de la mar.<\/li>\n<\/ul>\n<\/ul>\n<ul>\n<ul>\n<li>Posicionamiento en la carta por demoras con la costa, por enfilaciones, beriles, etc.<\/li>\n<\/ul>\n<\/ul>\n<ul>\n<ul>\n<li>GPS y cartas digitales. Utilizaci\u00f3n de softwares de navegaci\u00f3n alternativos en elementos m\u00f3viles (tablets, tel\u00e9fonos).<\/li>\n<\/ul>\n<\/ul>\n<ul>\n<ul>\n<li>Emergencias a bordo de los tripulantes (accidentes, enfermedades, etc.). Botiqu\u00edn y primeros auxilios.<\/li>\n<\/ul>\n<\/ul>\n<ul>\n<ul>\n<li>Navegaci\u00f3n por estima. C\u00e1lculo de hora de llegada estimada (ETA).<\/li>\n<\/ul>\n<\/ul>\n<ul>\n<ul>\n<li>Repaso de las funciones del radar. Reflexiones, ecos. Identificaci\u00f3n de la costa. Situaci\u00f3n por dos distancias. La recalada.<\/li>\n<\/ul>\n<\/ul>\n<\/div>\n<\/div><\/div>\r\n\r\n<div class=\"et_pb_accordion_item_3 et_pb_accordion_item et_pb_toggle et_pb_module et_pb_toggle_close et_flex_module\"><h5 class=\"et_pb_toggle_title\">Las guardias en las traves\u00edas.<\/h5><div class=\"et_pb_toggle_content et_flex_module\"><p>La Vigilancia. Guardias nocturnas. Reducci\u00f3n de la iluminaci\u00f3n en la ba\u00f1era. Identificaci\u00f3n de las luces de otros barcos. Insomnio.<\/p>\n<\/div><\/div><\/div><\/div><\/div><\/div>","protected":false},"excerpt":{"rendered":"<p>Pr\u00e1cticas oficiales de ampliaci\u00f3n del PER en C\u00e1diz.<br \/>Traves\u00eda de 24 horas a bordo, con un m\u00e1ximo de 6 alumnos por convocatoria.<br \/>Certificaci\u00f3n v\u00e1lida para ampliar atribuciones hasta 24 metros y navegaci\u00f3n pen\u00ednsula\u2013Baleares.<\/p>","protected":false},"featured_media":183,"comment_status":"open","ping_status":"closed","template":"","meta":[],"product_brand":[],"product_cat":[56,59],"product_tag":[],"class_list":{"0":"post-1208","1":"product","2":"type-product","3":"status-publish","4":"has-post-thumbnail","6":"product_cat-ampliacion-del-per","7":"product_cat-practicas-nauticas","9":"first","10":"instock","11":"taxable","12":"shipping-taxable","13":"purchasable","14":"product-type-variable"},"yoast_head":"<!-- This site is optimized with the Yoast SEO plugin v27.4 - https:\/\/yoast.com\/product\/yoast-seo-wordpress\/ -->\n<title>Pr\u00e1cticas Ampliaci\u00f3n PER en C\u00e1diz | Traves\u00eda 24 h \u00b7 Reserva<\/title>\n<meta name=\"description\" content=\"Reserva tus pr\u00e1cticas de ampliaci\u00f3n del PER en C\u00e1diz. Traves\u00eda oficial de 24 horas, grupos reducidos y certificaci\u00f3n v\u00e1lida en toda Espa\u00f1a.\" \/>\n<meta name=\"robots\" content=\"index, follow, max-snippet:-1, max-image-preview:large, max-video-preview:-1\" \/>\n<link rel=\"canonical\" href=\"https:\/\/atodavela.eu\/en\/compras\/practicas-ampliacion-per-en-cadiz\/\" \/>\n<meta property=\"og:locale\" content=\"en_US\" \/>\n<meta property=\"og:type\" content=\"article\" \/>\n<meta property=\"og:title\" content=\"Pr\u00e1cticas Ampliaci\u00f3n PER en C\u00e1diz | Traves\u00eda 24 h \u00b7 Reserva\" \/>\n<meta property=\"og:description\" content=\"Reserva tus pr\u00e1cticas de ampliaci\u00f3n del PER en C\u00e1diz. Traves\u00eda oficial de 24 horas, grupos reducidos y certificaci\u00f3n v\u00e1lida en toda Espa\u00f1a.\" \/>\n<meta property=\"og:url\" content=\"https:\/\/atodavela.eu\/en\/compras\/practicas-ampliacion-per-en-cadiz\/\" \/>\n<meta property=\"og:site_name\" content=\"A Toda Vela\" \/>\n<meta property=\"article:modified_time\" content=\"2026-02-02T18:49:54+00:00\" \/>\n<meta property=\"og:image\" content=\"https:\/\/atodavela.eu\/wp-content\/uploads\/2025\/07\/Ampliacion-PER.jpg\" \/>\n\t<meta property=\"og:image:width\" content=\"585\" \/>\n\t<meta property=\"og:image:height\" content=\"351\" \/>\n\t<meta property=\"og:image:type\" content=\"image\/jpeg\" \/>\n<meta name=\"twitter:card\" content=\"summary_large_image\" \/>\n<meta name=\"twitter:label1\" content=\"Est. reading time\" \/>\n\t<meta name=\"twitter:data1\" content=\"1 minute\" \/>\n<script type=\"application\/ld+json\" class=\"yoast-schema-graph\">{\"@context\":\"https:\\\/\\\/schema.org\",\"@graph\":[{\"@type\":\"WebPage\",\"@id\":\"https:\\\/\\\/atodavela.eu\\\/compras\\\/practicas-ampliacion-per-en-cadiz\\\/\",\"url\":\"https:\\\/\\\/atodavela.eu\\\/compras\\\/practicas-ampliacion-per-en-cadiz\\\/\",\"name\":\"Pr\u00e1cticas Ampliaci\u00f3n PER en C\u00e1diz | Traves\u00eda 24 h \u00b7 Reserva\",\"isPartOf\":{\"@id\":\"https:\\\/\\\/atodavela.eu\\\/#website\"},\"primaryImageOfPage\":{\"@id\":\"https:\\\/\\\/atodavela.eu\\\/compras\\\/practicas-ampliacion-per-en-cadiz\\\/#primaryimage\"},\"image\":{\"@id\":\"https:\\\/\\\/atodavela.eu\\\/compras\\\/practicas-ampliacion-per-en-cadiz\\\/#primaryimage\"},\"thumbnailUrl\":\"https:\\\/\\\/atodavela.eu\\\/wp-content\\\/uploads\\\/2025\\\/07\\\/Ampliacion-PER.jpg\",\"datePublished\":\"2025-10-22T08:05:27+00:00\",\"dateModified\":\"2026-02-02T18:49:54+00:00\",\"description\":\"Reserva tus pr\u00e1cticas de ampliaci\u00f3n del PER en C\u00e1diz. Traves\u00eda oficial de 24 horas, grupos reducidos y certificaci\u00f3n v\u00e1lida en toda Espa\u00f1a.\",\"breadcrumb\":{\"@id\":\"https:\\\/\\\/atodavela.eu\\\/compras\\\/practicas-ampliacion-per-en-cadiz\\\/#breadcrumb\"},\"inLanguage\":\"en-US\",\"potentialAction\":[{\"@type\":\"ReadAction\",\"target\":[\"https:\\\/\\\/atodavela.eu\\\/compras\\\/practicas-ampliacion-per-en-cadiz\\\/\"]}]},{\"@type\":\"ImageObject\",\"inLanguage\":\"en-US\",\"@id\":\"https:\\\/\\\/atodavela.eu\\\/compras\\\/practicas-ampliacion-per-en-cadiz\\\/#primaryimage\",\"url\":\"https:\\\/\\\/atodavela.eu\\\/wp-content\\\/uploads\\\/2025\\\/07\\\/Ampliacion-PER.jpg\",\"contentUrl\":\"https:\\\/\\\/atodavela.eu\\\/wp-content\\\/uploads\\\/2025\\\/07\\\/Ampliacion-PER.jpg\",\"width\":585,\"height\":351,\"caption\":\"Icono Pr\u00e1cticas ampliaci\u00f3n del PER C\u00e1diz\"},{\"@type\":\"BreadcrumbList\",\"@id\":\"https:\\\/\\\/atodavela.eu\\\/compras\\\/practicas-ampliacion-per-en-cadiz\\\/#breadcrumb\",\"itemListElement\":[{\"@type\":\"ListItem\",\"position\":1,\"name\":\"Portada\",\"item\":\"https:\\\/\\\/atodavela.eu\\\/\"},{\"@type\":\"ListItem\",\"position\":2,\"name\":\"Tienda\",\"item\":\"https:\\\/\\\/atodavela.eu\\\/tienda\\\/\"},{\"@type\":\"ListItem\",\"position\":3,\"name\":\"Pr\u00e1cticas Ampliaci\u00f3n PER en C\u00e1diz\"}]},{\"@type\":\"WebSite\",\"@id\":\"https:\\\/\\\/atodavela.eu\\\/#website\",\"url\":\"https:\\\/\\\/atodavela.eu\\\/\",\"name\":\"A Toda Vela\",\"description\":\"Escuela N\u00e1utica, alquiler de barcos y experiencias Sea Starlight en C\u00e1diz\",\"publisher\":{\"@id\":\"https:\\\/\\\/atodavela.eu\\\/#organization\"},\"potentialAction\":[{\"@type\":\"SearchAction\",\"target\":{\"@type\":\"EntryPoint\",\"urlTemplate\":\"https:\\\/\\\/atodavela.eu\\\/?s={search_term_string}\"},\"query-input\":{\"@type\":\"PropertyValueSpecification\",\"valueRequired\":true,\"valueName\":\"search_term_string\"}}],\"inLanguage\":\"en-US\"},{\"@type\":\"Organization\",\"@id\":\"https:\\\/\\\/atodavela.eu\\\/#organization\",\"name\":\"A Toda Vela\",\"url\":\"https:\\\/\\\/atodavela.eu\\\/\",\"logo\":{\"@type\":\"ImageObject\",\"inLanguage\":\"en-US\",\"@id\":\"https:\\\/\\\/atodavela.eu\\\/#\\\/schema\\\/logo\\\/image\\\/\",\"url\":\"https:\\\/\\\/atodavela.eu\\\/wp-content\\\/uploads\\\/2025\\\/07\\\/Logo-ATV-R.png\",\"contentUrl\":\"https:\\\/\\\/atodavela.eu\\\/wp-content\\\/uploads\\\/2025\\\/07\\\/Logo-ATV-R.png\",\"width\":220,\"height\":220,\"caption\":\"A Toda Vela\"},\"image\":{\"@id\":\"https:\\\/\\\/atodavela.eu\\\/#\\\/schema\\\/logo\\\/image\\\/\"}}]}<\/script>\n<!-- \/ Yoast SEO plugin. -->","yoast_head_json":{"title":"Pr\u00e1cticas Ampliaci\u00f3n PER en C\u00e1diz | Traves\u00eda 24 h \u00b7 Reserva","description":"Reserva tus pr\u00e1cticas de ampliaci\u00f3n del PER en C\u00e1diz. Traves\u00eda oficial de 24 horas, grupos reducidos y certificaci\u00f3n v\u00e1lida en toda Espa\u00f1a.","robots":{"index":"index","follow":"follow","max-snippet":"max-snippet:-1","max-image-preview":"max-image-preview:large","max-video-preview":"max-video-preview:-1"},"canonical":"https:\/\/atodavela.eu\/en\/compras\/practicas-ampliacion-per-en-cadiz\/","og_locale":"en_US","og_type":"article","og_title":"Pr\u00e1cticas Ampliaci\u00f3n PER en C\u00e1diz | Traves\u00eda 24 h \u00b7 Reserva","og_description":"Reserva tus pr\u00e1cticas de ampliaci\u00f3n del PER en C\u00e1diz. Traves\u00eda oficial de 24 horas, grupos reducidos y certificaci\u00f3n v\u00e1lida en toda Espa\u00f1a.","og_url":"https:\/\/atodavela.eu\/en\/compras\/practicas-ampliacion-per-en-cadiz\/","og_site_name":"A Toda Vela","article_modified_time":"2026-02-02T18:49:54+00:00","og_image":[{"width":585,"height":351,"url":"https:\/\/atodavela.eu\/wp-content\/uploads\/2025\/07\/Ampliacion-PER.jpg","type":"image\/jpeg"}],"twitter_card":"summary_large_image","twitter_misc":{"Est. reading time":"1 minute"},"schema":{"@context":"https:\/\/schema.org","@graph":[{"@type":"WebPage","@id":"https:\/\/atodavela.eu\/compras\/practicas-ampliacion-per-en-cadiz\/","url":"https:\/\/atodavela.eu\/compras\/practicas-ampliacion-per-en-cadiz\/","name":"Pr\u00e1cticas Ampliaci\u00f3n PER en C\u00e1diz | Traves\u00eda 24 h \u00b7 Reserva","isPartOf":{"@id":"https:\/\/atodavela.eu\/#website"},"primaryImageOfPage":{"@id":"https:\/\/atodavela.eu\/compras\/practicas-ampliacion-per-en-cadiz\/#primaryimage"},"image":{"@id":"https:\/\/atodavela.eu\/compras\/practicas-ampliacion-per-en-cadiz\/#primaryimage"},"thumbnailUrl":"https:\/\/atodavela.eu\/wp-content\/uploads\/2025\/07\/Ampliacion-PER.jpg","datePublished":"2025-10-22T08:05:27+00:00","dateModified":"2026-02-02T18:49:54+00:00","description":"Reserva tus pr\u00e1cticas de ampliaci\u00f3n del PER en C\u00e1diz. Traves\u00eda oficial de 24 horas, grupos reducidos y certificaci\u00f3n v\u00e1lida en toda Espa\u00f1a.","breadcrumb":{"@id":"https:\/\/atodavela.eu\/compras\/practicas-ampliacion-per-en-cadiz\/#breadcrumb"},"inLanguage":"en-US","potentialAction":[{"@type":"ReadAction","target":["https:\/\/atodavela.eu\/compras\/practicas-ampliacion-per-en-cadiz\/"]}]},{"@type":"ImageObject","inLanguage":"en-US","@id":"https:\/\/atodavela.eu\/compras\/practicas-ampliacion-per-en-cadiz\/#primaryimage","url":"https:\/\/atodavela.eu\/wp-content\/uploads\/2025\/07\/Ampliacion-PER.jpg","contentUrl":"https:\/\/atodavela.eu\/wp-content\/uploads\/2025\/07\/Ampliacion-PER.jpg","width":585,"height":351,"caption":"Icono Pr\u00e1cticas ampliaci\u00f3n del PER C\u00e1diz"},{"@type":"BreadcrumbList","@id":"https:\/\/atodavela.eu\/compras\/practicas-ampliacion-per-en-cadiz\/#breadcrumb","itemListElement":[{"@type":"ListItem","position":1,"name":"Portada","item":"https:\/\/atodavela.eu\/"},{"@type":"ListItem","position":2,"name":"Tienda","item":"https:\/\/atodavela.eu\/tienda\/"},{"@type":"ListItem","position":3,"name":"Pr\u00e1cticas Ampliaci\u00f3n PER en C\u00e1diz"}]},{"@type":"WebSite","@id":"https:\/\/atodavela.eu\/#website","url":"https:\/\/atodavela.eu\/","name":"A Toda Vela","description":"Escuela N\u00e1utica, alquiler de barcos y experiencias Sea Starlight en C\u00e1diz","publisher":{"@id":"https:\/\/atodavela.eu\/#organization"},"potentialAction":[{"@type":"SearchAction","target":{"@type":"EntryPoint","urlTemplate":"https:\/\/atodavela.eu\/?s={search_term_string}"},"query-input":{"@type":"PropertyValueSpecification","valueRequired":true,"valueName":"search_term_string"}}],"inLanguage":"en-US"},{"@type":"Organization","@id":"https:\/\/atodavela.eu\/#organization","name":"A Toda Vela","url":"https:\/\/atodavela.eu\/","logo":{"@type":"ImageObject","inLanguage":"en-US","@id":"https:\/\/atodavela.eu\/#\/schema\/logo\/image\/","url":"https:\/\/atodavela.eu\/wp-content\/uploads\/2025\/07\/Logo-ATV-R.png","contentUrl":"https:\/\/atodavela.eu\/wp-content\/uploads\/2025\/07\/Logo-ATV-R.png","width":220,"height":220,"caption":"A Toda Vela"},"image":{"@id":"https:\/\/atodavela.eu\/#\/schema\/logo\/image\/"}}]}},"_links":{"self":[{"href":"https:\/\/atodavela.eu\/en\/wp-json\/wp\/v2\/product\/1208","targetHints":{"allow":["GET"]}}],"collection":[{"href":"https:\/\/atodavela.eu\/en\/wp-json\/wp\/v2\/product"}],"about":[{"href":"https:\/\/atodavela.eu\/en\/wp-json\/wp\/v2\/types\/product"}],"replies":[{"embeddable":true,"href":"https:\/\/atodavela.eu\/en\/wp-json\/wp\/v2\/comments?post=1208"}],"wp:featuredmedia":[{"embeddable":true,"href":"https:\/\/atodavela.eu\/en\/wp-json\/wp\/v2\/media\/183"}],"wp:attachment":[{"href":"https:\/\/atodavela.eu\/en\/wp-json\/wp\/v2\/media?parent=1208"}],"wp:term":[{"taxonomy":"product_brand","embeddable":true,"href":"https:\/\/atodavela.eu\/en\/wp-json\/wp\/v2\/product_brand?post=1208"},{"taxonomy":"product_cat","embeddable":true,"href":"https:\/\/atodavela.eu\/en\/wp-json\/wp\/v2\/product_cat?post=1208"},{"taxonomy":"product_tag","embeddable":true,"href":"https:\/\/atodavela.eu\/en\/wp-json\/wp\/v2\/product_tag?post=1208"}],"curies":[{"name":"wp","href":"https:\/\/api.w.org\/{rel}","templated":true}]}}