{"id":1213,"date":"2025-10-22T08:56:20","date_gmt":"2025-10-22T08:56:20","guid":{"rendered":"https:\/\/atodavela.eu\/?post_type=product&#038;p=1213"},"modified":"2026-04-07T19:03:40","modified_gmt":"2026-04-07T17:03:40","slug":"practicas-radio-en-cadiz","status":"publish","type":"product","link":"https:\/\/atodavela.eu\/en\/compras\/practicas-radio-en-cadiz\/","title":{"rendered":"Pr\u00e1cticas Radio en C\u00e1diz"},"content":{"rendered":"<div class=\"et_pb_section_0 et_pb_section et_section_regular et_block_section\">\r\n\r\n<div class=\"et_pb_row_0 et_pb_row et_block_row\">\r\n\r\n<div class=\"et_pb_column_0 et_pb_column et_pb_column_4_4 et-last-child et_block_column et_pb_css_mix_blend_mode_passthrough\">\r\n\r\n\r\n\r\n<div class=\"et_pb_wc_cart_notice_0 et_pb_wc_cart_notice et_pb_fields_layout_default et_pb_module\"><div class=\"et_pb_module_inner\">\n\t<div class=\"woocommerce-message\" role=\"alert\">\n\t\t&ldquo;Product Name&rdquo; has been added to cart.\t<\/div>\n<\/div><\/div><\/div><\/div>\r\n\r\n<div class=\"et_pb_row_1 et_pb_row et_block_row\">\r\n\r\n<div class=\"et_pb_column_1 et_pb_column et_pb_column_1_2 et_block_column et_pb_css_mix_blend_mode_passthrough\">\r\n\r\n<div class=\"et_pb_wc_images_0 et_pb_wc_images et_pb_module\"><div class=\"et_pb_module_inner\"><\/div><\/div><\/div>\r\n\r\n<div class=\"et_pb_column_2 et_pb_column et_pb_column_1_2 et-last-child et_block_column et_pb_css_mix_blend_mode_passthrough\">\r\n\r\n<div class=\"et_pb_wc_title_0 et_pb_wc_title et_pb_bg_layout_light et_pb_module\"><div class=\"et_pb_module_inner\">\n\t\t<h1>Pr\u00e1cticas Radio en C\u00e1diz<\/h1><\/div><\/div>\r\n\r\n\r\n\r\n\r\n\r\n\r\n\r\n\r\n\r\n<\/div><\/div>\r\n\r\n<div class=\"et_pb_row_2 et_pb_row et_flex_row\">\r\n\r\n<div class=\"et_pb_column_3 et_pb_column et-last-child et_flex_column et_pb_css_mix_blend_mode_passthrough et_flex_column_24_24 et_flex_column_24_24_tablet et_flex_column_24_24_phone\">\r\n\r\n<div class=\"et_pb_blurb_0 et_pb_blurb et_pb_bg_layout_light et_pb_blurb_position_top et_pb_module et_block_module\"><div class=\"et_pb_blurb_content\"><div class=\"et_pb_main_blurb_image\"><a href=\"tel:\/\/+34633020299\"><span class=\"et_pb_image_wrap\"><span class=\"et-pb-icon\">\ue090<\/span><\/span><\/a><\/div><div class=\"et_pb_blurb_container\"><h4 class=\"et_pb_module_header\"><a href=\"tel:\/\/+34633020299\">\u00bfTienes alguna duda?<\/a><\/h4><div class=\"et_pb_blurb_description\"><h4 style=\"text-align: center;\"><strong>Call us<\/strong><\/h4>\n<\/div><\/div><\/div><\/div><\/div><\/div>\r\n\r\n<div class=\"et_pb_row_3 et_pb_row et_flex_row\">\r\n\r\n<div class=\"et_pb_column_4 et_pb_column et_flex_column et_pb_css_mix_blend_mode_passthrough et_flex_column_8_24 et_flex_column_8_24_tablet et_flex_column_24_24_phone\">\r\n\r\n<div class=\"et_pb_blurb_1 et_pb_blurb et_pb_bg_layout_light et_pb_blurb_position_left et_pb_module et_block_module\"><div class=\"et_pb_blurb_content\"><div class=\"et_pb_main_blurb_image\"><span class=\"et_pb_image_wrap\"><span class=\"et-pb-icon\">\uf19d<\/span><\/span><\/div><div class=\"et_pb_blurb_container\"><h4 class=\"et_pb_module_header\">Todo nuestro personal son expertos titulados<\/h4><\/div><\/div><\/div><\/div>\r\n\r\n<div class=\"et_pb_column_5 et_pb_column et_flex_column et_pb_css_mix_blend_mode_passthrough et_flex_column_8_24 et_flex_column_8_24_tablet et_flex_column_24_24_phone\">\r\n\r\n<div class=\"et_pb_blurb_2 et_pb_blurb et_pb_bg_layout_light et_pb_blurb_position_left et_pb_module et_block_module\"><div class=\"et_pb_blurb_content\"><div class=\"et_pb_main_blurb_image\"><span class=\"et_pb_image_wrap\"><span class=\"et-pb-icon\">\uf02e<\/span><\/span><\/div><div class=\"et_pb_blurb_container\"><h4 class=\"et_pb_module_header\">Garant\u00eda de devoluci\u00f3n en caso de cancelaci\u00f3n<\/h4><\/div><\/div><\/div><\/div>\r\n\r\n<div class=\"et_pb_column_6 et_pb_column et-last-child et_flex_column et_pb_css_mix_blend_mode_passthrough et_flex_column_8_24 et_flex_column_8_24_tablet et_flex_column_24_24_phone\">\r\n\r\n<div class=\"et_pb_blurb_3 et_pb_blurb et_pb_bg_layout_light et_pb_blurb_position_left et_pb_module et_block_module\"><div class=\"et_pb_blurb_content\"><div class=\"et_pb_main_blurb_image\"><span class=\"et_pb_image_wrap\"><span class=\"et-pb-icon\">\uf1cd<\/span><\/span><\/div><div class=\"et_pb_blurb_container\"><h4 class=\"et_pb_module_header\">La seguridad est\u00e1 garantizada<\/h4><\/div><\/div><\/div><\/div><\/div>\r\n\r\n<div class=\"et_pb_row_4 et_pb_row et_flex_row\">\r\n\r\n<div class=\"et_pb_column_7 et_pb_column et-last-child et_flex_column et_pb_css_mix_blend_mode_passthrough et_flex_column_24_24 et_flex_column_24_24_tablet et_flex_column_24_24_phone\">\r\n\r\n<div class=\"et_pb_text_0 et_pb_text et_pb_bg_layout_light et_pb_module et_block_module\"><div class=\"et_pb_text_inner\"><div class=\"elementor-element elementor-element-1be325c6 elementor-widget elementor-widget-heading\" data-id=\"1be325c6\" data-element_type=\"widget\" data-widget_type=\"heading.default\">\n<div class=\"elementor-widget-container\">\n<h1 class=\"elementor-heading-title elementor-size-default\">Haz tus Pr\u00e1cticas de Radio del PER en C\u00e1diz con A Toda Vela<\/h1>\n<\/div>\n<\/div>\n<div class=\"elementor-element elementor-element-63bc86a5 elementor-widget elementor-widget-text-editor\" data-id=\"63bc86a5\" data-element_type=\"widget\" data-widget_type=\"text-editor.default\">\n<div class=\"elementor-widget-container\">\n<p class=\"\" data-start=\"267\" data-end=\"344\"><strong data-start=\"267\" data-end=\"344\">Realiza tus pr\u00e1cticas oficiales de radio del PER en C\u00e1diz con A Toda Vela<\/strong><\/p>\n<p class=\"\" data-start=\"346\" data-end=\"659\">\u00bfNecesitas completar tus pr\u00e1cticas de radiocomunicaciones para obtener el t\u00edtulo de <strong>Patr\u00f3n de Embarcaciones de Recreo (PER)?<\/strong> En <strong data-start=\"474\" data-end=\"489\">A Toda Vela<\/strong> te ofrecemos el <strong data-start=\"506\" data-end=\"549\">curso oficial de radio del PER en C\u00e1diz<\/strong>, con <strong data-start=\"555\" data-end=\"591\">12 horas de formaci\u00f3n homologada<\/strong>: 4 horas te\u00f3ricas y 8 horas pr\u00e1cticas en <strong data-start=\"633\" data-end=\"658\">simulador profesional<\/strong>.<\/p>\n<p class=\"\" data-start=\"661\" data-end=\"870\">Nuestras pr\u00e1cticas se imparten en grupos reducidos, con atenci\u00f3n personalizada, y est\u00e1n dise\u00f1adas para que adquieras confianza en el uso del equipo de radio, una habilidad esencial para la seguridad en el mar.<\/p>\n<p class=\"\" data-start=\"872\" data-end=\"1124\">Formaci\u00f3n reconocida por la Direcci\u00f3n General de la Marina Mercante. Reserva tu plaza y realiza tus pr\u00e1cticas con una escuela n\u00e1utica de referencia<strong data-start=\"1023\" data-end=\"1040\">, en el coraz\u00f3n de la Bah\u00eda de C\u00e1diz.<\/strong> \u00a1F\u00f3rmate con garant\u00edas y navega con seguridad!<\/p>\n<\/div>\n<\/div>\n<\/div><\/div>\r\n\r\n<div class=\"et_pb_text_1 et_pb_text et_pb_bg_layout_light et_pb_module et_block_module\"><div class=\"et_pb_text_inner\"><h2 class=\"elementor-heading-title elementor-size-default\">\u00bfEn qu\u00e9 consisten las pr\u00e1cticas de radio del PER?<\/h2>\n<p>Practicar con simuladores de radio homologados, todos los protocolos de llamadas que necesita saber un PER y un PNB. Estas pr\u00e1cticas se realizan en aula y con un m\u00e1ximo de 8 alumnos.<\/p>\n<p>&nbsp;<\/p>\n<\/div><\/div>\r\n\r\n<div class=\"et_pb_text_2 et_pb_text et_pb_bg_layout_light et_pb_module et_block_module\"><div class=\"et_pb_text_inner\"><h2 class=\"elementor-heading-title elementor-size-default\">\u00bfPor qu\u00e9 elegir A Toda Vela para tus pr\u00e1cticas de Navegaci\u00f3n?<\/h2>\n<div class=\"elementor-element elementor-element-884f683 elementor-widget elementor-widget-text-editor\" data-id=\"884f683\" data-element_type=\"widget\" data-widget_type=\"text-editor.default\">\n<div class=\"elementor-widget-container\">\n<p><strong data-start=\"2913\" data-end=\"2938\">Nuestros instructores<\/strong> est\u00e1n altamente capacitados para la ense\u00f1anza de estas pr\u00e1cticas.<\/p>\n<p>Nuestra aula est\u00e1 perfectamente equipada y acondicionada, con los simuladores de radio.<\/p>\n<p>Nuestro centro: Recinto Interior de la Zona Franca de C\u00e1diz. Edificio Europa - 4\u00aa Planta, V\u00eda de Francia, s\/n.11011 - C\u00e1diz. <strong><a href=\"https:\/\/maps.app.goo.gl\/VyHC98rePW9gGxba7\">Localizaci\u00f3n<\/a><\/strong><\/p>\n<\/div>\n<\/div>\n<p>&nbsp;<\/p>\n<\/div><\/div>\r\n\r\n<div class=\"et_pb_text_3 et_pb_text et_pb_bg_layout_light et_pb_module et_block_module\"><div class=\"et_pb_text_inner\"><h2>\u00bfPor qu\u00e9 elegir A Toda Vela para tus pr\u00e1cticas de Navegaci\u00f3n?<\/h2>\n<p>&nbsp;<\/p>\n<p><strong data-start=\"2913\" data-end=\"2938\">Nuestros instructores<\/strong><span>\u00a0<\/span>est\u00e1n altamente capacitados para la ense\u00f1anza de estas pr\u00e1cticas.<\/p>\n<p>En la bah\u00eda de C\u00e1diz se dan las circunstancias para realizar estas pr\u00e1cticas. En el Atl\u00e1ntico podr\u00e1s navegar teniendo en cuenta las mareas.<\/p>\n<p>Nuestro barco est\u00e1 perfectamente equipado para realizar estas pr\u00e1cticas.<\/p>\n<p>Nuestro Puerto base (Puerto Am\u00e9rica), tiene aparcamiento para los alumnos.<\/p>\n<p>&nbsp;<\/p>\n<\/div><\/div>\r\n\r\n<div class=\"et_pb_text_4 et_pb_text et_pb_bg_layout_light et_pb_module et_block_module\"><div class=\"et_pb_text_inner\"><h2>\u00bfC\u00f3mo reservar tu plaza para las pr\u00e1cticas de Radio?<\/h2>\n<p><span>Reserva tu plaza a trav\u00e9s de\u00a0<\/span><strong>nuestro calendario de pr\u00e1cticas en l\u00ednea.<\/strong><span>\u00a0Es muy f\u00e1cil, solo selecciona el d\u00eda que m\u00e1s te convenga de las convocatorias publicadas y obt\u00e9n la confirmaci\u00f3n de tu reserva. O si lo prefieres ll\u00e1manos por tel\u00e9fono para buscar la fecha m\u00e1s adecuada.<\/span><\/p>\n<p><span><\/span><\/p>\n<\/div><\/div>\r\n\r\n<div class=\"et_pb_text_5 et_pb_text et_pb_bg_layout_light et_pb_module et_block_module\"><div class=\"et_pb_text_inner\"><h2>\u00bfNecesitas realizar las pr\u00e1cticas en otra CCAA?<\/h2>\n<p>Ll\u00e1manos y te informaremos de la disponibilidad en otros puntos de Espa\u00f1a o consulta nuestro calendario accesible en esta p\u00e1gina web.<\/p>\n<p>&nbsp;<\/p>\n<\/div><\/div><\/div><\/div><\/div>","protected":false},"excerpt":{"rendered":"<p>Pr\u00e1cticas oficiales de Radio del PER (ROCA) en C\u00e1diz. Aula homologada, simuladores GMDSS y formaci\u00f3n presencial en grupos reducidos. Certificaci\u00f3n v\u00e1lida en todas las CCAA.<\/p>","protected":false},"featured_media":199,"comment_status":"open","ping_status":"closed","template":"","meta":[],"product_brand":[],"product_cat":[59,57],"product_tag":[],"class_list":{"0":"post-1213","1":"product","2":"type-product","3":"status-publish","4":"has-post-thumbnail","6":"product_cat-practicas-nauticas","7":"product_cat-practicas-radio-cadiz","9":"first","10":"instock","11":"taxable","12":"shipping-taxable","13":"purchasable","14":"product-type-variable"},"yoast_head":"<!-- This site is optimized with the Yoast SEO plugin v27.4 - https:\/\/yoast.com\/product\/yoast-seo-wordpress\/ -->\n<title>Radio PER C\u00e1diz | Pr\u00e1cticas ROCA oficiales<\/title>\n<meta name=\"description\" content=\"Curso ROCA en C\u00e1diz: pr\u00e1cticas oficiales de Radio del PER en aula homologada con simuladores GMDSS. Formaci\u00f3n presencial en grupos reducidos.\" \/>\n<meta name=\"robots\" content=\"index, follow, max-snippet:-1, max-image-preview:large, max-video-preview:-1\" \/>\n<link rel=\"canonical\" href=\"https:\/\/atodavela.eu\/en\/compras\/practicas-radio-en-cadiz\/\" \/>\n<meta property=\"og:locale\" content=\"en_US\" \/>\n<meta property=\"og:type\" content=\"article\" \/>\n<meta property=\"og:title\" content=\"Radio PER C\u00e1diz | Pr\u00e1cticas ROCA oficiales\" \/>\n<meta property=\"og:description\" content=\"Curso ROCA en C\u00e1diz: pr\u00e1cticas oficiales de Radio del PER en aula homologada con simuladores GMDSS. Formaci\u00f3n presencial en grupos reducidos.\" \/>\n<meta property=\"og:url\" content=\"https:\/\/atodavela.eu\/en\/compras\/practicas-radio-en-cadiz\/\" \/>\n<meta property=\"og:site_name\" content=\"A Toda Vela\" \/>\n<meta property=\"article:modified_time\" content=\"2026-04-07T17:03:40+00:00\" \/>\n<meta property=\"og:image\" content=\"https:\/\/atodavela.eu\/wp-content\/uploads\/2025\/07\/Radio-Cadiz.jpg\" \/>\n\t<meta property=\"og:image:width\" content=\"585\" \/>\n\t<meta property=\"og:image:height\" content=\"351\" \/>\n\t<meta property=\"og:image:type\" content=\"image\/jpeg\" \/>\n<meta name=\"twitter:card\" content=\"summary_large_image\" \/>\n<meta name=\"twitter:label1\" content=\"Est. reading time\" \/>\n\t<meta name=\"twitter:data1\" content=\"1 minute\" \/>\n<script type=\"application\/ld+json\" class=\"yoast-schema-graph\">{\"@context\":\"https:\\\/\\\/schema.org\",\"@graph\":[{\"@type\":\"WebPage\",\"@id\":\"https:\\\/\\\/atodavela.eu\\\/compras\\\/practicas-radio-en-cadiz\\\/\",\"url\":\"https:\\\/\\\/atodavela.eu\\\/compras\\\/practicas-radio-en-cadiz\\\/\",\"name\":\"Radio PER C\u00e1diz | Pr\u00e1cticas ROCA oficiales\",\"isPartOf\":{\"@id\":\"https:\\\/\\\/atodavela.eu\\\/#website\"},\"primaryImageOfPage\":{\"@id\":\"https:\\\/\\\/atodavela.eu\\\/compras\\\/practicas-radio-en-cadiz\\\/#primaryimage\"},\"image\":{\"@id\":\"https:\\\/\\\/atodavela.eu\\\/compras\\\/practicas-radio-en-cadiz\\\/#primaryimage\"},\"thumbnailUrl\":\"https:\\\/\\\/atodavela.eu\\\/wp-content\\\/uploads\\\/2025\\\/07\\\/Radio-Cadiz.jpg\",\"datePublished\":\"2025-10-22T08:56:20+00:00\",\"dateModified\":\"2026-04-07T17:03:40+00:00\",\"description\":\"Curso ROCA en C\u00e1diz: pr\u00e1cticas oficiales de Radio del PER en aula homologada con simuladores GMDSS. Formaci\u00f3n presencial en grupos reducidos.\",\"breadcrumb\":{\"@id\":\"https:\\\/\\\/atodavela.eu\\\/compras\\\/practicas-radio-en-cadiz\\\/#breadcrumb\"},\"inLanguage\":\"en-US\",\"potentialAction\":[{\"@type\":\"ReadAction\",\"target\":[\"https:\\\/\\\/atodavela.eu\\\/compras\\\/practicas-radio-en-cadiz\\\/\"]}]},{\"@type\":\"ImageObject\",\"inLanguage\":\"en-US\",\"@id\":\"https:\\\/\\\/atodavela.eu\\\/compras\\\/practicas-radio-en-cadiz\\\/#primaryimage\",\"url\":\"https:\\\/\\\/atodavela.eu\\\/wp-content\\\/uploads\\\/2025\\\/07\\\/Radio-Cadiz.jpg\",\"contentUrl\":\"https:\\\/\\\/atodavela.eu\\\/wp-content\\\/uploads\\\/2025\\\/07\\\/Radio-Cadiz.jpg\",\"width\":585,\"height\":351,\"caption\":\"Icono pr\u00e1cticas de radio del PER\"},{\"@type\":\"BreadcrumbList\",\"@id\":\"https:\\\/\\\/atodavela.eu\\\/compras\\\/practicas-radio-en-cadiz\\\/#breadcrumb\",\"itemListElement\":[{\"@type\":\"ListItem\",\"position\":1,\"name\":\"Portada\",\"item\":\"https:\\\/\\\/atodavela.eu\\\/\"},{\"@type\":\"ListItem\",\"position\":2,\"name\":\"Tienda\",\"item\":\"https:\\\/\\\/atodavela.eu\\\/tienda\\\/\"},{\"@type\":\"ListItem\",\"position\":3,\"name\":\"Pr\u00e1cticas Radio en C\u00e1diz\"}]},{\"@type\":\"WebSite\",\"@id\":\"https:\\\/\\\/atodavela.eu\\\/#website\",\"url\":\"https:\\\/\\\/atodavela.eu\\\/\",\"name\":\"A Toda Vela\",\"description\":\"Escuela N\u00e1utica, alquiler de barcos y experiencias Sea Starlight en C\u00e1diz\",\"publisher\":{\"@id\":\"https:\\\/\\\/atodavela.eu\\\/#organization\"},\"potentialAction\":[{\"@type\":\"SearchAction\",\"target\":{\"@type\":\"EntryPoint\",\"urlTemplate\":\"https:\\\/\\\/atodavela.eu\\\/?s={search_term_string}\"},\"query-input\":{\"@type\":\"PropertyValueSpecification\",\"valueRequired\":true,\"valueName\":\"search_term_string\"}}],\"inLanguage\":\"en-US\"},{\"@type\":\"Organization\",\"@id\":\"https:\\\/\\\/atodavela.eu\\\/#organization\",\"name\":\"A Toda Vela\",\"url\":\"https:\\\/\\\/atodavela.eu\\\/\",\"logo\":{\"@type\":\"ImageObject\",\"inLanguage\":\"en-US\",\"@id\":\"https:\\\/\\\/atodavela.eu\\\/#\\\/schema\\\/logo\\\/image\\\/\",\"url\":\"https:\\\/\\\/atodavela.eu\\\/wp-content\\\/uploads\\\/2025\\\/07\\\/Logo-ATV-R.png\",\"contentUrl\":\"https:\\\/\\\/atodavela.eu\\\/wp-content\\\/uploads\\\/2025\\\/07\\\/Logo-ATV-R.png\",\"width\":220,\"height\":220,\"caption\":\"A Toda Vela\"},\"image\":{\"@id\":\"https:\\\/\\\/atodavela.eu\\\/#\\\/schema\\\/logo\\\/image\\\/\"}}]}<\/script>\n<!-- \/ Yoast SEO plugin. -->","yoast_head_json":{"title":"Radio PER C\u00e1diz | Pr\u00e1cticas ROCA oficiales","description":"Curso ROCA en C\u00e1diz: pr\u00e1cticas oficiales de Radio del PER en aula homologada con simuladores GMDSS. Formaci\u00f3n presencial en grupos reducidos.","robots":{"index":"index","follow":"follow","max-snippet":"max-snippet:-1","max-image-preview":"max-image-preview:large","max-video-preview":"max-video-preview:-1"},"canonical":"https:\/\/atodavela.eu\/en\/compras\/practicas-radio-en-cadiz\/","og_locale":"en_US","og_type":"article","og_title":"Radio PER C\u00e1diz | Pr\u00e1cticas ROCA oficiales","og_description":"Curso ROCA en C\u00e1diz: pr\u00e1cticas oficiales de Radio del PER en aula homologada con simuladores GMDSS. Formaci\u00f3n presencial en grupos reducidos.","og_url":"https:\/\/atodavela.eu\/en\/compras\/practicas-radio-en-cadiz\/","og_site_name":"A Toda Vela","article_modified_time":"2026-04-07T17:03:40+00:00","og_image":[{"width":585,"height":351,"url":"https:\/\/atodavela.eu\/wp-content\/uploads\/2025\/07\/Radio-Cadiz.jpg","type":"image\/jpeg"}],"twitter_card":"summary_large_image","twitter_misc":{"Est. reading time":"1 minute"},"schema":{"@context":"https:\/\/schema.org","@graph":[{"@type":"WebPage","@id":"https:\/\/atodavela.eu\/compras\/practicas-radio-en-cadiz\/","url":"https:\/\/atodavela.eu\/compras\/practicas-radio-en-cadiz\/","name":"Radio PER C\u00e1diz | Pr\u00e1cticas ROCA oficiales","isPartOf":{"@id":"https:\/\/atodavela.eu\/#website"},"primaryImageOfPage":{"@id":"https:\/\/atodavela.eu\/compras\/practicas-radio-en-cadiz\/#primaryimage"},"image":{"@id":"https:\/\/atodavela.eu\/compras\/practicas-radio-en-cadiz\/#primaryimage"},"thumbnailUrl":"https:\/\/atodavela.eu\/wp-content\/uploads\/2025\/07\/Radio-Cadiz.jpg","datePublished":"2025-10-22T08:56:20+00:00","dateModified":"2026-04-07T17:03:40+00:00","description":"Curso ROCA en C\u00e1diz: pr\u00e1cticas oficiales de Radio del PER en aula homologada con simuladores GMDSS. Formaci\u00f3n presencial en grupos reducidos.","breadcrumb":{"@id":"https:\/\/atodavela.eu\/compras\/practicas-radio-en-cadiz\/#breadcrumb"},"inLanguage":"en-US","potentialAction":[{"@type":"ReadAction","target":["https:\/\/atodavela.eu\/compras\/practicas-radio-en-cadiz\/"]}]},{"@type":"ImageObject","inLanguage":"en-US","@id":"https:\/\/atodavela.eu\/compras\/practicas-radio-en-cadiz\/#primaryimage","url":"https:\/\/atodavela.eu\/wp-content\/uploads\/2025\/07\/Radio-Cadiz.jpg","contentUrl":"https:\/\/atodavela.eu\/wp-content\/uploads\/2025\/07\/Radio-Cadiz.jpg","width":585,"height":351,"caption":"Icono pr\u00e1cticas de radio del PER"},{"@type":"BreadcrumbList","@id":"https:\/\/atodavela.eu\/compras\/practicas-radio-en-cadiz\/#breadcrumb","itemListElement":[{"@type":"ListItem","position":1,"name":"Portada","item":"https:\/\/atodavela.eu\/"},{"@type":"ListItem","position":2,"name":"Tienda","item":"https:\/\/atodavela.eu\/tienda\/"},{"@type":"ListItem","position":3,"name":"Pr\u00e1cticas Radio en C\u00e1diz"}]},{"@type":"WebSite","@id":"https:\/\/atodavela.eu\/#website","url":"https:\/\/atodavela.eu\/","name":"A Toda Vela","description":"Escuela N\u00e1utica, alquiler de barcos y experiencias Sea Starlight en C\u00e1diz","publisher":{"@id":"https:\/\/atodavela.eu\/#organization"},"potentialAction":[{"@type":"SearchAction","target":{"@type":"EntryPoint","urlTemplate":"https:\/\/atodavela.eu\/?s={search_term_string}"},"query-input":{"@type":"PropertyValueSpecification","valueRequired":true,"valueName":"search_term_string"}}],"inLanguage":"en-US"},{"@type":"Organization","@id":"https:\/\/atodavela.eu\/#organization","name":"A Toda Vela","url":"https:\/\/atodavela.eu\/","logo":{"@type":"ImageObject","inLanguage":"en-US","@id":"https:\/\/atodavela.eu\/#\/schema\/logo\/image\/","url":"https:\/\/atodavela.eu\/wp-content\/uploads\/2025\/07\/Logo-ATV-R.png","contentUrl":"https:\/\/atodavela.eu\/wp-content\/uploads\/2025\/07\/Logo-ATV-R.png","width":220,"height":220,"caption":"A Toda Vela"},"image":{"@id":"https:\/\/atodavela.eu\/#\/schema\/logo\/image\/"}}]}},"_links":{"self":[{"href":"https:\/\/atodavela.eu\/en\/wp-json\/wp\/v2\/product\/1213","targetHints":{"allow":["GET"]}}],"collection":[{"href":"https:\/\/atodavela.eu\/en\/wp-json\/wp\/v2\/product"}],"about":[{"href":"https:\/\/atodavela.eu\/en\/wp-json\/wp\/v2\/types\/product"}],"replies":[{"embeddable":true,"href":"https:\/\/atodavela.eu\/en\/wp-json\/wp\/v2\/comments?post=1213"}],"wp:featuredmedia":[{"embeddable":true,"href":"https:\/\/atodavela.eu\/en\/wp-json\/wp\/v2\/media\/199"}],"wp:attachment":[{"href":"https:\/\/atodavela.eu\/en\/wp-json\/wp\/v2\/media?parent=1213"}],"wp:term":[{"taxonomy":"product_brand","embeddable":true,"href":"https:\/\/atodavela.eu\/en\/wp-json\/wp\/v2\/product_brand?post=1213"},{"taxonomy":"product_cat","embeddable":true,"href":"https:\/\/atodavela.eu\/en\/wp-json\/wp\/v2\/product_cat?post=1213"},{"taxonomy":"product_tag","embeddable":true,"href":"https:\/\/atodavela.eu\/en\/wp-json\/wp\/v2\/product_tag?post=1213"}],"curies":[{"name":"wp","href":"https:\/\/api.w.org\/{rel}","templated":true}]}}