{"id":1982,"date":"2026-01-12T13:15:59","date_gmt":"2026-01-12T12:15:59","guid":{"rendered":"https:\/\/atodavela.eu\/?post_type=product&#038;p=1982"},"modified":"2026-04-25T16:58:44","modified_gmt":"2026-04-25T14:58:44","slug":"practicas-habilitacion-a-vela-en-cadiz","status":"publish","type":"product","link":"https:\/\/atodavela.eu\/en\/compras\/practicas-habilitacion-a-vela-en-cadiz\/","title":{"rendered":"Pr\u00e1cticas Habilitaci\u00f3n a Vela en C\u00e1diz"},"content":{"rendered":"<p><strong>Reserva<\/strong><br \/>\nPuedes hacer la reserva a trav\u00e9s de esta pasarela, eligiendo la fecha que te interese, o llamarnos al\u00a0<strong>633 020 299<\/strong>\u00a0si lo prefieres.<\/p>\n<p><strong>Pr\u00e1cticas oficiales de Habilitaci\u00f3n a Vela<\/strong><br \/>\nPr\u00e1cticas para la obtenci\u00f3n de la Habilitaci\u00f3n a vela, v\u00e1lidas para todas las titulaciones de recreo (PNB, PER, Patr\u00f3n de yate y Capit\u00e1n de yate, realizadas en C\u00e1diz conforme a la normativa vigente.<\/p>\n<p><strong>Patrones<\/strong><br \/>\nLos patrones de A Toda Vela son profesionales titulados (PPER), con una s\u00f3lida experiencia y una vocaci\u00f3n muy arraigada en la ense\u00f1anza de la Navegaci\u00f3n a Vela.<\/p>\n<p><strong>Duraci\u00f3n<\/strong><br \/>\n16 horas, normalmente repartidas en 2 jornadas.<\/p>\n<p><strong>Lugar<\/strong><br \/>\nPuerto Am\u00e9rica \u00b7 C\u00e1diz, muy cerca del centro de la ciudad.<br \/>\n\ud83d\udc49\u00a0<a href=\"https:\/\/maps.app.goo.gl\/mgH9HyH27hY21N187?g_st=ipc\">C\u00f3mo llegar<\/a><\/p>\n<p><strong>Parking<\/strong><br \/>\nParking gratuito para los alumnos junto al barco.<\/p>\n<p><strong>Embarcaci\u00f3n<\/strong><br \/>\nVelero Bavaria 37 Cruiser.<\/p>\n<p><strong>Requisitos<\/strong><br \/>\nA partir de 18 a\u00f1os.<br \/>\nNo son necesarios conocimientos previos.<br \/>\nLas pr\u00e1cticas pueden realizarse sin haberse examinado.<\/p>\n<p><strong>Validez<\/strong><br \/>\nV\u00e1lidas para la Habilitaci\u00f3n a Vela en cualquier comunidad aut\u00f3noma.<\/p>\n<p><strong>\u00bfDudas?<\/strong><br \/>\nSi tienes cualquier duda antes o despu\u00e9s de reservar, ll\u00e1manos y te ayudaremos personalmente.<\/p>","protected":false},"excerpt":{"rendered":"<p>La Habilitaci\u00f3n a Vela, permite gobernar barcos a vela de hasta 24 metros (en funci\u00f3n de las atribuciones particulares de la titulaci\u00f3n n\u00e1utica de recreo).<\/p>","protected":false},"featured_media":179,"comment_status":"open","ping_status":"closed","template":"","meta":[],"product_brand":[],"product_cat":[55,59],"product_tag":[],"class_list":{"0":"post-1982","1":"product","2":"type-product","3":"status-publish","4":"has-post-thumbnail","6":"product_cat-habilitacion-a-vela","7":"product_cat-practicas-nauticas","9":"first","10":"instock","11":"taxable","12":"shipping-taxable","13":"purchasable","14":"product-type-variable"},"yoast_head":"<!-- This site is optimized with the Yoast SEO plugin v27.5 - https:\/\/yoast.com\/product\/yoast-seo-wordpress\/ -->\n<title>Pr\u00e1cticas de Habilitaci\u00f3n a Vela en C\u00e1diz | A Toda Vela<\/title>\n<meta name=\"description\" content=\"Realiza las pr\u00e1cticas de habilitaci\u00f3n a vela en C\u00e1diz desde Puerto Am\u00e9rica. Pr\u00e1cticas oficiales v\u00e1lidas para todas las titulaciones de recreo.\" \/>\n<meta name=\"robots\" content=\"index, follow, max-snippet:-1, max-image-preview:large, max-video-preview:-1\" \/>\n<link rel=\"canonical\" href=\"https:\/\/atodavela.eu\/en\/compras\/practicas-habilitacion-a-vela-en-cadiz\/\" \/>\n<meta property=\"og:locale\" content=\"en_US\" \/>\n<meta property=\"og:type\" content=\"article\" \/>\n<meta property=\"og:title\" content=\"Pr\u00e1cticas de Habilitaci\u00f3n a Vela en C\u00e1diz | A Toda Vela\" \/>\n<meta property=\"og:description\" content=\"Realiza las pr\u00e1cticas de habilitaci\u00f3n a vela en C\u00e1diz desde Puerto Am\u00e9rica. Pr\u00e1cticas oficiales v\u00e1lidas para todas las titulaciones de recreo.\" \/>\n<meta property=\"og:url\" content=\"https:\/\/atodavela.eu\/en\/compras\/practicas-habilitacion-a-vela-en-cadiz\/\" \/>\n<meta property=\"og:site_name\" content=\"A Toda Vela\" \/>\n<meta property=\"article:modified_time\" content=\"2026-04-25T14:58:44+00:00\" \/>\n<meta property=\"og:image\" content=\"https:\/\/atodavela.eu\/wp-content\/uploads\/2025\/07\/Habilitacion-vela.jpg\" \/>\n\t<meta property=\"og:image:width\" content=\"585\" \/>\n\t<meta property=\"og:image:height\" content=\"351\" \/>\n\t<meta property=\"og:image:type\" content=\"image\/jpeg\" \/>\n<meta name=\"twitter:card\" content=\"summary_large_image\" \/>\n<meta name=\"twitter:label1\" content=\"Est. reading time\" \/>\n\t<meta name=\"twitter:data1\" content=\"1 minute\" \/>\n<script type=\"application\/ld+json\" class=\"yoast-schema-graph\">{\"@context\":\"https:\\\/\\\/schema.org\",\"@graph\":[{\"@type\":\"WebPage\",\"@id\":\"https:\\\/\\\/atodavela.eu\\\/compras\\\/practicas-habilitacion-a-vela-en-cadiz\\\/\",\"url\":\"https:\\\/\\\/atodavela.eu\\\/compras\\\/practicas-habilitacion-a-vela-en-cadiz\\\/\",\"name\":\"Pr\u00e1cticas de Habilitaci\u00f3n a Vela en C\u00e1diz | A Toda Vela\",\"isPartOf\":{\"@id\":\"https:\\\/\\\/atodavela.eu\\\/#website\"},\"primaryImageOfPage\":{\"@id\":\"https:\\\/\\\/atodavela.eu\\\/compras\\\/practicas-habilitacion-a-vela-en-cadiz\\\/#primaryimage\"},\"image\":{\"@id\":\"https:\\\/\\\/atodavela.eu\\\/compras\\\/practicas-habilitacion-a-vela-en-cadiz\\\/#primaryimage\"},\"thumbnailUrl\":\"https:\\\/\\\/atodavela.eu\\\/wp-content\\\/uploads\\\/2025\\\/07\\\/Habilitacion-vela.jpg\",\"datePublished\":\"2026-01-12T12:15:59+00:00\",\"dateModified\":\"2026-04-25T14:58:44+00:00\",\"description\":\"Realiza las pr\u00e1cticas de habilitaci\u00f3n a vela en C\u00e1diz desde Puerto Am\u00e9rica. Pr\u00e1cticas oficiales v\u00e1lidas para todas las titulaciones de recreo.\",\"breadcrumb\":{\"@id\":\"https:\\\/\\\/atodavela.eu\\\/compras\\\/practicas-habilitacion-a-vela-en-cadiz\\\/#breadcrumb\"},\"inLanguage\":\"en-US\",\"potentialAction\":[{\"@type\":\"ReadAction\",\"target\":[\"https:\\\/\\\/atodavela.eu\\\/compras\\\/practicas-habilitacion-a-vela-en-cadiz\\\/\"]}]},{\"@type\":\"ImageObject\",\"inLanguage\":\"en-US\",\"@id\":\"https:\\\/\\\/atodavela.eu\\\/compras\\\/practicas-habilitacion-a-vela-en-cadiz\\\/#primaryimage\",\"url\":\"https:\\\/\\\/atodavela.eu\\\/wp-content\\\/uploads\\\/2025\\\/07\\\/Habilitacion-vela.jpg\",\"contentUrl\":\"https:\\\/\\\/atodavela.eu\\\/wp-content\\\/uploads\\\/2025\\\/07\\\/Habilitacion-vela.jpg\",\"width\":585,\"height\":351,\"caption\":\"Icono Pr\u00e1cticas habilitaci\u00f3n a vela C\u00e1diz\"},{\"@type\":\"BreadcrumbList\",\"@id\":\"https:\\\/\\\/atodavela.eu\\\/compras\\\/practicas-habilitacion-a-vela-en-cadiz\\\/#breadcrumb\",\"itemListElement\":[{\"@type\":\"ListItem\",\"position\":1,\"name\":\"Portada\",\"item\":\"https:\\\/\\\/atodavela.eu\\\/\"},{\"@type\":\"ListItem\",\"position\":2,\"name\":\"Tienda\",\"item\":\"https:\\\/\\\/atodavela.eu\\\/tienda\\\/\"},{\"@type\":\"ListItem\",\"position\":3,\"name\":\"Pr\u00e1cticas Habilitaci\u00f3n a Vela en C\u00e1diz\"}]},{\"@type\":\"WebSite\",\"@id\":\"https:\\\/\\\/atodavela.eu\\\/#website\",\"url\":\"https:\\\/\\\/atodavela.eu\\\/\",\"name\":\"A Toda Vela\",\"description\":\"Escuela N\u00e1utica, alquiler de barcos y experiencias Sea Starlight en C\u00e1diz\",\"publisher\":{\"@id\":\"https:\\\/\\\/atodavela.eu\\\/#organization\"},\"potentialAction\":[{\"@type\":\"SearchAction\",\"target\":{\"@type\":\"EntryPoint\",\"urlTemplate\":\"https:\\\/\\\/atodavela.eu\\\/?s={search_term_string}\"},\"query-input\":{\"@type\":\"PropertyValueSpecification\",\"valueRequired\":true,\"valueName\":\"search_term_string\"}}],\"inLanguage\":\"en-US\"},{\"@type\":\"Organization\",\"@id\":\"https:\\\/\\\/atodavela.eu\\\/#organization\",\"name\":\"A Toda Vela\",\"url\":\"https:\\\/\\\/atodavela.eu\\\/\",\"logo\":{\"@type\":\"ImageObject\",\"inLanguage\":\"en-US\",\"@id\":\"https:\\\/\\\/atodavela.eu\\\/#\\\/schema\\\/logo\\\/image\\\/\",\"url\":\"https:\\\/\\\/atodavela.eu\\\/wp-content\\\/uploads\\\/2025\\\/07\\\/Logo-ATV-R.png\",\"contentUrl\":\"https:\\\/\\\/atodavela.eu\\\/wp-content\\\/uploads\\\/2025\\\/07\\\/Logo-ATV-R.png\",\"width\":220,\"height\":220,\"caption\":\"A Toda Vela\"},\"image\":{\"@id\":\"https:\\\/\\\/atodavela.eu\\\/#\\\/schema\\\/logo\\\/image\\\/\"}}]}<\/script>\n<!-- \/ Yoast SEO plugin. -->","yoast_head_json":{"title":"Pr\u00e1cticas de Habilitaci\u00f3n a Vela en C\u00e1diz | A Toda Vela","description":"Realiza las pr\u00e1cticas de habilitaci\u00f3n a vela en C\u00e1diz desde Puerto Am\u00e9rica. Pr\u00e1cticas oficiales v\u00e1lidas para todas las titulaciones de recreo.","robots":{"index":"index","follow":"follow","max-snippet":"max-snippet:-1","max-image-preview":"max-image-preview:large","max-video-preview":"max-video-preview:-1"},"canonical":"https:\/\/atodavela.eu\/en\/compras\/practicas-habilitacion-a-vela-en-cadiz\/","og_locale":"en_US","og_type":"article","og_title":"Pr\u00e1cticas de Habilitaci\u00f3n a Vela en C\u00e1diz | A Toda Vela","og_description":"Realiza las pr\u00e1cticas de habilitaci\u00f3n a vela en C\u00e1diz desde Puerto Am\u00e9rica. Pr\u00e1cticas oficiales v\u00e1lidas para todas las titulaciones de recreo.","og_url":"https:\/\/atodavela.eu\/en\/compras\/practicas-habilitacion-a-vela-en-cadiz\/","og_site_name":"A Toda Vela","article_modified_time":"2026-04-25T14:58:44+00:00","og_image":[{"width":585,"height":351,"url":"https:\/\/atodavela.eu\/wp-content\/uploads\/2025\/07\/Habilitacion-vela.jpg","type":"image\/jpeg"}],"twitter_card":"summary_large_image","twitter_misc":{"Est. reading time":"1 minute"},"schema":{"@context":"https:\/\/schema.org","@graph":[{"@type":"WebPage","@id":"https:\/\/atodavela.eu\/compras\/practicas-habilitacion-a-vela-en-cadiz\/","url":"https:\/\/atodavela.eu\/compras\/practicas-habilitacion-a-vela-en-cadiz\/","name":"Pr\u00e1cticas de Habilitaci\u00f3n a Vela en C\u00e1diz | A Toda Vela","isPartOf":{"@id":"https:\/\/atodavela.eu\/#website"},"primaryImageOfPage":{"@id":"https:\/\/atodavela.eu\/compras\/practicas-habilitacion-a-vela-en-cadiz\/#primaryimage"},"image":{"@id":"https:\/\/atodavela.eu\/compras\/practicas-habilitacion-a-vela-en-cadiz\/#primaryimage"},"thumbnailUrl":"https:\/\/atodavela.eu\/wp-content\/uploads\/2025\/07\/Habilitacion-vela.jpg","datePublished":"2026-01-12T12:15:59+00:00","dateModified":"2026-04-25T14:58:44+00:00","description":"Realiza las pr\u00e1cticas de habilitaci\u00f3n a vela en C\u00e1diz desde Puerto Am\u00e9rica. Pr\u00e1cticas oficiales v\u00e1lidas para todas las titulaciones de recreo.","breadcrumb":{"@id":"https:\/\/atodavela.eu\/compras\/practicas-habilitacion-a-vela-en-cadiz\/#breadcrumb"},"inLanguage":"en-US","potentialAction":[{"@type":"ReadAction","target":["https:\/\/atodavela.eu\/compras\/practicas-habilitacion-a-vela-en-cadiz\/"]}]},{"@type":"ImageObject","inLanguage":"en-US","@id":"https:\/\/atodavela.eu\/compras\/practicas-habilitacion-a-vela-en-cadiz\/#primaryimage","url":"https:\/\/atodavela.eu\/wp-content\/uploads\/2025\/07\/Habilitacion-vela.jpg","contentUrl":"https:\/\/atodavela.eu\/wp-content\/uploads\/2025\/07\/Habilitacion-vela.jpg","width":585,"height":351,"caption":"Icono Pr\u00e1cticas habilitaci\u00f3n a vela C\u00e1diz"},{"@type":"BreadcrumbList","@id":"https:\/\/atodavela.eu\/compras\/practicas-habilitacion-a-vela-en-cadiz\/#breadcrumb","itemListElement":[{"@type":"ListItem","position":1,"name":"Portada","item":"https:\/\/atodavela.eu\/"},{"@type":"ListItem","position":2,"name":"Tienda","item":"https:\/\/atodavela.eu\/tienda\/"},{"@type":"ListItem","position":3,"name":"Pr\u00e1cticas Habilitaci\u00f3n a Vela en C\u00e1diz"}]},{"@type":"WebSite","@id":"https:\/\/atodavela.eu\/#website","url":"https:\/\/atodavela.eu\/","name":"A Toda Vela","description":"Escuela N\u00e1utica, alquiler de barcos y experiencias Sea Starlight en C\u00e1diz","publisher":{"@id":"https:\/\/atodavela.eu\/#organization"},"potentialAction":[{"@type":"SearchAction","target":{"@type":"EntryPoint","urlTemplate":"https:\/\/atodavela.eu\/?s={search_term_string}"},"query-input":{"@type":"PropertyValueSpecification","valueRequired":true,"valueName":"search_term_string"}}],"inLanguage":"en-US"},{"@type":"Organization","@id":"https:\/\/atodavela.eu\/#organization","name":"A Toda Vela","url":"https:\/\/atodavela.eu\/","logo":{"@type":"ImageObject","inLanguage":"en-US","@id":"https:\/\/atodavela.eu\/#\/schema\/logo\/image\/","url":"https:\/\/atodavela.eu\/wp-content\/uploads\/2025\/07\/Logo-ATV-R.png","contentUrl":"https:\/\/atodavela.eu\/wp-content\/uploads\/2025\/07\/Logo-ATV-R.png","width":220,"height":220,"caption":"A Toda Vela"},"image":{"@id":"https:\/\/atodavela.eu\/#\/schema\/logo\/image\/"}}]}},"_links":{"self":[{"href":"https:\/\/atodavela.eu\/en\/wp-json\/wp\/v2\/product\/1982","targetHints":{"allow":["GET"]}}],"collection":[{"href":"https:\/\/atodavela.eu\/en\/wp-json\/wp\/v2\/product"}],"about":[{"href":"https:\/\/atodavela.eu\/en\/wp-json\/wp\/v2\/types\/product"}],"replies":[{"embeddable":true,"href":"https:\/\/atodavela.eu\/en\/wp-json\/wp\/v2\/comments?post=1982"}],"wp:featuredmedia":[{"embeddable":true,"href":"https:\/\/atodavela.eu\/en\/wp-json\/wp\/v2\/media\/179"}],"wp:attachment":[{"href":"https:\/\/atodavela.eu\/en\/wp-json\/wp\/v2\/media?parent=1982"}],"wp:term":[{"taxonomy":"product_brand","embeddable":true,"href":"https:\/\/atodavela.eu\/en\/wp-json\/wp\/v2\/product_brand?post=1982"},{"taxonomy":"product_cat","embeddable":true,"href":"https:\/\/atodavela.eu\/en\/wp-json\/wp\/v2\/product_cat?post=1982"},{"taxonomy":"product_tag","embeddable":true,"href":"https:\/\/atodavela.eu\/en\/wp-json\/wp\/v2\/product_tag?post=1982"}],"curies":[{"name":"wp","href":"https:\/\/api.w.org\/{rel}","templated":true}]}}